{"id":24,"date":"2016-01-19T12:06:18","date_gmt":"2016-01-19T11:06:18","guid":{"rendered":"https:\/\/bonifratrzy.pl\/klasztor-wroclaw\/?page_id=24"},"modified":"2024-07-11T09:32:02","modified_gmt":"2024-07-11T07:32:02","slug":"porzadek-nabozenstw","status":"publish","type":"page","link":"https:\/\/bonifratrzy.pl\/klasztor-wroclaw\/porzadek-nabozenstw\/","title":{"rendered":"Porz\u0105dek mszy \u015bw. i nabo\u017ce\u0144stw"},"content":{"rendered":"<h1><strong> Msze \u015bw. w Ko\u015bciele Bonifratr\u00f3w\u00a0<\/strong><\/h1>\n<h1><strong>w dni powszednie o godz. 6.30\u00a0 (z modlitw\u0105 brewiarzow\u0105)<\/strong><br \/>\n<strong> w niedziele o godz. 10.00 i 11.30<\/strong><\/h1>\n<h3>W okresie Wielkiego Postu<\/h3>\n<h2>w niedziele\u00a0 &#8211; Gorzkie \u017bale\u00a0 \u00a0o godz. 9.40<\/h2>\n<h2>w ka\u017cdy pi\u0105tek &#8211; nabo\u017ce\u0144stwo Drogi Krzy\u017cowej\u00a0 \u00a0o godz.\u00a0 16.30<\/h2>\n<h2>\u00a0o godz. 17.00\u00a0 &#8211; msza \u015bwi\u0119ta<\/h2>\n<p><strong>\u00a0<\/strong><\/p>\n<p><strong>Ko\u015bci\u00f3\u0142 b\u0119dzie otwarty dla wiernych do modlitwy <\/strong><\/p>\n<p><strong>w dni powszednie od 6.00 do 17.00\u00a0 ( do linii ALARMU )<br \/>\na w niedziele od 9.00 do 17.00\u00a0 ( do linii ALARMU ) <\/strong><\/p>\n<p><strong>Ko\u015bci\u00f3\u0142 monitorowany<\/strong><\/p>\n","protected":false},"excerpt":{"rendered":"<p>Msze \u015bw. w Ko\u015bciele Bonifratr\u00f3w\u00a0 w dni powszednie o godz. 6.30\u00a0 (z modlitw\u0105 brewiarzow\u0105) w niedziele o godz. 10.00 i 11.30 W okresie Wielkiego Postu w niedziele\u00a0 &#8211; Gorzkie \u017bale\u00a0 \u00a0o godz. 9.40 w ka\u017cdy pi\u0105tek &#8211; nabo\u017ce\u0144stwo Drogi Krzy\u017cowej\u00a0 \u00a0o godz.\u00a0 16.30 \u00a0o godz. 17.00\u00a0 &#8211; msza \u015bwi\u0119ta \u00a0 Ko\u015bci\u00f3\u0142 b\u0119dzie otwarty dla wiernych [&hellip;]<\/p>\n","protected":false},"author":1,"featured_media":0,"parent":0,"menu_order":16,"comment_status":"closed","ping_status":"closed","template":"","meta":{"footnotes":""},"_links":{"self":[{"href":"https:\/\/bonifratrzy.pl\/klasztor-wroclaw\/wp-json\/wp\/v2\/pages\/24"}],"collection":[{"href":"https:\/\/bonifratrzy.pl\/klasztor-wroclaw\/wp-json\/wp\/v2\/pages"}],"about":[{"href":"https:\/\/bonifratrzy.pl\/klasztor-wroclaw\/wp-json\/wp\/v2\/types\/page"}],"author":[{"embeddable":true,"href":"https:\/\/bonifratrzy.pl\/klasztor-wroclaw\/wp-json\/wp\/v2\/users\/1"}],"replies":[{"embeddable":true,"href":"https:\/\/bonifratrzy.pl\/klasztor-wroclaw\/wp-json\/wp\/v2\/comments?post=24"}],"version-history":[{"count":21,"href":"https:\/\/bonifratrzy.pl\/klasztor-wroclaw\/wp-json\/wp\/v2\/pages\/24\/revisions"}],"predecessor-version":[{"id":275,"href":"https:\/\/bonifratrzy.pl\/klasztor-wroclaw\/wp-json\/wp\/v2\/pages\/24\/revisions\/275"}],"wp:attachment":[{"href":"https:\/\/bonifratrzy.pl\/klasztor-wroclaw\/wp-json\/wp\/v2\/media?parent=24"}],"curies":[{"name":"wp","href":"https:\/\/api.w.org\/{rel}","templated":true}]}}