{"id":20,"date":"2016-01-19T11:59:43","date_gmt":"2016-01-19T10:59:43","guid":{"rendered":"https:\/\/bonifratrzy.pl\/klasztor-wroclaw\/?page_id=20"},"modified":"2024-07-11T09:30:25","modified_gmt":"2024-07-11T07:30:25","slug":"kosciol","status":"publish","type":"page","link":"https:\/\/bonifratrzy.pl\/klasztor-wroclaw\/kosciol\/","title":{"rendered":"Ko\u015bci\u00f3\u0142 &#8211; og\u0142oszenia"},"content":{"rendered":"","protected":false},"excerpt":{"rendered":"","protected":false},"author":1,"featured_media":0,"parent":0,"menu_order":14,"comment_status":"closed","ping_status":"closed","template":"","meta":{"footnotes":""},"_links":{"self":[{"href":"https:\/\/bonifratrzy.pl\/klasztor-wroclaw\/wp-json\/wp\/v2\/pages\/20"}],"collection":[{"href":"https:\/\/bonifratrzy.pl\/klasztor-wroclaw\/wp-json\/wp\/v2\/pages"}],"about":[{"href":"https:\/\/bonifratrzy.pl\/klasztor-wroclaw\/wp-json\/wp\/v2\/types\/page"}],"author":[{"embeddable":true,"href":"https:\/\/bonifratrzy.pl\/klasztor-wroclaw\/wp-json\/wp\/v2\/users\/1"}],"replies":[{"embeddable":true,"href":"https:\/\/bonifratrzy.pl\/klasztor-wroclaw\/wp-json\/wp\/v2\/comments?post=20"}],"version-history":[{"count":9,"href":"https:\/\/bonifratrzy.pl\/klasztor-wroclaw\/wp-json\/wp\/v2\/pages\/20\/revisions"}],"predecessor-version":[{"id":272,"href":"https:\/\/bonifratrzy.pl\/klasztor-wroclaw\/wp-json\/wp\/v2\/pages\/20\/revisions\/272"}],"wp:attachment":[{"href":"https:\/\/bonifratrzy.pl\/klasztor-wroclaw\/wp-json\/wp\/v2\/media?parent=20"}],"curies":[{"name":"wp","href":"https:\/\/api.w.org\/{rel}","templated":true}]}}