{"id":18,"date":"2016-01-19T11:59:22","date_gmt":"2016-01-19T10:59:22","guid":{"rendered":"https:\/\/bonifratrzy.pl\/klasztor-wroclaw\/?page_id=18"},"modified":"2016-01-19T11:59:22","modified_gmt":"2016-01-19T10:59:22","slug":"historia-zakonu","status":"publish","type":"page","link":"https:\/\/bonifratrzy.pl\/klasztor-wroclaw\/historia-zakonu\/","title":{"rendered":"Historia Zakonu"},"content":{"rendered":"<p>Bonifratrzy (czyli \u201edobrzy bracia\u201d) to zakon za\u0142o\u017cony w Hiszpanii w roku 1540 przez \u015bwi\u0119tego Jana Bo\u017cego w celu opieki nad chorymi, cierpi\u0105cymi i potrzebuj\u0105cymi.<\/p>\n<p>Bonifratrzy s\u0105 na \u015al\u0105sku od ponad 300 lat. W Hiszpanii nazywano bonifratr\u00f3w &#8222;bra\u0107mi szpitalnymi&#8221;, we W\u0142oszech &#8211; od s\u0142\u00f3w, kt\u00f3rymi prosili o ja\u0142mu\u017cn\u0119 dla chorych &#8211; Fate Bene Fratelli, co znaczy: &#8222;czy\u0144cie dobrze bracia&#8221;, w Polsce znani s\u0105 jako &#8222;dobrzy bracia&#8221; &#8211; Boni Fratres. Zakonny str\u00f3j bonifratr\u00f3w sk\u0142ada si\u0119 z czarnej tuniki przepasanej czarnym sk\u00f3rzanym pasem i za\u0142o\u017conego na habit czarnego szkaplerza. W pracy u\u017cywaj\u0105 bia\u0142ych habit\u00f3w..<\/p>\n<p>God\u0142em braci mi\u0142osierdzia jest owoc granatu.\u00a0To symbol udzielaj\u0105cej si\u0119 \u015bwiatu mi\u0142o\u015bci Bo\u017cej.\u00a0 Opr\u00f3cz trzech zwyk\u0142ych \u015blub\u00f3w zakonnych &#8211; ub\u00f3stwa, czysto\u015bci i pos\u0142usze\u0144stwa &#8211; bonifratrzy sk\u0142adaj\u0105\u00a0 dodatkowo czwarty &#8211; s\u0142u\u017cenia chorym. Prowadz\u0105 szpitale, hospicja i apteki.<\/p>\n<p>W roku 1605 ksi\u0105\u017c\u0119 Karol I Lichtenstein zwr\u00f3ci\u0142 si\u0119 do genera\u0142a zakonu bonifratr\u00f3w Augustyna Kyrieleisona o przys\u0142anie braci do austriackiej miejscowo\u015bci Feldsberg\u00a0(obecnie czeskie Valtice, po\u0142udniowe Morawy). Tam \u00a0 ksi\u0105\u017c\u0119 ufundowa\u0142 szpital i klasztor bonifratrom, by mogli s\u0142u\u017cy\u0107 ubogim i chorym.\u00a0Pierwsi bracia przybyli do Valtic 10 lutego 1605 roku\u00a0obejmuj\u0105c dzia\u0142aj\u0105cy w mie\u015bcie szpital p.w. \u015bw. Barbary oraz daj\u0105c tym samym pocz\u0105tek bytno\u015bci bonifratr\u00f3w na ziemiach monarchii habsburskiej.<\/p>\n<p>Mieszka\u0144cy \u015al\u0105ska, jednej z wa\u017cniejszych prowincji habsburskich, stosunkowo\u00a0d\u0142ugo czekali na pierwszy \u00a0zakonszpitalny\u00a0\u00a0bonifratr\u00f3w\u00a0na swoich ziemiach.\u00a0\u00a0Pierwszy Konwent Bonifratr\u00f3w na \u015al\u0105sku powsta\u0142\u00a0jednak nie we Wroc\u0142awiu ale\u00a0w Cieszynie. Sta\u0142o si\u0119 tak za przyczyn\u0105 hrabiego Adama Borka, kt\u00f3ry z uwagi na z\u0142y stan zdrowia za\u017cyczy\u0142 sobie opieki jednego z Dobrych Braci, kt\u00f3rego sprowadzono w 1693 r.\u00a0Pierwszym o\u015brodkiem na \u015al\u0105sku by\u0142 szpital w Cieszynie za\u0142o\u017cony w 1696 roku przez p\u00f3\u017aniejszego przeora wroc\u0142awskiego Klemensa Mentzla.<\/p>\n<p>Starania o sprowadzenie przedstawicieli tego znanego z opieki nad chorymi Zakonu do Wroc\u0142awia czynione by\u0142y ju\u017c wcze\u015bniej, bo od roku 1682. Ostatecznie\u00a0sprowadzenie zakonnik\u00f3w do miasta by\u0142o mo\u017cliwe dzi\u0119ki darowi\u017anie Ludwika Cocxa von Onssel, radcy kamery cesarskiej we Wroc\u0142awiu.\u00a0Przekaza\u0142 on bonifratrom teren pod budow\u0119 klasztoru ze szpitalem i ko\u015bcio\u0142a, u zbiegu dzisiejszych ulic Traugutta i Pu\u0142askiego.\u00a0Akt darowizny zosta\u0142 ostatecznie zatwierdzony w dniu 5 sierpnia 1710 r. przez cesarza J\u00f3zefa I.\u00a0Rozpocz\u0119cie budowy klasztoru, a zarazem \u015bwi\u0105tyni by\u0142o mo\u017cliwe po zebraniu niezb\u0119dnych funduszy, pochodz\u0105cych z darowizn i ja\u0142mu\u017cny.<\/p>\n<p>Do Wroc\u0142awia Bonifratrzy przybyli\u00a0z inicjatywy Maksymiliana Cocxa von Onssel i Johanna Adriana von Plencken,w dniu 1 listopada 1711 r. z Cieszyna\u00a0w liczbie trzech zakonnik\u00f3w &#8211;\u00a0pierwszego przeora wroc\u0142awskiego klasztoru Klemensa Mentzla\u00a0i\u00a0 towarzysz\u0105cych mu dw\u00f3ch nieznanych z imienia i nazwiska braci.W roku 1712 bonifratrzy rozpocz\u0119li swoj\u0105 dzia\u0142alno\u015b\u0107 we Wroc\u0142awiu przyjmuj\u0105c 14 maja tego roku pierwszego pacjenta &#8211; J\u00f3zefa Jerzego Riedla, ogrodnika z powiatu \u015bcinawskiego, protestanta.<\/p>\n<p>Budow\u0119 ko\u015bcio\u0142a i szpitala klasztornego przy dzisiejszej ulicy Traugutta rozpocz\u0119to w 1714 roku.<br \/>\nKlasztor zacz\u0119to wznosi\u0107 w 1717 r.\u00a0wed\u0142ug projektu Johanna Blasiusa Peintnera. Wtedy powsta\u0142o pierwsze z czterech skrzyde\u0142. Trudno\u015bci finansowe powodowa\u0142y op\u00f3\u017anienia w oddawaniu do u\u017cytku kolejnych skrzyde\u0142. Ostatnie uko\u0144czono dopiero w 1736 r.<\/p>\n<p>Nast\u0119pna rozbudowa nast\u0105pi\u0142a dopiero w 1864 r., kiedy wzniesiono wzd\u0142u\u017c ul. Pu\u0142askiego klasycystyczny gmach. Za\u0142o\u017cony na planie prostok\u0105ta, kryty czterospadowym dachem budynek ma trzy kondygnacje, a jego czternastoosiowa fasada zwie\u0144czona zosta\u0142a tympanonem przedstawiaj\u0105cym Przypowie\u015b\u0107 o mi\u0142osiernym Samarytaninie.<\/p>\n<p>W 1895 r. dobudowano od po\u0142udnia kolejny budynek, tym razem neogotycki. W tym samym roku podwy\u017cszono star\u0105 cz\u0119\u015b\u0107 klasztoru i szpitala wed\u0142ug projektu Emila Handkego i Josepha Ebersa. Od po\u0142udnia i wschodu przylega\u0142 do ca\u0142ego kompleksu cmentarz, a tak\u017ce ogr\u00f3d i tereny rekreacyjne.<\/p>\n<p>We wrze\u015bniu 1949 roku szpital bonifratr\u00f3w zosta\u0142 przej\u0119ty przez pa\u0144stwo, a klasztor zajmowa\u0142 tylko wschodnie skrzyd\u0142o w najstarszej cz\u0119\u015bci obiektu.\u00a0\u00a0Szpital braci we Wroc\u0142awiu przy ulicy Traugutta otrzyma\u0142 nazw\u0119 &#8222;Pa\u0144stwowy Szpital Kliniczny nr 5&#8221;, cho\u0107 przez wroc\u0142awian wci\u0105\u017c by\u0142 nazywany &#8222;szpitalem bonifraterskim&#8221;. W tym samym roku odebrano zakonnikom ogr\u00f3d i maj\u0105tek rolny w Mi\u0142oszycach, gdzie od 10 maja 1927 roku istnia\u0142 wikariat pw. \u015bw. Rafa\u0142a Archanio\u0142a (patrona aptekarzy i chorych).<\/p>\n<p>&nbsp;<\/p>\n","protected":false},"excerpt":{"rendered":"<p>Bonifratrzy (czyli \u201edobrzy bracia\u201d) to zakon za\u0142o\u017cony w Hiszpanii w roku 1540 przez \u015bwi\u0119tego Jana Bo\u017cego w celu opieki nad chorymi, cierpi\u0105cymi i potrzebuj\u0105cymi. Bonifratrzy s\u0105 na \u015al\u0105sku od ponad 300 lat. W Hiszpanii nazywano bonifratr\u00f3w &#8222;bra\u0107mi szpitalnymi&#8221;, we W\u0142oszech &#8211; od s\u0142\u00f3w, kt\u00f3rymi prosili o ja\u0142mu\u017cn\u0119 dla chorych &#8211; Fate Bene Fratelli, co znaczy: [&hellip;]<\/p>\n","protected":false},"author":1,"featured_media":0,"parent":0,"menu_order":11,"comment_status":"closed","ping_status":"closed","template":"","meta":{"footnotes":""},"_links":{"self":[{"href":"https:\/\/bonifratrzy.pl\/klasztor-wroclaw\/wp-json\/wp\/v2\/pages\/18"}],"collection":[{"href":"https:\/\/bonifratrzy.pl\/klasztor-wroclaw\/wp-json\/wp\/v2\/pages"}],"about":[{"href":"https:\/\/bonifratrzy.pl\/klasztor-wroclaw\/wp-json\/wp\/v2\/types\/page"}],"author":[{"embeddable":true,"href":"https:\/\/bonifratrzy.pl\/klasztor-wroclaw\/wp-json\/wp\/v2\/users\/1"}],"replies":[{"embeddable":true,"href":"https:\/\/bonifratrzy.pl\/klasztor-wroclaw\/wp-json\/wp\/v2\/comments?post=18"}],"version-history":[{"count":1,"href":"https:\/\/bonifratrzy.pl\/klasztor-wroclaw\/wp-json\/wp\/v2\/pages\/18\/revisions"}],"predecessor-version":[{"id":19,"href":"https:\/\/bonifratrzy.pl\/klasztor-wroclaw\/wp-json\/wp\/v2\/pages\/18\/revisions\/19"}],"wp:attachment":[{"href":"https:\/\/bonifratrzy.pl\/klasztor-wroclaw\/wp-json\/wp\/v2\/media?parent=18"}],"curies":[{"name":"wp","href":"https:\/\/api.w.org\/{rel}","templated":true}]}}