{"id":657,"date":"2016-09-29T11:55:42","date_gmt":"2016-09-29T09:55:42","guid":{"rendered":"https:\/\/bonifratrzy.pl\/klasztor-warszawa-sapiezynska\/?page_id=657"},"modified":"2018-02-16T21:29:14","modified_gmt":"2018-02-16T20:29:14","slug":"modlitwy","status":"publish","type":"page","link":"https:\/\/bonifratrzy.pl\/klasztor-warszawa-sapiezynska\/modlitwy\/","title":{"rendered":"Modlitwy"},"content":{"rendered":"<p><strong>Spis modlitw:<\/strong><\/p>\n<ul>\n<li><strong>Litania do\u00a0\u015bw. Ryszarda Pampuri<\/strong><\/li>\n<li><strong>Litania do\u00a0\u015bw. Jana Bo\u017cego<\/strong><\/li>\n<li><strong>Modlitwy w chorobie<\/strong><\/li>\n<\/ul>\n<p>&nbsp;<\/p>\n<p><img loading=\"lazy\" decoding=\"async\" class=\"alignnone size-full wp-image-660\" src=\"https:\/\/bonifratrzy.pl\/klasztor-warszawa-sapiezynska\/wp-content\/uploads\/sites\/19\/2016\/09\/swRyszardPampuri.jpg\" alt=\"\" width=\"160\" height=\"236\" \/><\/p>\n<p>\u015aw. Ryszard Pampuri (1897-1930)<\/p>\n<p>&nbsp;<\/p>\n<h3>Litania do \u015bw. Ryszarda Pampuri<\/h3>\n<p>Kyrie elejson, Chryste eleison, Kyrie elejson.<br \/>\nChryste, us\u0142ysz nas, Chryste wys\u0142uchaj nas.<br \/>\nOjcze z nieba, Bo\u017ce, zmi\u0142uj si\u0119 nad nami.<br \/>\nSynu, Odkupicielu \u015bwiata, Bo\u017ce, zmi\u0142uj si\u0119 nad nami.<br \/>\nDuchu \u015awi\u0119ty, Bo\u017ce, zmi\u0142uj si\u0119 nad nami.<br \/>\n\u015awi\u0119ta Tr\u00f3jco, Jedyny Bo\u017ce, zmi\u0142uj si\u0119 nad nami.<br \/>\n\u015awi\u0119ta Maryjo, m\u00f3dl si\u0119 za nami.<br \/>\n\u015awi\u0119ta Bo\u017ca Rodzicielko,<br \/>\n\u015awi\u0119ta Panno nad pannami,<br \/>\n\u015awi\u0119ty Ryszardzie Pampuri, doskona\u0142y wzorze dla braci mi\u0142osierdzia,<br \/>\nMi\u0142uj\u0105cy Boga od lat m\u0142odzie\u0144czych,<br \/>\nKszta\u0142tuj\u0105cy sumienia ludzi m\u0142odych,<br \/>\nPiel\u0119gnuj\u0105cy idea\u0142y chrze\u015bcija\u0144skie w\u015br\u00f3d rodzin,<br \/>\nWidz\u0105cy w dzieciach niesko\u0144czone pi\u0119kno i dobro Boga,<br \/>\nKrzewi\u0105cy kult eucharystyczny,<br \/>\nGorliwy g\u0142osicielu Ewangelii \u015bwi\u0119tej,<br \/>\nMisjonarzu ludzi biednych i robotnik\u00f3w,<br \/>\nUmacniaj\u0105cy wiar\u0119 towarzyszy na wojnie,<br \/>\nStr\u00f3\u017cu zasad moralnych,<br \/>\nWidz\u0105cy Jezusa w cierpi\u0105cych i chorych,<br \/>\nHojny darczy\u0144co ubogich w potrzebie,<br \/>\nCzuwaj\u0105cy przy podopiecznych z wytrwa\u0142o\u015bci\u0105,<br \/>\nZach\u0119caj\u0105cy do sk\u0142adania ofiar Bogu z dolegliwo\u015bci wieku,<br \/>\nWspieraj\u0105cy materialnie i duchowo m\u0142odzie\u017c,<br \/>\nKontempluj\u0105cy Boga poprzez dzie\u0142a mi\u0142osierdzia,<br \/>\nPraktykuj\u0105cy umartwienie z pokor\u0105 i gorliwo\u015bci\u0105,<br \/>\nOddany Naj\u015bwi\u0119tszemu Sercu Jezusa,<br \/>\nSzcz\u0119\u015bliwy lekarzu nios\u0105cy ulg\u0119 ludziom w chorobie,<br \/>\nOdnajduj\u0105cy dar wolno\u015bci w Bogu,<br \/>\nKrocz\u0105cy z synowsk\u0105 ufno\u015bci\u0105 drog\u0105 doskona\u0142o\u015bci zakonnej,<br \/>\nZjednoczony zawsze z Bogiem,<br \/>\nKochaj\u0105cy z wdzi\u0119czno\u015bci\u0105 sw\u0105 wsp\u00f3lnot\u0119 zakonn\u0105,<br \/>\nWiernie pe\u0142ni\u0105cy wol\u0119 Bo\u017c\u0105,<br \/>\nNa\u015bladuj\u0105cy Chrystusa w pokorze i cicho\u015bci,<br \/>\nCzerpi\u0105cy z krzy\u017ca wszelkie \u0142aski dla siebie i innych,<br \/>\nBogaty w dar mi\u0142osierdzia,<br \/>\nAposto\u0142uj\u0105cy w\u015br\u00f3d lekarzy i piel\u0119gniarzy,<br \/>\nUfaj\u0105cy w macierzy\u0144sk\u0105 opiek\u0119 Naj\u015bwi\u0119tszej Maryi Panny,<br \/>\nKrocz\u0105cy rado\u015bnie do niebia\u0144skiej ojczyzny,<br \/>\nUmieraj\u0105cy w m\u0142odym wieku z wielk\u0105 pogod\u0105 i pokojem ducha,<br \/>\nBaranku Bo\u017cy, kt\u00f3ry g\u0142adzisz grzechy \u015bwiata, przepu\u015b\u0107 nam Panie,<br \/>\nBaranku Bo\u017cy, kt\u00f3ry g\u0142adzisz grzechy \u015bwiata, wys\u0142uchaj nas Panie,<br \/>\nBaranku Bo\u017cy, kt\u00f3ry g\u0142adzisz grzechy \u015bwiata, zmi\u0142uj si\u0119 nad nami.<\/p>\n<p>P. M\u00f3dl si\u0119 za nami, \u015bwi\u0119ty Ryszardzie Pampuri.<br \/>\nW. Aby\u015bmy umieli widzie\u0107 Chrystusa w chorych i cierpi\u0105cych.<\/p>\n<p>M\u00f3dlmy si\u0119: Bo\u017ce, Ty pozwoli\u0142e\u015b \u015bwi\u0119temu Ryszardowi jego lekarsk\u0105 s\u0142u\u017cb\u0119 uczyni\u0107 dzie\u0142em mi\u0142o\u015bci, \u2020 daj nam za jego wstawiennictwem * w s\u0142u\u017cbie chorym i potrzebuj\u0105cym na\u015bladowa\u0107 jego mi\u0142osierdzie. Przez naszego Pana Jezusa Chrystusa, kt\u00f3ry z Tob\u0105 \u017cyje i kr\u00f3luje w jedno\u015bci Ducha \u015awi\u0119tego, B\u00f3g przez wszystkie wieki wiek\u00f3w. Amen.<\/p>\n<p>&nbsp;<\/p>\n<p>&nbsp;<\/p>\n<p><img loading=\"lazy\" decoding=\"async\" class=\"alignnone size-medium wp-image-1155\" src=\"https:\/\/bonifratrzy.pl\/klasztor-warszawa-sapiezynska\/wp-content\/uploads\/sites\/19\/2016\/09\/St-Joannis-Dei-1-203x300.jpg\" alt=\"\" width=\"203\" height=\"300\" srcset=\"https:\/\/bonifratrzy.pl\/klasztor-warszawa-sapiezynska\/wp-content\/uploads\/sites\/19\/2016\/09\/St-Joannis-Dei-1-203x300.jpg 203w, https:\/\/bonifratrzy.pl\/klasztor-warszawa-sapiezynska\/wp-content\/uploads\/sites\/19\/2016\/09\/St-Joannis-Dei-1.jpg 694w\" sizes=\"(max-width: 203px) 100vw, 203px\" \/><\/p>\n<p>\u015aw. Jan Bo\u017cy (1495-1550)<\/p>\n<p>&nbsp;<\/p>\n<h3>Litania do \u015bw. Jana Bo\u017cego<\/h3>\n<p>Kyrie Elejson, Chryste Elejson, Kyrie Elejson.<br \/>\nChryste, us\u0142ysz nas; Chryste, wys\u0142uchaj nas.<br \/>\nOjcze z nieba, Bo\u017ce, zmi\u0142uj si\u0119 nad nami.<br \/>\nSynu, Odkupicielu \u015bwiata, Bo\u017ce, zmi\u0142uj si\u0119 nad nami.<br \/>\nDuchu \u015awi\u0119ty, Bo\u017ce, zmi\u0142uj si\u0119 nad nami.<br \/>\n\u015awi\u0119ta Tr\u00f3jco, jedyny Bo\u017ce, zmi\u0142uj si\u0119 nad nami.<br \/>\n\u015awi\u0119ta Maryjo, m\u00f3dl si\u0119 za nami.<br \/>\n\u015awi\u0119ta Bo\u017ca Rodzicielko,<br \/>\n\u015awi\u0119ta Panno nad pannami,<br \/>\n\u015awi\u0119ty Ojcze, Janie Bo\u017cy,<br \/>\n\u015awi\u0119ty Janie Bo\u017cy, za\u0142o\u017cycielu Zakonu Braci Mi\u0142osierdzia,<br \/>\n\u015awi\u0119ty Janie Bo\u017cy, gorliwy s\u0142ugo i opiekunie ubogich chorych,<br \/>\n\u015awi\u0119ty Janie Bo\u017cy, zbieraczu i rozdawco ja\u0142mu\u017cny,<br \/>\n\u015awi\u0119ty Janie Bo\u017cy, wspomo\u017cycielu cierpi\u0105cych,<br \/>\n\u015awi\u0119ty Janie Bo\u017cy, wzorze mi\u0142osierdzia,<br \/>\n\u015awi\u0119ty Janie Bo\u017cy, opatrzno\u015bciowo w dzieci\u0144stwie powo\u0142any,<br \/>\n\u015awi\u0119ty Janie Bo\u017cy, pobo\u017cny pasterzu,<br \/>\n\u015awi\u0119ty Janie Bo\u017cy, obro\u0144co chrze\u015bcija\u0144stwa,<br \/>\n\u015awi\u0119ty Janie Bo\u017cy, wkraczaj\u0105cy na drog\u0119 pokory,<br \/>\n\u015awi\u0119ty Janie Bo\u017cy, przez ludzi zniewa\u017cony,<br \/>\n\u015awi\u0119ty Janie Bo\u017cy, z mi\u0142o\u015bci ubogich chorych szukaj\u0105cy,<br \/>\n\u015awi\u0119ty Janie Bo\u017cy, kt\u00f3ry\u015b Chrystusowi w postaci chorego nogi umy\u0142,<br \/>\n\u015awi\u0119ty Janie Bo\u017cy, cudownym napojem przez Naj\u015bwi\u0119tsz\u0105 Maryj\u0119 Pann\u0119 pokrzepiony,<br \/>\n\u015awi\u0119ty Janie Bo\u017cy, przez samego Chrystusa &#8222;Janem od Boga&#8221; nazwany,<br \/>\n\u015awi\u0119ty Janie Bo\u017cy, Chrystusa w postaci dziecka piastuj\u0105cy,<br \/>\n\u015awi\u0119ty Janie Bo\u017cy, kt\u00f3remu Maryja Panna Dzieci\u0119 Jezus poda\u0142a,<br \/>\n\u015awi\u0119ty Janie Bo\u017cy, kt\u00f3ry\u015b przez Maryj\u0119 Pann\u0119 cierniow\u0105 koron\u0105 by\u0142 uwie\u0144czony,<br \/>\n\u015awi\u0119ty Janie Bo\u017cy, kt\u00f3ry\u015b przez Archanio\u0142a Rafa\u0142a chleb dla chorych przyjmowa\u0142,<br \/>\n\u015awi\u0119ty Janie Bo\u017cy, z ognia ocalony,<br \/>\n\u015awi\u0119ty Janie Bo\u017cy, duchem prorockim nape\u0142niony,<br \/>\n\u015awi\u0119ty Janie Bo\u017cy, kt\u00f3ry\u015b wielkich grzesznik\u00f3w do Boga nawraca\u0142,<br \/>\n\u015awi\u0119ty Janie Bo\u017cy, kt\u00f3ry\u015b godzin\u0119 swojej \u015bmierci przepowiedzia\u0142,<br \/>\n\u015awi\u0119ty Janie Bo\u017cy, kt\u00f3ry\u015b kl\u0119cz\u0105c z krzy\u017cem w r\u0119ku umiera\u0142,<br \/>\n\u015awi\u0119ty Janie Bo\u017cy, nasz Ojcze,<br \/>\nBaranku Bo\u017cy, kt\u00f3ry g\u0142adzisz grzechy \u015bwiata, przepu\u015b\u0107 nam Panie.<br \/>\nBaranku Bo\u017cy, kt\u00f3ry g\u0142adzisz grzechy \u015bwiata, wys\u0142uchaj nas Panie.<br \/>\nBaranku Bo\u017cy, kt\u00f3ry g\u0142adzisz grzechy \u015bwiata, zmi\u0142uj si\u0119 nad nami.<br \/>\nChryste, us\u0142ysz nas; Chryste wys\u0142uchaj nas.<br \/>\nKyrie Elejson; Chryste Elejson.<\/p>\n<p>M\u00f3dl si\u0119 za nami, \u015bwi\u0119ty Ojcze Janie Bo\u017cy.<br \/>\nAby\u015bmy si\u0119 stali godnymi obietnic Chrystusowych.<\/p>\n<p><strong>M\u00f3dlmy si\u0119:<\/strong> Wszechmog\u0105cy Bo\u017ce, b\u0105d\u017a na wieki uwielbiony w Twoim \u015bwi\u0119tym s\u0142udze i wyznawcy Janie Bo\u017cym, w kt\u00f3rym da\u0142e\u015b \u015bwiatu wspania\u0142y wz\u00f3r \u017cycia, zapal, prosimy Ci\u0119, serca nasze do na\u015bladowania wielkich jego cn\u00f3t, a zw\u0142aszcza mi\u0142osierdzia, aby\u015bmy sobie zas\u0142u\u017cyli by\u0107 Twoimi dzie\u0107mi na wieki. Przez Chrystusa Pana naszego. Amen.<\/p>\n<p>&nbsp;<\/p>\n<p>&nbsp;<\/p>\n<div class=\"wpmf-gallerys wpmf-gallerys-life \" ><div id=\"gallery-1\" class=\"gallery gallery_life wpmf_gallery_default gallery_default  gallery-columns-4 gallery-size-thumbnail gallery-link-file wpmf-has-border-radius-0 wpmf-gutterwidth-5 no_ratio\"><figure class=\"wpmf-gallery-item\" data-index=\"0\"><div class=\"wpmf-gallery-icon\"><div class=\"square_thumbnail\"><div class=\"img_centered\"><a class=\" not_video noLightbox\" data-lightbox=\"1\" data-href=\"https:\/\/bonifratrzy.pl\/klasztor-warszawa-sapiezynska\/wp-content\/uploads\/sites\/19\/2016\/09\/180px-VirgendeLourdes.jpg\" title=\"Matka Bo\u017ca z Lourdes\" target=\"_self\" data-index=\"0\"><img decoding=\"async\" class=\"wpmf_img\" alt=\"Matka Bo\u017ca z Lourdes\" src=\"https:\/\/bonifratrzy.pl\/klasztor-warszawa-sapiezynska\/wp-content\/uploads\/sites\/19\/2016\/09\/180px-VirgendeLourdes-150x150.jpg\" data-type=\"wpmfgalleryimg\" data-lazy-src=\"https:\/\/bonifratrzy.pl\/klasztor-warszawa-sapiezynska\/wp-content\/uploads\/sites\/19\/2016\/09\/180px-VirgendeLourdes-150x150.jpg\"><\/a><\/div><\/div><\/div><figcaption class=\"wp-caption-text gallery-caption\">Matka Bo\u017ca z Lourdes<\/figcaption><\/figure><\/div><\/div>\n<h3><\/h3>\n<h3><span id=\"tag_ATBT_43162\">Salus Infirmorum ora pro nobis.<\/span><\/h3>\n<h3><strong>Modlitwy w chorobie<\/strong><\/h3>\n<p>&nbsp;<\/p>\n<p><strong>W chorobie.<\/strong><\/p>\n<p style=\"text-align: justify\">Panie Jezu Chryste, Ty wiesz o mojej chorobie i b\u00f3lu. Je\u017celi jest to Twoj\u0105 wol\u0105 uwolnij mnie od choroby i obdarz szybkim powrotem do zdrowia. Szczeg\u00f3lnie prosz\u0119 o cierpliwo\u015b\u0107 i si\u0142\u0119 konieczne na dzie\u0144 dzisiejszy. Wybaw mnie od b\u00f3lu, a je\u017celi taka jest Twoja wola z\u0142\u0105cz moje cierpienie z Twoim dla zbawienia \u015bwiata. Amen.<\/p>\n<p style=\"text-align: justify\"><strong>Przed operacj\u0105.<\/strong><\/p>\n<p style=\"text-align: justify\">Panie Bo\u017ce, by\u0142e\u015b obecny przy tysi\u0105cach operacji. Przyjd\u017a z pomoc\u0105 mojej operacji. Prosz\u0119, pob\u0142ogos\u0142aw chirurga i tych, kt\u00f3rzy z nim wsp\u00f3\u0142pracuj\u0105, aby wszystko by\u0142o uczynione na Twoj\u0105 chwa\u0142\u0119 i dla mojego dobra. Wybacz mi moje l\u0119ki, nie, dlatego, \u017ce jestem s\u0142aby(a), ale ze wzgl\u0119du na Jezusa, kt\u00f3remu ufam, jako Zbawcy. Amen.<\/p>\n<p style=\"text-align: justify\"><strong>Po operacji.<\/strong><\/p>\n<p style=\"text-align: justify\">Niebieski Ojcze w swoim mi\u0142osierdziu przeprowadzi\u0142e\u015b mnie szcz\u0119\u015bliwie przez operacj\u0119. Dzi\u0119kuje Ci! Prosz\u0119 b\u0142ogos\u0142aw mi w czasie rekonwalescencji, bym zanosi\u0142(a) te dni cierpliwie, a\u017c w pe\u0142ni si\u0142 b\u0119d\u0119 zdolny(a) wychwala\u0107 Ci\u0119 i oddawa\u0107 Ci cze\u015b\u0107. Uwielbiam Ci\u0119 i sk\u0142adam Ci dzi\u0119kczynienie w imi\u0119 Jezusa Chrystusa. Amen.<\/p>\n<p style=\"text-align: justify\"><strong>Za s\u0142u\u017cb\u0119 zdrowia.<\/strong><\/p>\n<p style=\"text-align: justify\">Panie, kt\u00f3ry pochwali\u0142e\u015b mi\u0142osiernego Samarytanina za to, \u017ce nie omin\u0105\u0142 cierpi\u0105cego cz\u0142owieka, spraw, aby wszyscy lekarze, siostry i piel\u0119gniarki tak samo opiekowali si\u0119 nami chorymi. Niech w ka\u017cdym chorym potrafi\u0105 dojrze\u0107 cierpi\u0105cego Chrystusa. Obdarz ich swoim mi\u0142osierdziem, aby z sercem spe\u0142niali ka\u017cd\u0105 pos\u0142ug\u0119, gdy\u017c wtedy cierpienie mniej boli i budzi si\u0119 nadzieja wyzdrowienia. Obdarzaj ich dobroci\u0105, \u0142agodno\u015bci\u0105 w s\u0142owach, cierpliwo\u015bci\u0105 i u\u015bmiechem. I spraw, aby okazuj\u0105c mi\u0142osierdzie nam chorym dost\u0105pili kiedy\u015b Twojego mi\u0142osierdzia. Amen.<\/p>\n","protected":false},"excerpt":{"rendered":"<p>Spis modlitw: Litania do\u00a0\u015bw. Ryszarda Pampuri Litania do\u00a0\u015bw. Jana Bo\u017cego Modlitwy w chorobie &nbsp; \u015aw. Ryszard Pampuri (1897-1930) &nbsp; Litania do \u015bw. Ryszarda Pampuri Kyrie elejson, Chryste eleison, Kyrie elejson. Chryste, us\u0142ysz nas, Chryste wys\u0142uchaj nas. Ojcze z nieba, Bo\u017ce, zmi\u0142uj si\u0119 nad nami. Synu, Odkupicielu \u015bwiata, Bo\u017ce, zmi\u0142uj si\u0119 nad nami. Duchu \u015awi\u0119ty, Bo\u017ce, [&hellip;]<\/p>\n","protected":false},"author":1,"featured_media":0,"parent":0,"menu_order":78,"comment_status":"closed","ping_status":"closed","template":"","meta":{"footnotes":""},"_links":{"self":[{"href":"https:\/\/bonifratrzy.pl\/klasztor-warszawa-sapiezynska\/wp-json\/wp\/v2\/pages\/657"}],"collection":[{"href":"https:\/\/bonifratrzy.pl\/klasztor-warszawa-sapiezynska\/wp-json\/wp\/v2\/pages"}],"about":[{"href":"https:\/\/bonifratrzy.pl\/klasztor-warszawa-sapiezynska\/wp-json\/wp\/v2\/types\/page"}],"author":[{"embeddable":true,"href":"https:\/\/bonifratrzy.pl\/klasztor-warszawa-sapiezynska\/wp-json\/wp\/v2\/users\/1"}],"replies":[{"embeddable":true,"href":"https:\/\/bonifratrzy.pl\/klasztor-warszawa-sapiezynska\/wp-json\/wp\/v2\/comments?post=657"}],"version-history":[{"count":10,"href":"https:\/\/bonifratrzy.pl\/klasztor-warszawa-sapiezynska\/wp-json\/wp\/v2\/pages\/657\/revisions"}],"predecessor-version":[{"id":1952,"href":"https:\/\/bonifratrzy.pl\/klasztor-warszawa-sapiezynska\/wp-json\/wp\/v2\/pages\/657\/revisions\/1952"}],"wp:attachment":[{"href":"https:\/\/bonifratrzy.pl\/klasztor-warszawa-sapiezynska\/wp-json\/wp\/v2\/media?parent=657"}],"curies":[{"name":"wp","href":"https:\/\/api.w.org\/{rel}","templated":true}]}}