{"id":6210,"date":"2024-12-31T14:40:09","date_gmt":"2024-12-31T13:40:09","guid":{"rendered":"https:\/\/bonifratrzy.pl\/klasztor-warszawa-sapiezynska\/?page_id=6210"},"modified":"2024-12-31T14:50:40","modified_gmt":"2024-12-31T13:50:40","slug":"projekt-dofinansowany-ze-srodkow-nfosigw","status":"publish","type":"page","link":"https:\/\/bonifratrzy.pl\/klasztor-warszawa-sapiezynska\/projekt-dofinansowany-ze-srodkow-nfosigw\/","title":{"rendered":"Projekt dofinansowany ze \u015brodk\u00f3w NFO\u015aiGW"},"content":{"rendered":"\n<p>Z przyjemno\u015bci\u0105 informujemy, i\u017c Konwent Zakonu Bonifratr\u00f3w p.w. \u015aw. Ryszarda Pampuri w Warszawie uzyska\u0142 dofinansowanie ze \u015brodk\u00f3w Narodowego Funduszu Ochrony \u015arodowiska i Gospodarki Wodnej w ramach programu priorytetowego nr 3.4.1 \u201eBudownictwo Energooszcz\u0119dne Cz\u0119\u015b\u0107 1) Zmniejszenie zu\u017cycia energii w budownictwie.<\/p>\n\n\n\n<p>Tytu\u0142 projektu: Termomodernizacja budynku Centrum Medycznego Bonifratr\u00f3w przy ul. Sapie\u017cy\u0144skiej 3 w Warszawie.<\/p>\n\n\n\n<p>Celem g\u0142\u00f3wnym projektu jest ograniczenie emisji CO2 w wyniku zmniejszenia zu\u017cycia energii w budynku Konwentu Zakonu Bonifratr\u00f3w oraz produkcji energii <br>z odnawialnych \u017ar\u00f3de\u0142 (instalacji solarnej).<\/p>\n\n\n\n<p>Cel g\u0142\u00f3wny projektu przyczyni si\u0119 do realizacji celu og\u00f3lnego jakim jest poprawa jako\u015bci powietrza.<\/p>\n\n\n\n<p>Cel g\u0142\u00f3wny realizowany b\u0119dzie poprzez nast\u0119puj\u0105ce cele szczeg\u00f3\u0142owe:<\/p>\n\n\n\n<ul>\n<li>kompleksow\u0105 termomodernizacj\u0119 budynku ko\u015bcielnego wraz z monta\u017cem systemu zarz\u0105dzania energi\u0105,<\/li>\n\n\n\n<li>wymian\u0119 o\u015bwietlenia na energooszcz\u0119dne w termomodernizowanym budynku z systemem zarz\u0105dzania energi\u0105,<\/li>\n\n\n\n<li>monta\u017c instalacji solarnej na dachu termomodernizowanego budynku, jako \u017ar\u00f3d\u0142a wytw\u00f3rczego energii cieplnej na potrzeby cwu,<\/li>\n\n\n\n<li>monta\u017c instalacji nawiewno-wywiewnej.<\/li>\n<\/ul>\n\n\n\n<p>Realizacja projektu przyczyni si\u0119 do zmniejszenia zu\u017cycia energii oraz emisji CO2 <br>w budynku ko\u015bcielnym Zakonu poprzez:<\/p>\n\n\n\n<ul>\n<li>ocieplenie przegr\u00f3d zewn\u0119trznych (\u015bcian, strop\u00f3w, dach\u00f3w) o \u0142\u0105cznej powierzchni 4455,30 m2;<\/li>\n\n\n\n<li>wymian\u0119 drzwi o \u0142\u0105cznej powierzchni 35,50 m2;<\/li>\n\n\n\n<li>modernizacj\u0119 o\u015bwietlenia: wymian\u0119 537 szt. punkt\u00f3w \u015bwietlnych o ca\u0142kowitym zapotrzebowaniu 0,01181 MWe (zastosowane zostanie o\u015bwietlenie typu LED),<\/li>\n\n\n\n<li>zainstalowanie kolektor\u00f3w s\u0142onecznych (35 szt.) o \u0142\u0105cznej powierzchni ok. 93 m2,<\/li>\n\n\n\n<li>modernizacja instalacji wentylacji mechanicznej w budynku &#8211; monta\u017c nowej wentylacji mechanicznej z odzyskiem ciep\u0142a.<\/li>\n\n\n\n<li>monta\u017c systemu zarz\u0105dzania energi\u0105 w termomodernizowanym budynku.<\/li>\n<\/ul>\n\n\n\n<p>Efektem ekologicznym projektu b\u0119dzie zmniejszenie zu\u017cycia energii pierwotnej <br>w budynku publicznym oraz zmniejszenie emisji CO2.<\/p>\n\n\n\n<p>Dodatkowymi efektami realizacji projektu b\u0119dzie:<\/p>\n\n\n\n<ul>\n<li>poprawa warunk\u00f3w u\u017cytkowania budynku,<\/li>\n\n\n\n<li>promowanie nowych technologii w budownictwie, w tym innowacyjnych rozwi\u0105za\u0144 podnosz\u0105cych efektywno\u015b\u0107 energetyczn\u0105 budynk\u00f3w,<\/li>\n\n\n\n<li>podniesienie \u015bwiadomo\u015bci ekologicznej obywateli poprzez promowanie innowacyjnych rozwi\u0105za\u0144 proekologicznych.<\/li>\n<\/ul>\n\n\n\n<p>Warto\u015b\u0107 projektu (ca\u0142kowity koszt projektu): &nbsp;4 130&nbsp;184 z\u0142<\/p>\n\n\n\n<p>Dotacja NFO\u015aiGW: 2 995&nbsp;525 z\u0142<\/p>\n\n\n\n<p><em>Niniejszy materia\u0142 zosta\u0142 dofinansowany ze \u015brodk\u00f3w Narodowego Funduszu Ochrony \u015arodowiska i Gospodarki Wodnej. Za jego tre\u015b\u0107 odpowiada wy\u0142\u0105cznie Konwent Zakonu Bonifratr\u00f3w p.w. \u015aw. Ryszarda Pampuri w Warszawie<\/em>\u201d.<\/p>\n\n\n\n<p><\/p>\n\n\n\n<figure class=\"wp-block-image size-full\"><img loading=\"lazy\" decoding=\"async\" width=\"346\" height=\"149\" src=\"https:\/\/bonifratrzy.pl\/klasztor-warszawa-sapiezynska\/wp-content\/uploads\/sites\/19\/2024\/12\/logo-nfosigw-2.jpg\" alt=\"\" class=\"wp-image-6213\" srcset=\"https:\/\/bonifratrzy.pl\/klasztor-warszawa-sapiezynska\/wp-content\/uploads\/sites\/19\/2024\/12\/logo-nfosigw-2.jpg 346w, https:\/\/bonifratrzy.pl\/klasztor-warszawa-sapiezynska\/wp-content\/uploads\/sites\/19\/2024\/12\/logo-nfosigw-2-300x129.jpg 300w\" sizes=\"(max-width: 346px) 100vw, 346px\" \/><\/figure>\n\n\n\n<p><\/p>\n\n\n\n<div style=\"height:100px\" aria-hidden=\"true\" class=\"wp-block-spacer\"><\/div>\n","protected":false},"excerpt":{"rendered":"<p>Z przyjemno\u015bci\u0105 informujemy, i\u017c Konwent Zakonu Bonifratr\u00f3w p.w. \u015aw. Ryszarda Pampuri w Warszawie uzyska\u0142 dofinansowanie ze \u015brodk\u00f3w Narodowego Funduszu Ochrony \u015arodowiska i Gospodarki Wodnej w ramach programu priorytetowego nr 3.4.1 \u201eBudownictwo Energooszcz\u0119dne Cz\u0119\u015b\u0107 1) Zmniejszenie zu\u017cycia energii w budownictwie. Tytu\u0142 projektu: Termomodernizacja budynku Centrum Medycznego Bonifratr\u00f3w przy ul. Sapie\u017cy\u0144skiej 3 w Warszawie. Celem g\u0142\u00f3wnym projektu [&hellip;]<\/p>\n","protected":false},"author":1,"featured_media":0,"parent":0,"menu_order":2,"comment_status":"closed","ping_status":"closed","template":"","meta":{"footnotes":""},"_links":{"self":[{"href":"https:\/\/bonifratrzy.pl\/klasztor-warszawa-sapiezynska\/wp-json\/wp\/v2\/pages\/6210"}],"collection":[{"href":"https:\/\/bonifratrzy.pl\/klasztor-warszawa-sapiezynska\/wp-json\/wp\/v2\/pages"}],"about":[{"href":"https:\/\/bonifratrzy.pl\/klasztor-warszawa-sapiezynska\/wp-json\/wp\/v2\/types\/page"}],"author":[{"embeddable":true,"href":"https:\/\/bonifratrzy.pl\/klasztor-warszawa-sapiezynska\/wp-json\/wp\/v2\/users\/1"}],"replies":[{"embeddable":true,"href":"https:\/\/bonifratrzy.pl\/klasztor-warszawa-sapiezynska\/wp-json\/wp\/v2\/comments?post=6210"}],"version-history":[{"count":2,"href":"https:\/\/bonifratrzy.pl\/klasztor-warszawa-sapiezynska\/wp-json\/wp\/v2\/pages\/6210\/revisions"}],"predecessor-version":[{"id":6215,"href":"https:\/\/bonifratrzy.pl\/klasztor-warszawa-sapiezynska\/wp-json\/wp\/v2\/pages\/6210\/revisions\/6215"}],"wp:attachment":[{"href":"https:\/\/bonifratrzy.pl\/klasztor-warszawa-sapiezynska\/wp-json\/wp\/v2\/media?parent=6210"}],"curies":[{"name":"wp","href":"https:\/\/api.w.org\/{rel}","templated":true}]}}