{"id":600,"date":"2016-08-11T22:35:45","date_gmt":"2016-08-11T20:35:45","guid":{"rendered":"https:\/\/bonifratrzy.pl\/klasztor-warszawa-sapiezynska\/?page_id=600"},"modified":"2016-09-22T15:31:17","modified_gmt":"2016-09-22T13:31:17","slug":"kaplica-sw-ryszarda-pampuri","status":"publish","type":"page","link":"https:\/\/bonifratrzy.pl\/klasztor-warszawa-sapiezynska\/kaplica-sw-ryszarda-pampuri\/","title":{"rendered":"Kaplica \u015bw. Ryszarda Pampuri"},"content":{"rendered":"<p><img loading=\"lazy\" decoding=\"async\" class=\"alignleft size-medium wp-image-608\" src=\"https:\/\/bonifratrzy.pl\/klasztor-warszawa-sapiezynska\/wp-content\/uploads\/sites\/19\/2016\/08\/ryszard_pampuri-202x300.jpg\" alt=\"ryszard_pampuri\" width=\"202\" height=\"300\" srcset=\"https:\/\/bonifratrzy.pl\/klasztor-warszawa-sapiezynska\/wp-content\/uploads\/sites\/19\/2016\/08\/ryszard_pampuri-202x300.jpg 202w, https:\/\/bonifratrzy.pl\/klasztor-warszawa-sapiezynska\/wp-content\/uploads\/sites\/19\/2016\/08\/ryszard_pampuri.jpg 224w\" sizes=\"(max-width: 202px) 100vw, 202px\" \/>W\u015br\u00f3d rzesz \u015bwi\u0119tych wyniesionych na o\u0142tarze przez Jana Paw\u0142a II jest m\u0142ody w\u0142oski zakonnik, bonifrater \u015bw. Ryszard Pampuri. Jego liturgiczne wspomnienie obchodzimy 1 maja.<\/p>\n<p style=\"text-align: justify\">Ryszard Pampuri urodzi\u0142 si\u0119 w ma\u0142ej miejscowo\u015bci Trivolzio po\u0142o\u017conej w Lombardii niedaleko Pawii. By\u0142 dziesi\u0105tym z jedena\u015bciorga dzieci pa\u0144stwa Pampuri. W wieku trzech lat zosta\u0142 osierocony przez matk\u0119. Rodzina, aby pom\u00f3c ojcu w wychowaniu tak licznej gromadki dzieci, przygarn\u0119\u0142a Ryszarda. Ch\u0142opiec przebywaj\u0105c z babk\u0105 i ciotkami otrzyma\u0142 g\u0142\u0119bokie religijne wychowanie. Po zdaniu matury wst\u0105pi\u0142 na Wydzia\u0142 Medyczny Uniwersytetu w Pawii. Musia\u0142 jednak przerwa\u0107 studia. Wybuch\u0142a I Wojna \u015awiatowa, w kt\u00f3rej Ryszard wzi\u0105\u0142 udzia\u0142 jako sanitariusz. W czasie bitwy pod Caporetto w S\u0142owenii, kiedy armia w\u0142oska wycofywa\u0142a si\u0119 w bez\u0142adzie, sanitariusz Pampuri uratowa\u0142 znaczn\u0105 liczb\u0119 bezcennych lek\u00f3w i materia\u0142\u00f3w opatrunkowych, wywo\u017c\u0105c je wozem, do kt\u00f3rego zaprz\u0105g\u0142 krow\u0119.<\/p>\n<p style=\"text-align: justify\">Wojna wywar\u0142a ogromne wra\u017cenie na m\u0142odym studencie. Widok cierpienia i \u015bmierci umocni\u0142y jego wiar\u0119, a modlitwa sta\u0142a si\u0119 dla niego wsparciem w trudnych chwilach. Dojrzewa\u0142o w Ryszardzie powo\u0142anie. Powr\u00f3ci\u0142 na uniwersytet w 1920 r. Dzia\u0142a\u0142 w studenckich organizacjach katolickich oraz wst\u0105pi\u0142 do III Zakonu \u015bw. Franciszka. Sta\u0142 si\u0119 w\u015br\u00f3d braci studenckiej prawdziwym aposto\u0142em wiary i mi\u0142o\u015bci bli\u017aniego. Studia medyczne uko\u0144czy\u0142 z wyr\u00f3\u017cnieniem i powr\u00f3ci\u0142 w swoje rodzinne strony, by podj\u0105\u0107 praktyk\u0119 lekarsk\u0105. Jako lekarz nie tylko leczy\u0142 z oddaniem, ale wspiera\u0142 duchowo i materialnie swoich pacjent\u00f3w, kt\u00f3rzy odwiedzali go r\u00f3wnie\u017c w poszukiwaniu duchowej rady. Organizowa\u0142 zbi\u00f3rki \u017cywno\u015bci, koc\u00f3w i ubra\u0144, kt\u00f3re przekazywa\u0142 potrzebuj\u0105cym. S\u0142u\u017cy\u0142 gorliwie i ofiarnie swoim pacjentom niezale\u017cnie od pory dnia. Zajmowa\u0142 si\u0119 r\u00f3wnie\u017c wychowaniem m\u0142odzie\u017cy, kt\u00f3rej po\u015bwi\u0119ca\u0142 ca\u0142y sw\u00f3j wolny czas. W\u015br\u00f3d codziennych obowi\u0105zk\u00f3w Ryszarda Pampuriego dojrza\u0142o jego zakonne powo\u0142anie. Przeszkod\u0105 mog\u0142o by\u0107 jego w\u0105t\u0142e zdrowie. Za rad\u0105 ks. Riccardo Bereetty wst\u0105pi\u0142 w 1927 r. do Zakonu Szpitalnego Bonifratr\u00f3w za\u0142o\u017conego w XVI w. przez \u015bw. Jana Bo\u017cego.<\/p>\n<p style=\"text-align: justify\"><img loading=\"lazy\" decoding=\"async\" class=\"size-medium wp-image-607 alignright\" src=\"https:\/\/bonifratrzy.pl\/klasztor-warszawa-sapiezynska\/wp-content\/uploads\/sites\/19\/2016\/08\/DSC01083-300x225.jpg\" alt=\"DSC01083\" width=\"300\" height=\"225\" srcset=\"https:\/\/bonifratrzy.pl\/klasztor-warszawa-sapiezynska\/wp-content\/uploads\/sites\/19\/2016\/08\/DSC01083-300x225.jpg 300w, https:\/\/bonifratrzy.pl\/klasztor-warszawa-sapiezynska\/wp-content\/uploads\/sites\/19\/2016\/08\/DSC01083-768x576.jpg 768w, https:\/\/bonifratrzy.pl\/klasztor-warszawa-sapiezynska\/wp-content\/uploads\/sites\/19\/2016\/08\/DSC01083-1024x768.jpg 1024w\" sizes=\"(max-width: 300px) 100vw, 300px\" \/>Po z\u0142o\u017ceniu \u015blub\u00f3w zakonnych zosta\u0142 mianowany szefem Instytutu Stomatologii przy Szpitalu \u015bw. Urszuli w Brescii. Tutaj r\u00f3wnie\u017c zas\u0142yn\u0105\u0142 \u0142agodno\u015bci\u0105 i dobroci\u0105. Wszyscy dostrzegali, \u017ce w Ryszardzie dojrzewa \u015bwi\u0119to\u015b\u0107. Matki przynosi\u0142y do niego swoje dzieci nie tylko by je leczy\u0142, ale i b\u0142ogos\u0142awi\u0142. Podziwiano wi\u0119c w nim, energicznego i o\u017cywionego realn\u0105 mi\u0142o\u015bci\u0105 bli\u017aniego lekarza. Sk\u0105d bra\u0142a si\u0119 w Ryszardzie ta postawa? R\u0105bka tajemnicy uchyla fragment listu pisanego do swojej siostry, r\u00f3wnie\u017c zakonnicy. \u015awi\u0119ty pisze w nim: \u201eM\u00f3dl si\u0119, aby pycha, egoizm lub jakakolwiek z\u0142a nami\u0119tno\u015b\u0107 nie zdo\u0142a\u0142a mnie powstrzyma\u0107, widzie\u0107 zawsze w moich chorych cierpi\u0105cego Jezusa. Jego piel\u0119gnowa\u0107 i Jego pociesza\u0107. Dop\u00f3ty ta my\u015bl we mnie \u017cyje, jak\u017ce pi\u0119kna i owocna b\u0119dzie dla mnie praktyka mojego zawodu.\u201d W wieku 30 lat Ryszard Pampuri zapad\u0142 na ostre zapalenie p\u0142uc, kt\u00f3re zako\u0144czy\u0142o si\u0119 szybko post\u0119puj\u0105c\u0105 i nieuleczaln\u0105 w\u00f3wczas gru\u017alic\u0105. Zmar\u0142 1 maja 1930 r. S\u0142awa jego \u015bwi\u0119to\u015bci by\u0142a tak sta\u0142a, ugruntowana i jednomy\u015blna, \u017ce niemal nazajutrz po \u015bmierci rozpocz\u0119to starania o jego beatyfikacj\u0119. Odby\u0142a si\u0119 ona w 1981 r. Za\u015b w 1988 mia\u0142o miejsce niewyt\u0142umaczalne naukowo wydarzenie odzyskania zdrowia przez dziesi\u0119cioletniego hiszpa\u0144skiego ch\u0142opca Emanuela Rodenasa, kt\u00f3remu grozi\u0142a utrata oka. Jednak \u017carliwe mod\u0142y rodzic\u00f3w ch\u0142opca zanoszone za wstawiennictwem Ryszarda przynios\u0142a szybkie i ca\u0142kowite wyleczenie. W rok po tym wydarzeniu w 1989 r.\u00a0 Jan Pawe\u0142 II kanonizowa\u0142 Ryszarda Pampuriego.<\/p>\n<p style=\"text-align: justify\">\u017by\u0142 w nieodleg\u0142ych czasach, a to co robi\u0142, czyni\u0142 z heroizmem. Jest wzorem dla m\u0142odych, dla lekarzy, dla zakonnik\u00f3w i dla nas wszystkich jak w \u015bwiecie spragnionym sensu i mi\u0142o\u015bci zachowa\u0107 prawdziwie chrze\u015bcija\u0144skie \u017cycie.<\/p>\n","protected":false},"excerpt":{"rendered":"<p>W\u015br\u00f3d rzesz \u015bwi\u0119tych wyniesionych na o\u0142tarze przez Jana Paw\u0142a II jest m\u0142ody w\u0142oski zakonnik, bonifrater \u015bw. Ryszard Pampuri. Jego liturgiczne wspomnienie obchodzimy 1 maja. Ryszard Pampuri urodzi\u0142 si\u0119 w ma\u0142ej miejscowo\u015bci Trivolzio po\u0142o\u017conej w Lombardii niedaleko Pawii. By\u0142 dziesi\u0105tym z jedena\u015bciorga dzieci pa\u0144stwa Pampuri. W wieku trzech lat zosta\u0142 osierocony przez matk\u0119. Rodzina, aby pom\u00f3c [&hellip;]<\/p>\n","protected":false},"author":1,"featured_media":0,"parent":0,"menu_order":76,"comment_status":"closed","ping_status":"closed","template":"","meta":{"footnotes":""},"_links":{"self":[{"href":"https:\/\/bonifratrzy.pl\/klasztor-warszawa-sapiezynska\/wp-json\/wp\/v2\/pages\/600"}],"collection":[{"href":"https:\/\/bonifratrzy.pl\/klasztor-warszawa-sapiezynska\/wp-json\/wp\/v2\/pages"}],"about":[{"href":"https:\/\/bonifratrzy.pl\/klasztor-warszawa-sapiezynska\/wp-json\/wp\/v2\/types\/page"}],"author":[{"embeddable":true,"href":"https:\/\/bonifratrzy.pl\/klasztor-warszawa-sapiezynska\/wp-json\/wp\/v2\/users\/1"}],"replies":[{"embeddable":true,"href":"https:\/\/bonifratrzy.pl\/klasztor-warszawa-sapiezynska\/wp-json\/wp\/v2\/comments?post=600"}],"version-history":[{"count":8,"href":"https:\/\/bonifratrzy.pl\/klasztor-warszawa-sapiezynska\/wp-json\/wp\/v2\/pages\/600\/revisions"}],"predecessor-version":[{"id":653,"href":"https:\/\/bonifratrzy.pl\/klasztor-warszawa-sapiezynska\/wp-json\/wp\/v2\/pages\/600\/revisions\/653"}],"wp:attachment":[{"href":"https:\/\/bonifratrzy.pl\/klasztor-warszawa-sapiezynska\/wp-json\/wp\/v2\/media?parent=600"}],"curies":[{"name":"wp","href":"https:\/\/api.w.org\/{rel}","templated":true}]}}