{"id":5361,"date":"2024-06-05T14:45:17","date_gmt":"2024-06-05T12:45:17","guid":{"rendered":"https:\/\/bonifratrzy.pl\/klasztor-warszawa-sapiezynska\/?page_id=5361"},"modified":"2024-10-04T13:25:20","modified_gmt":"2024-10-04T11:25:20","slug":"zapytania-ofertowe","status":"publish","type":"page","link":"https:\/\/bonifratrzy.pl\/klasztor-warszawa-sapiezynska\/oferty-pracy\/zapytania-ofertowe\/","title":{"rendered":"Zapytania ofertowe"},"content":{"rendered":"\n<div class=\"wp-block-group\"><div class=\"wp-block-group__inner-container is-layout-constrained wp-block-group-is-layout-constrained\">\n<p class=\"has-text-align-center\"><span style=\"color: #262626;\"><span style=\"font-size: medium;\"><b>ZAPYTANIE OFERTOWE<\/b><\/span><\/span><\/p>\n\n\n\n<p>Zapytanie ofertowe na us\u0142ugi wykonania i przekazania Zamawiaj\u0105cemu dokumentacji projektowej dla zadania pn.: Termomodernizacja budynku Centrum Medycznego Bonifratr\u00f3w przy ul. Sapie\u017cy\u0144skiej 3 w Warszawie realizowanego przez Zamawiaj\u0105cego w ramach umowy z Narodowym Funduszem Ochrony \u015arodowiska i Gospodarki Wodnej (zwanym dalej: NFO\u015aiGW) na dofinansowanie projektu ze \u015brodk\u00f3w programu priorytetowego nr 3.4.1 \u201eBudownictwo Energooszcz\u0119dne Cz\u0119\u015b\u0107 1) Zmniejszenie zu\u017cycia energii w budownictwie\u201d wraz z uzyskaniem ostatecznej decyzji o pozwoleniu na budow\u0119 w zakresie zadania obj\u0119tego przedmiotem zam\u00f3wienia, zgodnie z przepisami ustawy z dnia 7 lipca 1994 r. Prawo budowlane (tj. Dz. U. z 2024 r., poz. 725), ewentualnie do dokonania skutecznego zg\u0142oszenia rob\u00f3t budowlanych niewymagaj\u0105cych pozwolenia na budow\u0119, zgodnie z przepisami ustawy Prawo budowlane oraz sprawowanie nadzoru autorskiego.<\/p>\n\n\n\n<p><\/p>\n\n\n\n<ul>\n<li><a href=\"https:\/\/bonifratrzy.pl\/klasztor-warszawa-sapiezynska\/wp-content\/uploads\/sites\/19\/2024\/09\/ZAPYTANIE-OFERTOWE.pdf\" target=\"_blank\" rel=\"noreferrer noopener\">Zapytanie ofertowe<\/a><\/li>\n\n\n\n<li><a href=\"https:\/\/bonifratrzy.pl\/klasztor-warszawa-sapiezynska\/wp-content\/uploads\/sites\/19\/2024\/09\/ZALACZNIK-NR-1.docx\">Za\u0142\u0105cznik 1   &#8211; FORMULARZ OFERTY<\/a><\/li>\n\n\n\n<li><a href=\"https:\/\/bonifratrzy.pl\/klasztor-warszawa-sapiezynska\/wp-content\/uploads\/sites\/19\/2024\/09\/ZALACZNIK-NR-2.docx\">Za\u0142\u0105cznik 2   &#8211;  O\u015aWIADCZENIE WYKONAWCY O SPE\u0141NIANIU WARUNK\u00d3W UDZIA\u0141U W POST\u0118POWANIU<\/a><\/li>\n\n\n\n<li><a href=\"https:\/\/bonifratrzy.pl\/klasztor-warszawa-sapiezynska\/wp-content\/uploads\/sites\/19\/2024\/09\/Umowa_final.docx\">Umowa<\/a><\/li>\n\n\n\n<li><a href=\"https:\/\/bonifratrzy.pl\/klasztor-warszawa-sapiezynska\/wp-content\/uploads\/sites\/19\/2024\/10\/2024.10.04_Informacja-o-wyborze-wykonawcy.pdf\" data-type=\"link\" data-id=\"https:\/\/bonifratrzy.pl\/klasztor-warszawa-sapiezynska\/wp-content\/uploads\/sites\/19\/2024\/10\/2024.10.04_Informacja-o-wyborze-wykonawcy.pdf\" target=\"_blank\" rel=\"noreferrer noopener\">Informacja o wyborze wykonawcy<\/a><\/li>\n<\/ul>\n\n\n\n<div style=\"height:30px\" aria-hidden=\"true\" class=\"wp-block-spacer\"><\/div>\n<\/div><\/div>\n\n\n\n<hr class=\"wp-block-separator has-alpha-channel-opacity\"\/>\n\n\n\n<div class=\"wp-block-group\"><div class=\"wp-block-group__inner-container is-layout-constrained wp-block-group-is-layout-constrained\">\n<div style=\"height:30px\" aria-hidden=\"true\" class=\"wp-block-spacer\"><\/div>\n\n\n\n<p class=\"has-text-align-center\"><span style=\"color: #262626;\"><span style=\"font-size: medium;\"><b>ZAPYTANIE OFERTOWE<\/b><\/span><\/span><\/p>\n\n\n\n<p>Zapytanie ofertowe na us\u0142ugi doradztwa w zakresie zarz\u0105dzania Projektem pn.: Termomodernizacja budynku Centrum Medycznego Bonifratr\u00f3w przy ul. Sapie\u017cy\u0144skiej 3 w Warszawie realizowanego przez Zamawiaj\u0105cego w ramach umowy z Narodowym Funduszem Ochrony \u015arodowiska i Gospodarki Wodnej (zwanym dalej: NFO\u015aiGW) na dofinansowanie projektu ze \u015brodk\u00f3w programu priorytetowego nr 3.4.1 \u201eBudownictwo Energooszcz\u0119dne Cz\u0119\u015b\u0107 1) Zmniejszenie zu\u017cycia energii w budownictwie\u201d.<\/p>\n\n\n\n<ul>\n<li><a href=\"https:\/\/bonifratrzy.pl\/klasztor-warszawa-sapiezynska\/wp-content\/uploads\/sites\/19\/2024\/06\/INFORMACJA-DLA-WYKONAWCOW-ZAINTERESOWANYCH-UDZIALEM-W-ZAPYTANIU-OFERTOWYM.docx\">Informacje dla wykonawc\u00f3w zainteresowanych udzia\u0142em w zapytaniu ofertowym<\/a><\/li>\n\n\n\n<li><a href=\"https:\/\/bonifratrzy.pl\/klasztor-warszawa-sapiezynska\/wp-content\/uploads\/sites\/19\/2024\/06\/Zapytanie-ofertowe.docx\">Zapytanie ofertowe<\/a><\/li>\n\n\n\n<li><a href=\"https:\/\/bonifratrzy.pl\/klasztor-warszawa-sapiezynska\/wp-content\/uploads\/sites\/19\/2024\/06\/Zalacznik-nr-3-Projekt-umowy.docx\">Za\u0142\u0105cznik nr 3 &#8211; Projekt umowy<\/a><\/li>\n\n\n\n<li><a href=\"https:\/\/bonifratrzy.pl\/klasztor-warszawa-sapiezynska\/wp-content\/uploads\/sites\/19\/2024\/07\/INFORMACJA-O-WYBORZE-WYKONAWCY.pdf\" target=\"_blank\" rel=\"noopener\">INFORMACJA O WYBORZE WYKONAWCY<\/a><\/li>\n<\/ul>\n<\/div><\/div>\n\n\n\n<div style=\"height:100px\" aria-hidden=\"true\" class=\"wp-block-spacer\"><\/div>\n","protected":false},"excerpt":{"rendered":"<p>ZAPYTANIE OFERTOWE Zapytanie ofertowe na us\u0142ugi wykonania i przekazania Zamawiaj\u0105cemu dokumentacji projektowej dla zadania pn.: Termomodernizacja budynku Centrum Medycznego Bonifratr\u00f3w przy ul. Sapie\u017cy\u0144skiej 3 w Warszawie realizowanego przez Zamawiaj\u0105cego w ramach umowy z Narodowym Funduszem Ochrony \u015arodowiska i Gospodarki Wodnej (zwanym dalej: NFO\u015aiGW) na dofinansowanie projektu ze \u015brodk\u00f3w programu priorytetowego nr 3.4.1 \u201eBudownictwo Energooszcz\u0119dne Cz\u0119\u015b\u0107 [&hellip;]<\/p>\n","protected":false},"author":1,"featured_media":0,"parent":22,"menu_order":3,"comment_status":"closed","ping_status":"closed","template":"","meta":{"footnotes":""},"_links":{"self":[{"href":"https:\/\/bonifratrzy.pl\/klasztor-warszawa-sapiezynska\/wp-json\/wp\/v2\/pages\/5361"}],"collection":[{"href":"https:\/\/bonifratrzy.pl\/klasztor-warszawa-sapiezynska\/wp-json\/wp\/v2\/pages"}],"about":[{"href":"https:\/\/bonifratrzy.pl\/klasztor-warszawa-sapiezynska\/wp-json\/wp\/v2\/types\/page"}],"author":[{"embeddable":true,"href":"https:\/\/bonifratrzy.pl\/klasztor-warszawa-sapiezynska\/wp-json\/wp\/v2\/users\/1"}],"replies":[{"embeddable":true,"href":"https:\/\/bonifratrzy.pl\/klasztor-warszawa-sapiezynska\/wp-json\/wp\/v2\/comments?post=5361"}],"version-history":[{"count":12,"href":"https:\/\/bonifratrzy.pl\/klasztor-warszawa-sapiezynska\/wp-json\/wp\/v2\/pages\/5361\/revisions"}],"predecessor-version":[{"id":5645,"href":"https:\/\/bonifratrzy.pl\/klasztor-warszawa-sapiezynska\/wp-json\/wp\/v2\/pages\/5361\/revisions\/5645"}],"up":[{"embeddable":true,"href":"https:\/\/bonifratrzy.pl\/klasztor-warszawa-sapiezynska\/wp-json\/wp\/v2\/pages\/22"}],"wp:attachment":[{"href":"https:\/\/bonifratrzy.pl\/klasztor-warszawa-sapiezynska\/wp-json\/wp\/v2\/media?parent=5361"}],"curies":[{"name":"wp","href":"https:\/\/api.w.org\/{rel}","templated":true}]}}