{"id":3791,"date":"2022-11-06T13:01:25","date_gmt":"2022-11-06T12:01:25","guid":{"rendered":"https:\/\/bonifratrzy.pl\/klasztor-warszawa-sapiezynska\/?page_id=3791"},"modified":"2022-11-06T13:01:26","modified_gmt":"2022-11-06T12:01:26","slug":"do-kogo-adresowane-jest-przebaczenie","status":"publish","type":"page","link":"https:\/\/bonifratrzy.pl\/klasztor-warszawa-sapiezynska\/duszpasterstwo\/przebaczenie\/do-kogo-adresowane-jest-przebaczenie\/","title":{"rendered":"Do kogo adresowane jest przebaczenie?"},"content":{"rendered":"\n<p><em>Ludzie nie mog\u0105 \u017cy\u0107 razem.<br \/><\/em><em>Je\u015bli nie przebacz\u0105 sobie nawzajem,<br \/><\/em><em>\u017ce s\u0105 tylko tym, kim s\u0105.<br \/><\/em>Francois Yarillon<\/p>\n<p>\u00a0<\/p>\n<p>Gdyby przebaczenie nie istnia\u0142o, stosunki mi\u0119dzyludzkie sta\u0142yby si\u0119 nie do zniesienia. Do kogo jest adresowane przebaczenie? Wpierw do siebie samego, potem do swej rodziny, do bliskich i do przyjaci\u00f3\u0142, a tak\u017ce do obcych, do instytucji, do wrog\u00f3w tradycyjnych, wreszcie do Boga. Oto bardzo niekompletna lista przyk\u0142ad\u00f3w adres\u00f3w przebaczania.<\/p>\n<p><strong>\u00a0<\/strong><\/p>\n<p><strong>Przebaczenie cz\u0142onkom rodziny<\/strong><\/p>\n<p>Przebaczenie cz\u0142onkom swojej rodziny jest w\u0142a\u015bciwie najwa\u017cniejsze, bo stosunki w jej obr\u0119bie s\u0105 zdolne wznieca\u0107 cz\u0119ste konflikty:<\/p>\n<p>&#8211; Rodzicom, kt\u00f3rzy ci\u0119 zawiedli, gdy sta\u0142e\u015b si\u0119 \u015bwiadomy ich b\u0142\u0119d\u00f3w.<\/p>\n<p>&#8211; Ojcu zazdrosnemu o sukces syna.<\/p>\n<p>&#8211; Matce \u201ekwoce\u201d, kt\u00f3ra nie pozwala ci rosn\u0105\u0107.\u00a0\u00a0\u00a0\u00a0\u00a0<\/p>\n<p>&#8211; Nieobecnemu i milcz\u0105cemu ojcu.<\/p>\n<p>&#8211; Bratu czy siostrze, kt\u00f3ra zabra\u0142a ci miejsce w rodzinie.<\/p>\n<p>&#8211; Bratu, kt\u00f3ry odmawia pomocy w nieszcz\u0119\u015bciu.<\/p>\n<p>&#8211; Bratu, kt\u00f3ry nie chcia\u0142 ci\u0119 wprowadzi\u0107 do swego kr\u0119gu przyjaci\u00f3\u0142.<\/p>\n<p>&#8211; Ojcu czy matce, alkoholikom, kt\u00f3rzy przynosili ci wstyd.<\/p>\n<p>&#8211; Ojcu kazirodcy, kt\u00f3ry spowodowa\u0142, \u017ce straci\u0142a\u015b zaufanie do niego i do innych m\u0119\u017cczyzn.<\/p>\n<p>&#8211; Wsp\u00f3\u0142ma\u0142\u017conkowi, kt\u00f3ry zmienia si\u0119 do tego stopnia, \u017ce nie mo\u017cesz go ju\u017c rozpozna\u0107.<\/p>\n<p>&#8211; M\u0119\u017cowi, kt\u00f3ry upokorzy\u0142 ci\u0119 przez swe eskapady seksualne.<\/p>\n<p>&#8211; \u017bonie, kt\u00f3ra ci\u0119 zdradzi\u0142a z twym koleg\u0105.<\/p>\n<p>&#8211; Wsp\u00f3\u0142ma\u0142\u017conkowi za jego upokarzaj\u0105ce uwagi.<\/p>\n<p>&#8211; M\u0119\u017cowi, kt\u00f3ry usi\u0142uje bez przerwy nad tob\u0105 dominowa\u0107.<\/p>\n<p>&#8211; Wsp\u00f3\u0142ma\u0142\u017conkowi, z kt\u00f3rym si\u0119 rozwiod\u0142a\u015b.<\/p>\n<p>&#8211; Te\u015bciowej zazdrosnej, \u017ce \u201eukrad\u0142a\u015b\u201d jej syna.<\/p>\n<p>&#8211; Te\u015bciowi, kt\u00f3ry ci\u0119 podrywa.<\/p>\n<p>&#8211; Dziecku, kt\u00f3re wymaga wi\u0119cej uwagi, ni\u017c mo\u017cesz mu da\u0107.<\/p>\n<p>&#8211; Dorastaj\u0105cemu dziecku, kt\u00f3re ci przynosi wstyd swym przest\u0119pczym prowadzeniem.<\/p>\n<p>&#8211; Ch\u0142opcu czy dziewczynie, kt\u00f3rzy odmawiaj\u0105 ugi\u0119cia si\u0119 przed dyscyplin\u0105.<\/p>\n<p>&#8211; Dziecku, kt\u00f3re nie szanuje twych warto\u015bci i burzy twe plany dotycz\u0105ce jego przysz\u0142o\u015bci. Itd.<\/p>\n<p>\u00a0<\/p>\n<p><strong>Przebaczenie przyjacio\u0142om i bliskim<\/strong><\/p>\n<p>Cz\u0119sto si\u0119 zdarza, \u017ce cz\u0142owiek pok\u0142ada wielkie nadzieje w przyjacio\u0142ach i znajomych. I tu otwiera si\u0119 ogromne \u017ar\u00f3d\u0142o rozczarowania:<\/p>\n<p>&#8211; Przyjacio\u0142om, kt\u00f3rzy ci\u0119 nies\u0142usznie zranili.<\/p>\n<p>&#8211; Przyjacielowi, kt\u00f3ry ci\u0119 zostawi\u0142 w momencie, w kt\u00f3rym go potrzebowa\u0142e\u015b.<\/p>\n<p>&#8211; Przyjaci\u00f3\u0142ce, kt\u00f3ra pope\u0142ni\u0142a niedyskrecj\u0119, wyjawiaj\u0105c tw\u00f3j sekret.<\/p>\n<p>&#8211; Przyjacielowi, kt\u00f3ry w towarzystwie wa\u017cnych os\u00f3b ju\u017c ci\u0119 nie poznaje.<\/p>\n<p>&#8211; Drogiej istocie, kt\u00f3ra ci\u0119 opuszcza, wyprowadzaj\u0105c si\u0119 albo umieraj\u0105c.<\/p>\n<p>&#8211; Przyjacielowi, kt\u00f3ry zapomina o swych obietnicach.<\/p>\n<p>&#8211; Przyjaci\u00f3\u0142ce, kt\u00f3ra nigdy si\u0119 tobie nie zwierza.<\/p>\n<p>&#8211; Nauczycielom ograniczonym i ciasnym, kt\u00f3rzy zajmuj\u0105 ci cenny czas w szkole.<\/p>\n<p>&#8211; Dyrektorowi, kt\u00f3ry musi okaza\u0107 swoj\u0105 wa\u017cno\u015b\u0107 upokarzaj\u0105c ci\u0119.<\/p>\n<p>&#8211; Koledze z pracy, kt\u00f3ry ci\u0119 obmawia przed szefem.<\/p>\n<p>&#8211; Szefowi, kt\u00f3ry robi ci publicznie przykre uwagi. Itd.<\/p>\n<p>\u00a0<\/p>\n<p><strong>\u00a0<\/strong><\/p>\n<p><strong>Przebaczenie obcym<\/strong><\/p>\n<p>Okoliczno\u015bci \u017cycia cz\u0119sto narzucaj\u0105 obecno\u015b\u0107 niepo\u017c\u0105danych osobnik\u00f3w, kt\u00f3rzy b\u0119d\u0105 wyrz\u0105dza\u0107\u00a0 zaskakuj\u0105ce i nie daj\u0105ce si\u0119 przewidzie\u0107 krzywdy:<\/p>\n<p>&#8211; Pijanemu szoferowi, kt\u00f3ry zabi\u0142 ci dziecko.<\/p>\n<p>&#8211; Lekarzowi, kt\u00f3ry postawi\u0142 b\u0142\u0119dn\u0105 diagnoz\u0119, w wyniku kt\u00f3rej straci\u0142e\u015b czas, pieni\u0105dze i zdrowie.<\/p>\n<p>&#8211; Kierowcy, kt\u00f3ry uszkodzi\u0142 ci samoch\u00f3d podczas parkowania i nie zawiadomi\u0142 ci\u0119 o tym.<\/p>\n<p>&#8211; Z\u0142odziejowi, kt\u00f3ry pogwa\u0142ci\u0142 intymno\u015b\u0107 twego mieszkania. Itd.<\/p>\n<p><strong>\u00a0<\/strong><\/p>\n<p><strong>Przebaczenie instytucjom <\/strong><\/p>\n<p>Przebaczanie instytucjom czy stowarzyszeniom staje si\u0119 trudne z racji ich anonimowo\u015bci. Maj\u0105 one jednak zawsze swoich przedstawicieli, do kt\u00f3rych mo\u017cna skierowa\u0107 swe przebaczenie:<\/p>\n<p>&#8211; Towarzystwu, kt\u00f3re ci dzi\u0119kuje po d\u0142ugich latach wiernej s\u0142u\u017cby.<\/p>\n<p>&#8211; Ko\u015bcio\u0142owi, kt\u00f3ry wymaga od m\u0119\u017cczyzny \u017cycia w czysto\u015bci, aby m\u00f3g\u0142 zosta\u0107 ksi\u0119dzem.<\/p>\n<p>&#8211; Nieub\u0142aganemu prawu zastosowanemu bezkrytycznie przez policjant\u00f3w.<\/p>\n<p>&#8211; Ko\u015bcio\u0142owi, kt\u00f3ry op\u00f3\u017ania udzielenie ci dyspensy od \u015blub\u00f3w.<\/p>\n<p>&#8211; Ustawodawcom, g\u0142osuj\u0105cym za prawami faworyzuj\u0105cymi najbogatszych.<\/p>\n<p>\u00a0<\/p>\n<p><strong>Przebaczenie tradycyjnym wrogom<\/strong><\/p>\n<p>Mo\u017ce si\u0119 wyda\u0107 przesad\u0105, na pierwszy rzut oka, obejmowanie przebaczeniem wrog\u00f3w, kt\u00f3rych z\u0142ych czyn\u00f3w do\u015bwiadczy\u0142a w przesz\u0142o\u015bci ojczyzna. Mo\u017cna si\u0119 wtedy usprawiedliwia\u0107, twierdz\u0105c, \u017ce powinny to uczyni\u0107 ofiary. Takie t\u0142umaczenie \u017ale si\u0119 broni, bo istnieje pami\u0119\u0107 zbiorowa, w kt\u00f3rej nar\u00f3d zachowuje \u017cywe wspomnienie ran zadanych swoim przodkom. Podtrzymuje ona uprzedzenia i podejrzenia, gdy nie pobudza do nienawi\u015bci lub nie przenosi atak\u00f3w na potomk\u00f3w tych wrog\u00f3w. Im bardziej odczuwa si\u0119 jeszcze w sobie upokorzenia przesz\u0142o\u015bci\u0105, przekazane przez pami\u0119\u0107 z pokolenia na pokolenie, tym bardziej przebaczenie staje si\u0119 konieczno\u015bci\u0105:<\/p>\n<p>\u00a0&#8211; Narodom, kt\u00f3re pokona\u0142y twych przodk\u00f3w.<\/p>\n<p>&#8211; Ludowi, kt\u00f3ry upokorzy\u0142 tw\u00f3j nar\u00f3d, zabraniaj\u0105c mu m\u00f3wi\u0107 w swym j\u0119zyku i praktykowa\u0107 swej religii.<\/p>\n<p>&#8211; Zwyci\u0119zcy, kt\u00f3ry realizowa\u0142 taktyki asymilacji.<\/p>\n<p>&#8211; Rasie, kt\u00f3ra stosowa\u0142a ludob\u00f3jstwo wobec twojej rasy albo usi\u0142owa\u0142a to robi\u0107.<\/p>\n<p>\u00a0<\/p>\n<p><strong>Przebaczenie Bogu<\/strong><\/p>\n<p>Zdarza si\u0119, \u017ce nawet B\u00f3g jest poci\u0105gany na \u0142aw\u0119 oskar\u017conych. Porusza si\u0119 tu delikatny temat, kt\u00f3ry prowadzi do przedyskutowania subtelnego problemu wsp\u00f3\u0142istnienia na \u015bwiecie z\u0142a i dobroci Boga. Warto zasygnalizowa\u0107, \u017ce kto chce post\u0119powa\u0107 w swym \u017cyciu wewn\u0119trznym, a zatem wzmocni\u0107 sw\u0105 zdolno\u015b\u0107 przebaczania, to B\u00f3g daleki od chcenia czy nawet przyzwalania na z\u0142o w \u015bwiecie, jest jego pierwsz\u0105 ofiar\u0105 \u2013 B\u00f3g Jezusa Chrystusa. Tak wi\u0119c nale\u017cy postawi\u0107 proste pytanie: jakiemu Bogu nale\u017cy przebaczy\u0107? B\u00f3g wszechmocny, kt\u00f3remu przypisuje si\u0119 du\u017co winy, nie jest s\u0142abym i pokornym Bogiem, o kt\u00f3rym naucza\u0142 Jezus Chrystus:<\/p>\n<p>&#8211; Bo pozwala cierpie\u0107 i umiera\u0107 ma\u0142ym dzieciom.<\/p>\n<p>&#8211; Bo m\u00f3wi, \u017ce mnie kocha, a nie przychodzi z pomoc\u0105 w trudnych momentach.<\/p>\n<p>&#8211; Bo jest uwa\u017cany za wszechobecnego, a ja go nie widz\u0119.<\/p>\n<p>&#8211; Bo wydaje si\u0119 nie odpowiada\u0107 na moje pro\u015bby.<\/p>\n<p>&#8211; Bo nie przyznaje mi szcz\u0119\u015bcia, do kt\u00f3rego dawa\u0142oby mi prawo wierne wype\u0142nianie moich obowi\u0105zk\u00f3w religijnych.<\/p>\n<p>&#8211; Bo daj\u0105c mi pozna\u0107 skrawek nieba poprzez wielk\u0105 mi\u0142o\u015b\u0107, przyszed\u0142 po tego, kogo kocha\u0142em.<\/p>\n<p>&#8211; Bo pozwala pope\u0142nia\u0107 nadu\u017cycia, nawet w swym Ko\u015bciele, nie interweniuj\u0105c.\u00a0\u00a0<\/p>\n<p>&#8211; Bo mnie bez przerwy s\u0105dzi.<\/p>\n<p>&#8211; Bo nie mog\u0119 osi\u0105gn\u0105\u0107 doskona\u0142o\u015bci, do kt\u00f3rej d\u0105\u017cenia mnie zobowi\u0105zuje.<\/p>\n<p>\u00a0<\/p>\n<p><strong>Przebaczenie sobie samemu<\/strong><\/p>\n<p>Przebaczenie sobie, w rzeczywisto\u015bci przebaczania, powinno by\u0107 umieszczone na pocz\u0105tku. W istocie przebaczenie drugiemu, kt\u00f3re nie jest poprzedzone wsp\u00f3\u0142czuj\u0105c\u0105 akceptacj\u0105 siebie samego i swej n\u0119dzy, mo\u017ce by\u0107 jedynie powierzchowne. Sobie nale\u017cy wybaczy\u0107:<\/p>\n<p>&#8211; Wpakowanie si\u0119 w sytuacj\u0119, w kt\u00f3rej da\u0142em si\u0119 zrani\u0107.<\/p>\n<p>&#8211; To, \u017ce nie wiedzia\u0142em, co zrobi\u0107 lub co powiedzie\u0107.<\/p>\n<p>&#8211; To, \u017ce si\u0119 bezmy\u015blnie zakocha\u0142em.<\/p>\n<p>&#8211; Zdeprecjonowanie siebie w nast\u0119pstwie s\u0142\u00f3w, kt\u00f3rymi mnie kto\u015b wyzwa\u0142.<\/p>\n<p>&#8211; \u017be spowodowa\u0142em zarzuty i stan\u0105\u0142em po stronie obra\u017caj\u0105cego.<\/p>\n<p>&#8211; \u017be zbyt d\u0142ugo znosi\u0142em z\u0142\u0105 relacj\u0119.<\/p>\n<p>&#8211; \u017be czuj\u0119 si\u0119 podatny na zranienia, a chc\u0119 jeszcze kocha\u0107.<\/p>\n<p>&#8211; M\u00f3j charakter perfekcjonistyczny, kt\u00f3ry nie przepu\u015bci \u017cadnego b\u0142\u0119du. Itd.<\/p>\n","protected":false},"excerpt":{"rendered":"","protected":false},"author":1,"featured_media":0,"parent":3778,"menu_order":71,"comment_status":"closed","ping_status":"closed","template":"","meta":{"footnotes":""},"_links":{"self":[{"href":"https:\/\/bonifratrzy.pl\/klasztor-warszawa-sapiezynska\/wp-json\/wp\/v2\/pages\/3791"}],"collection":[{"href":"https:\/\/bonifratrzy.pl\/klasztor-warszawa-sapiezynska\/wp-json\/wp\/v2\/pages"}],"about":[{"href":"https:\/\/bonifratrzy.pl\/klasztor-warszawa-sapiezynska\/wp-json\/wp\/v2\/types\/page"}],"author":[{"embeddable":true,"href":"https:\/\/bonifratrzy.pl\/klasztor-warszawa-sapiezynska\/wp-json\/wp\/v2\/users\/1"}],"replies":[{"embeddable":true,"href":"https:\/\/bonifratrzy.pl\/klasztor-warszawa-sapiezynska\/wp-json\/wp\/v2\/comments?post=3791"}],"version-history":[{"count":1,"href":"https:\/\/bonifratrzy.pl\/klasztor-warszawa-sapiezynska\/wp-json\/wp\/v2\/pages\/3791\/revisions"}],"predecessor-version":[{"id":3795,"href":"https:\/\/bonifratrzy.pl\/klasztor-warszawa-sapiezynska\/wp-json\/wp\/v2\/pages\/3791\/revisions\/3795"}],"up":[{"embeddable":true,"href":"https:\/\/bonifratrzy.pl\/klasztor-warszawa-sapiezynska\/wp-json\/wp\/v2\/pages\/3778"}],"wp:attachment":[{"href":"https:\/\/bonifratrzy.pl\/klasztor-warszawa-sapiezynska\/wp-json\/wp\/v2\/media?parent=3791"}],"curies":[{"name":"wp","href":"https:\/\/api.w.org\/{rel}","templated":true}]}}