{"id":3790,"date":"2022-11-06T13:00:23","date_gmt":"2022-11-06T12:00:23","guid":{"rendered":"https:\/\/bonifratrzy.pl\/klasztor-warszawa-sapiezynska\/?page_id=3790"},"modified":"2022-11-06T13:00:23","modified_gmt":"2022-11-06T12:00:23","slug":"jak-oszacowac-zniewagi","status":"publish","type":"page","link":"https:\/\/bonifratrzy.pl\/klasztor-warszawa-sapiezynska\/duszpasterstwo\/przebaczenie\/jak-oszacowac-zniewagi\/","title":{"rendered":"Jak oszacowa\u0107 zniewagi?"},"content":{"rendered":"\n<p><em>Przebaczamy na tyle, na ile kochamy. <br \/><\/em>Honoriusz Balzak<\/p>\n<p>\u00a0<\/p>\n<p><em>Ojcze, w wyniku dojrza\u0142ej refleksji zdecydowa\u0142am si\u0119 napisa\u0107 do ojca, \u017ce mu przebaczam z powodu \u00aboblania\u00bb mnie na ostatnim egzaminie<\/em> \u2013 napisa\u0142a ks. profesorowi jedna ze studentek. By\u0142 on zdumiony jej naiwno\u015bci\u0105 i bezceremonialno\u015bci\u0105. Nie rozumia\u0142, dlaczego miano mu przebaczy\u0107 za jej niepowodzenie, na kt\u00f3re zas\u0142u\u017cy\u0142a. Wynika wi\u0119c z powy\u017cszej wypowiedzi, \u017ce s\u0105 nie tylko fa\u0142szywe przebaczenia, ale te\u017c fa\u0142szywe motywy przebaczenia. Tak jak w przytoczonym przyk\u0142adzie, ryzykuje si\u0119 zbanalizowanie przebaczenia i pos\u0142ugiwanie si\u0119 nim w z\u0142ej wierze. St\u0105d potrzeba, \u017ceby dobrze rozr\u00f3\u017cni\u0107 okoliczno\u015bci, w kt\u00f3rych nast\u0119puje przebaczenie, od tych, kt\u00f3re nie maj\u0105 nic wsp\u00f3lnego z t\u0105 wa\u017cn\u0105 praktyk\u0105 duchow\u0105.<\/p>\n<p>Oto kilka przyk\u0142ad\u00f3w, w kt\u00f3rych przebaczenie nie ma racji bytu, poniewa\u017c zas\u0142uguje si\u0119 wtedy na sprawiedliw\u0105 zap\u0142at\u0119 za ludzkie czyny: kierowca przekroczy\u0142 samochodem dozwolon\u0105 szybko\u015b\u0107 i dosta\u0142 mandat; kto\u015b gra w karty dla pieni\u0119dzy i przegrywa; pracownik narazi\u0142 si\u0119 na nagan\u0119 szefa za swoje liczne sp\u00f3\u017anienia do pracy. Jest tyle sytuacji, w kt\u00f3rych mo\u017cna by\u0107 sfrustrowanym, zirytowanym i zranionym w swej mi\u0142o\u015bci w\u0142asnej. Ale czy naprawd\u0119 nale\u017cy wierzy\u0107 w to, \u017ce profesor, policjant, krupier, prze\u0142o\u017cony musz\u0105 prosi\u0107 dan\u0105 osob\u0119 o przebaczenie za upokorzenia, kt\u00f3re ona sama na siebie \u015bci\u0105gn\u0119\u0142a? Odpowied\u017a jest jasna. Przebaczenie ma by\u0107 praktykowane tylko w przypadkach nieuzasadnionych obelg. Co zreszt\u0105 nale\u017ca\u0142oby uczyni\u0107, gdyby policjant takiego cz\u0142owieka zwymy\u015bla\u0142, kupiec oszuka\u0142, a szef upokorzy\u0142 publicznie.<\/p>\n<p>\u00a0<\/p>\n<p><strong>Obrazy pope\u0142nione przez osoby kochane<\/strong><\/p>\n<p>Przebaczenie przybiera r\u00f3\u017cne formy i odcienie w zale\u017cno\u015bci od tego, czy chodzi o osoby bliskie czy zupe\u0142nie obce. Kto m\u00f3g\u0142by zrani\u0107 silniej ni\u017c ukochane osoby, z kt\u00f3rymi \u0142\u0105czy silna wi\u0119\u017a uczuciowa? Stanowi\u0105 one przecie\u017c jakby cz\u0119\u015b\u0107 osoby zranionej. Wyidealizowano je i w nast\u0119pstwie du\u017co si\u0119 po nich spodziewano. To dlatego g\u0142\u0119boko\u015b\u0107 zranienia bardziej mierzy si\u0119 rozmiarami oczekiwa\u0144, czy zosta\u0142y one spe\u0142nione, ni\u017c obiektywn\u0105 skal\u0105 obrazy.<\/p>\n<p>Nadmierne oczekiwania s\u0105 cz\u0119ste. Tak wi\u0119c dzieci idealizuj\u0105 rodzic\u00f3w i wymagaj\u0105 od nich bezwarunkowej tolerancji i mi\u0142o\u015bci. Z kolei wi\u0119kszo\u015b\u0107 rodzic\u00f3w spodziewa si\u0119, \u017ce dzieci dostosuj\u0105 si\u0119 doskonale do ich dyscypliny i b\u0119d\u0105 realizowa\u0142y marzenia, kt\u00f3rych im samym w ich w\u0142asnym \u017cyciu nie uda\u0142o si\u0119 spe\u0142ni\u0107. W podobnie irrealistyczne plany obfituje nami\u0119tna mi\u0142o\u015b\u0107. Ma\u0142\u017conkowie i kochankowie \u017cywi\u0105 nadziej\u0119, \u017ce ich nawet nie wyra\u017cane pragnienia b\u0119d\u0105 zawsze odczytywane. Chcieliby zawsze by\u0107 rozumiani, kochani, doceniani, obdarzeni poczuciem bezpiecze\u0144stwa przez sta\u0142\u0105 obecno\u015b\u0107 partnera. Jest wiele ukrytych oczekiwa\u0144 i nadziei pok\u0142adanych przez kochank\u00f3w, rodzic\u00f3w, dzieci, siostry, braci i przyjaci\u00f3\u0142. To co nale\u017cy zapami\u0119ta\u0107, to to, \u017ce przebaczenie \u201egra\u201d niezb\u0119dn\u0105 rol\u0119 w za\u017cy\u0142ych stosunkach z racji ich intensywno\u015bci i licznych okazji do star\u0107.<\/p>\n<p>Nale\u017cy, oczywi\u015bcie, wystrzega\u0107 si\u0119 robienia dramat\u00f3w z codziennych drobnych zmartwie\u0144 czy chwilowych rozczarowa\u0144: ma\u0142\u017conek sp\u00f3\u017ania si\u0119 na kolacj\u0119 albo myli si\u0119 w dacie rocznicy urodzin ma\u0142\u017conki; dziecko brudzi \u015bwie\u017co umyt\u0105 pod\u0142og\u0119; ostatni, kt\u00f3ry pos\u0142ugiwa\u0142 si\u0119 samochodem rodzinnym, zaniedba\u0142 nape\u0142ni\u0107 bak benzyn\u0105. Bez w\u0105tpienia, odczuwa si\u0119 w tym momencie rozczarowanie, frustracj\u0119 i by\u0107 mo\u017ce agresj\u0119. Z jednej strony, nie ma powodu, aby przywi\u0105zywa\u0107 zbyt du\u017c\u0105 wag\u0119 do takich zdarze\u0144. Ale te\u017c nie nale\u017cy ich zupe\u0142nie ignorowa\u0107. Mog\u0105 one by\u0107 sygna\u0142em, \u017ce ma si\u0119 do czynienia z problemem postawy, kt\u00f3ry nale\u017ca\u0142oby przebada\u0107, rozwi\u0105za\u0107 i by\u0107 mo\u017ce, uregulowa\u0107 przez przebaczenie. By\u0142oby to w przypadku gdyby \u2013 po zwr\u00f3ceniu uwagi odpowiedzialnym na ich drobne przewinienia \u2013 nie stwierdzono zmiany ich post\u0119powania. Nale\u017ca\u0142oby wi\u0119c zbada\u0107 sytuacj\u0119 i j\u0105 rozwi\u0105za\u0107, nawet uciekaj\u0105c si\u0119 do przebaczenia, je\u015bli to konieczne.<\/p>\n<p>Mo\u017ce si\u0119 zdarzy\u0107, \u017ce ma\u0142o znacz\u0105ce wydarzenia dnia codziennego mog\u0105 wywo\u0142a\u0107 powa\u017cne konsekwencje. Pewien chirurg zwierzy\u0142 si\u0119, \u017ce my\u015bli o rozwodzie ze sw\u0105 now\u0105 ma\u0142\u017conk\u0105, poniewa\u017c by\u0142a ona \u201enocnym Markiem\u201d. K\u0142ad\u0105c si\u0119 do \u0142\u00f3\u017cka, cz\u0119sto wytr\u0105ca\u0142a go ze snu. Czasem nad ranem odczuwa\u0142a potrzeb\u0119 rozmowy, zw\u0142aszcza dla uregulowania spornych spraw. Biedny cz\u0142owiek potrzebowa\u0142 ka\u017cdej nocy odpoczynku, \u017ceby zachowa\u0107 koncentracj\u0119 i zr\u0119czno\u015b\u0107 r\u0105k. Dosz\u0142o do tego, \u017ce zacz\u0105\u0142 nie cierpie\u0107 swej \u017cony, podejrzewaj\u0105c j\u0105, \u017ce chce zniszczy\u0107 mu karier\u0119 zawodow\u0105.<\/p>\n<p>Istnieje jeszcze powa\u017cniejszy brak szacunku \u2013 zdrady i braku lojalno\u015bci pomi\u0119dzy osobami, kt\u00f3re powinny si\u0119 kocha\u0107. Ich uchybienia powoduj\u0105 bolesne i d\u0142ugotrwa\u0142e rany, bo uwa\u017ca si\u0119 za ca\u0142kiem naturalne to, \u017ce rodzice, przyjaciele, koledzy akceptuj\u0105 siebie wzajemnie, cokolwiek by si\u0119 sta\u0142o. Nie ma nic r\u00f3wnie przykrego, jak dowiedzie\u0107 si\u0119, \u017ce zosta\u0142o si\u0119 zdradzonym przez osob\u0119, kt\u00f3r\u0105 si\u0119 bardzo szanuje. Na przyk\u0142ad dowiaduje si\u0119 m\u0105\u017c, \u017ce jego ma\u0142\u017conka zdradza go z jednym z bliskich przyjaci\u00f3\u0142, \u017ce tw\u00f3j kolega z pracy poszerza swoj\u0105 w\u0142adz\u0119 twoim kosztem, itd. Kto\u015b zosta\u0142 zraniony i zarazem zmartwiony niedyskrecj\u0105 starego przyjaciela. W poufnej rozmowie powierzy\u0142 mu sekret, kt\u00f3ry skwapliwie wyjawi\u0142 osobie, w dodatku nie \u017cywi\u0105cej do niego sympatii. I od tamtego momentu nie mia\u0142 odwagi za\u017c\u0105da\u0107 od niego wyja\u015bnie\u0144 na temat jego niedyskrecji, tak, \u017ce ich przyja\u017a\u0144 zosta\u0142a mocno nadw\u0105tlona.<\/p>\n<p>Jest nielojalno\u015b\u0107 wobec bliskich, kt\u00f3ra przybiera formy bardziej subtelne, ale nie mniej ra\u017c\u0105ce, takie jak o\u015bmieszanie i sarkazm. Pozostaj\u0105 one trudne do zniesienia nawet dla tych, kt\u00f3rzy s\u0105 tylko ich \u015bwiadkami. Mo\u017cna czu\u0107 si\u0119 nieswojo, kiedy uczestniczy si\u0119 w publicznych sprzeczkach ma\u0142\u017ce\u0144skich. Oto kilka przyk\u0142ad\u00f3w: ma\u0142\u017conka czyni aluzje do nieudolno\u015bci seksualnej m\u0119\u017ca, ma\u0142\u017conek z upodobaniem wytyka b\u0142\u0119dy j\u0119zykowe \u017cony, z pochodzenia cudzoziemki. Takie sceny staj\u0105 si\u0119 niezno\u015bne dla \u015bwiadk\u00f3w. A co dopiero m\u00f3wi\u0107 o upokorzonym wsp\u00f3\u0142ma\u0142\u017conku!<\/p>\n<p>Akty przemocy mi\u0119dzy osobami, kt\u00f3re przysi\u0119ga\u0142y sobie mi\u0142o\u015b\u0107 bez w\u0105tpienia zaliczaj\u0105 si\u0119 do zniewag najbardziej okrutnych i najbardziej \u017ca\u0142osnych. Statystyki ukazuj\u0105 przera\u017caj\u0105c\u0105 liczb\u0119 kobiet bitych przez swych m\u0119\u017c\u00f3w czy partner\u00f3w. Z drugiej strony, dane milcz\u0105 o agresji s\u0142ownej i psychicznej, kt\u00f3ra je poprzedzi\u0142a! W ko\u0144cu, co powiedzie\u0107 o tej epidemii nadu\u017cy\u0107 seksualnych, pope\u0142nianych przez rodzic\u00f3w na swych dzieciach, a co nasze spo\u0142ecze\u0144stwo zdecydowa\u0142o si\u0119 ujawni\u0107?<\/p>\n<p>A\u017c dot\u0105d m\u00f3wi\u0142o si\u0119 o powa\u017cnych niedostatkach mi\u0142o\u015bci bliskich. Pewne rozstania mog\u0105, na pierwszy rzut oka okaza\u0107 si\u0119, sprawia\u0107 wra\u017cenie, \u017ce nie wymagaj\u0105 uzdrowienia przez przebaczenie, bo nie s\u0105 umy\u015blne, np. odej\u015bcia doros\u0142ych dzieci. Nawet je\u015bli s\u0142usznie uzna si\u0119, \u017ce dziecko musi wyfrun\u0105\u0107 z rodzinnego gniazda, serce ka\u017cdego cz\u0142onka rodziny jest \u015bci\u015bni\u0119te smutkiem i cz\u0119sto agresj\u0105. Ile\u017c to ceremonii \u015blubnych, kt\u00f3re u\u015bwi\u0119caj\u0105 odej\u015bcie dzieci, okazuje si\u0119 bardziej smutnymi ni\u017c chcia\u0142oby si\u0119 je widzie\u0107.<\/p>\n<p>Rozstanie z drog\u0105 istot\u0105 poprzez \u015bmier\u0107 wywo\u0142uje eksplozje uczu\u0107, takich jak l\u0119k, zmartwienie, gniew i wina. Dlatego te\u017c podczas terapii stanu \u017ca\u0142oby, zaprasza si\u0119 pozostaj\u0105cych przy \u017cyciu do przebaczenia, \u017ceby pokonali sw\u00f3j gniew i poczucie winy. Prosz\u0105c o przebaczenie swego bliskiego zmar\u0142ego, wyzwalaj\u0105 si\u0119 z obwiniania samych siebie, \u017ce nie potrafili go bardziej kocha\u0107.\u00a0 Udzielaj\u0105c mu przebaczenia, eliminuj\u0105 resztki gniewu spowodowanego opuszczeniem.<\/p>\n<p><strong>\u00a0<\/strong><\/p>\n<p><strong>Zniewagi pope\u0142nione przez obcych<\/strong><\/p>\n<p>Jaki\u015b s\u0142aby kierowca drugiemu kierowcy zaje\u017cd\u017ca drog\u0119; spiesz\u0105cy si\u0119 klient wpycha si\u0119 w kolejk\u0119 do kasy; szofer autobusu odpowiada opryskliwie pasa\u017cerowi; telefonistka m\u00f3wi po angielsku, podczas gdy chce si\u0119 by\u0107 obs\u0142u\u017conym po francusku. Oto tyle zmartwie\u0144, kt\u00f3re nie wymaga\u0142yby, oczywi\u015bcie, d\u0142ugiego procesu przebaczania. Od razu podskoczy w takich sytuacjach lekko poziom adrenaliny, ale szybko zapomni si\u0119 o tych impertynencjach. Po wszystkim m\u00f3wi si\u0119 sobie, \u017ce s\u0105 to tylko nieznajomi.<\/p>\n<p>Zniewaga, kt\u00f3ra pochodzi od obcego musi wi\u0119c by\u0107 powa\u017cniejsza ni\u017c wy\u017cej wymienione, \u017ceby mog\u0142a zburzy\u0107 wewn\u0119trzny pok\u00f3j. Musi ona dosi\u0119gn\u0105\u0107 integralno\u015bci fizycznej, psychicznej, spo\u0142ecznej czy moralnej osoby. Na przyk\u0142ad kradzie\u017c z w\u0142amaniem do w\u0142asnego mieszkania \u2013 \u017ca\u0142uje si\u0119, oczywi\u015bcie, utraty zrabowanych przedmiot\u00f3w, zw\u0142aszcza gdy mia\u0142y one dla kogo\u015b warto\u015b\u0107 emocjonaln\u0105. Najbardziej jednak boli \u015bwiadomo\u015b\u0107 pogwa\u0142cenia prywatnego terytorium. Im bardziej bezpo\u015brednio dotyka zniewaga, tym bardziej jest si\u0119 ni\u0105 przygn\u0119bionym: aktami przemocy na kochanych osobach, na sw\u0105 reputacj\u0119, przemoc\u0105 fizyczn\u0105, kontaktami seksualnymi, gwa\u0142tami, itd. Bezpiecze\u0144stwo osobiste jest zagro\u017cone, granice osoby pogwa\u0142cone, jest si\u0119 w pewnym sensie obna\u017conym i zdanym na \u0142ask\u0119 innego. Wstyd i pop\u0142och, kt\u00f3re z tego wynikaj\u0105, stanowi\u0105 powa\u017cn\u0105 przeszkod\u0119 w przebaczeniu. Ale te\u017c dotkliwo\u015b\u0107 zranienia b\u0119dzie si\u0119 ci\u0105gle powi\u0119ksza\u0107 wskutek nie zabli\u017anionych wspomnie\u0144 z dzieci\u0144stwa.<\/p>\n<p>Afront doznany od obcego staje si\u0119 tym bardziej szokuj\u0105cy, \u017ce nie udaje si\u0119 odnale\u017a\u0107 jego motywu. Jak chce si\u0119 przebaczy\u0107 terrorystom politycznym, kt\u00f3rzy porwali, torturowali cz\u0142onk\u00f3w rodziny? Francine Cockenpot, kompozytorka i poetka francuska \u2013 po tym, gdy o ma\u0142o nie zgin\u0119\u0142a z r\u0105k nieznanego sprawcy, poczu\u0142a si\u0119 zobowi\u0105zana do nawi\u0105zania relacji z tym zupe\u0142nie sobie nie znanym cz\u0142owiekiem. \u017beby nawi\u0105za\u0107 z nim kontakt i pozby\u0107 si\u0119 swojego przygn\u0119bienia, zacz\u0119\u0142a do niego pisa\u0107 listy, wiedz\u0105c dobrze, \u017ce one nigdy do niego nie dotr\u0105: <em>Gdy tylko wr\u00f3ci\u0142am, jakby dla za\u017cegnania swojej paniki, z\u0142apa\u0142am za o\u0142\u00f3wek i papier i zacz\u0119\u0142am pisa\u0107. A\u017c do pi\u0119ciu czy sze\u015bciu list\u00f3w co noc, bez mo\u017cliwo\u015bci odczytania siebie, gdy\u017c straci\u0142am oko. Pisa\u0142am do mego oprawcy, kt\u00f3rego wcale nie zna\u0142am, nawet d\u017awi\u0119ku jego g\u0142osu, bo nie odpowiada\u0142, gdy krzycza\u0142am: Ale dlaczego chce mnie pan zabi\u0107?<\/em><\/p>\n<p>\u00a0<\/p>\n<p><strong>Zniewagi tkwi\u0105ce w przesz\u0142o\u015bci<\/strong><\/p>\n<p>Czy zniewaga pochodzi od istoty kochanej, czy od zupe\u0142nie obcej, nale\u017cy ci\u0105gle pami\u0119ta\u0107, \u017ce jest ona zdolna przywo\u0142a\u0107 wspomnienia i wywo\u0142a\u0107 reakcj\u0119 \u0142a\u0144cuchow\u0105. Stare rany, o kt\u00f3rych s\u0105dzi\u0142o si\u0119, \u017ce s\u0105 wygojone i zabli\u017anione, otwieraj\u0105 si\u0119, powi\u0119kszaj\u0105c zarazem zagubienie i pop\u0142och. Zniewaga jest wi\u0119c postrzegana przez wystraszone i wyolbrzymiaj\u0105ce spojrzenie dziecka, kt\u00f3re \u017cyje w nas samych.<a href=\"#_ftn1\" name=\"_ftnref1\">[1]<\/a><\/p>\n<p>\u00a0<\/p>\n<p>\u00a0<\/p>\n[1] To w\u0142a\u015bnie przydarzy\u0142o si\u0119 pewnemu pracownikowi socjalnemu, kt\u00f3ry podczas terapii opowiedzia\u0142 o licznych trudno\u015bciach w stosunkach ze swymi prze\u0142o\u017conymi, m\u0119\u017cczyznami. Podkre\u015bla\u0142 ich brak uczciwo\u015bci, co wydawa\u0142o si\u0119 t\u0142umaczy\u0107 jego ma\u0142e zaufanie w stosunku do nich. Momentami zdawa\u0142 sobie spraw\u0119, \u017ce przesadza\u0142, i nie waha\u0142 si\u0119 uwa\u017ca\u0107 siebie za pomylonego. Zm\u0119czony nieustannymi konfliktami z dyrekcj\u0105, poprosi\u0142 mnie o pomoc w odkryciu korzeni swej nieufno\u015bci wobec prze\u0142o\u017conych. D\u0142ugo szuka\u0142 przyczyn w\u0142asnym wysi\u0142kiem introspekcji, ale mia\u0142 wra\u017cenie, \u017ce kr\u0119ci si\u0119 w k\u00f3\u0142ko. Poproszono go wi\u0119c, \u017ceby prze\u017cy\u0142 na nowo to uczucie nieufno\u015bci i pocz\u0105wszy od tego momentu, cofa\u0142 si\u0119 etapami w przesz\u0142o\u015b\u0107 odtwarzaj\u0105c wszystkie wydarzenia, w kt\u00f3rych odczuwa\u0142 nieufno\u015b\u0107 w stosunku do autorytet\u00f3w. Trzeba by\u0142o wiele razy to powtarza\u0107, bo wydarzenie pierwotne pozostawa\u0142o dobrze ukryte. Podczas kolejnego powt\u00f3rzenia, do kt\u00f3rego bardzo si\u0119 przyk\u0142ada\u0142, zacz\u0105\u0142 nagle szlocha\u0107. W\u0142a\u015bnie prze\u017cy\u0142 na nowo nieszcz\u0119\u015bliwe zdarzenie. W wieku siedmiu lat, po wyci\u0119ciu migda\u0142k\u00f3w, obudzi\u0142 si\u0119 i znalaz\u0142 si\u0119 sam, cierpi\u0105cy, w sali szpitalnej. Ogarn\u0119\u0142a go panika. Jego ojciec nie przyszed\u0142 do niego na czas przebudzenia, tak jak mu to obieca\u0142. Czeka\u0142 ca\u0142e popo\u0142udnie i wiecz\u00f3r, ale nadaremnie. Ponadto chirurg przyrzek\u0142 mu przynie\u015b\u0107 lody. Ale on te\u017c si\u0119 nie pojawi\u0142. Tylko piel\u0119gniarka odwiedzi\u0142a go na kr\u00f3tko kilka razy. Dziecko, czuj\u0105c si\u0119 tak opuszczone, powzi\u0119\u0142o postanowienie, \u017ceby ju\u017c wi\u0119cej nie ufa\u0107 doros\u0142ym, zw\u0142aszcza m\u0119\u017cczyznom. Po d\u0142ugim p\u0142aczu w ko\u0144cu zrozumia\u0142, sk\u0105d bra\u0142a si\u0119 u niego ta obsesyjna nieufno\u015b\u0107 w stosunku do m\u0119\u017cczyzn posiadaj\u0105cych autorytet. M\u00f3g\u0142 wi\u0119c przebaczy\u0107 ojcu i chirurgowi, \u017ce nie dotrzymali s\u0142owa, i prze\u017cy\u0107 na nowo inne konflikty z przesz\u0142o\u015bci ze swymi prze\u0142o\u017conymi, by je roz\u0142adowa\u0107. Historia tego cz\u0142owieka nie nale\u017cy do rzadko\u015bci. W wielu przypadkach niemo\u017cno\u015b\u0107 przebaczenia ma swe \u017ar\u00f3d\u0142o w starych zranieniach czy frustracjach z dzieci\u0144stwa.<\/p>\n<p>\u00a0<\/p>\n<p>\u00a0<\/p>\n","protected":false},"excerpt":{"rendered":"","protected":false},"author":1,"featured_media":0,"parent":3778,"menu_order":70,"comment_status":"closed","ping_status":"closed","template":"","meta":{"footnotes":""},"_links":{"self":[{"href":"https:\/\/bonifratrzy.pl\/klasztor-warszawa-sapiezynska\/wp-json\/wp\/v2\/pages\/3790"}],"collection":[{"href":"https:\/\/bonifratrzy.pl\/klasztor-warszawa-sapiezynska\/wp-json\/wp\/v2\/pages"}],"about":[{"href":"https:\/\/bonifratrzy.pl\/klasztor-warszawa-sapiezynska\/wp-json\/wp\/v2\/types\/page"}],"author":[{"embeddable":true,"href":"https:\/\/bonifratrzy.pl\/klasztor-warszawa-sapiezynska\/wp-json\/wp\/v2\/users\/1"}],"replies":[{"embeddable":true,"href":"https:\/\/bonifratrzy.pl\/klasztor-warszawa-sapiezynska\/wp-json\/wp\/v2\/comments?post=3790"}],"version-history":[{"count":1,"href":"https:\/\/bonifratrzy.pl\/klasztor-warszawa-sapiezynska\/wp-json\/wp\/v2\/pages\/3790\/revisions"}],"predecessor-version":[{"id":3794,"href":"https:\/\/bonifratrzy.pl\/klasztor-warszawa-sapiezynska\/wp-json\/wp\/v2\/pages\/3790\/revisions\/3794"}],"up":[{"embeddable":true,"href":"https:\/\/bonifratrzy.pl\/klasztor-warszawa-sapiezynska\/wp-json\/wp\/v2\/pages\/3778"}],"wp:attachment":[{"href":"https:\/\/bonifratrzy.pl\/klasztor-warszawa-sapiezynska\/wp-json\/wp\/v2\/media?parent=3790"}],"curies":[{"name":"wp","href":"https:\/\/api.w.org\/{rel}","templated":true}]}}