{"id":3460,"date":"2020-09-11T13:27:08","date_gmt":"2020-09-11T11:27:08","guid":{"rendered":"https:\/\/bonifratrzy.pl\/klasztor-warszawa-sapiezynska\/?page_id=3460"},"modified":"2022-05-31T09:32:22","modified_gmt":"2022-05-31T07:32:22","slug":"konferencja-20-zmiany","status":"publish","type":"page","link":"https:\/\/bonifratrzy.pl\/klasztor-warszawa-sapiezynska\/duszpasterstwo\/konferencja-20-zmiany\/","title":{"rendered":"20. Zmiany"},"content":{"rendered":"<p style=\"text-align: justify\">Kolejn\u0105 metod\u0105, polegaj\u0105c\u0105 na aktywnym rozbijaniu <em>ja fa\u0142szywego<\/em>, jest podejmowanie zmian. Aby ten temat om\u00f3wi\u0107, najpierw nale\u017cy zatrzyma\u0107 si\u0119 na chwil\u0119 nad psychologiczn\u0105 teori\u0105 system\u00f3w. Warto pami\u0119ta\u0107, \u017ce niezale\u017cnie od tego czy tego chce si\u0119 czy nie, wszyscy ludzie nale\u017c\u0105 do struktury, kt\u00f3r\u0105 mo\u017cna nazwa\u0107 jakim\u015b systemem. Ka\u017cdy cz\u0142owiek posiada ich w sobie wiele. Tworz\u0105 je wszyscy obywatele jednego pa\u0144stwa, pracownicy jakiej\u015b firmy, grupa rekolekcyjna, cz\u0142onkowie wsp\u00f3lnoty, itp. Jednym z najwa\u017cniejszych, do jakich nale\u017cy cz\u0142owiek, jest system rodzinny. Ka\u017cdy ma te\u017c w swojej g\u0142owie specyficzny system intelektualny jako przekonania wynikaj\u0105ce z wielu do\u015bwiadcze\u0144, spotka\u0144, ze \u015brodowiska, w jakim \u017cyje, kraju i kultury, kt\u00f3ra go otacza. Dlatego tak wa\u017cne s\u0105 prawa systemowe, poniewa\u017c od nich zale\u017cy ludzki rozw\u00f3j. Oto niekt\u00f3re z nich: wzajemna zale\u017cno\u015b\u0107 element\u00f3w, system broni si\u0119 przed zmian\u0105 oraz najs\u0142abszy element sprawuje kontrol\u0119 w systemie.<\/p>\n<p style=\"text-align: justify\"><strong>Wzajemna zale\u017cno\u015b\u0107 element\u00f3w<\/strong><strong>\u00a0<\/strong><\/p>\n<p style=\"text-align: justify\">Zmiana zachodz\u0105ca w jednym elemencie systemu, wywo\u0142uje mniejsz\u0105 lub wi\u0119ksz\u0105 zmian\u0119 u wszystkich pozosta\u0142ych element\u00f3w, wchodz\u0105cych w jego sk\u0142ad. To jest tak jak z mechanizmem starego zegara, kt\u00f3ry sk\u0142ada si\u0119 z wielu k\u00f3\u0142 z\u0119batych, obracaj\u0105cych si\u0119 z r\u00f3\u017cnymi pr\u0119dko\u015bciami. Niekt\u00f3re ko\u0142a poruszaj\u0105 si\u0119 szybciej, inne wolniej, ale zasadniczo \u017cadne z nich nie stoi w miejscu. Ruch jednego zawsze wywo\u0142a ruch pozosta\u0142ych, czasem niemal niewidoczny.<\/p>\n<p style=\"text-align: justify\"><strong>System broni si\u0119 przed zmian\u0105<\/strong><\/p>\n<p style=\"text-align: justify\">Opisane przed chwil\u0105 prawo wzajemnej zale\u017cno\u015bci nie by\u0142oby mo\u017ce tak istotne, gdyby nie kolejne, kt\u00f3re m\u00f3wi, \u017ce zar\u00f3wno s<strong>ystem jako ca\u0142o\u015b\u0107, jak i poszczeg\u00f3lne jego elementy broni\u0105 si\u0119 przed zmian\u0105. Czyli: system nie lubi zmian i robi wszystko, aby zosta\u0142o \u201epo staremu\u201d.<\/strong> Niech\u0119\u0107 do zmiany nie jest \u015bwiadomym wyborem. Cz\u0142onkowie systemu najcz\u0119\u015bciej nie zdaj\u0105 sobie sprawy z tego, \u017ce robi\u0105 wszystko, by nic si\u0119 nie zmieni\u0142o.<a href=\"#_ftn1\" name=\"_ftnref1\">[1]<\/a><\/p>\n<p style=\"text-align: justify\"><strong>Najs\u0142abszy element sprawuje kontrol\u0119 w systemie<\/strong><\/p>\n<p style=\"text-align: justify\"><strong>Najs\u0142abszy element systemu ma najwi\u0119cej w\u0142adzy i spaja system, czyli stabilizuje go i chroni przed zmian\u0105.<\/strong> Czy mo\u017cna temu wierzy\u0107? Przyk\u0142adem jest noworodek, ca\u0142kowicie bezsilny jako najs\u0142abszy element systemu rodzinnego. Jednak to w\u0142a\u015bnie on \u201edecyduje\u201d o wielu sprawach: przez niego mieszkanie zostaje przemeblowane: kto\u015b przez niego wstaje w nocy, zmienia plany zawodowe; to on \u201ezadecydowa\u0142\u201d, \u017ce na wakacje nie jedzie si\u0119 tam, gdzie zwykle. Niby najs\u0142abszy, a ma tyle \u201edo powiedzenia\u201d!<\/p>\n<p style=\"text-align: justify\">Je\u015bli w rodzinach s\u0105 osoby \u201es\u0142abe\u201d, np. przewlekle chore, niepe\u0142nosprawne, wzbudzaj\u0105ce wsp\u00f3\u0142czucie, trosk\u0119 lub niepok\u00f3j, to nale\u017cy pami\u0119ta\u0107, \u017ce prawdopodobnie to w\u0142a\u015bnie one maj\u0105 najwi\u0119kszy wp\u0142yw na system. One decyduj\u0105 o wielu sprawach i trzymaj\u0105 cz\u0142onk\u00f3w rodziny na r\u00f3\u017cnego rodzaju \u201esmyczach emocjonalnych\u201d: od poczucia winy zaczynaj\u0105c, a na trosce i wsp\u00f3\u0142czuciu ko\u0144cz\u0105c. Nie dzieje si\u0119 to na poziomie \u015bwiadomym, ale jednak si\u0119 dzieje!<\/p>\n<p style=\"text-align: justify\"><strong>Je\u015bli cz\u0142owiek chce si\u0119 rozwija\u0107 \u2013 zdrowie\u0107, to jego rozw\u00f3j b\u0119dzie wnosi\u0142 zmian\u0119, kt\u00f3ra, nie jest mile widziana przez system, w kt\u00f3rym si\u0119 on znajduje. Je\u015bli on si\u0119 zmieni, to ka\u017cdy pozosta\u0142y element systemu b\u0119dzie musia\u0142 co\u015b zmieni\u0107<\/strong>. Cz\u0142owiek z najwi\u0119kszym trudem zgadza si\u0119 na zmian\u0119. Wi\u0105\u017ce si\u0119 ona z kryzysem, kt\u00f3ry z regu\u0142y nie jest przyjemny. Pojawiaj\u0105 si\u0119 w\u00f3wczas uczucia trudne: l\u0119k, smutek, niepewno\u015b\u0107, czasem gniew. Nic wi\u0119c dziwnego, \u017ce zmiana rodzi u wszystkich jaki\u015b problem! Jednak <strong>bez zmiany, a wi\u0119c i bez kryzysu, nie ma dojrzewania i rozwoju! <\/strong>Unikanie zmiany b\u0119dzie zatrzymywa\u0107 ka\u017cd\u0105 osob\u0119 w miejscu. Tak wi\u0119c, je\u015bli cz\u0142owiek otworzy si\u0119 na zmian\u0119 i nie wejdzie w kryzys z ni\u0105 zwi\u0105zany, to nie p\u00f3jdzie naprz\u00f3d.<\/p>\n<p style=\"text-align: justify\"><strong>\u00a0<\/strong><\/p>\n<p style=\"text-align: justify\"><strong>\u00a0<\/strong><\/p>\n<p style=\"text-align: justify\"><a href=\"#_ftnref1\" name=\"_ftn1\">[1]<\/a> Do gabinetu zg\u0142asza si\u0119 rodzina: babcia, matka, ojciec i dw\u00f3ch syn\u00f3w, z powodu l\u0119k\u00f3w, na jakie cierpi ich najm\u0142odsze dziecko, Piotru\u015b. Wszyscy przychodz\u0105 po to, aby pom\u00f3c jemu, poniewa\u017c ma fobi\u0119 szkoln\u0105 i z jej powodu nie chodzi na lekcje. Nie ma podstaw, by nie wierzy\u0107 w dobr\u0105 wol\u0119 wszystkich cz\u0142onk\u00f3w rodziny \u2013 systemu, kt\u00f3rzy naprawd\u0119 bardzo martwi\u0105 si\u0119 o Piotrka. Gdy jednak na jaw wychodzi od wielu lat trwaj\u0105cy kryzys ma\u0142\u017conk\u00f3w, a zwi\u0105zek jego rodzic\u00f3w znajduje si\u0119 na granicy rozpadu, to jedynym elementem spajaj\u0105cym jeszcze ich ma\u0142\u017ce\u0144stwo jest troska o Piotrusia. Gdyby ten nagle wyzdrowia\u0142 i pozby\u0142 si\u0119 l\u0119k\u00f3w, to nie ma w\u0105tpliwo\u015bci, \u017ce kryzys pog\u0142\u0119bi\u0142by si\u0119 i nie wiadomo, jak by si\u0119 to zako\u0144czy\u0142o \u2013ma\u0142\u017ce\u0144stwo mog\u0142oby si\u0119 nawet rozpa\u015b\u0107!<\/p>\n<p style=\"text-align: justify\">Babcia z kolei opiekuje si\u0119 chorym wnuczkiem wtedy, gdy wszyscy inni id\u0105 do pracy lub do szko\u0142y. Ma ju\u017c siedemdziesi\u0105t lat i troska o Piotrusia to jej podstawowe zadanie. Opieka nad dzieckiem uzasadnia \u017cycie i miejsce babci w rodzinie \u2013 gdyby Piotrek wyzdrowia\u0142, starsza pani nie mia\u0142aby nic do roboty. Mo\u017ce nawet jej \u017cycie straci\u0142oby sens?<\/p>\n<p style=\"text-align: justify\">Wreszcie Pawe\u0142, brat Piotrusia, oczywi\u015bcie \u201ekorzysta z wolno\u015bci\u201d. Nikt si\u0119 nim za bardzo nie przejmuje \u2013 mo\u017ce siedzie\u0107 godzinami przed komputerem, gdy ca\u0142a rodzina zajmuje si\u0119 napadami l\u0119k\u00f3w brata. Brakuje mu zainteresowania ze strony ojca i matki, ale dziecko nie zdaje sobie z tego sprawy. Gdyby Piotru\u015b wyzdrowia\u0142, Paw\u0142owi mog\u0142oby si\u0119 pogorszy\u0107 \u2013 w jego subiektywnym odbiorze \u2013 bo nagle kto\u015b zacz\u0105\u0142by go kontrolowa\u0107.<\/p>\n<p style=\"text-align: justify\">No a Piotru\u015b? P\u0142awi si\u0119 jak \u201ep\u0105czek w ma\u015ble\u201d. Wszyscy troszcz\u0105 si\u0119 o niego, stoi ca\u0142y czas w centrum zainteresowania. Gdy tylko poczuje si\u0119 gorzej, wszyscy zaczynaj\u0105 si\u0119 kr\u0119ci\u0107 wok\u00f3\u0142 niego. Subtelnie manipuluje otoczeniem i ma najwi\u0119cej w\u0142adzy w rodzinie, a z w\u0142adzy nie rezygnuje si\u0119 \u0142atwo! On tak\u017ce nie ma interesu w tym, aby wyzdrowie\u0107!<\/p>\n<p style=\"text-align: justify\">\n","protected":false},"excerpt":{"rendered":"<p>Kolejn\u0105 metod\u0105, polegaj\u0105c\u0105 na aktywnym rozbijaniu ja fa\u0142szywego, jest podejmowanie zmian. Aby ten temat om\u00f3wi\u0107, najpierw nale\u017cy zatrzyma\u0107 si\u0119 na chwil\u0119 nad psychologiczn\u0105 teori\u0105 system\u00f3w. Warto pami\u0119ta\u0107, \u017ce niezale\u017cnie od tego czy tego chce si\u0119 czy nie, wszyscy ludzie nale\u017c\u0105 do struktury, kt\u00f3r\u0105 mo\u017cna nazwa\u0107 jakim\u015b systemem. Ka\u017cdy cz\u0142owiek posiada ich w sobie wiele. Tworz\u0105 [&hellip;]<\/p>\n","protected":false},"author":13,"featured_media":0,"parent":2597,"menu_order":61,"comment_status":"closed","ping_status":"closed","template":"","meta":{"footnotes":""},"_links":{"self":[{"href":"https:\/\/bonifratrzy.pl\/klasztor-warszawa-sapiezynska\/wp-json\/wp\/v2\/pages\/3460"}],"collection":[{"href":"https:\/\/bonifratrzy.pl\/klasztor-warszawa-sapiezynska\/wp-json\/wp\/v2\/pages"}],"about":[{"href":"https:\/\/bonifratrzy.pl\/klasztor-warszawa-sapiezynska\/wp-json\/wp\/v2\/types\/page"}],"author":[{"embeddable":true,"href":"https:\/\/bonifratrzy.pl\/klasztor-warszawa-sapiezynska\/wp-json\/wp\/v2\/users\/13"}],"replies":[{"embeddable":true,"href":"https:\/\/bonifratrzy.pl\/klasztor-warszawa-sapiezynska\/wp-json\/wp\/v2\/comments?post=3460"}],"version-history":[{"count":3,"href":"https:\/\/bonifratrzy.pl\/klasztor-warszawa-sapiezynska\/wp-json\/wp\/v2\/pages\/3460\/revisions"}],"predecessor-version":[{"id":3772,"href":"https:\/\/bonifratrzy.pl\/klasztor-warszawa-sapiezynska\/wp-json\/wp\/v2\/pages\/3460\/revisions\/3772"}],"up":[{"embeddable":true,"href":"https:\/\/bonifratrzy.pl\/klasztor-warszawa-sapiezynska\/wp-json\/wp\/v2\/pages\/2597"}],"wp:attachment":[{"href":"https:\/\/bonifratrzy.pl\/klasztor-warszawa-sapiezynska\/wp-json\/wp\/v2\/media?parent=3460"}],"curies":[{"name":"wp","href":"https:\/\/api.w.org\/{rel}","templated":true}]}}