{"id":3194,"date":"2020-01-08T09:05:48","date_gmt":"2020-01-08T08:05:48","guid":{"rendered":"https:\/\/bonifratrzy.pl\/klasztor-warszawa-sapiezynska\/?page_id=3194"},"modified":"2022-05-31T09:30:09","modified_gmt":"2022-05-31T07:30:09","slug":"konferencja-14-odrzucenie-rodzicow","status":"publish","type":"page","link":"https:\/\/bonifratrzy.pl\/klasztor-warszawa-sapiezynska\/duszpasterstwo\/konferencja-14-odrzucenie-rodzicow\/","title":{"rendered":"14. Odrzucenie rodzic\u00f3w"},"content":{"rendered":"<p style=\"text-align: justify\">Jest to by\u0107 mo\u017ce najbardziej podst\u0119pna z pu\u0142apek, bo <strong>daje z\u0142udzenie samodzielno\u015bci<\/strong>. Odwo\u0142uj\u0105c si\u0119 do obrazu studni, w tym wypadku ujrzymy dziecko gardz\u0105ce t\u0105 odrobin\u0105 wody, kt\u00f3ra jest do przyj\u0119cia. Czyni\u0105c to, umiera z pragnienia, zanim odkopie swoje w\u0142asne \u017ar\u00f3d\u0142o. Dziecko odrzuca rodzica i odchodzi, maj\u0105c wra\u017cenie samodzielno\u015bci \u2013 to jednak jest z\u0142udzenie.<\/p>\n<p style=\"text-align: justify\">W przeciwie\u0144stwie do os\u00f3b wiecznie wo\u0142aj\u0105cych o uwag\u0119, ten typ ludzi charakteryzuje si\u0119 odrzucaniem mi\u0142o\u015bci. Funkcjonuj\u0105 emocjonalnie tak, jakby chcia\u0142y wykrzycze\u0107 do swoich \u2013 czasem ju\u017c nie\u017cyj\u0105cych \u2013 rodzic\u00f3w: <em>\u00abW<\/em><em>idzicie? Daj\u0119 sobie \u015bwietnie rad\u0119 sam! Nie potrzebuj\u0119 waszej i w og\u00f3le niczyjej pomocy ani wsparcia\u00bb<\/em>. Wykazuj\u0105 du\u017c\u0105 inicjatyw\u0119 i energi\u0119 w dzia\u0142aniu, akcentuj\u0105 samowystarczalno\u015b\u0107 i zaradno\u015b\u0107, niejednokrotnie osi\u0105gaj\u0105c sukcesy w \u017cyciu zawodowym. Uwa\u017caj\u0105 si\u0119 jednak za niewiele wartych \u2013 lub przeciwnie \u2013 nie maj\u0105 zupe\u0142nie dystansu do siebie i s\u0105 niezwykle narcystyczni. Maj\u0105 trudno\u015bci z wchodzeniem w zwi\u0105zki, poniewa\u017c wej\u015bcie w trwalsz\u0105 relacj\u0119 wi\u0105\u017ce si\u0119 u nich z du\u017cym l\u0119kiem. O ile osoby tkwi\u0105ce w poprzedniej pu\u0142apce \u201eklej\u0105 si\u0119\u201d do ludzi, te odrzucaj\u0105 bliskich i ich g\u0142\u00f3d mi\u0142o\u015bci pog\u0142\u0119bia si\u0119. Przyznanie si\u0119 do tego g\u0142odu by\u0142oby dla nich czym\u015b upokarzaj\u0105cym.<\/p>\n<p style=\"text-align: justify\">Paradoksalnie, <strong>taka postawa obronna wi\u0105\u017ce z rodzicami niezwykle silnie<\/strong>. Tkwi\u0105c w pu\u0142apce niezale\u017cno\u015bci, powiela si\u0119 najcz\u0119\u015bciej w\u0142a\u015bnie te cechy i b\u0142\u0119dy odrzuconego rodzica, kt\u00f3rych si\u0119 szczeg\u00f3lnie nienawidzi. Je\u015bli kto\u015b odrzuca matk\u0119 lub ojca, nie\u015bwiadomie nosi go w sobie, czasem do ko\u0144ca \u017cycia. <strong>I im bardziej odrzuca si\u0119 rodzica, tym bardziej jest si\u0119 z nim zwi\u0105zanym i do niego podobnym<\/strong>.<a href=\"#_ftn1\" name=\"_ftnref1\">[1]<\/a><strong>\u00a0\u00a0\u00a0\u00a0\u00a0\u00a0\u00a0\u00a0 <\/strong><\/p>\n<p style=\"text-align: justify\">Zar\u00f3wno ci, kt\u00f3rzy wiecznie oczekuj\u0105 mi\u0142o\u015bci, jak i ci, kt\u00f3rzy odrzucaj\u0105 swoich rodzic\u00f3w, wpadaj\u0105 w pu\u0142apki emocjonalnej zale\u017cno\u015bci. Jedni nie odchodz\u0105 od studni, bo ci\u0105gle im za ma\u0142o wody, drudzy kopi\u0105 w ni\u0105 z w\u015bciek\u0142o\u015bci\u0105 nic z niej nie bior\u0105c. Jedni i drudzy potrzebuj\u0105 otworzy\u0107 si\u0119 na rozwi\u0105zanie, kt\u00f3re mo\u017cna podsumowa\u0107 jednym zdaniem: <strong>we\u017a to, co by\u0142o dobre i odejd\u017a w swoj\u0105 stron\u0119<\/strong>.<\/p>\n<p style=\"text-align: justify\">Je\u015bli tej wody by\u0142o bardzo ma\u0142o, to zawsze jest co\u015b do przyj\u0119cia. Nawet w najczarniejszym dzieci\u0144stwie otrzyma\u0142o si\u0119 co\u015b, skoro teraz ta osoba \u017cyje i planuje w\u0142asn\u0105 przysz\u0142o\u015b\u0107. Kto\u015b j\u0105 karmi\u0142 i ubiera\u0142. A je\u015bli rodzice oddali j\u0105 zaraz po urodzeniu do adopcji, przecie\u017c ma co\u015b od nich do przyj\u0119cia \u2013 \u017cycie!<\/p>\n<p style=\"text-align: justify\"><strong>We\u017a to, co by\u0142o dobre i odejd\u017a w swoj\u0105 stron\u0119!<\/strong> Aby to uczyni\u0107, trzeba przede wszystkim zrezygnowa\u0107 z s\u0105dzenia rodzic\u00f3w.<a href=\"#_ftn2\" name=\"_ftnref2\">[2]<\/a> Zdarza si\u0119, \u017ce niekt\u00f3rzy uczestnicz\u0105 w r\u00f3\u017cnego rodzaju modlitwach uzdrowienia, polegaj\u0105cych na przebaczaniu rodzicom. Oczywi\u015bcie, samo w sobie mo\u017ce to by\u0107 po\u017cyteczne i uzasadnione. Mo\u017cna modli\u0107 si\u0119 o przebaczenie ojcu lub matce, jednak trzeba zwr\u00f3ci\u0107 uwag\u0119 na to, aby ta modlitwa nie p\u0142yn\u0119\u0142a z pozycji dziecka, kt\u00f3re wydaje werdykt: <em>\u00abRodzice s\u0105 winni, a ja wspania\u0142omy\u015blnie im przebaczam\u00bb<\/em>. Owszem, je\u015bli dokonywa\u0142a si\u0119 jaka\u015b krzywda: bicie, molestowanie, odrzucenie, zaniedbanie lub cokolwiek innego, to jest co\u015b \u201edo przebaczenia\u201d w porz\u0105dku moralnym. <strong>Dziecko jednak nie powinno zajmowa\u0107 si\u0119 s\u0105dzeniem rodzica lub rozliczaniem go<\/strong>. <strong>To, co ma zrobi\u0107, to przyj\u0105\u0107 to, co by\u0142o dobre i odej\u015b\u0107<\/strong>. Gdy dzieci zaczynaj\u0105 s\u0105dzi\u0107 rodzic\u00f3w, przypominaj\u0105 ludzi, kt\u00f3rzy maj\u0105 pretensj\u0119 do daltonisty, \u017ce nie maluje obraz\u00f3w lub gani\u0105 g\u0142uchego za to, \u017ce nie komponuje symfonii. Je\u015bli kto\u015b nie mia\u0142 r\u0105k, nie m\u00f3g\u0142 dziecka przytula\u0107.<\/p>\n<p style=\"text-align: justify\">\n<p style=\"text-align: justify\"><strong>Rodzice dali dziecku tyle, ile sami mieli. Nie im ocenia\u0107, czy mogli da\u0107 wi\u0119cej! <\/strong>Tak funkcjonowali, jak potrafili lub mo\u017ce lepiej by\u0142oby powiedzie\u0107: jak nie potrafili. Nie ma co sta\u0107 i narzeka\u0107, nie ma ju\u017c na co oczekiwa\u0107. Nie wolno rodzicami pogardza\u0107 ani ich odrzuca\u0107. <strong>Trzeba po prostu z szacunkiem pochyli\u0107 si\u0119 nad nimi w ge\u015bcie po\u017cegnania i z wdzi\u0119czno\u015bci\u0105 za \u017cycie, odej\u015b\u0107 ku w\u0142asnej drodze<\/strong>.<a href=\"#_ftn3\" name=\"_ftnref3\">[3]<\/a><\/p>\n<p style=\"text-align: justify\">To w\u0142a\u015bnie <strong>rezygnacja z jakichkolwiek roszcze\u0144 pozwala odej\u015b\u0107<\/strong>. Gdy dziecko porzuci swoje pretensje i \u017cale, a przyjmie to, co jest do przyj\u0119cia, cho\u0107by to by\u0142o \u201etylko\u201d \u017cycie biologiczne, zaczyna dojrzewa\u0107, opuszcza Nazaret i staje si\u0119 emocjonalnie odr\u0119bne. W pewnym momencie mo\u017ce spojrze\u0107 na swoich rodzic\u00f3w ze zrozumieniem i powie: <em>\u00abM\u00f3j ojciec. Moja matka. To by\u0142o dobre, a to by\u0142o trudne. To by\u0142o pi\u0119kne, a to by\u0142o okropne!\u00bb<\/em><\/p>\n<p style=\"text-align: justify\">\n<p style=\"text-align: justify\"><a href=\"#_ftnref1\" name=\"_ftn1\">[1]<\/a> Typowy przyk\u0142ad to bizneswoman, kt\u00f3ra sko\u0144czy\u0142a dwie wy\u017csze uczelnie, obecnie za\u015b jest prezesem firmy. Bardzo elegancka i perfekcyjna w dzia\u0142aniu. Wymaga niezwykle wiele od siebie i od innych. Ma szerokie grono znajomych, jest dusz\u0105 towarzystwa. Po pracy udziela si\u0119 w grupie modlitewnej, kt\u00f3rej jest liderem. Patrz\u0105c z boku \u2013 jest czego zazdro\u015bci\u0107, zalicza sukces za sukcesem. Jednak przychodzi po pomoc z powodu niezidentyfikowanych objaw\u00f3w somatycznych, ma tak\u017ce spadki nastroju. D\u0142u\u017csza rozmowa ujawnia kolejne problemy. Ot\u00f3\u017c, panicznie boi si\u0119 staro\u015bci, ci\u0105gle jest sama, nie potrafi wej\u015b\u0107 w \u017caden zwi\u0105zek. Zdarza si\u0119 jej wieczorami zajrze\u0107 do kieliszka \u2013 z czasem coraz g\u0142\u0119bszego i z mocniejszym drinkiem. Na pytanie o relacje z rodzicami odpowiada<em>: \u00abMam kontakt z matk\u0105, odwiedzam j\u0105 od czasu do czasu. Ojca ju\u017c nawet nie pami\u0119tam, umar\u0142 par\u0119 lat temu i nie chodz\u0119 na jego gr\u00f3b. Pi\u0142 i bi\u0142 \u2013 chc\u0119 jak najszybciej o nim zapomnie\u0107\u00bb. <\/em>Dop\u00f3ki nie otworzy si\u0119 na to, co da\u0142 jej ojciec \u2013 cho\u0107by to by\u0142o bardzo niewiele, nawet samo \u201etylko\u201d \u017cycie \u2013 b\u0119dzie powiela\u0107 jego drog\u0119 i nie wejdzie w blisko\u015b\u0107 z drugim cz\u0142owiekiem. Kobieta potrzebuje zrozumie\u0107, \u017ce to, co sama uwa\u017ca za swoje osi\u0105gni\u0119cie, np. niezale\u017cno\u015b\u0107 finansowa, zawodowa, emocjonalna, jest jej mechanizmem obronnym i pu\u0142apk\u0105, kt\u00f3r\u0105 powinna porzuci\u0107, je\u015bli chce si\u0119 rozwija\u0107. B\u0119dzie musia\u0142a nauczy\u0107 si\u0119 odpoczywa\u0107: \u201enicnierobienie\u201d b\u0119dzie dla niej wyzwaniem. B\u0119dzie musia\u0142a pokona\u0107 l\u0119k i otworzy\u0107 si\u0119 na zwi\u0105zki, w kt\u00f3rych straci niezale\u017cno\u015b\u0107, ale nie wolno\u015b\u0107! Droga do tego b\u0119dzie wiod\u0142a przez odkrywanie przed innymi w\u0142asnej s\u0142abo\u015bci.<\/p>\n<p style=\"text-align: justify\">\n<p style=\"text-align: justify\"><a href=\"#_ftnref2\" name=\"_ftn2\">[2]<\/a> Istnieje r\u00f3\u017cnica pomi\u0119dzy ocen\u0105 dzia\u0142ania cz\u0142owieka a s\u0105dem nad cz\u0142owiekiem.<\/p>\n<p style=\"text-align: justify\"><a href=\"#_ftnref3\" name=\"_ftn3\">[3]<\/a> Pisz\u0105c o ,,po\u017cegnaniu\u201d u\u017cywa si\u0119 przeno\u015bni, maj\u0105c na my\u015bli porz\u0105dek emocjonalny, a nie po\u017cegnanie realne, polegaj\u0105ce na radykalnym ograniczeniu kontakt\u00f3w, cho\u0107 i ono czasem jest niezb\u0119dne w przypadku rodzic\u00f3w szczeg\u00f3lnie mocno rani\u0105cych w\u0142asne dzieci. Uwa\u017ca si\u0119 tak\u017ce, \u017ce nie ma raczej potrzeby rozm\u00f3w ,,rozrachunkowych\u201d z rodzicami, np. wyja\u015bniania, co si\u0119 zrozumia\u0142o, ukazywania w czym zranili itp.<\/p>\n","protected":false},"excerpt":{"rendered":"<p>Jest to by\u0107 mo\u017ce najbardziej podst\u0119pna z pu\u0142apek, bo daje z\u0142udzenie samodzielno\u015bci. Odwo\u0142uj\u0105c si\u0119 do obrazu studni, w tym wypadku ujrzymy dziecko gardz\u0105ce t\u0105 odrobin\u0105 wody, kt\u00f3ra jest do przyj\u0119cia. Czyni\u0105c to, umiera z pragnienia, zanim odkopie swoje w\u0142asne \u017ar\u00f3d\u0142o. Dziecko odrzuca rodzica i odchodzi, maj\u0105c wra\u017cenie samodzielno\u015bci \u2013 to jednak jest z\u0142udzenie. W przeciwie\u0144stwie [&hellip;]<\/p>\n","protected":false},"author":13,"featured_media":0,"parent":2597,"menu_order":55,"comment_status":"closed","ping_status":"closed","template":"","meta":{"footnotes":""},"_links":{"self":[{"href":"https:\/\/bonifratrzy.pl\/klasztor-warszawa-sapiezynska\/wp-json\/wp\/v2\/pages\/3194"}],"collection":[{"href":"https:\/\/bonifratrzy.pl\/klasztor-warszawa-sapiezynska\/wp-json\/wp\/v2\/pages"}],"about":[{"href":"https:\/\/bonifratrzy.pl\/klasztor-warszawa-sapiezynska\/wp-json\/wp\/v2\/types\/page"}],"author":[{"embeddable":true,"href":"https:\/\/bonifratrzy.pl\/klasztor-warszawa-sapiezynska\/wp-json\/wp\/v2\/users\/13"}],"replies":[{"embeddable":true,"href":"https:\/\/bonifratrzy.pl\/klasztor-warszawa-sapiezynska\/wp-json\/wp\/v2\/comments?post=3194"}],"version-history":[{"count":4,"href":"https:\/\/bonifratrzy.pl\/klasztor-warszawa-sapiezynska\/wp-json\/wp\/v2\/pages\/3194\/revisions"}],"predecessor-version":[{"id":3766,"href":"https:\/\/bonifratrzy.pl\/klasztor-warszawa-sapiezynska\/wp-json\/wp\/v2\/pages\/3194\/revisions\/3766"}],"up":[{"embeddable":true,"href":"https:\/\/bonifratrzy.pl\/klasztor-warszawa-sapiezynska\/wp-json\/wp\/v2\/pages\/2597"}],"wp:attachment":[{"href":"https:\/\/bonifratrzy.pl\/klasztor-warszawa-sapiezynska\/wp-json\/wp\/v2\/media?parent=3194"}],"curies":[{"name":"wp","href":"https:\/\/api.w.org\/{rel}","templated":true}]}}