{"id":3161,"date":"2019-12-03T14:30:36","date_gmt":"2019-12-03T13:30:36","guid":{"rendered":"https:\/\/bonifratrzy.pl\/klasztor-warszawa-sapiezynska\/?page_id=3161"},"modified":"2022-05-31T09:29:58","modified_gmt":"2022-05-31T07:29:58","slug":"konferencja-13-wieczny-zal-i-oczekiwania","status":"publish","type":"page","link":"https:\/\/bonifratrzy.pl\/klasztor-warszawa-sapiezynska\/duszpasterstwo\/konferencja-13-wieczny-zal-i-oczekiwania\/","title":{"rendered":"13. Wieczny \u017cal i oczekiwania"},"content":{"rendered":"<p style=\"text-align: justify\">Druga pu\u0142apka polega na tym, \u017ce dziecko nie odchodzi od rodzic\u00f3w emocjonalnie, a czasem nawet i fizycznie. Dlatego wiecznie narzeka: <em>Dlaczego nie dali\u015bcie mi mi\u0142o\u015bci? Dlaczego by\u0142o tak okropnie? Kochajcie mnie!<\/em> <strong>Oczekiwania mi\u0142o\u015bci i akceptacji, kt\u00f3re nie mog\u0105 by\u0107 ju\u017c zaspokojone, zostaj\u0105 nie\u015bwiadomie przeniesione na inne relacje w \u017cyciu. \u201eDoros\u0142e dziecko\u201d nadal spodziewa si\u0119 zaspokojenia emocjonalnego w otoczeniu<\/strong>: je\u015bli b\u0119dzie w ma\u0142\u017ce\u0144stwie, g\u0142\u00f3d mi\u0142o\u015bci przeniesie si\u0119 na wsp\u00f3\u0142ma\u0142\u017conka; je\u015bli b\u0119dzie rodzicem, oczekiwanie mo\u017ce przenie\u015b\u0107 na syna lub c\u00f3rk\u0119. Niezaspokojona w dzieci\u0144stwie potrzeba mi\u0142o\u015bci rzutuje na specyficzny spos\u00f3b funkcjonowania. Osoba dotkni\u0119ta emocjonalnym pragnieniem, kr\u0105\u017cy wok\u00f3\u0142 rodzic\u00f3w lub os\u00f3b, kt\u00f3re ich symbolizuj\u0105, tak jak cz\u0142owiek pochylaj\u0105cy si\u0119 nad studni\u0105, w kt\u00f3rej zabrak\u0142o wody. Nie odchodzi w swoj\u0105 stron\u0119, aby odnale\u017a\u0107 w\u0142asne \u017ar\u00f3d\u0142o, lecz woli u\u017cala\u0107 si\u0119 nad brakiem wody w studni w\u0142asnego dzieci\u0144stwa.<\/p>\n<p style=\"text-align: justify\">Charakterystyczne postawy os\u00f3b, kt\u00f3re wpad\u0142y w t\u0119 pu\u0142apk\u0119 to: du\u017ca niech\u0119\u0107 do pracy nad sob\u0105 oraz poszukiwanie przyczyny problemu poza sob\u0105 \u2013 <em>to inni s\u0105 \u017ali<\/em>. Nie znalaz\u0142szy samodzielno\u015bci emocjonalnej czyli suwerenno\u015bci, rozbudowuj\u0105 oczekiwania wobec otoczenia, a\u017c w ko\u0144cu zaczynaj\u0105 przypomina\u0107 czarn\u0105 dziur\u0119 \u2013 cokolwiek by si\u0119 tam nie wrzuci\u0142o, zawsze b\u0119dzie za ma\u0142o. Zamiast rozpocz\u0105\u0107 sw\u00f3j rozw\u00f3j i prac\u0119 nad sob\u0105 \u2013 kopanie w\u0142asnej studni, przyjmuj\u0105 postaw\u0119 roszczeniow\u0105. S\u0105 one smutne i depresyjne, uwa\u017caj\u0105ce si\u0119 za osoby bez \u017cadnej warto\u015bci. \u015awiat wed\u0142ug nich jest z\u0142y, a ludzie podli. Towarzyszy im poczucie niezrozumienia przez otoczenie oraz p\u0142aczliwo\u015b\u0107, kryje si\u0119 jednak za tym wielki gniew, kt\u00f3ry ujawnia si\u0119 wybuchami agresji. Wewn\u0119trzny krzyk, kt\u00f3ry nieustannie wyrywa si\u0119 z wn\u0119trza os\u00f3b, kt\u00f3re wpad\u0142y w tego rodzaju pu\u0142apk\u0119, brzmi nast\u0119puj\u0105co: <em>Kochajcie mnie, zauwa\u017ccie mnie, oka\u017ccie mi zainteresowanie!<\/em><\/p>\n<p style=\"text-align: justify\"><strong>Na pocz\u0105tku otoczenie stara si\u0119 odpowiedzie\u0107 na te oczekiwania<\/strong>. M\u0105\u017c b\u0119dzie stale okazywa\u0142 uczucia, wysy\u0142a\u0142 sms-y co kilka godzin, nawet gdy jest w pracy. Pod presj\u0105 oczekiwa\u0144 \u017cony b\u0119dzie robi\u0142 niespodzianki. Wsp\u00f3lnota b\u0119dzie si\u0119 stara\u0142a pociesza\u0107 i okazywa\u0107 zainteresowanie oraz trosk\u0119. Przyjaci\u00f3\u0142ka odwiedzi i powie co\u015b mi\u0142ego. Szybko jednak okazuje si\u0119, \u017ce sms-\u00f3w jest zbyt ma\u0142o, niespodzianki nie s\u0105 takie, jakie powinny by\u0107, pocieszenie jest za p\u0142ytkie, a odwiedziny za rzadkie. Zostaje to wyartyku\u0142owane wprost lub przez charakterystyczn\u0105 postaw\u0119, zachowanie, czasem do\u015b\u0107 teatralne, kt\u00f3re ma powiedzie\u0107 jedno: <em>To za ma\u0142o!<\/em><\/p>\n<p style=\"text-align: justify\">Spos\u00f3b funkcjonowania osoby w pu\u0142apce \u017calu i wiecznych oczekiwa\u0144 dobrze opisuje okre\u015blenie: <em>Dziury nie zrobi, a krew wyssie<\/em>. Po czasie usilnych stara\u0144 okazywania mi\u0142o\u015bci, kt\u00f3re nie poprawiaj\u0105 wcale sytuacji, otoczenie ulega zm\u0119czeniu. Nikt dojrza\u0142y nie chce na d\u0142u\u017csz\u0105 met\u0119 funkcjonowa\u0107 \u201ena orbicie\u201d wyg\u0142odnia\u0142ych emocjonalnie ludzi. Najpierw pojawia si\u0119 poczucie winy: <em>Mo\u017ce za ma\u0142o go\/j\u0105 kochamy? Mo\u017ce powinni\u015bmy si\u0119 stara\u0107 wi\u0119cej? Wida\u0107 za ma\u0142o w nas mi\u0142o\u015bci&#8230;<\/em> Kto\u015b jednak wreszcie zauwa\u017ca manipulacj\u0119, traci cierpliwo\u015b\u0107 i okazuje gniew. Najcz\u0119\u015bciej wtedy relacja zostaje zerwana i \u201ebiedne, niekochane dziecko\u201d ponownie przekonuje si\u0119, \u017ce \u015bwiat jest z\u0142y, nikt go nie rozumie i ludziom nie mo\u017cna ufa\u0107. Deficyt emocjonalny pog\u0142\u0119bia si\u0119 i mamy gotowe neurotyczne b\u0142\u0119dne ko\u0142o, kt\u00f3re samo si\u0119 nap\u0119dza. Dop\u00f3ki \u201edoros\u0142e dziecko\u201d nie przyzna si\u0119 samo przed sob\u0105 do tego charakterystycznego funkcjonowania i nie we\u017amie odpowiedzialno\u015bci za w\u0142asne \u017cycie, pozostanie niezaspokojone.<a href=\"#_ftn1\" name=\"_ftnref1\">[1]<\/a><\/p>\n<p style=\"text-align: justify\">Warto doda\u0107, \u017ce g\u0142\u0119boko\u015b\u0107 deficytu emocjonalnego, na jaki uskar\u017caj\u0105 si\u0119 osoby, kt\u00f3re wpad\u0142y w drug\u0105 pu\u0142apk\u0119, nie jest do ko\u0144ca zale\u017cna od \u201eobiektywnych\u201d warunk\u00f3w, jakie panowa\u0142y w rodzinie. Spotykamy czasem osoby, kt\u00f3rych dzieci\u0144stwo by\u0142o naprawd\u0119 okropne, a w \u017cyciu doros\u0142ym funkcjonuj\u0105 lepiej ni\u017cby si\u0119 mo\u017cna by\u0142o tego spodziewa\u0107, bior\u0105c pod uwag\u0119 czego do\u015bwiadczy\u0142y. Inni z kolei pochodz\u0105 z rodzin, gdzie nie by\u0142o \u201ea\u017c tak \u017ale\u201d, a \u201eemocje nazareta\u0144skie\u201d dominuj\u0105 w ich sposobie funkcjonowania. Wydaje si\u0119 wi\u0119c, \u017ce g\u0142\u0119boko\u015b\u0107 zranienia zale\u017cy tak\u017ce od dziedziczonej wra\u017cliwo\u015bci oraz mo\u017ce by\u0107 zwi\u0105zana ze zbiegiem niekorzystnych okoliczno\u015bci, np. \u015bmier\u0107 kogo\u015b bliskiego, narodziny rodze\u0144stwa, bieda materialna, osoba przewlekle chora w rodzinie i inne.<\/p>\n<p style=\"text-align: justify\"><a href=\"#_ftnref1\" name=\"_ftn1\">[1]<\/a> Zdarza si\u0119, \u017ce do gabinetu przychodzi osoba, kt\u00f3ra okre\u015bla si\u0119 mianem DDA \u2013 doros\u0142e dziecko alkoholika. W zasadzie komunikuje to niemal od samego pocz\u0105tku. Na pytanie, z czym Pan\/Pani przychodzi, odpowiada:<em> Jestem DDA. <\/em>Sporo czasu potrzeba, by takiej osobie wyt\u0142umaczy\u0107, \u017ce definiuj\u0105c si\u0119 jako DDA, zamyka sobie drog\u0119 do dalszej terapii i rozwoju. Czy mo\u017cna co\u015b zrobi\u0107 z tym faktem, \u017ce kto\u015b jest DDA? Przecie\u017c jest doros\u0142y i przecie\u017c jest dzieckiem alkoholika. Lubimy wtedy lekko sprowokowa\u0107 rozm\u00f3wc\u0119: <em>Je\u015bli jeste\u015b DDA, to nie pozostaje nam nic innego, jak zamontowa\u0107 na twoim nagrobku tabliczk\u0119 z napisem: \u201eTutaj le\u017cy DDA, cze\u015b\u0107 jego pami\u0119ci\u201d.<\/em><\/p>\n<p style=\"text-align: justify\">Nale\u017cy oczywi\u015bcie mie\u0107 zrozumienie i szacunek dla terapii DDA, ale niedobrze jest, je\u015bli kto\u015b terapi\u0119 ko\u0144czy z przekonaniem, \u017ce jest DDA. Tym okre\u015bleniem mo\u017cna wyt\u0142umaczy\u0107 sobie prawie wszystko i zwolni\u0107 si\u0119 z konieczno\u015bci pracy nad sob\u0105: <em>Poznaj mechanizmy swojego ,,ja fa\u0142szywego\u201d i przesta\u0144 si\u0119 okre\u015bla\u0107 jako DDA \u2013 nie definiuj tak siebie, poniewa\u017c to tw\u00f3j rodzic pi\u0142, a ty jeste\u015b DDB \u2013 doros\u0142e dziecko Bo\u017ce! Ty nadal masz szans\u0119 na zmian\u0119 i rozw\u00f3j. Nie musisz by\u0107 DDA do ko\u0144ca \u017cycia! Alkoholizm twojego rodzica nie musi sta\u0107 si\u0119 twoim imieniem!<\/em><\/p>\n<p>&nbsp;<\/p>\n","protected":false},"excerpt":{"rendered":"<p>Druga pu\u0142apka polega na tym, \u017ce dziecko nie odchodzi od rodzic\u00f3w emocjonalnie, a czasem nawet i fizycznie. Dlatego wiecznie narzeka: Dlaczego nie dali\u015bcie mi mi\u0142o\u015bci? Dlaczego by\u0142o tak okropnie? Kochajcie mnie! Oczekiwania mi\u0142o\u015bci i akceptacji, kt\u00f3re nie mog\u0105 by\u0107 ju\u017c zaspokojone, zostaj\u0105 nie\u015bwiadomie przeniesione na inne relacje w \u017cyciu. \u201eDoros\u0142e dziecko\u201d nadal spodziewa si\u0119 zaspokojenia [&hellip;]<\/p>\n","protected":false},"author":13,"featured_media":0,"parent":2597,"menu_order":54,"comment_status":"closed","ping_status":"closed","template":"","meta":{"footnotes":""},"_links":{"self":[{"href":"https:\/\/bonifratrzy.pl\/klasztor-warszawa-sapiezynska\/wp-json\/wp\/v2\/pages\/3161"}],"collection":[{"href":"https:\/\/bonifratrzy.pl\/klasztor-warszawa-sapiezynska\/wp-json\/wp\/v2\/pages"}],"about":[{"href":"https:\/\/bonifratrzy.pl\/klasztor-warszawa-sapiezynska\/wp-json\/wp\/v2\/types\/page"}],"author":[{"embeddable":true,"href":"https:\/\/bonifratrzy.pl\/klasztor-warszawa-sapiezynska\/wp-json\/wp\/v2\/users\/13"}],"replies":[{"embeddable":true,"href":"https:\/\/bonifratrzy.pl\/klasztor-warszawa-sapiezynska\/wp-json\/wp\/v2\/comments?post=3161"}],"version-history":[{"count":3,"href":"https:\/\/bonifratrzy.pl\/klasztor-warszawa-sapiezynska\/wp-json\/wp\/v2\/pages\/3161\/revisions"}],"predecessor-version":[{"id":3765,"href":"https:\/\/bonifratrzy.pl\/klasztor-warszawa-sapiezynska\/wp-json\/wp\/v2\/pages\/3161\/revisions\/3765"}],"up":[{"embeddable":true,"href":"https:\/\/bonifratrzy.pl\/klasztor-warszawa-sapiezynska\/wp-json\/wp\/v2\/pages\/2597"}],"wp:attachment":[{"href":"https:\/\/bonifratrzy.pl\/klasztor-warszawa-sapiezynska\/wp-json\/wp\/v2\/media?parent=3161"}],"curies":[{"name":"wp","href":"https:\/\/api.w.org\/{rel}","templated":true}]}}