{"id":295,"date":"2016-06-30T14:43:04","date_gmt":"2016-06-30T12:43:04","guid":{"rendered":"https:\/\/bonifratrzy.pl\/klasztor-warszawa-sapiezynska\/?page_id=295"},"modified":"2016-09-22T11:12:16","modified_gmt":"2016-09-22T09:12:16","slug":"wolontariart","status":"publish","type":"page","link":"https:\/\/bonifratrzy.pl\/klasztor-warszawa-sapiezynska\/wolontariart\/","title":{"rendered":"Wolontariat bonifraterski"},"content":{"rendered":"<p>Wolonatariat Bonifraterski dzia\u0142a w Domu Geriatryczno-Rehabilitacyjnym.<\/p>\n<p>Zapraszamy na podstron\u0119 po\u015bwi\u0119con\u0105 wolontariatowi:<\/p>\n<p><a href=\"https:\/\/bonifratrzy.pl\/dom-geriatryczno-rehabilitacyjny-warszawa\/wolontariat\/\">https:\/\/bonifratrzy.pl\/dom-geriatryczno-rehabilitacyjny-warszawa\/wolontariat\/<\/a><\/p>\n","protected":false},"excerpt":{"rendered":"<p>Wolonatariat Bonifraterski dzia\u0142a w Domu Geriatryczno-Rehabilitacyjnym. Zapraszamy na podstron\u0119 po\u015bwi\u0119con\u0105 wolontariatowi: https:\/\/bonifratrzy.pl\/dom-geriatryczno-rehabilitacyjny-warszawa\/wolontariat\/<\/p>\n","protected":false},"author":6,"featured_media":0,"parent":0,"menu_order":83,"comment_status":"closed","ping_status":"closed","template":"","meta":{"footnotes":""},"_links":{"self":[{"href":"https:\/\/bonifratrzy.pl\/klasztor-warszawa-sapiezynska\/wp-json\/wp\/v2\/pages\/295"}],"collection":[{"href":"https:\/\/bonifratrzy.pl\/klasztor-warszawa-sapiezynska\/wp-json\/wp\/v2\/pages"}],"about":[{"href":"https:\/\/bonifratrzy.pl\/klasztor-warszawa-sapiezynska\/wp-json\/wp\/v2\/types\/page"}],"author":[{"embeddable":true,"href":"https:\/\/bonifratrzy.pl\/klasztor-warszawa-sapiezynska\/wp-json\/wp\/v2\/users\/6"}],"replies":[{"embeddable":true,"href":"https:\/\/bonifratrzy.pl\/klasztor-warszawa-sapiezynska\/wp-json\/wp\/v2\/comments?post=295"}],"version-history":[{"count":3,"href":"https:\/\/bonifratrzy.pl\/klasztor-warszawa-sapiezynska\/wp-json\/wp\/v2\/pages\/295\/revisions"}],"predecessor-version":[{"id":648,"href":"https:\/\/bonifratrzy.pl\/klasztor-warszawa-sapiezynska\/wp-json\/wp\/v2\/pages\/295\/revisions\/648"}],"wp:attachment":[{"href":"https:\/\/bonifratrzy.pl\/klasztor-warszawa-sapiezynska\/wp-json\/wp\/v2\/media?parent=295"}],"curies":[{"name":"wp","href":"https:\/\/api.w.org\/{rel}","templated":true}]}}