{"id":2597,"date":"2018-11-08T14:15:03","date_gmt":"2018-11-08T13:15:03","guid":{"rendered":"https:\/\/bonifratrzy.pl\/klasztor-warszawa-sapiezynska\/?page_id=2597"},"modified":"2018-12-03T18:26:04","modified_gmt":"2018-12-03T17:26:04","slug":"duszpasterstwo","status":"publish","type":"page","link":"https:\/\/bonifratrzy.pl\/klasztor-warszawa-sapiezynska\/duszpasterstwo\/","title":{"rendered":"Duszpasterstwo"},"content":{"rendered":"<p><strong>ZOD<\/strong><\/p>\n<p style=\"text-align: justify\"><strong>Zesp\u00f3\u0142 Opieki Duszpasterskiej<\/strong> otacza trosk\u0105 mieszka\u0144c\u00f3w Domu Geriatryczno-Rehabilitacyjnego, ich rodziny oraz wsp\u00f3\u0142pracownik\u00f3w Zakonu Bonifratr\u00f3w. Dzia\u0142amy zgodnie z charyzmatem i misj\u0105 Zakonu Szpitalnego \u015bw. Jana Bo\u017cego, pe\u0142ni\u0105c swoj\u0105 funkcj\u0119 z\u00a0u\u015bmiechem na twarzach i rado\u015bci\u0105 w sercach.<\/p>\n<p style=\"text-align: justify\">Nasz Zesp\u00f3\u0142 tworz\u0105 zar\u00f3wno osoby duchowne, jak i \u015bwieckie. Wsp\u00f3lnie organizujemy katechezy dla Pensjonariuszy Domu Geriatryczno-Rehabilitacyjnego oraz dni skupienia, kt\u00f3re celebrujemy wsp\u00f3lnie z Bra\u0107mi, Pracownikami i Wolontariuszami.<\/p>\n<p style=\"text-align: justify\">Wa\u017cne jest dla nas towarzyszenie potrzebuj\u0105cym nie tylko w sytuacjach kryzysowych, ale\u00a0r\u00f3wnie\u017c ka\u017cdego dnia poprzez wys\u0142uchanie i dialog. Dbamy o nieustaj\u0105c\u0105 formacj\u0119 duchow\u0105 i pog\u0142\u0119bianie wiedzy. Wsp\u00f3\u0142organizujemy i wsp\u00f3\u0142uczestniczymy w celebracjach liturgicznych.<\/p>\n<p style=\"text-align: justify\">W ka\u017cdy pierwszy czwartek miesi\u0105ca organizujemy Dzie\u0144 Skupienia. Wyg\u0142aszane konferencje poruszaj\u0105 wa\u017cn\u0105 i zarazem z\u0142o\u017con\u0105 tematyk\u0119 rozwoju ludzkiego, kt\u00f3rego podstaw\u0105 jest mi\u0142o\u015b\u0107 rozumiana w duchu chrze\u015bcija\u0144skim.<\/p>\n<p style=\"text-align: justify\">Z kolei tre\u015b\u0107 katechez odnosi si\u0119 do postaci biblijnych, kt\u00f3rym Bo\u017ca mi\u0142o\u015b\u0107 prostuje kr\u0119te i\u00a0trudne drogi \u017cyciowe. Ciekawe historie bohater\u00f3w Pisma \u015awi\u0119tego s\u0105 aktualne r\u00f3wnie\u017c dzisiaj i\u00a0mog\u0105 s\u0142u\u017cy\u0107 pomoc\u0105 i przyk\u0142adem w rozwi\u0105zywaniu osobistych problem\u00f3w.<\/p>\n<p style=\"text-align: justify\">Teksty katechez i konferencji wyg\u0142aszanych podczas Dni Skupienia znajd\u0105 Pa\u0144stwo w\u00a0dedykowanej zak\u0142adce Katechezy i Konferencje. Zapraszamy do lektury!<\/p>\n<p style=\"text-align: right\">Zesp\u00f3\u0142 Opieki Duszpasterskiej.<\/p>\n","protected":false},"excerpt":{"rendered":"<p>ZOD Zesp\u00f3\u0142 Opieki Duszpasterskiej otacza trosk\u0105 mieszka\u0144c\u00f3w Domu Geriatryczno-Rehabilitacyjnego, ich rodziny oraz wsp\u00f3\u0142pracownik\u00f3w Zakonu Bonifratr\u00f3w. Dzia\u0142amy zgodnie z charyzmatem i misj\u0105 Zakonu Szpitalnego \u015bw. Jana Bo\u017cego, pe\u0142ni\u0105c swoj\u0105 funkcj\u0119 z\u00a0u\u015bmiechem na twarzach i rado\u015bci\u0105 w sercach. Nasz Zesp\u00f3\u0142 tworz\u0105 zar\u00f3wno osoby duchowne, jak i \u015bwieckie. Wsp\u00f3lnie organizujemy katechezy dla Pensjonariuszy Domu Geriatryczno-Rehabilitacyjnego oraz dni skupienia, [&hellip;]<\/p>\n","protected":false},"author":13,"featured_media":0,"parent":0,"menu_order":8,"comment_status":"closed","ping_status":"closed","template":"","meta":{"footnotes":""},"_links":{"self":[{"href":"https:\/\/bonifratrzy.pl\/klasztor-warszawa-sapiezynska\/wp-json\/wp\/v2\/pages\/2597"}],"collection":[{"href":"https:\/\/bonifratrzy.pl\/klasztor-warszawa-sapiezynska\/wp-json\/wp\/v2\/pages"}],"about":[{"href":"https:\/\/bonifratrzy.pl\/klasztor-warszawa-sapiezynska\/wp-json\/wp\/v2\/types\/page"}],"author":[{"embeddable":true,"href":"https:\/\/bonifratrzy.pl\/klasztor-warszawa-sapiezynska\/wp-json\/wp\/v2\/users\/13"}],"replies":[{"embeddable":true,"href":"https:\/\/bonifratrzy.pl\/klasztor-warszawa-sapiezynska\/wp-json\/wp\/v2\/comments?post=2597"}],"version-history":[{"count":12,"href":"https:\/\/bonifratrzy.pl\/klasztor-warszawa-sapiezynska\/wp-json\/wp\/v2\/pages\/2597\/revisions"}],"predecessor-version":[{"id":2693,"href":"https:\/\/bonifratrzy.pl\/klasztor-warszawa-sapiezynska\/wp-json\/wp\/v2\/pages\/2597\/revisions\/2693"}],"wp:attachment":[{"href":"https:\/\/bonifratrzy.pl\/klasztor-warszawa-sapiezynska\/wp-json\/wp\/v2\/media?parent=2597"}],"curies":[{"name":"wp","href":"https:\/\/api.w.org\/{rel}","templated":true}]}}