{"id":18,"date":"2016-01-19T13:43:35","date_gmt":"2016-01-19T12:43:35","guid":{"rendered":"https:\/\/bonifratrzy.pl\/klasztor-warszawa-sapiezynska\/?page_id=18"},"modified":"2024-06-17T16:20:15","modified_gmt":"2024-06-17T14:20:15","slug":"kontakt","status":"publish","type":"page","link":"https:\/\/bonifratrzy.pl\/klasztor-warszawa-sapiezynska\/kontakt\/","title":{"rendered":"Kontakt"},"content":{"rendered":"<p><span style=\"color: #ff0000;\"><strong>Archidiecezja Warszawska<\/strong><\/span><\/p>\n<p><strong>Konwent Zakonu Bonifratr\u00f3w p.w. \u015aw. Ryszarda Pampuri<\/strong><\/p>\n<p>Sapie\u017cy\u0144ska 3,<\/p>\n<p>00-215 Warszawa<\/p>\n<p><strong>NIP: 525-10-77-161<\/strong><\/p>\n<p><strong>Nr rach: 86 1240 2887 1111 0000 3389 6418<\/strong><\/p>\n<p>BDO: 000367924<\/p>\n<p>&nbsp;<\/p>\n<p><strong>Przeor Konwentu &#8211; brat Pawe\u0142 Kulka, OH<\/strong><\/p>\n<p>e-mail: <strong><a href=\"&#x6d;&#97;i&#x6c;&#x74;&#111;:&#x70;&#x72;&#122;e&#x6f;&#114;w&#x61;&#x72;&#115;z&#x61;&#x77;&#97;&#64;&#x62;&#111;&#110;&#x69;&#x66;&#114;a&#x74;&#x72;&#122;y&#x2e;&#112;&#108;\">p&#114;&#122;&#x65;&#x6f;&#x72;wa&#114;&#115;&#x7a;&#x61;&#x77;a&#64;&#98;&#111;&#x6e;&#x69;&#x66;r&#97;&#116;&#x72;&#x7a;&#x79;&#46;p&#108;<\/a><\/strong><\/p>\n<p>&nbsp;<\/p>\n<p><strong>Furta klasztorna w godz. 07:00 \u2013 20:00<\/strong><\/p>\n<p><strong>tel.: 533\u00a0385\u00a0857<\/strong><\/p>\n<p>&nbsp;<\/p>\n<p>&nbsp;<\/p>\n<div class=\"su-gmap su-u-responsive-media-yes\"><iframe loading=\"lazy\" width=\"820\" height=\"400\" src=\"\/\/maps.google.com\/maps?q=Sapie%C5%BCy%C5%84ska%203%2C%2000-215%20Warszawa&amp;output=embed\" title=\"\"><\/iframe><\/div>\n","protected":false},"excerpt":{"rendered":"<p>Archidiecezja Warszawska Konwent Zakonu Bonifratr\u00f3w p.w. \u015aw. Ryszarda Pampuri Sapie\u017cy\u0144ska 3, 00-215 Warszawa NIP: 525-10-77-161 Nr rach: 86 1240 2887 1111 0000 3389 6418 BDO: 000367924 &nbsp; Przeor Konwentu &#8211; brat Pawe\u0142 Kulka, OH e-mail: &#112;&#x72;&#122;&#x65;&#111;&#x72;w&#x61;r&#115;&#x7a;&#97;&#x77;&#97;&#x40;b&#x6f;n&#105;&#x66;&#114;&#x61;&#116;&#x72;&#122;&#x79;&#46;&#x70;l &nbsp; Furta klasztorna w godz. 07:00 \u2013 20:00 tel.: 533\u00a0385\u00a0857 &nbsp; &nbsp;<\/p>\n","protected":false},"author":1,"featured_media":0,"parent":0,"menu_order":77,"comment_status":"closed","ping_status":"closed","template":"","meta":{"footnotes":""},"_links":{"self":[{"href":"https:\/\/bonifratrzy.pl\/klasztor-warszawa-sapiezynska\/wp-json\/wp\/v2\/pages\/18"}],"collection":[{"href":"https:\/\/bonifratrzy.pl\/klasztor-warszawa-sapiezynska\/wp-json\/wp\/v2\/pages"}],"about":[{"href":"https:\/\/bonifratrzy.pl\/klasztor-warszawa-sapiezynska\/wp-json\/wp\/v2\/types\/page"}],"author":[{"embeddable":true,"href":"https:\/\/bonifratrzy.pl\/klasztor-warszawa-sapiezynska\/wp-json\/wp\/v2\/users\/1"}],"replies":[{"embeddable":true,"href":"https:\/\/bonifratrzy.pl\/klasztor-warszawa-sapiezynska\/wp-json\/wp\/v2\/comments?post=18"}],"version-history":[{"count":24,"href":"https:\/\/bonifratrzy.pl\/klasztor-warszawa-sapiezynska\/wp-json\/wp\/v2\/pages\/18\/revisions"}],"predecessor-version":[{"id":5369,"href":"https:\/\/bonifratrzy.pl\/klasztor-warszawa-sapiezynska\/wp-json\/wp\/v2\/pages\/18\/revisions\/5369"}],"wp:attachment":[{"href":"https:\/\/bonifratrzy.pl\/klasztor-warszawa-sapiezynska\/wp-json\/wp\/v2\/media?parent=18"}],"curies":[{"name":"wp","href":"https:\/\/api.w.org\/{rel}","templated":true}]}}