{"id":1185,"date":"2017-03-03T15:04:41","date_gmt":"2017-03-03T14:04:41","guid":{"rendered":"https:\/\/bonifratrzy.pl\/klasztor-warszawa-sapiezynska\/?page_id=1185"},"modified":"2017-03-03T16:18:56","modified_gmt":"2017-03-03T15:18:56","slug":"rozwazania-wielkopostne","status":"publish","type":"page","link":"https:\/\/bonifratrzy.pl\/klasztor-warszawa-sapiezynska\/aktualnosci-i-wydarzenia\/rozwazania-wielkopostne\/","title":{"rendered":"Rozwa\u017cania Wielkopostne"},"content":{"rendered":"<h1 style=\"text-align: center;\">DLA WSP\u00d3\u0141PRACOWNIK\u00d3W, WOLONTARIUSZY, PODOPIECZNYCH, DOBROCZY\u0143C\u00d3W I WSZYSTKICH, KT\u00d3RZY BLI\u0179NIM S\u0141U\u017b\u0104 W MI\u0141O\u015aCI<\/h1>\n<p style=\"text-align: justify;\">Spos\u00f3b realizowania mi\u0142o\u015bci \u2013 s\u0142u\u017cba cz\u0142owiekowi, kt\u00f3ry znajduje si\u0119 w potrzebie, zar\u00f3wno w wymiarze zewn\u0119trznym, jak i wewn\u0119trznym jest dzie\u0142em zapocz\u0105tkowanym przez \u015bw. Jana Bo\u017cego. Zdecydowa\u0142 on, \u017ce s\u0142owem i czynem b\u0119dzie przybli\u017ca\u0142 mi\u0142osiern\u0105 mi\u0142o\u015b\u0107 Boga biednym i chorym, aby mogli do\u015bwiadcza\u0107 godnej i pe\u0142nej mi\u0142o\u015bci opieki. Od pocz\u0105tku realizacji charyzmatu szpitalnictwa, kt\u00f3ra jest cz\u0119\u015bci\u0105 misji Ko\u015bcio\u0142a, istnieje konieczno\u015b\u0107 uznania i wspierania wszystkich, kt\u00f3rzy wielkodusznie i z oddaniem zaanga\u017cowani s\u0105 w pe\u0142nienie tego pos\u0142annictwa. Wszyscy oddani na s\u0142u\u017cb\u0119 chorym i potrzebuj\u0105cym oraz im powierzeni potrzebuj\u0105 tej wewn\u0119trznej si\u0142y, jaka towarzyszy\u0142a Janowi Bo\u017cemu, a kt\u00f3ra ma swoje \u017ar\u00f3d\u0142o w chrze\u015bcija\u0144skiej wierze.<\/p>\n<p style=\"text-align: justify;\">Rozwa\u017cania przygotowane przez s. Urszul\u0119 Wo\u0142oszczak RSCJ wraz z Zespo\u0142em Duszpasterskim Zakonu Bonifratr\u00f3w w Warszawie s\u0105 propozycj\u0105 dla wszystkich, kt\u00f3rzy maj\u0105 jakikolwiek udzia\u0142 w charyzmacie szpitalnictwa, jako pomoc w piel\u0119gnowaniu \u017cycia duchowego, w rozwijaniu osobistego powo\u0142ania do bycia znakiem mi\u0142o\u015bci mi\u0142osiernej Boga.<\/p>\n<p style=\"text-align: justify;\">Proponujemy raz w tygodniu, w dogodnym czasie, medytacj\u0119 S\u0142owa Bo\u017cego zgodnie z tym, co proponuje Ko\u015bci\u00f3\u0142 na ka\u017cd\u0105 z czterech niedziel okresu Wielkiego Postu. Przes\u0142anie, jakie niesie ze sob\u0105 Ewangelia w poszczeg\u00f3lnych tygodniach zosta\u0142o wzbogacone o lektur\u0119 list\u00f3w \u015bw. Ryszarda \u00a0Pampuri, patrona i or\u0119downika plac\u00f3wki, kt\u00f3rego droga duchowa naznaczona by\u0142a tym samym zmaganiem duchowym jakiego i my do\u015bwiadczamy na co dzie\u0144.<\/p>\n<p style=\"text-align: justify;\"><a href=\"https:\/\/bonifratrzy.pl\/klasztor-warszawa-sapiezynska\/rozwazania-wielkopostne\/wieli-post-ze-sw-ryszardem-pampurii\/\">ROZWA\u017bANIA<\/a><\/p>\n","protected":false},"excerpt":{"rendered":"<p>DLA WSP\u00d3\u0141PRACOWNIK\u00d3W, WOLONTARIUSZY, PODOPIECZNYCH, DOBROCZY\u0143C\u00d3W I WSZYSTKICH, KT\u00d3RZY BLI\u0179NIM S\u0141U\u017b\u0104 W MI\u0141O\u015aCI Spos\u00f3b realizowania mi\u0142o\u015bci \u2013 s\u0142u\u017cba cz\u0142owiekowi, kt\u00f3ry znajduje si\u0119 w potrzebie, zar\u00f3wno w wymiarze zewn\u0119trznym, jak i wewn\u0119trznym jest dzie\u0142em zapocz\u0105tkowanym przez \u015bw. Jana Bo\u017cego. Zdecydowa\u0142 on, \u017ce s\u0142owem i czynem b\u0119dzie przybli\u017ca\u0142 mi\u0142osiern\u0105 mi\u0142o\u015b\u0107 Boga biednym i chorym, aby mogli do\u015bwiadcza\u0107 godnej [&hellip;]<\/p>\n","protected":false},"author":6,"featured_media":0,"parent":20,"menu_order":5,"comment_status":"closed","ping_status":"closed","template":"","meta":{"footnotes":""},"_links":{"self":[{"href":"https:\/\/bonifratrzy.pl\/klasztor-warszawa-sapiezynska\/wp-json\/wp\/v2\/pages\/1185"}],"collection":[{"href":"https:\/\/bonifratrzy.pl\/klasztor-warszawa-sapiezynska\/wp-json\/wp\/v2\/pages"}],"about":[{"href":"https:\/\/bonifratrzy.pl\/klasztor-warszawa-sapiezynska\/wp-json\/wp\/v2\/types\/page"}],"author":[{"embeddable":true,"href":"https:\/\/bonifratrzy.pl\/klasztor-warszawa-sapiezynska\/wp-json\/wp\/v2\/users\/6"}],"replies":[{"embeddable":true,"href":"https:\/\/bonifratrzy.pl\/klasztor-warszawa-sapiezynska\/wp-json\/wp\/v2\/comments?post=1185"}],"version-history":[{"count":21,"href":"https:\/\/bonifratrzy.pl\/klasztor-warszawa-sapiezynska\/wp-json\/wp\/v2\/pages\/1185\/revisions"}],"predecessor-version":[{"id":1236,"href":"https:\/\/bonifratrzy.pl\/klasztor-warszawa-sapiezynska\/wp-json\/wp\/v2\/pages\/1185\/revisions\/1236"}],"up":[{"embeddable":true,"href":"https:\/\/bonifratrzy.pl\/klasztor-warszawa-sapiezynska\/wp-json\/wp\/v2\/pages\/20"}],"wp:attachment":[{"href":"https:\/\/bonifratrzy.pl\/klasztor-warszawa-sapiezynska\/wp-json\/wp\/v2\/media?parent=1185"}],"curies":[{"name":"wp","href":"https:\/\/api.w.org\/{rel}","templated":true}]}}