{"id":9,"date":"2016-01-19T13:24:22","date_gmt":"2016-01-19T12:24:22","guid":{"rendered":"https:\/\/bonifratrzy.pl\/klasztor-warszawa-bonifraterska\/?page_id=9"},"modified":"2025-02-28T14:58:25","modified_gmt":"2025-02-28T13:58:25","slug":"msze-swiete","status":"publish","type":"page","link":"https:\/\/bonifratrzy.pl\/klasztor-warszawa-bonifraterska\/msze-swiete\/","title":{"rendered":"Msze \u015awi\u0119te"},"content":{"rendered":"<div class=\"su-row\"><div class=\"su-column su-column-size-1-3\"><div class=\"su-column-inner su-u-clearfix su-u-trim\">\n<a href=\"https:\/\/bonifratrzy.pl\/klasztor-warszawa-bonifraterska\/wp-content\/uploads\/sites\/18\/2016\/01\/ko\u015bci\u00f3\u0142_Bonifraterska.jpg\"><img loading=\"lazy\" decoding=\"async\" class=\"size-medium wp-image-51 alignnone\" src=\"https:\/\/bonifratrzy.pl\/klasztor-warszawa-bonifraterska\/wp-content\/uploads\/sites\/18\/2016\/01\/ko\u015bci\u00f3\u0142_Bonifraterska-225x300.jpg\" alt=\"ko\u015bci\u00f3\u0142_Bonifraterska\" width=\"225\" height=\"300\" srcset=\"https:\/\/bonifratrzy.pl\/klasztor-warszawa-bonifraterska\/wp-content\/uploads\/sites\/18\/2016\/01\/ko\u015bci\u00f3\u0142_Bonifraterska-225x300.jpg 225w, https:\/\/bonifratrzy.pl\/klasztor-warszawa-bonifraterska\/wp-content\/uploads\/sites\/18\/2016\/01\/ko\u015bci\u00f3\u0142_Bonifraterska-768x1024.jpg 768w\" sizes=\"(max-width: 225px) 100vw, 225px\" \/><\/a><br \/>\n<\/div><\/div> <div class=\"su-column su-column-size-1-3\"><div class=\"su-column-inner su-u-clearfix su-u-trim\">\n<h2>Ko\u015bci\u00f3\u0142 pw. \u015bw. Jana Bo\u017cego i Andrzeja Aposto\u0142a<\/h2>\n<p>ul. Bonifraterska 12<br \/>\n00-213 Warszawa<br \/>\ntel. 789 294 030<\/p>\n<\/div><\/div> <div class=\"su-column su-column-size-1-3\"><div class=\"su-column-inner su-u-clearfix su-u-trim\">\n<h2>Msze \u015bwi\u0119te:<\/h2>\n<p><strong>niedziela i \u015bwi\u0119ta:<\/strong> 8.30, 10.00, 18.00<\/p>\n<p><strong>dni powszednie:<\/strong> 7.30<\/p>\n<\/div><\/div><\/div>\n<h2>Nabo\u017ce\u0144stwa w Wielkim Po\u015bcie<span style=\"font-size: large;\">:<\/span><\/h2>\n<p><span style=\"font-size: large;\"><strong>Droga Krzy\u017cowa<\/strong>\u00a0\u00a0\u00a0 pi\u0105tki: 17.30<\/span><\/p>\n<h2><span style=\"font-size: large;\"><strong>Gorzkie \u017bale\u00a0\u00a0\u00a0\u00a0\u00a0 niedziele: 17.30<\/strong><\/span><\/h2>\n<p><strong>TRIDUUM PASCHALNE \u2013 PORZ\u0104DEK NABO\u017bE\u0143STW<\/strong><\/p>\n<p><strong>\u00a0<\/strong>W\u00a0<strong>Wielki Czwartek Msza \u015bw. Wieczerzy Pa\u0144skiej o godz. 18.00.<\/strong>\u00a0Jest to dzie\u0144 naszej wdzi\u0119czno\u015bci za dar Sakramentu Eucharystii i Sakramentu Kap\u0142a\u0144stwa. Po komunii \u015bw. przeniesienie Naj\u015bwi\u0119tszego Sakramentu do O\u0142tarza Ciemnicy i adoracja do godz. 20.00.<\/p>\n<p>W\u00a0<strong>Wielki Pi\u0105tek<\/strong>\u00a0Adoracja Naj\u015bwi\u0119tszego Sakramentu przy Ciemnicy od godz. 7.00. \u00a0Liturgia\u00a0<strong>M\u0119ki Pa\u0144skiej o godz. 18.00. <\/strong>W tym dniu obowi\u0105zuje post \u015bcis\u0142y.<\/p>\n<p>W\u00a0<strong>Wielk\u0105 Sobot\u0119<\/strong>\u00a0\u00a0Adoracja Naj\u015bwi\u0119tszego Sakramentu przy Grobie Pana Jezusa od godz. 7.00.<\/p>\n<p>P<strong>o\u015bwi\u0119cenie pokarm\u00f3w na st\u00f3\u0142 wielkanocny o godz.\u00a09.00, 10.00, 11.00, 12.00, 13.00 i 15.00<\/strong>.<\/p>\n<p><strong>Liturgia Wigilii Paschalnej rozpocznie si\u0119 o godz. 19.00. <\/strong>Prosimy przynie\u015b\u0107 ze sob\u0105 \u015bwiece na odnowienie przyrzecze\u0144 chrztu \u015bwi\u0119tego. Zapraszamy osoby ch\u0119tne do pos\u0142ugi S\u0142owu Bo\u017cemu w czasie tej pi\u0119kniej i uroczystej liturgii jako lektorzy i kantorzy.<\/p>\n<p>W\u00a0<strong>Uroczysto\u015b\u0107 Zmartwychwstania Pa\u0144skiego\u00a0o godzinie 6.00 Rezurekcja z procesj\u0105. Pozosta\u0142e Msze \u015bwi\u0119te o godzinie 10.00 i 18.00. <\/strong>(Nie b\u0119dzie Mszy \u015bw. o godzinie 8.30).<\/p>\n<p>W\u00a0<strong>Poniedzia\u0142ek Wielkanocny<\/strong> Msze \u015bwi\u0119te o godzinie <strong>8.30, 10.00 i 18.00<\/strong>.<\/p>\n<p>Mo\u017cliwo\u015b\u0107 skorzystania z Sakramentu Pokuty b\u0119dzie do \u015brody przed- oraz po Mszach \u015bwi\u0119tych.<\/p>\n<div><\/div>\n<div><\/div>\n<h2><strong>Pytania o terminy Mszy \u015bwi\u0119tych prosimy kierowa\u0107 na poczt\u0119 <a href=\"m&#97;&#x69;&#x6c;&#x74;o&#58;&#x72;&#x65;&#x6b;t&#111;&#x72;&#x61;&#x74;k&#111;&#x73;&#x63;&#x69;o&#108;&#x61;&#x40;&#x62;o&#110;&#x69;&#x66;&#x72;a&#116;&#x72;&#x7a;&#x79;&#46;&#112;&#x6c;\">rektoratkosciola<\/a><\/strong><a href=\"&#109;&#x61;&#x69;l&#116;&#x6f;:&#114;&#x65;&#x6b;&#116;&#x6f;&#x72;a&#116;&#x6b;o&#115;&#x63;&#x69;&#111;&#x6c;&#x61;&#64;&#98;&#x6f;n&#105;&#x66;&#x72;&#97;&#x74;&#x72;z&#121;&#x2e;p&#108;\"><strong>@bonifratrzy.pl<\/strong><\/a>\u00a0<strong>lub numer telefonu 789-294-030<\/strong><\/h2>\n<h2><img loading=\"lazy\" decoding=\"async\" class=\"alignnone wp-image-184\" src=\"https:\/\/bonifratrzy.pl\/klasztor-warszawa-bonifraterska\/wp-content\/uploads\/sites\/18\/2024\/02\/Parafia-Nawiedzenia-NMP_2-1-300x100.png\" alt=\"\" width=\"909\" height=\"303\" srcset=\"https:\/\/bonifratrzy.pl\/klasztor-warszawa-bonifraterska\/wp-content\/uploads\/sites\/18\/2024\/02\/Parafia-Nawiedzenia-NMP_2-1-300x100.png 300w, https:\/\/bonifratrzy.pl\/klasztor-warszawa-bonifraterska\/wp-content\/uploads\/sites\/18\/2024\/02\/Parafia-Nawiedzenia-NMP_2-1-1024x343.png 1024w, https:\/\/bonifratrzy.pl\/klasztor-warszawa-bonifraterska\/wp-content\/uploads\/sites\/18\/2024\/02\/Parafia-Nawiedzenia-NMP_2-1-768x257.png 768w, https:\/\/bonifratrzy.pl\/klasztor-warszawa-bonifraterska\/wp-content\/uploads\/sites\/18\/2024\/02\/Parafia-Nawiedzenia-NMP_2-1.png 1135w\" sizes=\"(max-width: 909px) 100vw, 909px\" \/><\/h2>\n","protected":false},"excerpt":{"rendered":"<p>Nabo\u017ce\u0144stwa w Wielkim Po\u015bcie: Droga Krzy\u017cowa\u00a0\u00a0\u00a0 pi\u0105tki: 17.30 Gorzkie \u017bale\u00a0\u00a0\u00a0\u00a0\u00a0 niedziele: 17.30 TRIDUUM PASCHALNE \u2013 PORZ\u0104DEK NABO\u017bE\u0143STW \u00a0W\u00a0Wielki Czwartek Msza \u015bw. Wieczerzy Pa\u0144skiej o godz. 18.00.\u00a0Jest to dzie\u0144 naszej wdzi\u0119czno\u015bci za dar Sakramentu Eucharystii i Sakramentu Kap\u0142a\u0144stwa. Po komunii \u015bw. przeniesienie Naj\u015bwi\u0119tszego Sakramentu do O\u0142tarza Ciemnicy i adoracja do godz. 20.00. W\u00a0Wielki Pi\u0105tek\u00a0Adoracja Naj\u015bwi\u0119tszego Sakramentu [&hellip;]<\/p>\n","protected":false},"author":1,"featured_media":0,"parent":0,"menu_order":0,"comment_status":"closed","ping_status":"closed","template":"page-big-head-no-sidebar.php","meta":{"footnotes":""},"_links":{"self":[{"href":"https:\/\/bonifratrzy.pl\/klasztor-warszawa-bonifraterska\/wp-json\/wp\/v2\/pages\/9"}],"collection":[{"href":"https:\/\/bonifratrzy.pl\/klasztor-warszawa-bonifraterska\/wp-json\/wp\/v2\/pages"}],"about":[{"href":"https:\/\/bonifratrzy.pl\/klasztor-warszawa-bonifraterska\/wp-json\/wp\/v2\/types\/page"}],"author":[{"embeddable":true,"href":"https:\/\/bonifratrzy.pl\/klasztor-warszawa-bonifraterska\/wp-json\/wp\/v2\/users\/1"}],"replies":[{"embeddable":true,"href":"https:\/\/bonifratrzy.pl\/klasztor-warszawa-bonifraterska\/wp-json\/wp\/v2\/comments?post=9"}],"version-history":[{"count":29,"href":"https:\/\/bonifratrzy.pl\/klasztor-warszawa-bonifraterska\/wp-json\/wp\/v2\/pages\/9\/revisions"}],"predecessor-version":[{"id":214,"href":"https:\/\/bonifratrzy.pl\/klasztor-warszawa-bonifraterska\/wp-json\/wp\/v2\/pages\/9\/revisions\/214"}],"wp:attachment":[{"href":"https:\/\/bonifratrzy.pl\/klasztor-warszawa-bonifraterska\/wp-json\/wp\/v2\/media?parent=9"}],"curies":[{"name":"wp","href":"https:\/\/api.w.org\/{rel}","templated":true}]}}