{"id":7,"date":"2016-01-19T13:22:52","date_gmt":"2016-01-19T12:22:52","guid":{"rendered":"https:\/\/bonifratrzy.pl\/klasztor-warszawa-bonifraterska\/?page_id=7"},"modified":"2025-02-28T14:58:37","modified_gmt":"2025-02-28T13:58:37","slug":"porzadek-nabozenstw","status":"publish","type":"page","link":"https:\/\/bonifratrzy.pl\/klasztor-warszawa-bonifraterska\/porzadek-nabozenstw\/","title":{"rendered":"Porz\u0105dek nabo\u017ce\u0144stw"},"content":{"rendered":"<h2><img loading=\"lazy\" decoding=\"async\" class=\"wp-image-114 alignleft\" src=\"https:\/\/bonifratrzy.pl\/klasztor-warszawa-bonifraterska\/wp-content\/uploads\/sites\/18\/2016\/01\/bonifratrzy-kosciol-rektorski-jana-bozego-225x300.jpg\" alt=\"Bonifratrzy Ko\u015bci\u00f3\u0142 Rektorski Jana Bo\u017cego\" width=\"193\" height=\"257\" srcset=\"https:\/\/bonifratrzy.pl\/klasztor-warszawa-bonifraterska\/wp-content\/uploads\/sites\/18\/2016\/01\/bonifratrzy-kosciol-rektorski-jana-bozego-225x300.jpg 225w, https:\/\/bonifratrzy.pl\/klasztor-warszawa-bonifraterska\/wp-content\/uploads\/sites\/18\/2016\/01\/bonifratrzy-kosciol-rektorski-jana-bozego.jpg 350w\" sizes=\"(max-width: 193px) 100vw, 193px\" \/>Msze \u015bwi\u0119te:<\/h2>\n<h2><strong>niedziela i \u015bwi\u0119ta: <\/strong>8.30, 10.00, 18.00<strong><br \/><\/strong><strong>dni powszednie: <\/strong>7.30<\/h2>\n<p>tel. 789 294 030<\/p>\n<h2>Nabo\u017ce\u0144stwa w Wielkim Po\u015bcie<span style=\"font-size: large;\">:<\/span><\/h2>\n<p><span style=\"font-size: large;\"><strong>Droga Krzy\u017cowa<\/strong>\u00a0\u00a0\u00a0 pi\u0105tki: 17.30<\/span><\/p>\n<p><span style=\"font-size: large;\"><strong>Gorzkie \u017bale\u00a0\u00a0\u00a0\u00a0\u00a0 <\/strong>niedziele: 17.30<\/span><\/p>\n<h2 style=\"text-align: center;\">\u00a0<\/h2>\n<h2 style=\"text-align: center;\">\u00a0<\/h2>\n<h2 style=\"text-align: center;\">\u00a0<\/h2>\n<p><strong>TRIDUUM PASCHALNE \u2013 PORZ\u0104DEK NABO\u017bE\u0143STW<\/strong><\/p>\n<p><strong>\u00a0<\/strong>W\u00a0<strong>Wielki Czwartek Msza \u015bw. Wieczerzy Pa\u0144skiej o godz. 18.00.<\/strong>\u00a0Jest to dzie\u0144 naszej wdzi\u0119czno\u015bci za dar Sakramentu Eucharystii i Sakramentu Kap\u0142a\u0144stwa. Po komunii \u015bw. przeniesienie Naj\u015bwi\u0119tszego Sakramentu do O\u0142tarza Ciemnicy i adoracja do godz. 20.00.<\/p>\n<p>W\u00a0<strong>Wielki Pi\u0105tek<\/strong>\u00a0Adoracja Naj\u015bwi\u0119tszego Sakramentu przy Ciemnicy od godz. 7.00. \u00a0Liturgia\u00a0<strong>M\u0119ki Pa\u0144skiej o godz. 18.00. <\/strong>W tym dniu obowi\u0105zuje post \u015bcis\u0142y.<\/p>\n<p>W\u00a0<strong>Wielk\u0105 Sobot\u0119<\/strong>\u00a0\u00a0Adoracja Naj\u015bwi\u0119tszego Sakramentu przy Grobie Pana Jezusa od godz. 7.00.<\/p>\n<p>P<strong>o\u015bwi\u0119cenie pokarm\u00f3w na st\u00f3\u0142 wielkanocny o godz.\u00a09.00, 10.00, 11.00, 12.00, 13.00 i 15.00<\/strong>.<\/p>\n<p><strong>Liturgia Wigilii Paschalnej rozpocznie si\u0119 o godz. 19.00. <\/strong>Prosimy przynie\u015b\u0107 ze sob\u0105 \u015bwiece na odnowienie przyrzecze\u0144 chrztu \u015bwi\u0119tego. Zapraszamy osoby ch\u0119tne do pos\u0142ugi S\u0142owu Bo\u017cemu w czasie tej pi\u0119kniej i uroczystej liturgii jako lektorzy i kantorzy.<\/p>\n<p>W\u00a0<strong>Uroczysto\u015b\u0107 Zmartwychwstania Pa\u0144skiego\u00a0o godzinie 6.00 Rezurekcja z procesj\u0105. Pozosta\u0142e Msze \u015bwi\u0119te o godzinie 10.00 i 18.00. <\/strong>(Nie b\u0119dzie Mszy \u015bw. o godzinie 8.30).<\/p>\n<p>W\u00a0<strong>Poniedzia\u0142ek Wielkanocny<\/strong> Msze \u015bwi\u0119te o godzinie <strong>8.30, 10.00 i 18.00<\/strong>.<\/p>\n<p>Mo\u017cliwo\u015b\u0107 skorzystania z Sakramentu Pokuty b\u0119dzie do \u015brody przed- oraz po Mszach \u015bwi\u0119tych.<\/p>\n<h2><strong>Pytania o terminy Mszy \u015bwi\u0119tych prosimy kierowa\u0107 na poczt\u0119 <\/strong><a href=\"&#x6d;&#x61;&#x69;&#x6c;&#x74;&#x6f;&#x3a;&#x72;&#x65;&#x6b;&#x74;&#x6f;&#x72;&#x61;&#116;&#107;&#111;&#115;&#99;&#105;&#111;&#108;&#97;&#64;&#98;onifratr&#x7a;&#x79;&#x2e;&#x70;&#x6c;\">rektoratkosciola<\/a><a href=\"&#x6d;&#x61;&#105;&#108;&#116;o&#x3a;&#x72;&#x65;&#107;&#116;or&#x61;&#x74;&#x6b;&#111;&#115;c&#x69;&#x6f;&#x6c;&#97;&#64;&#98;o&#x6e;&#x69;&#x66;&#114;&#97;tr&#x7a;&#x79;&#x2e;&#112;&#108;\">@bonifratrzy.pl<\/a><\/h2>\n<h2><strong>lub numer <\/strong><strong>telefonu 789-294-030<\/strong><\/h2>\n<p style=\"text-align: justify;\"><img loading=\"lazy\" decoding=\"async\" class=\"wp-image-179 alignleft\" src=\"https:\/\/bonifratrzy.pl\/klasztor-warszawa-bonifraterska\/wp-content\/uploads\/sites\/18\/2024\/02\/Parafia-Nawiedzenia-NMP_1-300x64.png\" alt=\"\" width=\"1149\" height=\"245\" srcset=\"https:\/\/bonifratrzy.pl\/klasztor-warszawa-bonifraterska\/wp-content\/uploads\/sites\/18\/2024\/02\/Parafia-Nawiedzenia-NMP_1-300x64.png 300w, https:\/\/bonifratrzy.pl\/klasztor-warszawa-bonifraterska\/wp-content\/uploads\/sites\/18\/2024\/02\/Parafia-Nawiedzenia-NMP_1-1024x218.png 1024w, https:\/\/bonifratrzy.pl\/klasztor-warszawa-bonifraterska\/wp-content\/uploads\/sites\/18\/2024\/02\/Parafia-Nawiedzenia-NMP_1-768x163.png 768w, https:\/\/bonifratrzy.pl\/klasztor-warszawa-bonifraterska\/wp-content\/uploads\/sites\/18\/2024\/02\/Parafia-Nawiedzenia-NMP_1.png 1316w\" sizes=\"(max-width: 1149px) 100vw, 1149px\" \/><\/p>\n<p style=\"padding-left: 60px;\"><strong>\u00a0<\/strong><\/p>\n\n\n<p>&nbsp;<\/p>\n<p>&nbsp;<\/p>\n<p>&nbsp;<\/p>\n\n\n\n<p><a href=\"https:\/\/bonifratrzy.pl\/klasztor-warszawa-bonifraterska\/wp-content\/uploads\/sites\/18\/2024\/10\/Standardy-Ochrony-Maloletnich-kosciola-rektorskiego-sw.-Jana-Bozego.pdf\">Standardy ochrony ma\u0142oletnich ko\u015bcio\u0142a rektorskiego \u015bw. Jana Bo\u017cego\u00a0<\/a><\/p>\n","protected":false},"excerpt":{"rendered":"<p>Msze \u015bwi\u0119te: niedziela i \u015bwi\u0119ta: 8.30, 10.00, 18.00dni powszednie: 7.30 tel. 789 294 030 Nabo\u017ce\u0144stwa w Wielkim Po\u015bcie: Droga Krzy\u017cowa\u00a0\u00a0\u00a0 pi\u0105tki: 17.30 Gorzkie \u017bale\u00a0\u00a0\u00a0\u00a0\u00a0 niedziele: 17.30 \u00a0 \u00a0 \u00a0 TRIDUUM PASCHALNE \u2013 PORZ\u0104DEK NABO\u017bE\u0143STW \u00a0W\u00a0Wielki Czwartek Msza \u015bw. Wieczerzy Pa\u0144skiej o godz. 18.00.\u00a0Jest to dzie\u0144 naszej wdzi\u0119czno\u015bci za dar Sakramentu Eucharystii i Sakramentu Kap\u0142a\u0144stwa. Po [&hellip;]<\/p>\n","protected":false},"author":1,"featured_media":0,"parent":0,"menu_order":0,"comment_status":"closed","ping_status":"closed","template":"page-big-head-no-sidebar.php","meta":{"footnotes":""},"_links":{"self":[{"href":"https:\/\/bonifratrzy.pl\/klasztor-warszawa-bonifraterska\/wp-json\/wp\/v2\/pages\/7"}],"collection":[{"href":"https:\/\/bonifratrzy.pl\/klasztor-warszawa-bonifraterska\/wp-json\/wp\/v2\/pages"}],"about":[{"href":"https:\/\/bonifratrzy.pl\/klasztor-warszawa-bonifraterska\/wp-json\/wp\/v2\/types\/page"}],"author":[{"embeddable":true,"href":"https:\/\/bonifratrzy.pl\/klasztor-warszawa-bonifraterska\/wp-json\/wp\/v2\/users\/1"}],"replies":[{"embeddable":true,"href":"https:\/\/bonifratrzy.pl\/klasztor-warszawa-bonifraterska\/wp-json\/wp\/v2\/comments?post=7"}],"version-history":[{"count":37,"href":"https:\/\/bonifratrzy.pl\/klasztor-warszawa-bonifraterska\/wp-json\/wp\/v2\/pages\/7\/revisions"}],"predecessor-version":[{"id":213,"href":"https:\/\/bonifratrzy.pl\/klasztor-warszawa-bonifraterska\/wp-json\/wp\/v2\/pages\/7\/revisions\/213"}],"wp:attachment":[{"href":"https:\/\/bonifratrzy.pl\/klasztor-warszawa-bonifraterska\/wp-json\/wp\/v2\/media?parent=7"}],"curies":[{"name":"wp","href":"https:\/\/api.w.org\/{rel}","templated":true}]}}