{"id":5,"date":"2016-01-19T13:22:32","date_gmt":"2016-01-19T12:22:32","guid":{"rendered":"https:\/\/bonifratrzy.pl\/klasztor-warszawa-bonifraterska\/?page_id=5"},"modified":"2023-01-10T16:52:00","modified_gmt":"2023-01-10T15:52:00","slug":"o-klasztorze","status":"publish","type":"page","link":"https:\/\/bonifratrzy.pl\/klasztor-warszawa-bonifraterska\/","title":{"rendered":"Rektor Ko\u015bcio\u0142a pw. \u015bw. Jana Bo\u017cego i \u015bw. Andrzeja Aposto\u0142a w Warszawie"},"content":{"rendered":"<p>&nbsp;<\/p>\n<p>&nbsp;<\/p>\n<div class=\"su-row\"><div class=\"su-column su-column-size-1-4\"><div class=\"su-column-inner su-u-clearfix su-u-trim\">\n<p><img loading=\"lazy\" decoding=\"async\" class=\"alignnone wp-image-157 size-medium\" title=\"Rektor ko\u015bcio\u0142a - Brat Teodor Ksi\u0105\u017ckiewicz OH, sac. \" src=\"https:\/\/bonifratrzy.pl\/klasztor-warszawa-bonifraterska\/wp-content\/uploads\/sites\/18\/2023\/01\/Hubert--298x300.jpg\" alt=\"\" width=\"298\" height=\"300\" srcset=\"https:\/\/bonifratrzy.pl\/klasztor-warszawa-bonifraterska\/wp-content\/uploads\/sites\/18\/2023\/01\/Hubert--298x300.jpg 298w, https:\/\/bonifratrzy.pl\/klasztor-warszawa-bonifraterska\/wp-content\/uploads\/sites\/18\/2023\/01\/Hubert--1015x1024.jpg 1015w, https:\/\/bonifratrzy.pl\/klasztor-warszawa-bonifraterska\/wp-content\/uploads\/sites\/18\/2023\/01\/Hubert--150x150.jpg 150w, https:\/\/bonifratrzy.pl\/klasztor-warszawa-bonifraterska\/wp-content\/uploads\/sites\/18\/2023\/01\/Hubert--768x774.jpg 768w, https:\/\/bonifratrzy.pl\/klasztor-warszawa-bonifraterska\/wp-content\/uploads\/sites\/18\/2023\/01\/Hubert--1523x1536.jpg 1523w, https:\/\/bonifratrzy.pl\/klasztor-warszawa-bonifraterska\/wp-content\/uploads\/sites\/18\/2023\/01\/Hubert--45x45.jpg 45w, https:\/\/bonifratrzy.pl\/klasztor-warszawa-bonifraterska\/wp-content\/uploads\/sites\/18\/2023\/01\/Hubert-.jpg 1789w\" sizes=\"(max-width: 298px) 100vw, 298px\" \/><\/p>\n<\/div><\/div> <div class=\"su-column su-column-size-3-4\"><div class=\"su-column-inner su-u-clearfix su-u-trim\">\n<h2><strong>Brat Hubert OH, sac. <\/strong><\/h2>\n<h2>Andrzej Matusiewicz<\/h2>\n<p>ur. 4.07.1950 r., Fajs\u0142awice<br \/>\nwst. 15.09.1973 r., ob\u0142. 1.02.1974 r.<br \/>\n\u015bl. czas. 02.02.1976 r., \u015bl. wiecz. 3.05.1980 r.,<br \/>\n\u015bw. kap\u0142a\u0144ski 7.06.1981 r. Warszawa<\/p>\n<p>Imieniny 3 listopada<\/p>\n<\/div><\/div><\/div>\n<h2><\/h2>\n<p>&nbsp;<\/p>\n","protected":false},"excerpt":{"rendered":"<p>&nbsp; &nbsp; &nbsp;<\/p>\n","protected":false},"author":1,"featured_media":0,"parent":0,"menu_order":0,"comment_status":"closed","ping_status":"closed","template":"page-home.php","meta":{"footnotes":""},"_links":{"self":[{"href":"https:\/\/bonifratrzy.pl\/klasztor-warszawa-bonifraterska\/wp-json\/wp\/v2\/pages\/5"}],"collection":[{"href":"https:\/\/bonifratrzy.pl\/klasztor-warszawa-bonifraterska\/wp-json\/wp\/v2\/pages"}],"about":[{"href":"https:\/\/bonifratrzy.pl\/klasztor-warszawa-bonifraterska\/wp-json\/wp\/v2\/types\/page"}],"author":[{"embeddable":true,"href":"https:\/\/bonifratrzy.pl\/klasztor-warszawa-bonifraterska\/wp-json\/wp\/v2\/users\/1"}],"replies":[{"embeddable":true,"href":"https:\/\/bonifratrzy.pl\/klasztor-warszawa-bonifraterska\/wp-json\/wp\/v2\/comments?post=5"}],"version-history":[{"count":17,"href":"https:\/\/bonifratrzy.pl\/klasztor-warszawa-bonifraterska\/wp-json\/wp\/v2\/pages\/5\/revisions"}],"predecessor-version":[{"id":160,"href":"https:\/\/bonifratrzy.pl\/klasztor-warszawa-bonifraterska\/wp-json\/wp\/v2\/pages\/5\/revisions\/160"}],"wp:attachment":[{"href":"https:\/\/bonifratrzy.pl\/klasztor-warszawa-bonifraterska\/wp-json\/wp\/v2\/media?parent=5"}],"curies":[{"name":"wp","href":"https:\/\/api.w.org\/{rel}","templated":true}]}}