{"id":13,"date":"2016-01-19T13:26:16","date_gmt":"2016-01-19T12:26:16","guid":{"rendered":"https:\/\/bonifratrzy.pl\/klasztor-warszawa-bonifraterska\/?page_id=13"},"modified":"2025-12-17T10:05:46","modified_gmt":"2025-12-17T09:05:46","slug":"kontakt","status":"publish","type":"page","link":"https:\/\/bonifratrzy.pl\/klasztor-warszawa-bonifraterska\/kontakt\/","title":{"rendered":"Kontakt"},"content":{"rendered":"<h4>Ko\u015bci\u00f3\u0142 pw. \u015bw. Jana Bo\u017cego i Andrzeja Aposto\u0142a<\/h4>\n<p>ul. Bonifraterska 12, 00-213 Warszawa<br \/>\ntel.:\u00a0 789 294 030<br \/>\ne-mail: <a href=\"&#x6d;&#x61;&#x69;&#x6c;&#x74;&#x6f;&#x3a;&#x72;&#x65;&#x6b;&#x74;&#x6f;&#x72;&#x61;&#x74;&#x6b;&#x6f;&#x73;&#x63;&#x69;&#x6f;&#x6c;&#x61;&#x40;&#x62;&#x6f;&#x6e;&#x69;&#x66;&#x72;&#x61;&#x74;&#x72;&#x7a;&#x79;&#x2e;&#x70;&#x6c;\">rektoratkosciola<\/a><a href=\"ma&#105;&#108;&#116;&#x6f;&#x3a;&#x72;&#x65;&#x6b;to&#114;&#97;&#116;&#x6b;&#x6f;&#x73;&#x63;&#x69;ol&#97;&#64;&#98;&#x6f;&#x6e;&#x69;&#x66;&#x72;at&#114;&#122;&#121;&#x2e;&#x70;&#x6c;\">@bonifratrzy.pl<\/a><\/p>\n<p><strong>Pytania o terminy Mszy \u015bwi\u0119tych prosimy kierowa\u0107 na poczt\u0119 <\/strong><a href=\"&#x6d;&#x61;&#x69;&#x6c;&#x74;&#x6f;&#x3a;&#x72;&#101;&#107;&#116;&#111;&#114;&#97;&#116;kosc&#x69;&#x6f;&#x6c;&#x61;&#x40;&#x62;&#x6f;&#x6e;&#x69;&#102;&#114;&#97;&#116;&#114;&#122;&#121;&#46;pl\">rektoratkosciola<\/a><a href=\"&#x6d;&#x61;&#x69;&#108;&#116;o:&#x72;&#x65;&#x6b;&#x74;&#111;&#114;at&#x6b;&#x6f;&#x73;&#99;&#105;&#111;la&#x40;&#x62;&#x6f;&#110;&#105;fr&#x61;&#x74;&#x72;&#x7a;&#121;&#46;pl\">@bonifratrzy.pl<\/a><strong>\u00a0lub numer telefonu 789-294-030<\/strong><\/p>\n<p><img loading=\"lazy\" decoding=\"async\" class=\"alignnone wp-image-179\" src=\"https:\/\/bonifratrzy.pl\/klasztor-warszawa-bonifraterska\/wp-content\/uploads\/sites\/18\/2024\/02\/Parafia-Nawiedzenia-NMP_1-300x64.png\" alt=\"\" width=\"830\" height=\"177\" srcset=\"https:\/\/bonifratrzy.pl\/klasztor-warszawa-bonifraterska\/wp-content\/uploads\/sites\/18\/2024\/02\/Parafia-Nawiedzenia-NMP_1-300x64.png 300w, https:\/\/bonifratrzy.pl\/klasztor-warszawa-bonifraterska\/wp-content\/uploads\/sites\/18\/2024\/02\/Parafia-Nawiedzenia-NMP_1-1024x218.png 1024w, https:\/\/bonifratrzy.pl\/klasztor-warszawa-bonifraterska\/wp-content\/uploads\/sites\/18\/2024\/02\/Parafia-Nawiedzenia-NMP_1-768x163.png 768w, https:\/\/bonifratrzy.pl\/klasztor-warszawa-bonifraterska\/wp-content\/uploads\/sites\/18\/2024\/02\/Parafia-Nawiedzenia-NMP_1.png 1316w\" sizes=\"(max-width: 830px) 100vw, 830px\" \/><\/p>\n<p><a href=\"https:\/\/bonifratrzy.pl\/klasztor-warszawa-bonifraterska\/wp-content\/uploads\/sites\/18\/2024\/10\/Standardy-Ochrony-Maloletnich-kosciola-rektorskiego-sw.-Jana-Bozego.pdf\">Standardy ochrony ma\u0142oletnich ko\u015bcio\u0142a rektorskiego \u015bw. Jana Bo\u017cego<\/a><\/p>\n<p><strong>Archidiecezja Warszawska<\/strong><\/p>\n<div class=\"su-gmap su-u-responsive-media-yes\"><iframe loading=\"lazy\" width=\"820\" height=\"400\" src=\"\/\/maps.google.com\/maps?q=ul.%20Bonifraterska%2012%2C%2000-213%20Warszawa&amp;output=embed\" title=\"\"><\/iframe><\/div>\n","protected":false},"excerpt":{"rendered":"<p>Ko\u015bci\u00f3\u0142 pw. \u015bw. Jana Bo\u017cego i Andrzeja Aposto\u0142a ul. Bonifraterska 12, 00-213 Warszawa tel.:\u00a0 789 294 030 e-mail: &#114;&#x65;k&#x74;&#x6f;&#114;&#x61;t&#x6b;&#x6f;&#115;&#x63;i&#x6f;&#x6c;&#97;&#x40;b&#x6f;&#x6e;&#105;&#x66;r&#x61;&#x74;&#114;&#x7a;y&#x2e;&#x70;&#108; Pytania o terminy Mszy \u015bwi\u0119tych prosimy kierowa\u0107 na poczt\u0119 rek&#116;&#111;&#114;&#x61;&#x74;&#x6b;&#x6f;&#x73;&#x63;iol&#97;&#64;&#98;&#111;&#x6e;&#x69;&#x66;&#x72;&#x61;&#x74;rzy&#46;&#112;&#108;\u00a0lub numer telefonu 789-294-030 Standardy ochrony ma\u0142oletnich ko\u015bcio\u0142a rektorskiego \u015bw. Jana Bo\u017cego Archidiecezja Warszawska<\/p>\n","protected":false},"author":1,"featured_media":0,"parent":0,"menu_order":0,"comment_status":"closed","ping_status":"closed","template":"page-big-head.php","meta":{"footnotes":""},"_links":{"self":[{"href":"https:\/\/bonifratrzy.pl\/klasztor-warszawa-bonifraterska\/wp-json\/wp\/v2\/pages\/13"}],"collection":[{"href":"https:\/\/bonifratrzy.pl\/klasztor-warszawa-bonifraterska\/wp-json\/wp\/v2\/pages"}],"about":[{"href":"https:\/\/bonifratrzy.pl\/klasztor-warszawa-bonifraterska\/wp-json\/wp\/v2\/types\/page"}],"author":[{"embeddable":true,"href":"https:\/\/bonifratrzy.pl\/klasztor-warszawa-bonifraterska\/wp-json\/wp\/v2\/users\/1"}],"replies":[{"embeddable":true,"href":"https:\/\/bonifratrzy.pl\/klasztor-warszawa-bonifraterska\/wp-json\/wp\/v2\/comments?post=13"}],"version-history":[{"count":19,"href":"https:\/\/bonifratrzy.pl\/klasztor-warszawa-bonifraterska\/wp-json\/wp\/v2\/pages\/13\/revisions"}],"predecessor-version":[{"id":216,"href":"https:\/\/bonifratrzy.pl\/klasztor-warszawa-bonifraterska\/wp-json\/wp\/v2\/pages\/13\/revisions\/216"}],"wp:attachment":[{"href":"https:\/\/bonifratrzy.pl\/klasztor-warszawa-bonifraterska\/wp-json\/wp\/v2\/media?parent=13"}],"curies":[{"name":"wp","href":"https:\/\/api.w.org\/{rel}","templated":true}]}}