{"id":11,"date":"2016-01-19T13:25:13","date_gmt":"2016-01-19T12:25:13","guid":{"rendered":"https:\/\/bonifratrzy.pl\/klasztor-warszawa-bonifraterska\/?page_id=11"},"modified":"2024-11-19T09:50:17","modified_gmt":"2024-11-19T08:50:17","slug":"historia-klasztoru","status":"publish","type":"page","link":"https:\/\/bonifratrzy.pl\/klasztor-warszawa-bonifraterska\/historia-klasztoru\/","title":{"rendered":"Historia klasztoru"},"content":{"rendered":"<p>Bonifratrzy przybyli do Warszawy w roku 1649 dzi\u0119ki fundacji Bogus\u0142awa Leszczy\u0144skiego, wspieranej materialnie i duchowo przez opata p\u0142ockiego, p\u00f3\u017aniejszego biskupa kijowskiego Tomasza Ujejskiego. Dzi\u0119ki ho<img loading=\"lazy\" decoding=\"async\" class=\"alignleft wp-image-114 size-medium\" src=\"https:\/\/bonifratrzy.pl\/klasztor-warszawa-bonifraterska\/wp-content\/uploads\/sites\/18\/2016\/01\/bonifratrzy-kosciol-rektorski-jana-bozego-225x300.jpg\" alt=\"Bonifratrzy Ko\u015bci\u00f3\u0142 Rektorski Jana Bo\u017cego\" width=\"225\" height=\"300\" srcset=\"https:\/\/bonifratrzy.pl\/klasztor-warszawa-bonifraterska\/wp-content\/uploads\/sites\/18\/2016\/01\/bonifratrzy-kosciol-rektorski-jana-bozego-225x300.jpg 225w, https:\/\/bonifratrzy.pl\/klasztor-warszawa-bonifraterska\/wp-content\/uploads\/sites\/18\/2016\/01\/bonifratrzy-kosciol-rektorski-jana-bozego.jpg 350w\" sizes=\"(max-width: 225px) 100vw, 225px\" \/>jnemu zapisowi braci Morsztyn\u00f3w &#8211; \u0142owczego koronnego Tobiasza i referendarza Jana, w 1664 roku przenie\u015bli si\u0119 z odleg\u0142ego w\u00f3wczas Leszna na teren obecnego Ogrodu Saskiego, by w ko\u0144cu w roku 1728 za panowania Augusta II Mocnego, kt\u00f3ry pokry\u0142 koszty budowy, osi\u0105\u015b\u0107 na sta\u0142e w nowej siedzibie, zaprojektowanej przez s\u0142ynnych pod\u00f3wczas architekt\u00f3w J\u00f3zefa Fontan\u0119 i Antoniego Solariego, przy obecnej ulicy Bonifraterskiej. Z czasem konwent warszawski sta\u0142 si\u0119 siedzib\u0105 prowincja\u0142\u00f3w.<\/p>\n<p>Za przyk\u0142adem za\u0142o\u017cyciela zakonu \u015bw. Jana Bo\u017cego bracia wychodzili na ulice Warszawy i zabierali do swego szpitala najubo\u017cszych chorych, kt\u00f3rych z wie1k\u0105 bieg\u0142o\u015bci\u0105 leczyli, karmili i \u015bwiadczyli im wszelk\u0105 pomoc. Jednym z najznamienitszych lekarzy w bonifraterskim szpitalu by\u0142 brat Ludwik Perzyna, autor dzie\u0142 z zakresu anatomii, po\u0142o\u017cnictwa, chirurgii i higieny.<\/p>\n<p>Jako znakomici sanitariusze Bonifratrzy warszawscy wzywani byli na wyprawy wojenne, \u015bwiadczy1i te\u017c pomoc &#8211; nie tylko medyczn\u0105, -powsta\u0144com z 1831 i 1863 roku, co sprowadza\u0142o na braci liczne represje ze strony w\u0142adz carskich. W roku 1865, po st\u0142umieniu. Powstania Styczniowego, na mocy dekretu cara Aleksandra II dokonano kasaty klasztor\u00f3w bonifraterskich w zaborze rosyjskim, w tym konwentu warszawskiego. Zniszczono lub wywieziono wi\u0119kszo\u015b\u0107 klasztornego archiwum, a szpital przekazano w\u0142adzom \u015bwieckim.<\/p>\n<p>II wojna \u015bwiatowa, a zw\u0142aszcza Powstanie Warszawskie, podczas kt\u00f3rego szpital bonifratr\u00f3w by\u0142 jednym z g\u0142\u00f3wnych punkt\u00f3w obronnych grupy &#8222;\u015ar\u00f3dmie\u015bcie&#8221;, zamieni\u0142y klasztor, szpital i ko\u015bci\u00f3\u0142 w stert\u0119 gruz\u00f3w.<\/p>\n<p>Po wojnie na polecenie Prymasa Polski Augusta kard. Hlonda, potwierdzone nast\u0119pnie przez Stefana kard. Wyszy\u0144skiego, bonifratrzy powr\u00f3cili do Warszawy i niezw\u0142ocznie zabrali si\u0119 najpierw do odgruzowania, a p\u00f3\u017aniej odbudowy ko\u015bcio\u0142a, w czym znaczny udzia\u0142 mieli ojcowie Linus Danel i Serafin Kloc. Z czasem bracia odbudowali cz\u0119\u015b\u0107 klasztoru, gdzie mogli zamieszka\u0107, oraz niewielki, przylegaj\u0105cy do ko\u015bcio\u0142a cz\u0119\u015b\u0107 dawnych skrzyde\u0142 szpitala, kt\u00f3r\u0105 jednak zaj\u0119\u0142y w\u0142adze \u015bwieckie. Zas\u0142u\u017cony, od ponad 200 lat zwi\u0105zany z Warszaw\u0105 Szpital \u015bw. Jana Bo\u017cego przy ulicy Bonifraterskiej, kt\u00f3ry w czasie wojny podzieli\u0142 tragiczny los miasta, nie zosta\u0142 po wojnie odbudowany. Na nale\u017c\u0105cym do braci, placu wzniesiono osiedle mieszkaniowe.<\/p>\n<p>W roku 1969 decyzj\u0105 w\u0142adz Archidiecezji Warszawskiej utworzono w konwencie samodzielny rektorat, a pierwszym rektorem zosta\u0142 zas\u0142u\u017cony o. Serafin Kloc, kt\u00f3ry jako prowincja\u0142 przeni\u00f3s\u0142 w 1972 roku Urz\u0105d Prowincjalski z Krakowa do Warszawy. Sylwetka O. Serafina znajduje si\u0119 w linku pod artyku\u0142em. W roku 1976 \u00f3wczesny Prymas Polski &#8211; Stefan kard. Wyszy\u0144ski erygowa\u0142 parafi\u0119 p.w. \u015bw. Jana Bo\u017cego, a jej pierwszym proboszczem zosta\u0142 o. Teodor Ksi\u0105\u017ckiewicz.<\/p>\n<p>Od 1982 roku do wczesnych lat dziewi\u0119\u0107dziesi\u0105tych istnia\u0142 przy konwencie punkt wydawania lek\u00f3w z dar\u00f3w oraz apteka i punkt poradnictwa zio\u0142oleczniczego. Parafia p.w. \u015bw. Jana Bo\u017cego prowadzona by\u0142a przez wsp\u00f3lnot\u0119 bonifratersk\u0105 do ko\u0144ca 2013 roku. 1 stycznia 2014 roku, zgodnie z decyzj\u0105\u00a0 Zarz\u0105du Generalnego i Zarz\u0105du Prowincji Polskiej Zakonu Szpitalnego, zosta\u0142a przekazana Diecezji Warszawskiej. Obecnie jest to ko\u015bci\u00f3\u0142 rektorski.<\/p>\n<p><a href=\"https:\/\/bonifratrzy.pl\/klasztor-warszawa-bonifraterska\/wp-content\/uploads\/sites\/18\/2024\/11\/O.-SERAFIN-KLOC-pierwszy-duszpasterz-odbudowanego-kosciola.pdf\">O. Serafin Kloc &#8211; pierwszy duszpasterz odbudowanego ko\u015bcio\u0142a<\/a><\/p>\n","protected":false},"excerpt":{"rendered":"<p>Bonifratrzy przybyli do Warszawy w roku 1649 dzi\u0119ki fundacji Bogus\u0142awa Leszczy\u0144skiego, wspieranej materialnie i duchowo przez opata p\u0142ockiego, p\u00f3\u017aniejszego biskupa kijowskiego Tomasza Ujejskiego. Dzi\u0119ki hojnemu zapisowi braci Morsztyn\u00f3w &#8211; \u0142owczego koronnego Tobiasza i referendarza Jana, w 1664 roku przenie\u015bli si\u0119 z odleg\u0142ego w\u00f3wczas Leszna na teren obecnego Ogrodu Saskiego, by w ko\u0144cu w roku 1728 [&hellip;]<\/p>\n","protected":false},"author":1,"featured_media":0,"parent":0,"menu_order":0,"comment_status":"closed","ping_status":"closed","template":"page-big-head-no-sidebar.php","meta":{"footnotes":""},"_links":{"self":[{"href":"https:\/\/bonifratrzy.pl\/klasztor-warszawa-bonifraterska\/wp-json\/wp\/v2\/pages\/11"}],"collection":[{"href":"https:\/\/bonifratrzy.pl\/klasztor-warszawa-bonifraterska\/wp-json\/wp\/v2\/pages"}],"about":[{"href":"https:\/\/bonifratrzy.pl\/klasztor-warszawa-bonifraterska\/wp-json\/wp\/v2\/types\/page"}],"author":[{"embeddable":true,"href":"https:\/\/bonifratrzy.pl\/klasztor-warszawa-bonifraterska\/wp-json\/wp\/v2\/users\/1"}],"replies":[{"embeddable":true,"href":"https:\/\/bonifratrzy.pl\/klasztor-warszawa-bonifraterska\/wp-json\/wp\/v2\/comments?post=11"}],"version-history":[{"count":7,"href":"https:\/\/bonifratrzy.pl\/klasztor-warszawa-bonifraterska\/wp-json\/wp\/v2\/pages\/11\/revisions"}],"predecessor-version":[{"id":210,"href":"https:\/\/bonifratrzy.pl\/klasztor-warszawa-bonifraterska\/wp-json\/wp\/v2\/pages\/11\/revisions\/210"}],"wp:attachment":[{"href":"https:\/\/bonifratrzy.pl\/klasztor-warszawa-bonifraterska\/wp-json\/wp\/v2\/media?parent=11"}],"curies":[{"name":"wp","href":"https:\/\/api.w.org\/{rel}","templated":true}]}}