{"id":71,"date":"2017-12-13T15:20:12","date_gmt":"2017-12-13T14:20:12","guid":{"rendered":"https:\/\/bonifratrzy.pl\/klasztor-prudnik\/?page_id=71"},"modified":"2019-10-17T09:32:53","modified_gmt":"2019-10-17T07:32:53","slug":"konserwacja-ksiag-chorych-i-ksiegi-mszalnej","status":"publish","type":"page","link":"https:\/\/bonifratrzy.pl\/klasztor-prudnik\/archiwum-konwentu\/konserwacja-ksiag-chorych-i-ksiegi-mszalnej\/","title":{"rendered":"Konserwacja ksi\u0105g chorych i ksi\u0119gi mszalnej"},"content":{"rendered":"<p>W roku 2017 Konwent OO. Bonifratr\u00f3w w Prudniku realizowa\u0142 przy wsp\u00f3\u0142udziale \u015brodk\u00f3w naczelnej Dyrekcji Archiw\u00f3w Pa\u0144stwowych\u00a0 <img loading=\"lazy\" decoding=\"async\" class=\"alignright wp-image-113\" src=\"https:\/\/bonifratrzy.pl\/klasztor-prudnik\/wp-content\/uploads\/sites\/15\/2017\/12\/Logo-NDAP-300x175.jpg\" alt=\"\" width=\"178\" height=\"104\" srcset=\"https:\/\/bonifratrzy.pl\/klasztor-prudnik\/wp-content\/uploads\/sites\/15\/2017\/12\/Logo-NDAP-300x175.jpg 300w, https:\/\/bonifratrzy.pl\/klasztor-prudnik\/wp-content\/uploads\/sites\/15\/2017\/12\/Logo-NDAP-768x448.jpg 768w, https:\/\/bonifratrzy.pl\/klasztor-prudnik\/wp-content\/uploads\/sites\/15\/2017\/12\/Logo-NDAP-1024x598.jpg 1024w, https:\/\/bonifratrzy.pl\/klasztor-prudnik\/wp-content\/uploads\/sites\/15\/2017\/12\/Logo-NDAP.jpg 1817w\" sizes=\"(max-width: 178px) 100vw, 178px\" \/>\u00a0projekt <em>Pe\u0142na konserwacja trzech r\u0119kopis\u00f3w oprawnych \u2013 ksi\u0105g chorych sygn. AKBP 881 i AKBP 886 oraz ksi\u0119gi intencji mszalnych sygn. AKBP 66<\/em>.<\/p>\n<p>W ramach projektu wykonano kompleksow\u0105 konserwacj\u0119 trzech r\u0119kopis\u00f3w oprawnych osiemnasto- i dziewi\u0119tnastowiecznych: ksi\u0119gi chorych z lat 1766\u20131791 (sygn. AKBP 881), ksi\u0119gi chorych z lat 1827\u20131833 (sygn. AKBP 886) oraz ksi\u0119gi intencji mszalnych z lat 1788\u20131818 (sygn. AKBP 66).<\/p>\n<p>Koszt ca\u0142o\u015bci prac zamkn\u0105\u0142 si\u0119 w kwocie 41\u00a0000 z\u0142<\/p>\n<p>Zadanie zosta\u0142o sfinansowane w 87,56% ze \u015brodk\u00f3w publicznych w formie dofinansowania w ramach otwartego konkursu ofert na realizacj\u0119 zadania publicznego <em>Wspieranie dzia\u0142a\u0144 archiwalnych 2017<\/em>, organizowanego przez Naczelnego Dyrektora Archiw\u00f3w Pa\u0144stwowych.<\/p>\n<p>Poni\u017cej przedstawiono zdj\u0119cia obiekt\u00f3w przed konserwacj\u0105, w trakcie prac konserwatorskich i po konserwacji<\/p>\n<p>Ksi\u0119ga chorych sygn. AKBP\u00a0 \u00a0881 przed\u00a0 i\u00a0 po\u00a0 konserwacji<\/p>\n<p><a href=\"https:\/\/bonifratrzy.pl\/klasztor-prudnik\/wp-content\/uploads\/sites\/15\/2017\/12\/AKBP-881-1-3.jpg\"><img loading=\"lazy\" decoding=\"async\" class=\"wp-image-94 alignleft\" src=\"https:\/\/bonifratrzy.pl\/klasztor-prudnik\/wp-content\/uploads\/sites\/15\/2017\/12\/AKBP-881-1-3-217x300.jpg\" alt=\"\" width=\"141\" height=\"195\" srcset=\"https:\/\/bonifratrzy.pl\/klasztor-prudnik\/wp-content\/uploads\/sites\/15\/2017\/12\/AKBP-881-1-3-217x300.jpg 217w, https:\/\/bonifratrzy.pl\/klasztor-prudnik\/wp-content\/uploads\/sites\/15\/2017\/12\/AKBP-881-1-3.jpg 408w\" sizes=\"(max-width: 141px) 100vw, 141px\" \/><\/a><\/p>\n<p><a href=\"https:\/\/bonifratrzy.pl\/klasztor-prudnik\/wp-content\/uploads\/sites\/15\/2017\/12\/AKBP-881-1-4.jpg\"><img loading=\"lazy\" decoding=\"async\" class=\" wp-image-95 alignleft\" src=\"https:\/\/bonifratrzy.pl\/klasztor-prudnik\/wp-content\/uploads\/sites\/15\/2017\/12\/AKBP-881-1-4-300x217.jpg\" alt=\"\" width=\"270\" height=\"195\" srcset=\"https:\/\/bonifratrzy.pl\/klasztor-prudnik\/wp-content\/uploads\/sites\/15\/2017\/12\/AKBP-881-1-4-300x217.jpg 300w, https:\/\/bonifratrzy.pl\/klasztor-prudnik\/wp-content\/uploads\/sites\/15\/2017\/12\/AKBP-881-1-4-768x555.jpg 768w, https:\/\/bonifratrzy.pl\/klasztor-prudnik\/wp-content\/uploads\/sites\/15\/2017\/12\/AKBP-881-1-4.jpg 782w\" sizes=\"(max-width: 270px) 100vw, 270px\" \/><\/a> <a href=\"https:\/\/bonifratrzy.pl\/klasztor-prudnik\/wp-content\/uploads\/sites\/15\/2017\/12\/AKBP-881-1-1.jpg\"><img loading=\"lazy\" decoding=\"async\" class=\" wp-image-93 alignleft\" src=\"https:\/\/bonifratrzy.pl\/klasztor-prudnik\/wp-content\/uploads\/sites\/15\/2017\/12\/AKBP-881-1-1-300x217.jpg\" alt=\"\" width=\"270\" height=\"195\" srcset=\"https:\/\/bonifratrzy.pl\/klasztor-prudnik\/wp-content\/uploads\/sites\/15\/2017\/12\/AKBP-881-1-1-300x217.jpg 300w, https:\/\/bonifratrzy.pl\/klasztor-prudnik\/wp-content\/uploads\/sites\/15\/2017\/12\/AKBP-881-1-1-768x555.jpg 768w, https:\/\/bonifratrzy.pl\/klasztor-prudnik\/wp-content\/uploads\/sites\/15\/2017\/12\/AKBP-881-1-1.jpg 782w\" sizes=\"(max-width: 270px) 100vw, 270px\" \/><\/a><\/p>\n<p>&nbsp;<\/p>\n<p>&nbsp;<\/p>\n<p>&nbsp;<\/p>\n<p>&nbsp;<\/p>\n<p>&nbsp;<\/p>\n<p>&nbsp;<\/p>\n<p><a href=\"https:\/\/bonifratrzy.pl\/klasztor-prudnik\/wp-content\/uploads\/sites\/15\/2017\/12\/881-po-1.jpg\"><img loading=\"lazy\" decoding=\"async\" class=\" wp-image-90 alignleft\" src=\"https:\/\/bonifratrzy.pl\/klasztor-prudnik\/wp-content\/uploads\/sites\/15\/2017\/12\/881-po-1-300x216.jpg\" alt=\"\" width=\"271\" height=\"196\" srcset=\"https:\/\/bonifratrzy.pl\/klasztor-prudnik\/wp-content\/uploads\/sites\/15\/2017\/12\/881-po-1-300x216.jpg 300w, https:\/\/bonifratrzy.pl\/klasztor-prudnik\/wp-content\/uploads\/sites\/15\/2017\/12\/881-po-1-768x554.jpg 768w, https:\/\/bonifratrzy.pl\/klasztor-prudnik\/wp-content\/uploads\/sites\/15\/2017\/12\/881-po-1.jpg 783w\" sizes=\"(max-width: 271px) 100vw, 271px\" \/><\/a><a href=\"https:\/\/bonifratrzy.pl\/klasztor-prudnik\/wp-content\/uploads\/sites\/15\/2017\/12\/881-po-3.jpg\"><img loading=\"lazy\" decoding=\"async\" class=\"wp-image-91 alignnone\" src=\"https:\/\/bonifratrzy.pl\/klasztor-prudnik\/wp-content\/uploads\/sites\/15\/2017\/12\/881-po-3-217x300.jpg\" alt=\"\" width=\"188\" height=\"260\" srcset=\"https:\/\/bonifratrzy.pl\/klasztor-prudnik\/wp-content\/uploads\/sites\/15\/2017\/12\/881-po-3-217x300.jpg 217w, https:\/\/bonifratrzy.pl\/klasztor-prudnik\/wp-content\/uploads\/sites\/15\/2017\/12\/881-po-3.jpg 408w\" sizes=\"(max-width: 188px) 100vw, 188px\" \/><\/a><a href=\"https:\/\/bonifratrzy.pl\/klasztor-prudnik\/wp-content\/uploads\/sites\/15\/2017\/12\/881-po-4.jpg\"><img loading=\"lazy\" decoding=\"async\" class=\" wp-image-92 alignleft\" src=\"https:\/\/bonifratrzy.pl\/klasztor-prudnik\/wp-content\/uploads\/sites\/15\/2017\/12\/881-po-4-300x216.jpg\" alt=\"\" width=\"268\" height=\"194\" srcset=\"https:\/\/bonifratrzy.pl\/klasztor-prudnik\/wp-content\/uploads\/sites\/15\/2017\/12\/881-po-4-300x216.jpg 300w, https:\/\/bonifratrzy.pl\/klasztor-prudnik\/wp-content\/uploads\/sites\/15\/2017\/12\/881-po-4-768x554.jpg 768w, https:\/\/bonifratrzy.pl\/klasztor-prudnik\/wp-content\/uploads\/sites\/15\/2017\/12\/881-po-4.jpg 783w\" sizes=\"(max-width: 268px) 100vw, 268px\" \/><\/a><\/p>\n<p>Ksi\u0119ga chorych sygn. AKBP 886 przed\u00a0 i po konserwacji<\/p>\n<p><a href=\"https:\/\/bonifratrzy.pl\/klasztor-prudnik\/wp-content\/uploads\/sites\/15\/2017\/12\/AKBP-886-1.jpg\"><img loading=\"lazy\" decoding=\"async\" class=\"wp-image-105 alignleft\" src=\"https:\/\/bonifratrzy.pl\/klasztor-prudnik\/wp-content\/uploads\/sites\/15\/2017\/12\/AKBP-886-1-300x217.jpg\" alt=\"\" width=\"271\" height=\"196\" srcset=\"https:\/\/bonifratrzy.pl\/klasztor-prudnik\/wp-content\/uploads\/sites\/15\/2017\/12\/AKBP-886-1-300x217.jpg 300w, https:\/\/bonifratrzy.pl\/klasztor-prudnik\/wp-content\/uploads\/sites\/15\/2017\/12\/AKBP-886-1-768x555.jpg 768w, https:\/\/bonifratrzy.pl\/klasztor-prudnik\/wp-content\/uploads\/sites\/15\/2017\/12\/AKBP-886-1.jpg 782w\" sizes=\"(max-width: 271px) 100vw, 271px\" \/><\/a><a href=\"https:\/\/bonifratrzy.pl\/klasztor-prudnik\/wp-content\/uploads\/sites\/15\/2017\/12\/AKBP-886-2.jpg\"><img loading=\"lazy\" decoding=\"async\" class=\"wp-image-106 alignleft\" src=\"https:\/\/bonifratrzy.pl\/klasztor-prudnik\/wp-content\/uploads\/sites\/15\/2017\/12\/AKBP-886-2-300x216.jpg\" alt=\"\" width=\"265\" height=\"191\" srcset=\"https:\/\/bonifratrzy.pl\/klasztor-prudnik\/wp-content\/uploads\/sites\/15\/2017\/12\/AKBP-886-2-300x216.jpg 300w, https:\/\/bonifratrzy.pl\/klasztor-prudnik\/wp-content\/uploads\/sites\/15\/2017\/12\/AKBP-886-2-768x553.jpg 768w, https:\/\/bonifratrzy.pl\/klasztor-prudnik\/wp-content\/uploads\/sites\/15\/2017\/12\/AKBP-886-2.jpg 784w\" sizes=\"(max-width: 265px) 100vw, 265px\" \/><\/a><a href=\"https:\/\/bonifratrzy.pl\/klasztor-prudnik\/wp-content\/uploads\/sites\/15\/2017\/12\/AKBP-886-7.jpg\"><img loading=\"lazy\" decoding=\"async\" class=\"wp-image-107 alignleft\" src=\"https:\/\/bonifratrzy.pl\/klasztor-prudnik\/wp-content\/uploads\/sites\/15\/2017\/12\/AKBP-886-7-300x217.jpg\" alt=\"\" width=\"187\" height=\"135\" srcset=\"https:\/\/bonifratrzy.pl\/klasztor-prudnik\/wp-content\/uploads\/sites\/15\/2017\/12\/AKBP-886-7-300x217.jpg 300w, https:\/\/bonifratrzy.pl\/klasztor-prudnik\/wp-content\/uploads\/sites\/15\/2017\/12\/AKBP-886-7-768x555.jpg 768w, https:\/\/bonifratrzy.pl\/klasztor-prudnik\/wp-content\/uploads\/sites\/15\/2017\/12\/AKBP-886-7.jpg 782w\" sizes=\"(max-width: 187px) 100vw, 187px\" \/><\/a><a href=\"https:\/\/bonifratrzy.pl\/klasztor-prudnik\/wp-content\/uploads\/sites\/15\/2017\/12\/AKBP-886-8.jpg\"><img loading=\"lazy\" decoding=\"async\" class=\"wp-image-108 alignleft\" src=\"https:\/\/bonifratrzy.pl\/klasztor-prudnik\/wp-content\/uploads\/sites\/15\/2017\/12\/AKBP-886-8-300x217.jpg\" alt=\"\" width=\"188\" height=\"137\" srcset=\"https:\/\/bonifratrzy.pl\/klasztor-prudnik\/wp-content\/uploads\/sites\/15\/2017\/12\/AKBP-886-8-300x217.jpg 300w, https:\/\/bonifratrzy.pl\/klasztor-prudnik\/wp-content\/uploads\/sites\/15\/2017\/12\/AKBP-886-8-768x555.jpg 768w, https:\/\/bonifratrzy.pl\/klasztor-prudnik\/wp-content\/uploads\/sites\/15\/2017\/12\/AKBP-886-8.jpg 782w\" sizes=\"(max-width: 188px) 100vw, 188px\" \/><\/a><\/p>\n<p>&nbsp;<\/p>\n<p>&nbsp;<\/p>\n<p>&nbsp;<\/p>\n<p>&nbsp;<\/p>\n<p>&nbsp;<\/p>\n<p>&nbsp;<\/p>\n<p>&nbsp;<\/p>\n<p>Ksi\u0119ga intencji mszalnych sygn. AKBP 66 przed\u00a0 i\u00a0 po\u00a0 konserwacji<\/p>\n<p><a href=\"https:\/\/bonifratrzy.pl\/klasztor-prudnik\/wp-content\/uploads\/sites\/15\/2017\/12\/AKBP-66-3.jpg\"><img loading=\"lazy\" decoding=\"async\" class=\" wp-image-87 alignleft\" src=\"https:\/\/bonifratrzy.pl\/klasztor-prudnik\/wp-content\/uploads\/sites\/15\/2017\/12\/AKBP-66-3-300x199.jpg\" alt=\"\" width=\"265\" height=\"176\" srcset=\"https:\/\/bonifratrzy.pl\/klasztor-prudnik\/wp-content\/uploads\/sites\/15\/2017\/12\/AKBP-66-3-300x199.jpg 300w, https:\/\/bonifratrzy.pl\/klasztor-prudnik\/wp-content\/uploads\/sites\/15\/2017\/12\/AKBP-66-3-768x510.jpg 768w, https:\/\/bonifratrzy.pl\/klasztor-prudnik\/wp-content\/uploads\/sites\/15\/2017\/12\/AKBP-66-3.jpg 850w\" sizes=\"(max-width: 265px) 100vw, 265px\" \/><\/a><\/p>\n<p><a href=\"https:\/\/bonifratrzy.pl\/klasztor-prudnik\/wp-content\/uploads\/sites\/15\/2017\/12\/AKBP-66-1.jpg\"><img loading=\"lazy\" decoding=\"async\" class=\" wp-image-85 alignleft\" src=\"https:\/\/bonifratrzy.pl\/klasztor-prudnik\/wp-content\/uploads\/sites\/15\/2017\/12\/AKBP-66-1-300x199.jpg\" alt=\"\" width=\"268\" height=\"178\" srcset=\"https:\/\/bonifratrzy.pl\/klasztor-prudnik\/wp-content\/uploads\/sites\/15\/2017\/12\/AKBP-66-1-300x199.jpg 300w, https:\/\/bonifratrzy.pl\/klasztor-prudnik\/wp-content\/uploads\/sites\/15\/2017\/12\/AKBP-66-1-768x510.jpg 768w, https:\/\/bonifratrzy.pl\/klasztor-prudnik\/wp-content\/uploads\/sites\/15\/2017\/12\/AKBP-66-1.jpg 850w\" sizes=\"(max-width: 268px) 100vw, 268px\" \/><\/a><a href=\"https:\/\/bonifratrzy.pl\/klasztor-prudnik\/wp-content\/uploads\/sites\/15\/2017\/12\/AKBP-66-3.jpg\"><img loading=\"lazy\" decoding=\"async\" class=\" wp-image-87 alignleft\" src=\"https:\/\/bonifratrzy.pl\/klasztor-prudnik\/wp-content\/uploads\/sites\/15\/2017\/12\/AKBP-66-3-300x199.jpg\" alt=\"\" width=\"266\" height=\"177\" srcset=\"https:\/\/bonifratrzy.pl\/klasztor-prudnik\/wp-content\/uploads\/sites\/15\/2017\/12\/AKBP-66-3-300x199.jpg 300w, https:\/\/bonifratrzy.pl\/klasztor-prudnik\/wp-content\/uploads\/sites\/15\/2017\/12\/AKBP-66-3-768x510.jpg 768w, https:\/\/bonifratrzy.pl\/klasztor-prudnik\/wp-content\/uploads\/sites\/15\/2017\/12\/AKBP-66-3.jpg 850w\" sizes=\"(max-width: 266px) 100vw, 266px\" \/><\/a><\/p>\n<p>&nbsp;<\/p>\n<p>&nbsp;<\/p>\n<p>&nbsp;<\/p>\n<p>&nbsp;<\/p>\n<p>&nbsp;<\/p>\n<p><a href=\"https:\/\/bonifratrzy.pl\/klasztor-prudnik\/wp-content\/uploads\/sites\/15\/2017\/12\/AKBP-66-4.jpg\"><img loading=\"lazy\" decoding=\"async\" class=\" wp-image-81 alignleft\" src=\"https:\/\/bonifratrzy.pl\/klasztor-prudnik\/wp-content\/uploads\/sites\/15\/2017\/12\/AKBP-66-4-300x199.jpg\" alt=\"\" width=\"235\" height=\"156\" srcset=\"https:\/\/bonifratrzy.pl\/klasztor-prudnik\/wp-content\/uploads\/sites\/15\/2017\/12\/AKBP-66-4-300x199.jpg 300w, https:\/\/bonifratrzy.pl\/klasztor-prudnik\/wp-content\/uploads\/sites\/15\/2017\/12\/AKBP-66-4-768x510.jpg 768w, https:\/\/bonifratrzy.pl\/klasztor-prudnik\/wp-content\/uploads\/sites\/15\/2017\/12\/AKBP-66-4.jpg 850w\" sizes=\"(max-width: 235px) 100vw, 235px\" \/><\/a><a href=\"https:\/\/bonifratrzy.pl\/klasztor-prudnik\/wp-content\/uploads\/sites\/15\/2017\/12\/AKBP-66-6.jpg\"><img loading=\"lazy\" decoding=\"async\" class=\" wp-image-83 alignright\" src=\"https:\/\/bonifratrzy.pl\/klasztor-prudnik\/wp-content\/uploads\/sites\/15\/2017\/12\/AKBP-66-6-300x199.jpg\" alt=\"\" width=\"255\" height=\"169\" srcset=\"https:\/\/bonifratrzy.pl\/klasztor-prudnik\/wp-content\/uploads\/sites\/15\/2017\/12\/AKBP-66-6-300x199.jpg 300w, https:\/\/bonifratrzy.pl\/klasztor-prudnik\/wp-content\/uploads\/sites\/15\/2017\/12\/AKBP-66-6-768x510.jpg 768w, https:\/\/bonifratrzy.pl\/klasztor-prudnik\/wp-content\/uploads\/sites\/15\/2017\/12\/AKBP-66-6.jpg 850w\" sizes=\"(max-width: 255px) 100vw, 255px\" \/><\/a><a href=\"https:\/\/bonifratrzy.pl\/klasztor-prudnik\/wp-content\/uploads\/sites\/15\/2017\/12\/AKBP-66-5-e1513176119852.jpg\"><img loading=\"lazy\" decoding=\"async\" class=\" wp-image-82 aligncenter\" src=\"https:\/\/bonifratrzy.pl\/klasztor-prudnik\/wp-content\/uploads\/sites\/15\/2017\/12\/AKBP-66-5-e1513176119852-300x199.jpg\" alt=\"\" width=\"328\" height=\"217\" srcset=\"https:\/\/bonifratrzy.pl\/klasztor-prudnik\/wp-content\/uploads\/sites\/15\/2017\/12\/AKBP-66-5-e1513176119852-300x199.jpg 300w, https:\/\/bonifratrzy.pl\/klasztor-prudnik\/wp-content\/uploads\/sites\/15\/2017\/12\/AKBP-66-5-e1513176119852.jpg 565w\" sizes=\"(max-width: 328px) 100vw, 328px\" \/><\/a><\/p>\n<p>W czasie prac konserwatorskich<\/p>\n<p><a href=\"https:\/\/bonifratrzy.pl\/klasztor-prudnik\/wp-content\/uploads\/sites\/15\/2017\/12\/DSC_0279.jpg\"><img loading=\"lazy\" decoding=\"async\" class=\"alignright size-medium wp-image-111\" src=\"https:\/\/bonifratrzy.pl\/klasztor-prudnik\/wp-content\/uploads\/sites\/15\/2017\/12\/DSC_0279-300x199.jpg\" alt=\"\" width=\"300\" height=\"199\" srcset=\"https:\/\/bonifratrzy.pl\/klasztor-prudnik\/wp-content\/uploads\/sites\/15\/2017\/12\/DSC_0279-300x199.jpg 300w, https:\/\/bonifratrzy.pl\/klasztor-prudnik\/wp-content\/uploads\/sites\/15\/2017\/12\/DSC_0279-768x510.jpg 768w, https:\/\/bonifratrzy.pl\/klasztor-prudnik\/wp-content\/uploads\/sites\/15\/2017\/12\/DSC_0279.jpg 850w\" sizes=\"(max-width: 300px) 100vw, 300px\" \/><\/a> <a href=\"https:\/\/bonifratrzy.pl\/klasztor-prudnik\/wp-content\/uploads\/sites\/15\/2017\/12\/DSC_0278.jpg\"><img loading=\"lazy\" decoding=\"async\" class=\"alignright size-medium wp-image-110\" src=\"https:\/\/bonifratrzy.pl\/klasztor-prudnik\/wp-content\/uploads\/sites\/15\/2017\/12\/DSC_0278-300x199.jpg\" alt=\"\" width=\"300\" height=\"199\" srcset=\"https:\/\/bonifratrzy.pl\/klasztor-prudnik\/wp-content\/uploads\/sites\/15\/2017\/12\/DSC_0278-300x199.jpg 300w, https:\/\/bonifratrzy.pl\/klasztor-prudnik\/wp-content\/uploads\/sites\/15\/2017\/12\/DSC_0278-768x510.jpg 768w, https:\/\/bonifratrzy.pl\/klasztor-prudnik\/wp-content\/uploads\/sites\/15\/2017\/12\/DSC_0278.jpg 850w\" sizes=\"(max-width: 300px) 100vw, 300px\" \/><\/a><\/p>\n","protected":false},"excerpt":{"rendered":"<p>W roku 2017 Konwent OO. Bonifratr\u00f3w w Prudniku realizowa\u0142 przy wsp\u00f3\u0142udziale \u015brodk\u00f3w naczelnej Dyrekcji Archiw\u00f3w Pa\u0144stwowych\u00a0 \u00a0projekt Pe\u0142na konserwacja trzech r\u0119kopis\u00f3w oprawnych \u2013 ksi\u0105g chorych sygn. AKBP 881 i AKBP 886 oraz ksi\u0119gi intencji mszalnych sygn. AKBP 66. W ramach projektu wykonano kompleksow\u0105 konserwacj\u0119 trzech r\u0119kopis\u00f3w oprawnych osiemnasto- i dziewi\u0119tnastowiecznych: ksi\u0119gi chorych z lat 1766\u20131791 [&hellip;]<\/p>\n","protected":false},"author":41,"featured_media":0,"parent":47,"menu_order":0,"comment_status":"closed","ping_status":"closed","template":"","meta":{"footnotes":""},"_links":{"self":[{"href":"https:\/\/bonifratrzy.pl\/klasztor-prudnik\/wp-json\/wp\/v2\/pages\/71"}],"collection":[{"href":"https:\/\/bonifratrzy.pl\/klasztor-prudnik\/wp-json\/wp\/v2\/pages"}],"about":[{"href":"https:\/\/bonifratrzy.pl\/klasztor-prudnik\/wp-json\/wp\/v2\/types\/page"}],"author":[{"embeddable":true,"href":"https:\/\/bonifratrzy.pl\/klasztor-prudnik\/wp-json\/wp\/v2\/users\/41"}],"replies":[{"embeddable":true,"href":"https:\/\/bonifratrzy.pl\/klasztor-prudnik\/wp-json\/wp\/v2\/comments?post=71"}],"version-history":[{"count":21,"href":"https:\/\/bonifratrzy.pl\/klasztor-prudnik\/wp-json\/wp\/v2\/pages\/71\/revisions"}],"predecessor-version":[{"id":130,"href":"https:\/\/bonifratrzy.pl\/klasztor-prudnik\/wp-json\/wp\/v2\/pages\/71\/revisions\/130"}],"up":[{"embeddable":true,"href":"https:\/\/bonifratrzy.pl\/klasztor-prudnik\/wp-json\/wp\/v2\/pages\/47"}],"wp:attachment":[{"href":"https:\/\/bonifratrzy.pl\/klasztor-prudnik\/wp-json\/wp\/v2\/media?parent=71"}],"curies":[{"name":"wp","href":"https:\/\/api.w.org\/{rel}","templated":true}]}}