{"id":47,"date":"2017-01-11T11:57:32","date_gmt":"2017-01-11T10:57:32","guid":{"rendered":"https:\/\/bonifratrzy.pl\/klasztor-prudnik\/?page_id=47"},"modified":"2018-12-17T23:16:05","modified_gmt":"2018-12-17T22:16:05","slug":"archiwum-konwentu","status":"publish","type":"page","link":"https:\/\/bonifratrzy.pl\/klasztor-prudnik\/archiwum-konwentu\/","title":{"rendered":"Archiwum Konwentu"},"content":{"rendered":"<h2>WIEKI HISTORII ZAPISANE NA KARTACH<\/h2>\n<p>Pocz\u0105tek archiwum klasztornego datowa\u0107 mo\u017cna na rok 1764, kiedy to zainicjowano<br \/>\ndzia\u0142ania, maj\u0105ce na celu powstanie nowego konwentu. Rozpocz\u0119to wtedy<br \/>\nspisywanie pierwszych ksi\u0105g. Bez w\u0105tpienia wytwarzano te\u017c spor\u0105 ilo\u015b\u0107 dokument\u00f3w<br \/>\nlu\u017anych, zwi\u0105zanych g\u0142\u00f3wnie z korespondencj\u0105 w sprawach fundacyjnych.<br \/>\nP\u00f3\u017aniej prowadzono bie\u017c\u0105c\u0105 korespondencj\u0119 z podmiotami ko\u015bcielnymi,<br \/>\ng\u0142\u00f3wnie zwierzchno\u015bci\u0105 zakonn\u0105 oraz Ksi\u0105\u017c\u0119co-Biskupim Wikariatem Generalnym<br \/>\nwe Wroc\u0142awiu, oraz z podmiotami \u015bwieckimi, najcz\u0119\u015bciej w sprawach<br \/>\ngospodarczych.<br \/>\nOd samego pocz\u0105tku spisywano kroniki klasztorne, ksi\u0119gi kapitulne i repertoria.<br \/>\nTworzono na bie\u017c\u0105co jednostki zwi\u0105zane z \u017cyciem zakonnym, takie jak ksi\u0119gi<br \/>\nbraci przychodz\u0105cych i odchodz\u0105cych, ksi\u0119gi zmar\u0142ych oraz innego rodzaju katalogi<br \/>\nzakonne.<\/p>\n<h3><em><a href=\"https:\/\/bonifratrzy.pl\/klasztor-prudnik\/projekt-pelna-konserwacja-trzech-rekopisow-oprawnych\/\">Projekt &#8222;Pe\u0142na konserwacja trzech r\u0119kopis\u00f3w oprawnych \u2013 ksi\u0119gi kapitulnej (sygn. AKBP 15), ksi\u0119gi przychod\u00f3w z kwesty (sygn. AKBP 671) oraz ksi\u0119gi chorych (sygn. AKBP 884).<\/a><\/em><\/h3>\n<p>&nbsp;<\/p>\n<h3><a href=\"https:\/\/bonifratrzy.pl\/klasztor-prudnik\/inwentaryzacja-i-wydanie-drukiem-inwentarza-archiwum\/\"><span style=\"text-decoration: underline\">Projekt \u201eDezynfekcja, doko\u0144czenie inwentaryzacji oraz wydanie drukiem inwentarza archiwum konwentu bonifratr\u00f3w w Prudniku\u201d<\/span><\/a><\/h3>\n<p><a href=\"https:\/\/bonifratrzy.pl\/klasztor-prudnik\/wp-content\/uploads\/sites\/15\/2017\/01\/Inwentarz-archiwum-konwentu-bonifratr\u00f3w-w-Prudniku-z-ok\u0142adk\u0105-i-wyklejkami.pdf\">Inwentarz archiwum konwentu bonifratr\u00f3w w Prudniku<\/a>\u00a0&#8211; wersja PDF<\/p>\n<h3 style=\"text-align: left\"><\/h3>\n<h3 style=\"text-align: left\"><a href=\"https:\/\/bonifratrzy.pl\/klasztor-prudnik\/konserwacja-ksiag-chorych-i-ksiegi-mszalnej\/\"><u>Projekt \u201ePe\u0142na konserwacja trzech r\u0119kopis\u00f3w oprawnych \u2013 ksi\u0105g chorych sygn. AKBP 881 i AKBP 886 oraz ksi\u0119gi intencji mszalnych sygn. AKBP 66\u201d<\/u><\/a><\/h3>\n<p style=\"text-align: left\">\n","protected":false},"excerpt":{"rendered":"<p>WIEKI HISTORII ZAPISANE NA KARTACH Pocz\u0105tek archiwum klasztornego datowa\u0107 mo\u017cna na rok 1764, kiedy to zainicjowano dzia\u0142ania, maj\u0105ce na celu powstanie nowego konwentu. Rozpocz\u0119to wtedy spisywanie pierwszych ksi\u0105g. Bez w\u0105tpienia wytwarzano te\u017c spor\u0105 ilo\u015b\u0107 dokument\u00f3w lu\u017anych, zwi\u0105zanych g\u0142\u00f3wnie z korespondencj\u0105 w sprawach fundacyjnych. P\u00f3\u017aniej prowadzono bie\u017c\u0105c\u0105 korespondencj\u0119 z podmiotami ko\u015bcielnymi, g\u0142\u00f3wnie zwierzchno\u015bci\u0105 zakonn\u0105 oraz Ksi\u0105\u017c\u0119co-Biskupim [&hellip;]<\/p>\n","protected":false},"author":41,"featured_media":0,"parent":0,"menu_order":0,"comment_status":"closed","ping_status":"closed","template":"","meta":{"footnotes":""},"_links":{"self":[{"href":"https:\/\/bonifratrzy.pl\/klasztor-prudnik\/wp-json\/wp\/v2\/pages\/47"}],"collection":[{"href":"https:\/\/bonifratrzy.pl\/klasztor-prudnik\/wp-json\/wp\/v2\/pages"}],"about":[{"href":"https:\/\/bonifratrzy.pl\/klasztor-prudnik\/wp-json\/wp\/v2\/types\/page"}],"author":[{"embeddable":true,"href":"https:\/\/bonifratrzy.pl\/klasztor-prudnik\/wp-json\/wp\/v2\/users\/41"}],"replies":[{"embeddable":true,"href":"https:\/\/bonifratrzy.pl\/klasztor-prudnik\/wp-json\/wp\/v2\/comments?post=47"}],"version-history":[{"count":22,"href":"https:\/\/bonifratrzy.pl\/klasztor-prudnik\/wp-json\/wp\/v2\/pages\/47\/revisions"}],"predecessor-version":[{"id":1248,"href":"https:\/\/bonifratrzy.pl\/klasztor-prudnik\/wp-json\/wp\/v2\/pages\/47\/revisions\/1248"}],"wp:attachment":[{"href":"https:\/\/bonifratrzy.pl\/klasztor-prudnik\/wp-json\/wp\/v2\/media?parent=47"}],"curies":[{"name":"wp","href":"https:\/\/api.w.org\/{rel}","templated":true}]}}