{"id":444,"date":"2019-04-05T12:03:05","date_gmt":"2019-04-05T10:03:05","guid":{"rendered":"https:\/\/bonifratrzy.pl\/klasztor-prudnik\/?page_id=444"},"modified":"2019-04-17T08:07:21","modified_gmt":"2019-04-17T06:07:21","slug":"historia","status":"publish","type":"page","link":"https:\/\/bonifratrzy.pl\/klasztor-prudnik\/kosciol\/historia\/","title":{"rendered":"Historia"},"content":{"rendered":"<p><img loading=\"lazy\" decoding=\"async\" class=\"alignnone wp-image-449\" src=\"https:\/\/bonifratrzy.pl\/klasztor-prudnik\/wp-content\/uploads\/sites\/15\/2019\/04\/DSC_0798-199x300.jpg\" alt=\"\" width=\"154\" height=\"232\" \/><br \/>\nKo\u015bci\u00f3\u0142 \u015awi\u0119tych Piotra i Paw\u0142a \u2212 jednonawowy, barokowy ko\u015bci\u00f3\u0142 znajduj\u0105cy si\u0119 na ul. Piastowskiej w Prudniku. Opiek\u0119 nad nim i nad s\u0105siaduj\u0105cym klasztorem sprawuj\u0105 bonifratrzy. Opr\u00f3cz ko\u015bcio\u0142a pw. \u015bw. Micha\u0142a Archanio\u0142a jest on jednym z dw\u00f3ch ko\u015bcio\u0142\u00f3w po\u0142o\u017conych na terenie prudnickiego Starego Miasta<\/p>\n<p>&nbsp;<\/p>\n<p>Historia\u00a0&#8211; Pocz\u0105tki ko\u015bcio\u0142a wi\u0105\u017c\u0105 si\u0119 z pojawieniem si\u0119 w Prudniku bonifratr\u00f3w, sprowadzonych przez p\u0142k. Fryderyka Wilhelma R\u00f6dera, kt\u00f3ry ci\u0119\u017cko ranny kartaczem zosta\u0142 wyleczony przez bonifratra Martiniego Probusa. Pu\u0142kownik R\u00f6der zakupi\u0142 dla klasztoru ziemi\u0119, na kt\u00f3rej do 1766 zakonnik za\u0142o\u017cy\u0142 szpitalik z kaplic\u0105 i aptek\u0119. W latach 1782-83 powsta\u0142 klasztor ze szpitalem, natomiast w latach 1785-87 wzniesiono obecny ko\u015bci\u00f3\u0142. W 1793 roku do \u015bwi\u0105tyni dobudowano barokow\u0105 wie\u017c\u0119, na kt\u00f3r\u0105 zu\u017cyto 60.000 cegie\u0142<\/p>\n<p>Budowa\u00a0&#8211; Jednonawowy, barokowy ko\u015bci\u00f3\u0142 posiada niecodzienn\u0105, p\u00f3\u0142nocn\u0105 orientacj\u0119 (a nie jak zazwyczaj w symbolicznym kierunku Jerozolimy, na wsch\u00f3d). Wystr\u00f3j pochodzi z XVIII i XIX wieku. Obraz w o\u0142tarzu g\u0142\u00f3wnym, przedstawiaj\u0105cy \u015bwi\u0119tych Piotra i Paw\u0142a, jest darem rodziny Weidinger\u00f3w, wy\u017cej znajduje si\u0119 oko opatrzno\u015bci. Opr\u00f3cz o\u0142tarza g\u0142\u00f3wnego w \u015bwi\u0105tyni znajduj\u0105 si\u0119 o\u0142tarze boczne: ukrzy\u017cowanego Jezusa i \u015bw. Jana Bo\u017cego podejmuj\u0105cego z r\u0105k Maryi Dzieci\u0105tko. R\u00f3wnie\u017c przy o\u0142tarzu g\u0142\u00f3wnym wisz\u0105 dwa obrazy: \u015bw. Bonawentury i \u015bw. Ludwika Bertranda (\u201eaposto\u0142a Indian\u201d), obydwa z lat 60. XVII wieku. Polichromia na sklepieniu autorstwa Klincka z 1906 przedstawia sceny: Dobry Pasterz, Uzdrowienie przy sadzawce Betezda, Mi\u0142osierny Samarytanin, w prezbiterium Tr\u00f3jca \u015awi\u0119ta , Wskrzeszenie \u0141azarza i sceny z \u017cycia Jana Bo\u017cego. Organy przeniesione zosta\u0142y z ko\u015bcio\u0142a pokapucy\u0144skiego na pocz\u0105tku XX wieku. Drog\u0119 Krzy\u017cow\u0105 wykona\u0142 Joseph Fahnroth (1870)<\/p>\n<p>&nbsp;<\/p>\n<p>&nbsp;<\/p>\n<div class=\"wpmf-gallerys wpmf-gallerys-life \" ><div id=\"gallery-1\" class=\"gallery gallery_life wpmf_gallery_default gallery_default  gallery-columns-3 gallery-size-medium gallery-link-file wpmf-has-border-radius-0 wpmf-gutterwidth-5 no_ratio\"><figure class=\"wpmf-gallery-item\" data-index=\"0\"><div class=\"wpmf-gallery-icon\"><div class=\"square_thumbnail\"><div class=\"img_centered\"><a class=\" not_video noLightbox\" data-lightbox=\"1\" data-href=\"https:\/\/bonifratrzy.pl\/klasztor-prudnik\/wp-content\/uploads\/sites\/15\/2019\/04\/DSC_4583.jpg\" title=\"\" target=\"_self\" data-index=\"0\"><img decoding=\"async\" class=\"wpmf_img\" alt=\"\" src=\"https:\/\/bonifratrzy.pl\/klasztor-prudnik\/wp-content\/uploads\/sites\/15\/2019\/04\/DSC_4583-300x177.jpg\" data-type=\"wpmfgalleryimg\" data-lazy-src=\"https:\/\/bonifratrzy.pl\/klasztor-prudnik\/wp-content\/uploads\/sites\/15\/2019\/04\/DSC_4583-300x177.jpg\"><\/a><\/div><\/div><\/div><\/figure><figure class=\"wpmf-gallery-item\" data-index=\"1\"><div class=\"wpmf-gallery-icon\"><div class=\"square_thumbnail\"><div class=\"img_centered\"><a class=\" not_video noLightbox\" data-lightbox=\"1\" data-href=\"https:\/\/bonifratrzy.pl\/klasztor-prudnik\/wp-content\/uploads\/sites\/15\/2019\/04\/DSC_0896.jpg\" title=\"\" target=\"_self\" data-index=\"1\"><img decoding=\"async\" class=\"wpmf_img\" alt=\"\" src=\"https:\/\/bonifratrzy.pl\/klasztor-prudnik\/wp-content\/uploads\/sites\/15\/2019\/04\/DSC_0896-196x300.jpg\" data-type=\"wpmfgalleryimg\" data-lazy-src=\"https:\/\/bonifratrzy.pl\/klasztor-prudnik\/wp-content\/uploads\/sites\/15\/2019\/04\/DSC_0896-196x300.jpg\"><\/a><\/div><\/div><\/div><\/figure><figure class=\"wpmf-gallery-item\" data-index=\"2\"><div class=\"wpmf-gallery-icon\"><div class=\"square_thumbnail\"><div class=\"img_centered\"><a class=\" not_video noLightbox\" data-lightbox=\"1\" data-href=\"https:\/\/bonifratrzy.pl\/klasztor-prudnik\/wp-content\/uploads\/sites\/15\/2019\/04\/DSC_0881.jpg\" title=\"\" target=\"_self\" data-index=\"2\"><img decoding=\"async\" class=\"wpmf_img\" alt=\"\" src=\"https:\/\/bonifratrzy.pl\/klasztor-prudnik\/wp-content\/uploads\/sites\/15\/2019\/04\/DSC_0881-300x199.jpg\" data-type=\"wpmfgalleryimg\" data-lazy-src=\"https:\/\/bonifratrzy.pl\/klasztor-prudnik\/wp-content\/uploads\/sites\/15\/2019\/04\/DSC_0881-300x199.jpg\"><\/a><\/div><\/div><\/div><\/figure><figure class=\"wpmf-gallery-item\" data-index=\"3\"><div class=\"wpmf-gallery-icon\"><div class=\"square_thumbnail\"><div class=\"img_centered\"><a class=\" not_video noLightbox\" data-lightbox=\"1\" data-href=\"https:\/\/bonifratrzy.pl\/klasztor-prudnik\/wp-content\/uploads\/sites\/15\/2019\/04\/DSC_3760.jpg\" title=\"\" target=\"_self\" data-index=\"3\"><img decoding=\"async\" class=\"wpmf_img\" alt=\"\" src=\"https:\/\/bonifratrzy.pl\/klasztor-prudnik\/wp-content\/uploads\/sites\/15\/2019\/04\/DSC_3760-300x199.jpg\" data-type=\"wpmfgalleryimg\" data-lazy-src=\"https:\/\/bonifratrzy.pl\/klasztor-prudnik\/wp-content\/uploads\/sites\/15\/2019\/04\/DSC_3760-300x199.jpg\"><\/a><\/div><\/div><\/div><\/figure><figure class=\"wpmf-gallery-item\" data-index=\"4\"><div class=\"wpmf-gallery-icon\"><div class=\"square_thumbnail\"><div class=\"img_centered\"><a class=\" not_video noLightbox\" data-lightbox=\"1\" data-href=\"https:\/\/bonifratrzy.pl\/klasztor-prudnik\/wp-content\/uploads\/sites\/15\/2019\/04\/DSC_3758.jpg\" title=\"\" target=\"_self\" data-index=\"4\"><img decoding=\"async\" class=\"wpmf_img\" alt=\"\" src=\"https:\/\/bonifratrzy.pl\/klasztor-prudnik\/wp-content\/uploads\/sites\/15\/2019\/04\/DSC_3758-198x300.jpg\" data-type=\"wpmfgalleryimg\" data-lazy-src=\"https:\/\/bonifratrzy.pl\/klasztor-prudnik\/wp-content\/uploads\/sites\/15\/2019\/04\/DSC_3758-198x300.jpg\"><\/a><\/div><\/div><\/div><\/figure><figure class=\"wpmf-gallery-item\" data-index=\"5\"><div class=\"wpmf-gallery-icon\"><div class=\"square_thumbnail\"><div class=\"img_centered\"><a class=\" not_video noLightbox\" data-lightbox=\"1\" data-href=\"https:\/\/bonifratrzy.pl\/klasztor-prudnik\/wp-content\/uploads\/sites\/15\/2019\/04\/DSC_0946.jpg\" title=\"\" target=\"_self\" data-index=\"5\"><img decoding=\"async\" class=\"wpmf_img\" alt=\"\" src=\"https:\/\/bonifratrzy.pl\/klasztor-prudnik\/wp-content\/uploads\/sites\/15\/2019\/04\/DSC_0946-199x300.jpg\" data-type=\"wpmfgalleryimg\" data-lazy-src=\"https:\/\/bonifratrzy.pl\/klasztor-prudnik\/wp-content\/uploads\/sites\/15\/2019\/04\/DSC_0946-199x300.jpg\"><\/a><\/div><\/div><\/div><\/figure><figure class=\"wpmf-gallery-item\" data-index=\"6\"><div class=\"wpmf-gallery-icon\"><div class=\"square_thumbnail\"><div class=\"img_centered\"><a class=\" not_video noLightbox\" data-lightbox=\"1\" data-href=\"https:\/\/bonifratrzy.pl\/klasztor-prudnik\/wp-content\/uploads\/sites\/15\/2019\/04\/DSC_0952.jpg\" title=\"\" target=\"_self\" data-index=\"6\"><img decoding=\"async\" class=\"wpmf_img\" alt=\"\" src=\"https:\/\/bonifratrzy.pl\/klasztor-prudnik\/wp-content\/uploads\/sites\/15\/2019\/04\/DSC_0952-300x199.jpg\" data-type=\"wpmfgalleryimg\" data-lazy-src=\"https:\/\/bonifratrzy.pl\/klasztor-prudnik\/wp-content\/uploads\/sites\/15\/2019\/04\/DSC_0952-300x199.jpg\"><\/a><\/div><\/div><\/div><\/figure><\/div><\/div>\n","protected":false},"excerpt":{"rendered":"<p>Ko\u015bci\u00f3\u0142 \u015awi\u0119tych Piotra i Paw\u0142a \u2212 jednonawowy, barokowy ko\u015bci\u00f3\u0142 znajduj\u0105cy si\u0119 na ul. Piastowskiej w Prudniku. Opiek\u0119 nad nim i nad s\u0105siaduj\u0105cym klasztorem sprawuj\u0105 bonifratrzy. Opr\u00f3cz ko\u015bcio\u0142a pw. \u015bw. Micha\u0142a Archanio\u0142a jest on jednym z dw\u00f3ch ko\u015bcio\u0142\u00f3w po\u0142o\u017conych na terenie prudnickiego Starego Miasta &nbsp; Historia\u00a0&#8211; Pocz\u0105tki ko\u015bcio\u0142a wi\u0105\u017c\u0105 si\u0119 z pojawieniem si\u0119 w Prudniku bonifratr\u00f3w, [&hellip;]<\/p>\n","protected":false},"author":61,"featured_media":0,"parent":16,"menu_order":6,"comment_status":"closed","ping_status":"closed","template":"","meta":{"footnotes":""},"_links":{"self":[{"href":"https:\/\/bonifratrzy.pl\/klasztor-prudnik\/wp-json\/wp\/v2\/pages\/444"}],"collection":[{"href":"https:\/\/bonifratrzy.pl\/klasztor-prudnik\/wp-json\/wp\/v2\/pages"}],"about":[{"href":"https:\/\/bonifratrzy.pl\/klasztor-prudnik\/wp-json\/wp\/v2\/types\/page"}],"author":[{"embeddable":true,"href":"https:\/\/bonifratrzy.pl\/klasztor-prudnik\/wp-json\/wp\/v2\/users\/61"}],"replies":[{"embeddable":true,"href":"https:\/\/bonifratrzy.pl\/klasztor-prudnik\/wp-json\/wp\/v2\/comments?post=444"}],"version-history":[{"count":9,"href":"https:\/\/bonifratrzy.pl\/klasztor-prudnik\/wp-json\/wp\/v2\/pages\/444\/revisions"}],"predecessor-version":[{"id":817,"href":"https:\/\/bonifratrzy.pl\/klasztor-prudnik\/wp-json\/wp\/v2\/pages\/444\/revisions\/817"}],"up":[{"embeddable":true,"href":"https:\/\/bonifratrzy.pl\/klasztor-prudnik\/wp-json\/wp\/v2\/pages\/16"}],"wp:attachment":[{"href":"https:\/\/bonifratrzy.pl\/klasztor-prudnik\/wp-json\/wp\/v2\/media?parent=444"}],"curies":[{"name":"wp","href":"https:\/\/api.w.org\/{rel}","templated":true}]}}