{"id":3477,"date":"2022-02-11T23:08:52","date_gmt":"2022-02-11T22:08:52","guid":{"rendered":"https:\/\/bonifratrzy.pl\/klasztor-prudnik\/?page_id=3477"},"modified":"2022-02-13T14:16:57","modified_gmt":"2022-02-13T13:16:57","slug":"media-spolecznosciowe","status":"publish","type":"page","link":"https:\/\/bonifratrzy.pl\/klasztor-prudnik\/media-spolecznosciowe\/","title":{"rendered":"Media spo\u0142eczno\u015bciowe"},"content":{"rendered":"<p>Mo\u017cna \u015bledzi\u0107 nasze dzia\u0142ania r\u00f3wnie\u017c w mediach spo\u0142eczno\u015bciowych:<\/p>\n<h3>Facebook<\/h3>\n<ul>\n<li><a href=\"https:\/\/www.facebook.com\/profile.php?id=100077503612224\" target=\"_blank\" rel=\"noopener noreferrer\">Profil Konwentu Bonifratr\u00f3w w Prudniku<\/a><\/li>\n<li><a href=\"https:\/\/www.facebook.com\/bonifratrzy.prudnik\" target=\"_blank\" rel=\"noopener noreferrer\">Konwent Bonifratr\u00f3w<\/a><\/li>\n<li><a href=\"https:\/\/www.facebook.com\/Dom-Opieki-%C5%9Awi%C4%99tego-Jana-Bo%C5%BCego-w-Prudniku-101315365076505\/\" target=\"_blank\" rel=\"noopener noreferrer\">Dom Opieki \u015awi\u0119tego Jana Bo\u017cego<\/a><\/li>\n<li><a href=\"https:\/\/www.facebook.com\/profile.php?id=100071805279583\" target=\"_blank\" rel=\"noopener noreferrer\">Warsztat Terapii Zaj\u0119ciowej<\/a><\/li>\n<li><a href=\"https:\/\/www.facebook.com\/Warsztat-Zielarza-Konwentu-Bonifratr%C3%B3w-w-Prudniku-101174352501663\" target=\"_blank\" rel=\"noopener noreferrer\">Warsztat Zielarza<\/a><\/li>\n<\/ul>\n<h3 style=\"text-align:\">TikTok<\/h3>\n<ul>\n<li><a href=\"https:\/\/www.tiktok.com\/@warsztatzielarza\" target=\"_blank\" rel=\"noopener noreferrer\">Warsztat Zielarza<\/a><\/li>\n<\/ul>\n<p>&nbsp;<\/p>\n","protected":false},"excerpt":{"rendered":"<p>Mo\u017cna \u015bledzi\u0107 nasze dzia\u0142ania r\u00f3wnie\u017c w mediach spo\u0142eczno\u015bciowych: Facebook Profil Konwentu Bonifratr\u00f3w w Prudniku Konwent Bonifratr\u00f3w Dom Opieki \u015awi\u0119tego Jana Bo\u017cego Warsztat Terapii Zaj\u0119ciowej Warsztat Zielarza TikTok Warsztat Zielarza &nbsp;<\/p>\n","protected":false},"author":53,"featured_media":0,"parent":0,"menu_order":0,"comment_status":"closed","ping_status":"closed","template":"","meta":{"footnotes":""},"_links":{"self":[{"href":"https:\/\/bonifratrzy.pl\/klasztor-prudnik\/wp-json\/wp\/v2\/pages\/3477"}],"collection":[{"href":"https:\/\/bonifratrzy.pl\/klasztor-prudnik\/wp-json\/wp\/v2\/pages"}],"about":[{"href":"https:\/\/bonifratrzy.pl\/klasztor-prudnik\/wp-json\/wp\/v2\/types\/page"}],"author":[{"embeddable":true,"href":"https:\/\/bonifratrzy.pl\/klasztor-prudnik\/wp-json\/wp\/v2\/users\/53"}],"replies":[{"embeddable":true,"href":"https:\/\/bonifratrzy.pl\/klasztor-prudnik\/wp-json\/wp\/v2\/comments?post=3477"}],"version-history":[{"count":5,"href":"https:\/\/bonifratrzy.pl\/klasztor-prudnik\/wp-json\/wp\/v2\/pages\/3477\/revisions"}],"predecessor-version":[{"id":3485,"href":"https:\/\/bonifratrzy.pl\/klasztor-prudnik\/wp-json\/wp\/v2\/pages\/3477\/revisions\/3485"}],"wp:attachment":[{"href":"https:\/\/bonifratrzy.pl\/klasztor-prudnik\/wp-json\/wp\/v2\/media?parent=3477"}],"curies":[{"name":"wp","href":"https:\/\/api.w.org\/{rel}","templated":true}]}}