{"id":276,"date":"2019-03-27T10:47:21","date_gmt":"2019-03-27T09:47:21","guid":{"rendered":"https:\/\/bonifratrzy.pl\/klasztor-prudnik\/?page_id=276"},"modified":"2023-04-03T10:38:42","modified_gmt":"2023-04-03T08:38:42","slug":"porzadek-nabozenstw","status":"publish","type":"page","link":"https:\/\/bonifratrzy.pl\/klasztor-prudnik\/kosciol\/porzadek-nabozenstw\/","title":{"rendered":"Porz\u0105dek nabo\u017ce\u0144stw"},"content":{"rendered":"<p><span style=\"font-family: Verdana, serif\"><span style=\"font-size: large\"><b>MSZE \u015aWI\u0118TE<\/b><\/span><\/span><\/p>\n<p><span style=\"font-family: Verdana, serif\"><b>Niedziele i \u015awi\u0119ta ko\u015bcielne:<\/b><\/span><\/p>\n<ul>\n<li><span style=\"font-family: Verdana, serif\">9.00 i 12.00<\/span><\/li>\n<li><span style=\"font-family: Verdana, serif\">10.30 \u2013 kaplica Domu \u015bw. Jana Bo\u017cego<\/span><\/li>\n<li><span style=\"font-family: Verdana, serif\">17.00 \u2013 sobota \/niedzielna Msza \u015bw.\/<\/span><\/li>\n<\/ul>\n<p><span style=\"font-family: Verdana, serif\"><b>Dni powszednie:<\/b><\/span><\/p>\n<ul>\n<li><span style=\"font-family: Verdana, serif\">7.00 &#8211; od poniedzia\u0142ku do soboty<\/span><\/li>\n<\/ul>\n<p><span style=\"font-family: Verdana, serif\"><b>I sobota m<\/b><\/span><span style=\"font-family: Verdana, serif\"><b>iesi\u0105ca:<\/b><\/span><\/p>\n<ul>\n<li><span style=\"font-family: Verdana, serif\">16.30 Nabo\u017ce\u0144stwo do \u015bw. Jana Bo\u017cego<\/span><span style=\"font-family: Verdana, serif\"> w intencji chorych, o 17:00 Msza \u015bw. zbiorowa<br \/>\n<\/span><\/li>\n<\/ul>\n<p><span style=\"font-family: Verdana, serif\"><span style=\"font-size: medium\"><b>Bo\u017ce Narodzenie<\/b><\/span><\/span><\/p>\n<ul>\n<li><span style=\"font-family: Verdana, serif\">22.00 Pasterka &#8211; Ko\u015bci\u00f3\u0142<\/span><\/li>\n<\/ul>\n<p><span style=\"font-family: Verdana, serif\"><span style=\"font-size: medium\"><b>Wielki Post<\/b><\/span><\/span><\/p>\n<p><span style=\"font-family: Verdana, serif\"><b>Droga Krzy\u017cowa<\/b><\/span><\/p>\n<ul>\n<li><span style=\"font-family: Verdana, serif\">7.00 Msza \u015bw. po Mszy \u015bw. ok. 7.30 <\/span><span style=\"font-family: Verdana, serif\">Droga Krzy\u017cowa <\/span><\/li>\n<\/ul>\n<p><span style=\"font-family: Verdana, serif\"><b>Gorzkie \u017bale<\/b><\/span><\/p>\n<ul>\n<li><span style=\"font-family: Verdana, serif\">8.30 niedziela \/przed porann\u0105 Msz\u0105 \u015bw.\/<\/span><\/li>\n<\/ul>\n<p><span style=\"font-family: Verdana, serif\"><b>Triduum Paschalne<\/b><\/span><\/p>\n<ul>\n<li><span style=\"font-family: Verdana, serif\">Wielki Czwartek 17.00 Msza Wieczerzy Pa\u0144skiej \/nie ma Mszy \u015bw. rano\/<br \/>\n<\/span>Adoracja Pana Jezusa w Ciemnicy do godz. 20.00<\/li>\n<li><span style=\"font-family: Verdana, serif\">Wielki Pi\u0105tek \/nie ma Mszy \u015bw. rano\/<br \/>\n<\/span><span style=\"font-family: Verdana, serif\">\u00a0\u00a0\u00a0\u00a0\u00a0\u00a0\u00a0 \u00a0\u00a0 1<\/span><span style=\"font-family: Verdana, serif\">6.30 Droga Krzy\u017cowa \u00a0\u00a0\u00a0\u00a0\u00a0\u00a0\u00a0\u00a0 \u00a0 \u00a0 \u00a0 \u00a0\u00a0\u00a0\u00a0\u00a0\u00a0\u00a0\u00a0\u00a0\u00a0\u00a0\u00a0\u00a0\u00a0\u00a0\u00a0\u00a0\u00a0\u00a0\u00a0\u00a0\u00a0\u00a0\u00a0\u00a0\u00a0\u00a0\u00a0\u00a0\u00a0\u00a0\u00a0\u00a0\u00a0\u00a0\u00a0\u00a0\u00a0\u00a0\u00a0\u00a0\u00a0\u00a0\u00a0\u00a0\u00a0\u00a0\u00a0\u00a0\u00a0\u00a0\u00a0\u00a0\u00a0\u00a0\u00a0\u00a0\u00a0\u00a0\u00a0\u00a0\u00a0\u00a0\u00a0\u00a0\u00a0\u00a0\u00a0\u00a0\u00a0\u00a0\u00a0\u00a0\u00a0\u00a0\u00a0\u00a0\u00a0\u00a0\u00a0\u00a0\u00a0\u00a0\u00a0\u00a0\u00a0\u00a0\u00a0\u00a0\u00a0\u00a0\u00a0\u00a0\u00a0\u00a0\u00a0\u00a0\u00a0\u00a0\u00a0\u00a0\u00a0 <\/span><span style=\"font-family: Verdana, serif\">\u00a0\u00a0\u00a0\u00a0\u00a0\u00a0\u00a0\u00a0\u00a0\u00a0 17.00 Liturgia Wielkiego Pi\u0105tku<\/span> \u00a0\u00a0\u00a0\u00a0\u00a0\u00a0 \u00a0 \u00a0 \u00a0\u00a0\u00a0\u00a0\u00a0\u00a0\u00a0\u00a0\u00a0\u00a0\u00a0\u00a0\u00a0\u00a0\u00a0\u00a0\u00a0\u00a0\u00a0\u00a0\u00a0\u00a0\u00a0\u00a0\u00a0\u00a0\u00a0\u00a0\u00a0\u00a0\u00a0\u00a0\u00a0\u00a0\u00a0\u00a0\u00a0\u00a0\u00a0\u00a0\u00a0\u00a0\u00a0\u00a0\u00a0\u00a0\u00a0\u00a0\u00a0\u00a0\u00a0\u00a0\u00a0\u00a0\u00a0\u00a0\u00a0\u00a0\u00a0\u00a0\u00a0\u00a0\u00a0\u00a0\u00a0\u00a0\u00a0\u00a0\u00a0\u00a0\u00a0\u00a0\u00a0\u00a0\u00a0\u00a0\u00a0\u00a0\u00a0\u00a0\u00a0\u00a0\u00a0\u00a0\u00a0\u00a0\u00a0\u00a0\u00a0\u00a0\u00a0\u00a0\u00a0\u00a0\u00a0\u00a0\u00a0\u00a0\u00a0\u00a0\u00a0\u00a0\u00a0\u00a0\u00a0\u00a0\u00a0\u00a0\u00a0\u00a0\u00a0\u00a0\u00a0\u00a0\u00a0\u00a0\u00a0\u00a0\u00a0\u00a0\u00a0\u00a0\u00a0\u00a0\u00a0\u00a0\u00a0\u00a0\u00a0\u00a0 Adoracja Pana Jezusa w Grobie do godziny 20.00<\/li>\n<li><span style=\"font-family: Verdana, serif\">Wielka Sobota 18.00 Wigilia Paschalna w Wielk\u0105 Noc (Rezurekcyjna) \/nie ma Mszy \u015bw. rano\/<br \/>\n<\/span><\/li>\n<\/ul>\n<p><span style=\"font-family: Verdana, serif\"><b>Wielkanoc<\/b><\/span><\/p>\n<ul>\n<li><span style=\"font-family: Verdana, serif\">Msze \u015bw. jak w niedziel\u0119<\/span><\/li>\n<\/ul>\n<p>&nbsp;<\/p>\n<p><span style=\"font-family: Verdana, serif\"><span style=\"font-size: large\"><b>NABO\u017bE\u0143STWA<\/b><\/span><\/span><\/p>\n<p><span style=\"font-family: Verdana, serif\"><b>R\u00f3\u017caniec<br \/>\n<\/b><\/span><\/p>\n<ul>\n<li><span style=\"font-family: Verdana, serif\">w sobot\u0119 o godz. 16.30 \/przed Msz\u0105 \u015bw. &#8211; opr\u00f3cz pierwszych sob\u00f3t\/<br \/>\n<\/span><\/li>\n<\/ul>\n<p><span style=\"font-family: Verdana, serif\"><b>Nabo\u017ce\u0144stwo do \u015bw. Jana Bo\u017cego:<\/b><\/span><\/p>\n<ul>\n<li><span style=\"font-family: Verdana, serif\">w ka\u017cd\u0105 pierwsz\u0105 sobot\u0119 miesi\u0105ca 16.30 nabo\u017ce\u0144stwo do \u015bw. Jana Bo\u017cego<br \/>\n<\/span><\/li>\n<li><span style=\"font-family: Verdana, serif\">17.00 Msza \u015bw. zbiorowa<\/span><\/li>\n<\/ul>\n<p><span style=\"font-family: Verdana, serif\"><b>Droga Krzy\u017cowa<\/b><\/span><\/p>\n<ul>\n<li><span style=\"font-family: Verdana, serif\">W pi\u0105tki Wielkiego Postu Msza \u015bw. o godz. 7.00 po Mszy \u015bw. ok. godz 7.30 Droga Krzy\u017cowa<\/span><\/li>\n<\/ul>\n<p><span style=\"font-family: Verdana, serif\"><b>Gorzkie \u017bale<\/b><\/span><\/p>\n<ul>\n<li><span style=\"font-family: Verdana, serif\">8.30 \u2013 niedziela \/przed porann\u0105 Msz\u0105 \u015bw.\/<\/span><\/li>\n<\/ul>\n<p><span style=\"font-family: Verdana, serif\"><b>Nabo\u017ce\u0144stwa majowe, czerwcowe i pa\u017adziernikowe<\/b><\/span><\/p>\n<ul>\n<li><span style=\"font-family: Verdana, serif\">po porannej Mszy \u015bw. <\/span><\/li>\n<\/ul>\n<p>&nbsp;<\/p>\n<p><span style=\"font-family: Verdana, serif\"><b>Spowied\u017a<\/b><\/span><span style=\"font-family: Verdana, serif\"> &#8211; 30 min. przed ka\u017cd\u0105 Msz\u0105 \u015bw.<\/span><\/p>\n<p><span style=\"font-family: Verdana, serif\">W sprawie <\/span><span style=\"font-family: Verdana, serif\"><b>chrzt\u00f3w, \u015blub\u00f3w, pogrzeb\u00f3w<\/b><\/span><span style=\"font-family: Verdana, serif\"> prosz\u0119 si\u0119 kontaktowa\u0107 z kancelari\u0105<\/span><\/p>\n<p><span style=\"font-family: Verdana, serif\">parafialn\u0105 pl. Farny 2, tel. 77 436 28 78<\/span><\/p>\n","protected":false},"excerpt":{"rendered":"<p>MSZE \u015aWI\u0118TE Niedziele i \u015awi\u0119ta ko\u015bcielne: 9.00 i 12.00 10.30 \u2013 kaplica Domu \u015bw. Jana Bo\u017cego 17.00 \u2013 sobota \/niedzielna Msza \u015bw.\/ Dni powszednie: 7.00 &#8211; od poniedzia\u0142ku do soboty I sobota miesi\u0105ca: 16.30 Nabo\u017ce\u0144stwo do \u015bw. Jana Bo\u017cego w intencji chorych, o 17:00 Msza \u015bw. zbiorowa Bo\u017ce Narodzenie 22.00 Pasterka &#8211; Ko\u015bci\u00f3\u0142 Wielki Post [&hellip;]<\/p>\n","protected":false},"author":61,"featured_media":0,"parent":16,"menu_order":0,"comment_status":"closed","ping_status":"closed","template":"","meta":{"footnotes":""},"_links":{"self":[{"href":"https:\/\/bonifratrzy.pl\/klasztor-prudnik\/wp-json\/wp\/v2\/pages\/276"}],"collection":[{"href":"https:\/\/bonifratrzy.pl\/klasztor-prudnik\/wp-json\/wp\/v2\/pages"}],"about":[{"href":"https:\/\/bonifratrzy.pl\/klasztor-prudnik\/wp-json\/wp\/v2\/types\/page"}],"author":[{"embeddable":true,"href":"https:\/\/bonifratrzy.pl\/klasztor-prudnik\/wp-json\/wp\/v2\/users\/61"}],"replies":[{"embeddable":true,"href":"https:\/\/bonifratrzy.pl\/klasztor-prudnik\/wp-json\/wp\/v2\/comments?post=276"}],"version-history":[{"count":23,"href":"https:\/\/bonifratrzy.pl\/klasztor-prudnik\/wp-json\/wp\/v2\/pages\/276\/revisions"}],"predecessor-version":[{"id":3779,"href":"https:\/\/bonifratrzy.pl\/klasztor-prudnik\/wp-json\/wp\/v2\/pages\/276\/revisions\/3779"}],"up":[{"embeddable":true,"href":"https:\/\/bonifratrzy.pl\/klasztor-prudnik\/wp-json\/wp\/v2\/pages\/16"}],"wp:attachment":[{"href":"https:\/\/bonifratrzy.pl\/klasztor-prudnik\/wp-json\/wp\/v2\/media?parent=276"}],"curies":[{"name":"wp","href":"https:\/\/api.w.org\/{rel}","templated":true}]}}