{"id":250,"date":"2019-03-27T10:40:57","date_gmt":"2019-03-27T09:40:57","guid":{"rendered":"https:\/\/bonifratrzy.pl\/klasztor-prudnik\/?page_id=250"},"modified":"2019-07-09T09:26:34","modified_gmt":"2019-07-09T07:26:34","slug":"zapytania-ofertowe","status":"publish","type":"page","link":"https:\/\/bonifratrzy.pl\/klasztor-prudnik\/klasztor\/zapytania-ofertowe\/","title":{"rendered":"Zapytania ofertowe"},"content":{"rendered":"<p><strong>SPRZEDA\u017b NIERUCHOMO\u015aCI<\/strong><\/p>\n<div class=\"wpmf-gallerys wpmf-gallerys-life \" ><div id=\"gallery-1\" class=\"gallery gallery_life wpmf_gallery_default gallery_default  gallery-columns-3 gallery-size-medium gallery-link-file wpmf-has-border-radius-0 wpmf-gutterwidth-5 no_ratio\"><figure class=\"wpmf-gallery-item\" data-index=\"0\"><div class=\"wpmf-gallery-icon\"><div class=\"square_thumbnail\"><div class=\"img_centered\"><a class=\" not_video noLightbox\" data-lightbox=\"1\" data-href=\"https:\/\/bonifratrzy.pl\/klasztor-prudnik\/wp-content\/uploads\/sites\/15\/2019\/07\/mapa-A-214b.jpg\" title=\"Mapa A214UKS\" target=\"_self\" data-index=\"0\"><img decoding=\"async\" class=\"wpmf_img\" alt=\"Mapa A214UKS\" src=\"https:\/\/bonifratrzy.pl\/klasztor-prudnik\/wp-content\/uploads\/sites\/15\/2019\/07\/mapa-A-214b-300x218.jpg\" data-type=\"wpmfgalleryimg\" data-lazy-src=\"https:\/\/bonifratrzy.pl\/klasztor-prudnik\/wp-content\/uploads\/sites\/15\/2019\/07\/mapa-A-214b-300x218.jpg\"><\/a><\/div><\/div><\/div><\/figure><\/div><\/div>\n<p>Prudnik, dnia 8 lipca 2019 r.<\/p>\n<p><strong>Og\u0142oszenie o przetargu dotycz\u0105cym sprzeda\u017cy nieruchomo\u015bci<\/strong><\/p>\n<p>Konwent OO. Bonifratr\u00f3w w Prudniku z siedzib\u0105 przy ul. Piastowskiej 8 w Prudniku, kod pocztowy 48-200, og\u0142asza pisemny przetarg nieograniczony na sprzeda\u017c nast\u0119puj\u0105cej nieruchomo\u015bci, przeprowadzony na poni\u017cszych zasadach:<\/p>\n<p>Opis nieruchomo\u015bci<\/p>\n<p>Adres: Prudnik, ul Ko\u015bciuszki<br \/>\nOznaczenie ewidencyjne \u2013 dzia\u0142ka nr 2533\/18, mapa 2, obr\u0119b Prudnik<br \/>\nNumer ksi\u0119gi wieczystej \u2013 OP1P\/00059732\/4<br \/>\nInformacja o miejscowym planie zagospodarowania przestrzennego \u2013 nieruchomo\u015b\u0107 obj\u0119ta jest miejscowym planem zagospodarowania przestrzennego przewiduj\u0105cym dla nieruchomo\u015bci nast\u0119puj\u0105ce przeznaczenie:<\/p>\n<p>A214UKS \u2013 tereny obiekt\u00f3w i urz\u0105dze\u0144 us\u0142ug i obs\u0142ugi transportu samochodowego z dopuszczeniem lokalizacji funkcji handlu, gastronomii, mieszkalnictwa zbiorowego, obs\u0142ugi turystyki itd., dla kt\u00f3rych ustala si\u0119 nast\u0119puj\u0105ce warunki jego u\u017cytkowania:<br \/>\nUtrzymuje si\u0119 istniej\u0105c\u0105 zabudow\u0119 zwi\u0105zan\u0105 z funkcj\u0105 terenu; dopuszcza si\u0119 jej modernizacj\u0119 i rozbudow\u0119,<br \/>\nProjektuje si\u0119 zabudow\u0119, jej wysoko\u015b\u0107 nie powinna przekracza\u0107 6,0 m mierz\u0105c do okapu dachu wiat nad dystrybutorami, pawilonu handlowego i gastronomicznego stacji,<br \/>\nW rozwi\u0105zaniach technologicznych stacji przewidzie\u0107 zabezpieczenia przed przedostaniem si\u0119 substancji ropopochodnych do gruntu, hermetyzacj\u0119 gospodarki paliwowej, monitoring w\u00f3d gruntowych poprzez za\u0142o\u017cenie piezometr\u00f3w lub innych w\u0142a\u015bciwych urz\u0105dze\u0144,<br \/>\nDla istniej\u0105cych stacji paliw wymagane przeprowadzenie post\u0119powania w sprawie ocen oddzia\u0142ywania na \u015brodowisko,<br \/>\nWyklucza si\u0119 sk\u0142adowanie, na wolnym powietrzu lub w niezadaszonych budowlach, substancji i materia\u0142\u00f3w powoduj\u0105cych zanieczyszczenie powietrza, gleby i w\u00f3d podziemnych,<br \/>\nWody deszczowe z utwardzonego parkingu i dr\u00f3g komunikacji wewn\u0119trznej odprowadzi\u0107 po ich podczyszczeniu w urz\u0105dzeniach separuj\u0105cych substancje ropopochodne do kanalizacji deszczowej,<br \/>\nDopuszczalna dodatkowa funkcja mieszkalno-motelowa w ilo\u015bci do 20 miejsc noclegowych,<\/p>\n<p>Opis nieruchomo\u015bci:<br \/>\n&#8211; dzia\u0142ka po\u0142o\u017cona jest przy drodze krajowej nr 40 w kierunku G\u0142ucho\u0142az<br \/>\n&#8211; og\u00f3lna powierzchnia 1,5196 ha<\/p>\n<p>Obci\u0105\u017cenia i zobowi\u0105zania \u2013 nieruchomo\u015b\u0107 nie jest obci\u0105\u017cona ograniczonymi prawami rzeczowymi ani prawami os\u00f3b trzecich.<\/p>\n<p>Podstawa prawna przetargu<\/p>\n<p>Przetarg przeprowadzany jest na podstawie art. 701\u2013705 ustawy z\u00a0dnia 23 kwietnia 1964\u00a0r. Kodeks cywilny.<br \/>\nWarunki przetargu<\/p>\n<p>Organizatorem przetargu jest Konwent OO. Bonifratr\u00f3w w Prudniku.<br \/>\nW przetargu mog\u0105 wzi\u0105\u0107 udzia\u0142 bez ogranicze\u0144 wszelkie osoby fizyczne posiadaj\u0105ce pe\u0142n\u0105 zdolno\u015b\u0107 do czynno\u015bci prawnych i osoby prawne oraz jednostki organizacyjne nieb\u0119d\u0105ce osobami prawnymi, kt\u00f3rym prawo przyznaje zdolno\u015b\u0107 prawn\u0105.<br \/>\nOferty w zamkni\u0119tych kopertach nale\u017cy sk\u0142ada\u0107 wy\u0142\u0105cznie pisemnie na adres: Konwent OO. Bonifratr\u00f3w, ul. Piastowska 8, 48-200 Prudnik.<br \/>\nTermin sk\u0142adania ofert up\u0142ywa w dniu 14 sierpnia 2019 r. o godzinie 15:00. W przypadku z\u0142o\u017cenia oferty poczt\u0105 za dat\u0119 i godzin\u0119 jej wp\u0142ywu uwa\u017ca si\u0119 dat\u0119 i godzin\u0119 faktycznego dor\u0119czenia oferty organizatorowi.<br \/>\nKa\u017cdy oferent mo\u017ce z\u0142o\u017cy\u0107 tylko jedn\u0105 ofert\u0119.<br \/>\nKa\u017cda oferta winna zawiera\u0107:<\/p>\n<p>Imi\u0119 i nazwisko lub nazw\u0119 oferenta,<br \/>\nAdres lub siedzib\u0119 oferenta,<br \/>\nJeden z numer\u00f3w identyfikacyjnych &#8211; PESEL, NIP, KRS i REGON,<br \/>\nOferowan\u0105 cen\u0119 za nieruchomo\u015b\u0107 w kwocie brutto w walucie polskiej,<br \/>\nDane kontaktowe \u2013 numer telefonu lub adres poczty elektronicznej,<br \/>\nW przypadku, je\u015bli oferentem jest osoba fizyczna, zgod\u0119 na przetwarzanie przez organizatora jej danych osobowych na potrzeby przetargu.<\/p>\n<p>Organizator nie b\u0119dzie rozpatrywa\u0142 ofert naruszaj\u0105cych opisane zasady, w tym nie zawieraj\u0105cych wszystkich danych, wskazanych w punkcie 8, ofert alternatywnych, wariantowych, ofert z\u0142o\u017conych przez oferenta, kt\u00f3ry z\u0142o\u017cy\u0142 wi\u0119cej ni\u017c jedn\u0105 ofert\u0119, ofert, kt\u00f3re wp\u0142yn\u0119\u0142y do organizatora po terminie.<\/p>\n<p>Otwarcie ofert nast\u0105pi w dniu 16 sierpnia 2019 r. i nie b\u0119dzie jawne dla oferent\u00f3w.<\/p>\n<p>O wyniku przetargu organizator powiadomi w terminie 7 dni od dnia otwarcia ofert.<\/p>\n<p>Kryterium oceny ofert jest wy\u0142\u0105cznie wysoko\u015b\u0107 oferowanej ceny.<\/p>\n<p>W\u00a0przypadku, je\u017celi zadeklarowane przez uczestnik\u00f3w przetargu kwoty s\u0105 takie same, decyduje pierwsze\u0144stwo\u00a0z\u0142o\u017cenia oferty z\u00a0uwzgl\u0119dnieniem dnia jej wp\u0142ywu do organizatora.<\/p>\n<p>Organizator zastrzega sobie prawo odwo\u0142ania przetargu w ka\u017cdym czasie, zmiany jego warunk\u00f3w w ka\u017cdym czasie oraz zamkni\u0119cia przetargu bez wyboru kt\u00f3rejkolwiek z ofert.<\/p>\n<p>Zawarcie umowy sprzeda\u017cy<\/p>\n<p>Koszty zawarcia umowy w wyniku przetargu ponosi kupuj\u0105cy. Koszty te obejmuj\u0105 w szczeg\u00f3lno\u015bci op\u0142at\u0119 notarialn\u0105, zwi\u0105zan\u0105 z zawarciem umowy sprzeda\u017cy.<br \/>\nCena sprzeda\u017cy zostanie zap\u0142acona organizatorowi lub przekazana do depozytu notarialnego najp\u00f3\u017aniej dnia poprzedzaj\u0105cego zawarcie umowy.<br \/>\nNieruchomo\u015b\u0107 zostanie wydana w ci\u0105gu 7 dni od dnia zawarcia umowy sprzeda\u017cy.<br \/>\nNotariusza, kt\u00f3ry sporz\u0105dzi umow\u0119 sprzeda\u017cy wska\u017ce organizator.<br \/>\nUmowa sprzeda\u017cy zostanie zawarta nie p\u00f3\u017aniej ni\u017c do dnia 31 pa\u017adziernika 2019 r.<\/p>\n<p>____________________________________________________________<\/p>\n<p>&nbsp;<\/p>\n<p>&nbsp;<\/p>\n<p>&nbsp;<\/p>\n<p>&nbsp;<\/p>\n<p>&nbsp;<\/p>\n<p>&nbsp;<\/p>\n<p>&nbsp;<\/p>\n<p>&nbsp;<\/p>\n<p>&nbsp;<\/p>\n<p>&nbsp;<\/p>\n<p>&nbsp;<\/p>\n<p>&nbsp;<\/p>\n<p>&nbsp;<\/p>\n","protected":false},"excerpt":{"rendered":"<p>SPRZEDA\u017b NIERUCHOMO\u015aCI Prudnik, dnia 8 lipca 2019 r. Og\u0142oszenie o przetargu dotycz\u0105cym sprzeda\u017cy nieruchomo\u015bci Konwent OO. Bonifratr\u00f3w w Prudniku z siedzib\u0105 przy ul. Piastowskiej 8 w Prudniku, kod pocztowy 48-200, og\u0142asza pisemny przetarg nieograniczony na sprzeda\u017c nast\u0119puj\u0105cej nieruchomo\u015bci, przeprowadzony na poni\u017cszych zasadach: Opis nieruchomo\u015bci Adres: Prudnik, ul Ko\u015bciuszki Oznaczenie ewidencyjne \u2013 dzia\u0142ka nr 2533\/18, mapa [&hellip;]<\/p>\n","protected":false},"author":61,"featured_media":0,"parent":5,"menu_order":0,"comment_status":"closed","ping_status":"closed","template":"","meta":{"footnotes":""},"_links":{"self":[{"href":"https:\/\/bonifratrzy.pl\/klasztor-prudnik\/wp-json\/wp\/v2\/pages\/250"}],"collection":[{"href":"https:\/\/bonifratrzy.pl\/klasztor-prudnik\/wp-json\/wp\/v2\/pages"}],"about":[{"href":"https:\/\/bonifratrzy.pl\/klasztor-prudnik\/wp-json\/wp\/v2\/types\/page"}],"author":[{"embeddable":true,"href":"https:\/\/bonifratrzy.pl\/klasztor-prudnik\/wp-json\/wp\/v2\/users\/61"}],"replies":[{"embeddable":true,"href":"https:\/\/bonifratrzy.pl\/klasztor-prudnik\/wp-json\/wp\/v2\/comments?post=250"}],"version-history":[{"count":4,"href":"https:\/\/bonifratrzy.pl\/klasztor-prudnik\/wp-json\/wp\/v2\/pages\/250\/revisions"}],"predecessor-version":[{"id":3966,"href":"https:\/\/bonifratrzy.pl\/klasztor-prudnik\/wp-json\/wp\/v2\/pages\/250\/revisions\/3966"}],"up":[{"embeddable":true,"href":"https:\/\/bonifratrzy.pl\/klasztor-prudnik\/wp-json\/wp\/v2\/pages\/5"}],"wp:attachment":[{"href":"https:\/\/bonifratrzy.pl\/klasztor-prudnik\/wp-json\/wp\/v2\/media?parent=250"}],"curies":[{"name":"wp","href":"https:\/\/api.w.org\/{rel}","templated":true}]}}