{"id":228,"date":"2019-03-27T10:16:38","date_gmt":"2019-03-27T09:16:38","guid":{"rendered":"https:\/\/bonifratrzy.pl\/klasztor-prudnik\/?page_id=228"},"modified":"2025-11-04T13:56:05","modified_gmt":"2025-11-04T12:56:05","slug":"wspolnota","status":"publish","type":"page","link":"https:\/\/bonifratrzy.pl\/klasztor-prudnik\/klasztor\/wspolnota\/","title":{"rendered":"Wsp\u00f3lnota"},"content":{"rendered":"<h2 style=\"text-align: left;\"><span style=\"color: #b00707;\"><strong>Klasztor p.w. \u015bw. Piotra i Paw\u0142a w Prudniku<\/strong><\/span><\/h2>\n<h2><img loading=\"lazy\" decoding=\"async\" class=\" wp-image-4005 alignleft\" src=\"https:\/\/bonifratrzy.pl\/klasztor-prudnik\/wp-content\/uploads\/sites\/15\/2024\/01\/Mateusz-BICZYK-300x297.jpg\" alt=\"\" width=\"204\" height=\"202\" srcset=\"https:\/\/bonifratrzy.pl\/klasztor-prudnik\/wp-content\/uploads\/sites\/15\/2024\/01\/Mateusz-BICZYK-300x297.jpg 300w, https:\/\/bonifratrzy.pl\/klasztor-prudnik\/wp-content\/uploads\/sites\/15\/2024\/01\/Mateusz-BICZYK-1024x1014.jpg 1024w, https:\/\/bonifratrzy.pl\/klasztor-prudnik\/wp-content\/uploads\/sites\/15\/2024\/01\/Mateusz-BICZYK-150x150.jpg 150w, https:\/\/bonifratrzy.pl\/klasztor-prudnik\/wp-content\/uploads\/sites\/15\/2024\/01\/Mateusz-BICZYK-768x760.jpg 768w, https:\/\/bonifratrzy.pl\/klasztor-prudnik\/wp-content\/uploads\/sites\/15\/2024\/01\/Mateusz-BICZYK-45x45.jpg 45w, https:\/\/bonifratrzy.pl\/klasztor-prudnik\/wp-content\/uploads\/sites\/15\/2024\/01\/Mateusz-BICZYK.jpg 1522w\" sizes=\"(max-width: 204px) 100vw, 204px\" \/>Przeor &#8211; brat Mateusz OH<\/h2>\n<h2><strong>Krzysztof Biczyk<\/strong><\/h2>\n<p>ur. 18.11.1962 r. Gorz\u00f3w Wielkopolski<br \/>\nwst. 11.12.2011 r., ob\u0142. 28.06.2013 r.,<br \/>\n\u015bl. czas. 29.06.2015 r., \u015bl. wiecz. 08.03.2022 r.<\/p>\n<p>Imieniny: 21 wrze\u015bnia<\/p>\n<p><strong>Wsp\u00f3lnot\u0119 zakonn\u0105 tworz\u0105 r\u00f3wnie\u017c:<\/strong><\/p>\n<ul>\n<li>br. Leopold Szatkowski, OH,<\/li>\n<li>br. Ignacy Kowalczyk, OH.<\/li>\n<\/ul>\n","protected":false},"excerpt":{"rendered":"<p>Klasztor p.w. \u015bw. Piotra i Paw\u0142a w Prudniku Przeor &#8211; brat Mateusz OH Krzysztof Biczyk ur. 18.11.1962 r. Gorz\u00f3w Wielkopolski wst. 11.12.2011 r., ob\u0142. 28.06.2013 r., \u015bl. czas. 29.06.2015 r., \u015bl. wiecz. 08.03.2022 r. Imieniny: 21 wrze\u015bnia Wsp\u00f3lnot\u0119 zakonn\u0105 tworz\u0105 r\u00f3wnie\u017c: br. Leopold Szatkowski, OH, br. Ignacy Kowalczyk, OH.<\/p>\n","protected":false},"author":61,"featured_media":0,"parent":5,"menu_order":0,"comment_status":"closed","ping_status":"closed","template":"","meta":{"footnotes":""},"_links":{"self":[{"href":"https:\/\/bonifratrzy.pl\/klasztor-prudnik\/wp-json\/wp\/v2\/pages\/228"}],"collection":[{"href":"https:\/\/bonifratrzy.pl\/klasztor-prudnik\/wp-json\/wp\/v2\/pages"}],"about":[{"href":"https:\/\/bonifratrzy.pl\/klasztor-prudnik\/wp-json\/wp\/v2\/types\/page"}],"author":[{"embeddable":true,"href":"https:\/\/bonifratrzy.pl\/klasztor-prudnik\/wp-json\/wp\/v2\/users\/61"}],"replies":[{"embeddable":true,"href":"https:\/\/bonifratrzy.pl\/klasztor-prudnik\/wp-json\/wp\/v2\/comments?post=228"}],"version-history":[{"count":69,"href":"https:\/\/bonifratrzy.pl\/klasztor-prudnik\/wp-json\/wp\/v2\/pages\/228\/revisions"}],"predecessor-version":[{"id":4118,"href":"https:\/\/bonifratrzy.pl\/klasztor-prudnik\/wp-json\/wp\/v2\/pages\/228\/revisions\/4118"}],"up":[{"embeddable":true,"href":"https:\/\/bonifratrzy.pl\/klasztor-prudnik\/wp-json\/wp\/v2\/pages\/5"}],"wp:attachment":[{"href":"https:\/\/bonifratrzy.pl\/klasztor-prudnik\/wp-json\/wp\/v2\/media?parent=228"}],"curies":[{"name":"wp","href":"https:\/\/api.w.org\/{rel}","templated":true}]}}