{"id":1536,"date":"2019-12-12T11:11:25","date_gmt":"2019-12-12T10:11:25","guid":{"rendered":"https:\/\/bonifratrzy.pl\/klasztor-prudnik\/?page_id=1536"},"modified":"2022-03-11T15:58:26","modified_gmt":"2022-03-11T14:58:26","slug":"przekaz-1-podatku","status":"publish","type":"page","link":"https:\/\/bonifratrzy.pl\/klasztor-prudnik\/chce-pomoc\/przekaz-1-podatku\/","title":{"rendered":"Przeka\u017c 1% podatku"},"content":{"rendered":"<p><strong>FUNDACJA BONIFRATERSKA<\/strong><\/p>\n<p>&#8222;CZY\u0143MY DOBRO&#8221;<\/p>\n<p>Przeka\u017c <span style=\"color: #ff0000\"><strong>1%<\/strong><\/span> podatku na wsparcie Senior\u00f3w Domu \u015bw. Jana Bo\u017cego i Podopiecznych\u00a0 WTZ<\/p>\n<p>KRS: <strong>0000134759<\/strong><br \/>\nNr konta bankowego: <strong>77 1440 1231 0000 0000 0965 4402<\/strong><\/p>\n<p>Cel szczeg\u00f3\u0142owy wskazujemy:<strong> Konwent Bonifratr\u00f3w w Prudniku<\/strong><\/p>\n<p>&nbsp;<\/p>\n<div class=\"wpmf-gallerys wpmf-gallerys-life \" ><div id=\"gallery-1\" class=\"gallery gallery_life wpmf_gallery_default gallery_default  gallery-columns-6 gallery-size-medium gallery-link-file wpmf-has-border-radius-0 wpmf-gutterwidth-5 no_ratio\"><figure class=\"wpmf-gallery-item\" data-index=\"0\"><div class=\"wpmf-gallery-icon\"><div class=\"square_thumbnail\"><div class=\"img_centered\"><a class=\" not_video noLightbox\" data-lightbox=\"1\" data-href=\"https:\/\/bonifratrzy.pl\/klasztor-prudnik\/wp-content\/uploads\/sites\/15\/2022\/03\/1-procent-971x1024.jpg\" title=\"1 Procent\" target=\"_self\" data-index=\"0\"><img decoding=\"async\" class=\"wpmf_img\" alt=\"1 Procent\" src=\"https:\/\/bonifratrzy.pl\/klasztor-prudnik\/wp-content\/uploads\/sites\/15\/2022\/03\/1-procent-284x300.jpg\" data-type=\"wpmfgalleryimg\" data-lazy-src=\"https:\/\/bonifratrzy.pl\/klasztor-prudnik\/wp-content\/uploads\/sites\/15\/2022\/03\/1-procent-284x300.jpg\"><\/a><\/div><\/div><\/div><\/figure><\/div><\/div>\n<p>&nbsp;<\/p>\n","protected":false},"excerpt":{"rendered":"<p>FUNDACJA BONIFRATERSKA &#8222;CZY\u0143MY DOBRO&#8221; Przeka\u017c 1% podatku na wsparcie Senior\u00f3w Domu \u015bw. Jana Bo\u017cego i Podopiecznych\u00a0 WTZ KRS: 0000134759 Nr konta bankowego: 77 1440 1231 0000 0000 0965 4402 Cel szczeg\u00f3\u0142owy wskazujemy: Konwent Bonifratr\u00f3w w Prudniku &nbsp; &nbsp;<\/p>\n","protected":false},"author":61,"featured_media":0,"parent":1532,"menu_order":0,"comment_status":"closed","ping_status":"closed","template":"","meta":{"footnotes":""},"_links":{"self":[{"href":"https:\/\/bonifratrzy.pl\/klasztor-prudnik\/wp-json\/wp\/v2\/pages\/1536"}],"collection":[{"href":"https:\/\/bonifratrzy.pl\/klasztor-prudnik\/wp-json\/wp\/v2\/pages"}],"about":[{"href":"https:\/\/bonifratrzy.pl\/klasztor-prudnik\/wp-json\/wp\/v2\/types\/page"}],"author":[{"embeddable":true,"href":"https:\/\/bonifratrzy.pl\/klasztor-prudnik\/wp-json\/wp\/v2\/users\/61"}],"replies":[{"embeddable":true,"href":"https:\/\/bonifratrzy.pl\/klasztor-prudnik\/wp-json\/wp\/v2\/comments?post=1536"}],"version-history":[{"count":21,"href":"https:\/\/bonifratrzy.pl\/klasztor-prudnik\/wp-json\/wp\/v2\/pages\/1536\/revisions"}],"predecessor-version":[{"id":3556,"href":"https:\/\/bonifratrzy.pl\/klasztor-prudnik\/wp-json\/wp\/v2\/pages\/1536\/revisions\/3556"}],"up":[{"embeddable":true,"href":"https:\/\/bonifratrzy.pl\/klasztor-prudnik\/wp-json\/wp\/v2\/pages\/1532"}],"wp:attachment":[{"href":"https:\/\/bonifratrzy.pl\/klasztor-prudnik\/wp-json\/wp\/v2\/media?parent=1536"}],"curies":[{"name":"wp","href":"https:\/\/api.w.org\/{rel}","templated":true}]}}