{"id":1534,"date":"2019-12-12T11:10:59","date_gmt":"2019-12-12T10:10:59","guid":{"rendered":"https:\/\/bonifratrzy.pl\/klasztor-prudnik\/?page_id=1534"},"modified":"2023-04-03T10:10:59","modified_gmt":"2023-04-03T08:10:59","slug":"wplac-darowizne","status":"publish","type":"page","link":"https:\/\/bonifratrzy.pl\/klasztor-prudnik\/chce-pomoc\/wplac-darowizne\/","title":{"rendered":"Pro\u015bba o pomoc"},"content":{"rendered":"<hr \/>\n<div class=\"text_exposed_show\">\n<p style=\"text-align: left\">\n<\/div>\n<div class=\"wpmf-gallerys wpmf-gallerys-life \" ><div id=\"gallery-1\" class=\"gallery gallery_life wpmf_gallery_default gallery_default  gallery-columns-3 gallery-size-medium gallery-link-file wpmf-has-border-radius-0 wpmf-gutterwidth-5 no_ratio\"><figure class=\"wpmf-gallery-item\" data-index=\"0\"><div class=\"wpmf-gallery-icon\"><div class=\"square_thumbnail\"><div class=\"img_centered\"><a class=\" not_video noLightbox\" data-lightbox=\"1\" data-href=\"https:\/\/bonifratrzy.pl\/klasztor-prudnik\/wp-content\/uploads\/sites\/15\/2019\/06\/DSC_3760.png\" title=\"\" target=\"_self\" data-index=\"0\"><img decoding=\"async\" class=\"wpmf_img\" alt=\"\" src=\"https:\/\/bonifratrzy.pl\/klasztor-prudnik\/wp-content\/uploads\/sites\/15\/2019\/06\/DSC_3760-300x287.png\" data-type=\"wpmfgalleryimg\" data-lazy-src=\"https:\/\/bonifratrzy.pl\/klasztor-prudnik\/wp-content\/uploads\/sites\/15\/2019\/06\/DSC_3760-300x287.png\"><\/a><\/div><\/div><\/div><\/figure><figure class=\"wpmf-gallery-item\" data-index=\"1\"><div class=\"wpmf-gallery-icon\"><div class=\"square_thumbnail\"><div class=\"img_centered\"><a class=\" not_video noLightbox\" data-lightbox=\"1\" data-href=\"https:\/\/bonifratrzy.pl\/klasztor-prudnik\/wp-content\/uploads\/sites\/15\/2019\/04\/DSC_4583.jpg\" title=\"\" target=\"_self\" data-index=\"1\"><img decoding=\"async\" class=\"wpmf_img\" alt=\"\" src=\"https:\/\/bonifratrzy.pl\/klasztor-prudnik\/wp-content\/uploads\/sites\/15\/2019\/04\/DSC_4583-300x177.jpg\" data-type=\"wpmfgalleryimg\" data-lazy-src=\"https:\/\/bonifratrzy.pl\/klasztor-prudnik\/wp-content\/uploads\/sites\/15\/2019\/04\/DSC_4583-300x177.jpg\"><\/a><\/div><\/div><\/div><\/figure><\/div><\/div>\n<p align=\"CENTER\"><span style=\"color: #000000\"><span style=\"font-family: Arial, sans-serif\"><strong>Konwent OO.Bonifratr\u00f3w<\/strong><br \/>\nul. Piastowska 8<br \/>\n48-200 Prudnik<\/span><\/span><\/p>\n<p align=\"CENTER\"><strong><span style=\"color: #ff3333\"><span style=\"font-family: Arial, sans-serif\">Nr konta: 79 1090 2226 0000 0001 5055 1272<\/span><\/span><\/strong><span style=\"color: #000000\"><span style=\"font-family: Arial, sans-serif\"><br \/>\n<\/span><\/span><span style=\"color: #000000\"><span style=\"font-family: Arial, sans-serif\"><b>Z dopiskiem<\/b><\/span><\/span><span style=\"color: #000000\"><span style=\"font-family: Arial, sans-serif\">: 1- na dzia\u0142alno\u015b\u0107 kultu religijnego, lub 2 \u2013 dzia\u0142alno\u015b\u0107 charytatywno-opieku\u0144cza<\/span><\/span><\/p>\n<p align=\"CENTER\"><strong><span style=\"color: #000000\"><span style=\"font-family: Arial, sans-serif\">Nasz\u0105 misj\u0105 jest s\u0142u\u017cenie Bogu obecnemu w drugim cz\u0142owieku.<\/span><\/span><\/strong><span style=\"color: #000000\"><span style=\"font-family: Arial, sans-serif\"><br \/>\nCzynienie dobra, do kt\u00f3rego nawo\u0142ywa\u0142 \u015bwi\u0119ty Jan Bo\u017cy to nasz spos\u00f3b na \u017cycie. Promujemy takie warto\u015bci jak szacunek, odpowiedzialno\u015b\u0107, duchowo\u015b\u0107 i mi\u0142o\u015b\u0107 do drugiego cz\u0142owieka. To wszystko tworzy bonifratersk\u0105 go\u015bcinno\u015b\u0107 czyli szpitalnictwo (od \u0142ac. hospitalitas\/ ang. Hospitality).<\/span><\/span><\/p>\n<p align=\"CENTER\"><span style=\"color: #000000\"><span style=\"font-family: Arial, sans-serif\">W tym trudnym czasie dla nas wszystkich, prosimy o wsparcie \u2013 serdeczne B\u00f3g zap\u0142a\u0107<\/span><\/span><\/p>\n<h2 class=\"western\" align=\"CENTER\"><span style=\"color: #b30000\"><span style=\"font-family: Arial, sans-serif\"><span style=\"font-size: medium\"><b>Jak odliczy\u0107 darowizn\u0119 na Konwent Bonifratr\u00f3w w Prudniku<\/b><\/span><\/span><\/span><\/h2>\n<p align=\"JUSTIFY\"><strong><span style=\"color: #000000\"><span style=\"font-family: Arial, sans-serif\"><span style=\"font-size: medium\">Osoby prawne<\/span><\/span><\/span><\/strong> <span style=\"color: #000000\"><span style=\"font-family: Arial, sans-serif\"><span style=\"font-size: medium\"><b>(np.: firmy) <\/b><\/span><\/span><\/span><span style=\"color: #000000\"><span style=\"font-family: Arial, sans-serif\"><span style=\"font-size: medium\">mog\u0105 przekazan\u0105 darowizn\u0119 odpisa\u0107 od dochodu:<\/span><\/span><\/span><\/p>\n<ul>\n<li>\n<p align=\"JUSTIFY\"><span style=\"color: #000000\"><span style=\"font-family: Arial, sans-serif\"><span style=\"font-size: medium\">do 10% uzyskanego dochodu, gdzie potwierdzeniem jest dow\u00f3d wp\u0142aty na rachunek bankowy Konwentu. Jest to darowizna na dzia\u0142alno\u015b\u0107 po\u017cytku publicznego.<\/span><\/span><\/span><\/p>\n<\/li>\n<li>\n<p align=\"JUSTIFY\"><span style=\"color: #000000\"><span style=\"font-family: Arial, sans-serif\"><span style=\"font-size: medium\">bez limitu procentowego ani kwotowego \u2013 ca\u0142\u0105 darowizn\u0119, gdzie potwierdzeniem jest dow\u00f3d wp\u0142aty na rachunek bankowy Konwentu oraz pisemne sprawozdanie o przeznaczeniu darowizny dostarczone przez Konwentu w ci\u0105gu 2 lat. Jest to darowizna na dzia\u0142alno\u015b\u0107 charytatywno-opieku\u0144cz\u0105 Ko\u015bcio\u0142a.<\/span><\/span><\/span><\/p>\n<\/li>\n<\/ul>\n<p align=\"JUSTIFY\"><strong><span style=\"color: #000000\"><span style=\"font-family: Arial, sans-serif\"><span style=\"font-size: medium\">Osoby fizyczne <\/span><\/span><\/span><\/strong><span style=\"color: #000000\"><span style=\"font-family: Arial, sans-serif\"><span style=\"font-size: medium\"><b>(prywatne)<\/b><\/span><\/span><\/span><span style=\"color: #000000\"><span style=\"font-family: Arial, sans-serif\"><span style=\"font-size: medium\"> mog\u0105 przekazan\u0105 darowizn\u0119 odpisa\u0107 od dochodu:<\/span><\/span><\/span><\/p>\n<ul>\n<li>\n<p align=\"JUSTIFY\"><span style=\"color: #000000\"><span style=\"font-family: Arial, sans-serif\"><span style=\"font-size: medium\">do 6% uzyskanego dochodu, gdzie potwierdzeniem jest dow\u00f3d wp\u0142aty na rachunek bankowy Konwentu. Jest to darowizna na dzia\u0142alno\u015b\u0107 po\u017cytku publicznego.<\/span><\/span><\/span><\/p>\n<\/li>\n<li>\n<p align=\"JUSTIFY\"><span style=\"color: #000000\"><span style=\"font-family: Arial, sans-serif\"><span style=\"font-size: medium\">bez limitu procentowego ani kwotowego \u2013 ca\u0142\u0105 darowizn\u0119, gdzie potwierdzeniem jest dow\u00f3d wp\u0142aty na rachunek bankowy Konwentu oraz pisemne sprawozdanie o przeznaczeniu darowizny dostarczone przez Konwentu w ci\u0105gu 2 lat. Jest to darowizna na dzia\u0142alno\u015b\u0107 charytatywno-opieku\u0144cz\u0105 Ko\u015bcio\u0142a.<\/span><\/span><\/span><\/p>\n<\/li>\n<\/ul>\n","protected":false},"excerpt":{"rendered":"<p>Konwent OO.Bonifratr\u00f3w ul. Piastowska 8 48-200 Prudnik Nr konta: 79 1090 2226 0000 0001 5055 1272 Z dopiskiem: 1- na dzia\u0142alno\u015b\u0107 kultu religijnego, lub 2 \u2013 dzia\u0142alno\u015b\u0107 charytatywno-opieku\u0144cza Nasz\u0105 misj\u0105 jest s\u0142u\u017cenie Bogu obecnemu w drugim cz\u0142owieku. Czynienie dobra, do kt\u00f3rego nawo\u0142ywa\u0142 \u015bwi\u0119ty Jan Bo\u017cy to nasz spos\u00f3b na \u017cycie. Promujemy takie warto\u015bci jak szacunek, [&hellip;]<\/p>\n","protected":false},"author":61,"featured_media":0,"parent":1532,"menu_order":0,"comment_status":"closed","ping_status":"closed","template":"","meta":{"footnotes":""},"_links":{"self":[{"href":"https:\/\/bonifratrzy.pl\/klasztor-prudnik\/wp-json\/wp\/v2\/pages\/1534"}],"collection":[{"href":"https:\/\/bonifratrzy.pl\/klasztor-prudnik\/wp-json\/wp\/v2\/pages"}],"about":[{"href":"https:\/\/bonifratrzy.pl\/klasztor-prudnik\/wp-json\/wp\/v2\/types\/page"}],"author":[{"embeddable":true,"href":"https:\/\/bonifratrzy.pl\/klasztor-prudnik\/wp-json\/wp\/v2\/users\/61"}],"replies":[{"embeddable":true,"href":"https:\/\/bonifratrzy.pl\/klasztor-prudnik\/wp-json\/wp\/v2\/comments?post=1534"}],"version-history":[{"count":27,"href":"https:\/\/bonifratrzy.pl\/klasztor-prudnik\/wp-json\/wp\/v2\/pages\/1534\/revisions"}],"predecessor-version":[{"id":3770,"href":"https:\/\/bonifratrzy.pl\/klasztor-prudnik\/wp-json\/wp\/v2\/pages\/1534\/revisions\/3770"}],"up":[{"embeddable":true,"href":"https:\/\/bonifratrzy.pl\/klasztor-prudnik\/wp-json\/wp\/v2\/pages\/1532"}],"wp:attachment":[{"href":"https:\/\/bonifratrzy.pl\/klasztor-prudnik\/wp-json\/wp\/v2\/media?parent=1534"}],"curies":[{"name":"wp","href":"https:\/\/api.w.org\/{rel}","templated":true}]}}