{"id":149,"date":"2018-12-15T00:14:30","date_gmt":"2018-12-14T23:14:30","guid":{"rendered":"https:\/\/bonifratrzy.pl\/klasztor-prudnik\/?page_id=149"},"modified":"2019-10-17T09:31:38","modified_gmt":"2019-10-17T07:31:38","slug":"projekt-pelna-konserwacja-trzech-rekopisow-oprawnych","status":"publish","type":"page","link":"https:\/\/bonifratrzy.pl\/klasztor-prudnik\/archiwum-konwentu\/projekt-pelna-konserwacja-trzech-rekopisow-oprawnych\/","title":{"rendered":"projekt Pe\u0142na konserwacja trzech r\u0119kopis\u00f3w oprawnych"},"content":{"rendered":"<p>projekt Pe\u0142na konserwacja trzech r\u0119kopis\u00f3w oprawnych \u2013 ksi\u0119gi kapitulnej (sygn. AKBP 15), ksi\u0119gi przychod\u00f3w z kwesty (sygn. AKBP 671) oraz ksi\u0119gi chorych (sygn. AKBP 884).\u00a0<img loading=\"lazy\" decoding=\"async\" class=\"alignright wp-image-113\" src=\"https:\/\/bonifratrzy.pl\/klasztor-prudnik\/wp-content\/uploads\/sites\/15\/2017\/12\/Logo-NDAP-300x175.jpg\" alt=\"\" width=\"178\" height=\"104\" srcset=\"https:\/\/bonifratrzy.pl\/klasztor-prudnik\/wp-content\/uploads\/sites\/15\/2017\/12\/Logo-NDAP-300x175.jpg 300w, https:\/\/bonifratrzy.pl\/klasztor-prudnik\/wp-content\/uploads\/sites\/15\/2017\/12\/Logo-NDAP-768x448.jpg 768w, https:\/\/bonifratrzy.pl\/klasztor-prudnik\/wp-content\/uploads\/sites\/15\/2017\/12\/Logo-NDAP-1024x598.jpg 1024w, https:\/\/bonifratrzy.pl\/klasztor-prudnik\/wp-content\/uploads\/sites\/15\/2017\/12\/Logo-NDAP.jpg 1817w\" sizes=\"(max-width: 178px) 100vw, 178px\" \/><\/p>\n<p>Od sierpnia do listopada bie\u017c\u0105cego roku konwent przy wsp\u00f3\u0142udziale \u015brodk\u00f3w Naczelnej Dyrekcji Archiw\u00f3w Pa\u0144stwowych realizowa\u0142 projekt Pe\u0142na konserwacja trzech r\u0119kopis\u00f3w oprawnych \u2013 ksi\u0119gi kapitulnej (sygn. AKBP 15), ksi\u0119gi przychod\u00f3w z kwesty (sygn. AKBP 671) oraz ksi\u0119gi chorych (sygn. AKBP 884).<br \/>\nCelem projektu by\u0142a kompleksowa konserwacja trzech r\u0119kopis\u00f3w oprawnych, powsta\u0142ych w drugiej po\u0142owie wieku XVIII i pierwszej po\u0142owie XIX wieku. Pe\u0142nej konserwacji poddano ksi\u0119g\u0119 kapituln\u0105 z lat 1766\u20131799, ksi\u0119g\u0119 przychod\u00f3w z kwesty z lat 1791\u20131828 oraz ksi\u0119g\u0119 chorych z lat 1813\u20131826.<br \/>\nWarto\u015b\u0107 przeprowadzonych prac zamkn\u0119\u0142a si\u0119 w kwocie 54 800 z\u0142otych. Zadanie zosta\u0142o sfinansowane w 89,42% ze \u015brodk\u00f3w publicznych w formie dofinansowania w ramach otwartego konkursu ofert na realizacj\u0119 zadania publicznego Wspieranie dzia\u0142a\u0144 archiwalnych 2018. II nab\u00f3r organizowanego przez Naczelnego Dyrektora Archiw\u00f3w Pa\u0144stwowych.<\/p>\n<p><a href=\"https:\/\/bonifratrzy.pl\/klasztor-prudnik\/wp-content\/uploads\/sites\/15\/2018\/12\/AKBP-671-po-konserwacji-2.jpg\"><img loading=\"lazy\" decoding=\"async\" class=\"alignright size-medium wp-image-172\" src=\"https:\/\/bonifratrzy.pl\/klasztor-prudnik\/wp-content\/uploads\/sites\/15\/2018\/12\/AKBP-671-po-konserwacji-2-300x184.jpg\" alt=\"\" width=\"300\" height=\"184\" srcset=\"https:\/\/bonifratrzy.pl\/klasztor-prudnik\/wp-content\/uploads\/sites\/15\/2018\/12\/AKBP-671-po-konserwacji-2-300x184.jpg 300w, https:\/\/bonifratrzy.pl\/klasztor-prudnik\/wp-content\/uploads\/sites\/15\/2018\/12\/AKBP-671-po-konserwacji-2-768x471.jpg 768w, https:\/\/bonifratrzy.pl\/klasztor-prudnik\/wp-content\/uploads\/sites\/15\/2018\/12\/AKBP-671-po-konserwacji-2-1024x628.jpg 1024w, https:\/\/bonifratrzy.pl\/klasztor-prudnik\/wp-content\/uploads\/sites\/15\/2018\/12\/AKBP-671-po-konserwacji-2.jpg 1960w\" sizes=\"(max-width: 300px) 100vw, 300px\" \/><\/a> <a href=\"https:\/\/bonifratrzy.pl\/klasztor-prudnik\/wp-content\/uploads\/sites\/15\/2018\/12\/AKBP-671-po-konserwacji-1.jpg\"><img loading=\"lazy\" decoding=\"async\" class=\"alignright size-medium wp-image-171\" src=\"https:\/\/bonifratrzy.pl\/klasztor-prudnik\/wp-content\/uploads\/sites\/15\/2018\/12\/AKBP-671-po-konserwacji-1-300x193.jpg\" alt=\"\" width=\"300\" height=\"193\" srcset=\"https:\/\/bonifratrzy.pl\/klasztor-prudnik\/wp-content\/uploads\/sites\/15\/2018\/12\/AKBP-671-po-konserwacji-1-300x193.jpg 300w, https:\/\/bonifratrzy.pl\/klasztor-prudnik\/wp-content\/uploads\/sites\/15\/2018\/12\/AKBP-671-po-konserwacji-1-768x495.jpg 768w, https:\/\/bonifratrzy.pl\/klasztor-prudnik\/wp-content\/uploads\/sites\/15\/2018\/12\/AKBP-671-po-konserwacji-1-1024x660.jpg 1024w, https:\/\/bonifratrzy.pl\/klasztor-prudnik\/wp-content\/uploads\/sites\/15\/2018\/12\/AKBP-671-po-konserwacji-1.jpg 1950w\" sizes=\"(max-width: 300px) 100vw, 300px\" \/><\/a> <a href=\"https:\/\/bonifratrzy.pl\/klasztor-prudnik\/wp-content\/uploads\/sites\/15\/2018\/12\/Zapis-nutowy-odkryty-w-AKBP-671.jpg\"><img loading=\"lazy\" decoding=\"async\" class=\"alignright size-medium wp-image-170\" src=\"https:\/\/bonifratrzy.pl\/klasztor-prudnik\/wp-content\/uploads\/sites\/15\/2018\/12\/Zapis-nutowy-odkryty-w-AKBP-671-300x230.jpg\" alt=\"\" width=\"300\" height=\"230\" srcset=\"https:\/\/bonifratrzy.pl\/klasztor-prudnik\/wp-content\/uploads\/sites\/15\/2018\/12\/Zapis-nutowy-odkryty-w-AKBP-671-300x230.jpg 300w, https:\/\/bonifratrzy.pl\/klasztor-prudnik\/wp-content\/uploads\/sites\/15\/2018\/12\/Zapis-nutowy-odkryty-w-AKBP-671-768x590.jpg 768w, https:\/\/bonifratrzy.pl\/klasztor-prudnik\/wp-content\/uploads\/sites\/15\/2018\/12\/Zapis-nutowy-odkryty-w-AKBP-671-1024x787.jpg 1024w, https:\/\/bonifratrzy.pl\/klasztor-prudnik\/wp-content\/uploads\/sites\/15\/2018\/12\/Zapis-nutowy-odkryty-w-AKBP-671.jpg 1657w\" sizes=\"(max-width: 300px) 100vw, 300px\" \/><\/a> <a href=\"https:\/\/bonifratrzy.pl\/klasztor-prudnik\/wp-content\/uploads\/sites\/15\/2018\/12\/AKBP-884-w-czasie-prac-konserwatorskich-2.jpg\"><img loading=\"lazy\" decoding=\"async\" class=\"alignright size-medium wp-image-169\" src=\"https:\/\/bonifratrzy.pl\/klasztor-prudnik\/wp-content\/uploads\/sites\/15\/2018\/12\/AKBP-884-w-czasie-prac-konserwatorskich-2-300x199.jpg\" alt=\"\" width=\"300\" height=\"199\" srcset=\"https:\/\/bonifratrzy.pl\/klasztor-prudnik\/wp-content\/uploads\/sites\/15\/2018\/12\/AKBP-884-w-czasie-prac-konserwatorskich-2-300x199.jpg 300w, https:\/\/bonifratrzy.pl\/klasztor-prudnik\/wp-content\/uploads\/sites\/15\/2018\/12\/AKBP-884-w-czasie-prac-konserwatorskich-2-768x510.jpg 768w, https:\/\/bonifratrzy.pl\/klasztor-prudnik\/wp-content\/uploads\/sites\/15\/2018\/12\/AKBP-884-w-czasie-prac-konserwatorskich-2-1024x680.jpg 1024w\" sizes=\"(max-width: 300px) 100vw, 300px\" \/><\/a> <a href=\"https:\/\/bonifratrzy.pl\/klasztor-prudnik\/wp-content\/uploads\/sites\/15\/2018\/12\/AKBP-884-w-czasie-prac-konserwatorskich-1.jpg\"><img loading=\"lazy\" decoding=\"async\" class=\"alignright size-medium wp-image-168\" src=\"https:\/\/bonifratrzy.pl\/klasztor-prudnik\/wp-content\/uploads\/sites\/15\/2018\/12\/AKBP-884-w-czasie-prac-konserwatorskich-1-300x199.jpg\" alt=\"\" width=\"300\" height=\"199\" srcset=\"https:\/\/bonifratrzy.pl\/klasztor-prudnik\/wp-content\/uploads\/sites\/15\/2018\/12\/AKBP-884-w-czasie-prac-konserwatorskich-1-300x199.jpg 300w, https:\/\/bonifratrzy.pl\/klasztor-prudnik\/wp-content\/uploads\/sites\/15\/2018\/12\/AKBP-884-w-czasie-prac-konserwatorskich-1-768x510.jpg 768w, https:\/\/bonifratrzy.pl\/klasztor-prudnik\/wp-content\/uploads\/sites\/15\/2018\/12\/AKBP-884-w-czasie-prac-konserwatorskich-1-1024x680.jpg 1024w\" sizes=\"(max-width: 300px) 100vw, 300px\" \/><\/a> <a href=\"https:\/\/bonifratrzy.pl\/klasztor-prudnik\/wp-content\/uploads\/sites\/15\/2018\/12\/AKBP-884-przed-konserwacj\u0105-3.jpg\"><img loading=\"lazy\" decoding=\"async\" class=\"alignright size-medium wp-image-167\" src=\"https:\/\/bonifratrzy.pl\/klasztor-prudnik\/wp-content\/uploads\/sites\/15\/2018\/12\/AKBP-884-przed-konserwacj\u0105-3-300x176.jpg\" alt=\"\" width=\"300\" height=\"176\" srcset=\"https:\/\/bonifratrzy.pl\/klasztor-prudnik\/wp-content\/uploads\/sites\/15\/2018\/12\/AKBP-884-przed-konserwacj\u0105-3-300x176.jpg 300w, https:\/\/bonifratrzy.pl\/klasztor-prudnik\/wp-content\/uploads\/sites\/15\/2018\/12\/AKBP-884-przed-konserwacj\u0105-3-768x451.jpg 768w, https:\/\/bonifratrzy.pl\/klasztor-prudnik\/wp-content\/uploads\/sites\/15\/2018\/12\/AKBP-884-przed-konserwacj\u0105-3-1024x601.jpg 1024w, https:\/\/bonifratrzy.pl\/klasztor-prudnik\/wp-content\/uploads\/sites\/15\/2018\/12\/AKBP-884-przed-konserwacj\u0105-3.jpg 2003w\" sizes=\"(max-width: 300px) 100vw, 300px\" \/><\/a> <a href=\"https:\/\/bonifratrzy.pl\/klasztor-prudnik\/wp-content\/uploads\/sites\/15\/2018\/12\/AKBP-884-przed-konserwacj\u0105-1.jpg\"><img loading=\"lazy\" decoding=\"async\" class=\"alignright size-medium wp-image-166\" src=\"https:\/\/bonifratrzy.pl\/klasztor-prudnik\/wp-content\/uploads\/sites\/15\/2018\/12\/AKBP-884-przed-konserwacj\u0105-1-300x196.jpg\" alt=\"\" width=\"300\" height=\"196\" srcset=\"https:\/\/bonifratrzy.pl\/klasztor-prudnik\/wp-content\/uploads\/sites\/15\/2018\/12\/AKBP-884-przed-konserwacj\u0105-1-300x196.jpg 300w, https:\/\/bonifratrzy.pl\/klasztor-prudnik\/wp-content\/uploads\/sites\/15\/2018\/12\/AKBP-884-przed-konserwacj\u0105-1-768x503.jpg 768w, https:\/\/bonifratrzy.pl\/klasztor-prudnik\/wp-content\/uploads\/sites\/15\/2018\/12\/AKBP-884-przed-konserwacj\u0105-1-1024x670.jpg 1024w, https:\/\/bonifratrzy.pl\/klasztor-prudnik\/wp-content\/uploads\/sites\/15\/2018\/12\/AKBP-884-przed-konserwacj\u0105-1.jpg 1963w\" sizes=\"(max-width: 300px) 100vw, 300px\" \/><\/a> <a href=\"https:\/\/bonifratrzy.pl\/klasztor-prudnik\/wp-content\/uploads\/sites\/15\/2018\/12\/AKBP-884-po-konserwacji-3.jpg\"><img loading=\"lazy\" decoding=\"async\" class=\"alignright size-medium wp-image-165\" src=\"https:\/\/bonifratrzy.pl\/klasztor-prudnik\/wp-content\/uploads\/sites\/15\/2018\/12\/AKBP-884-po-konserwacji-3-300x171.jpg\" alt=\"\" width=\"300\" height=\"171\" srcset=\"https:\/\/bonifratrzy.pl\/klasztor-prudnik\/wp-content\/uploads\/sites\/15\/2018\/12\/AKBP-884-po-konserwacji-3-300x171.jpg 300w, https:\/\/bonifratrzy.pl\/klasztor-prudnik\/wp-content\/uploads\/sites\/15\/2018\/12\/AKBP-884-po-konserwacji-3-768x437.jpg 768w, https:\/\/bonifratrzy.pl\/klasztor-prudnik\/wp-content\/uploads\/sites\/15\/2018\/12\/AKBP-884-po-konserwacji-3-1024x583.jpg 1024w, https:\/\/bonifratrzy.pl\/klasztor-prudnik\/wp-content\/uploads\/sites\/15\/2018\/12\/AKBP-884-po-konserwacji-3.jpg 1477w\" sizes=\"(max-width: 300px) 100vw, 300px\" \/><\/a> <a href=\"https:\/\/bonifratrzy.pl\/klasztor-prudnik\/wp-content\/uploads\/sites\/15\/2018\/12\/AKBP-884-po-konserwacji-1.jpg\"><img loading=\"lazy\" decoding=\"async\" class=\"alignright size-medium wp-image-164\" src=\"https:\/\/bonifratrzy.pl\/klasztor-prudnik\/wp-content\/uploads\/sites\/15\/2018\/12\/AKBP-884-po-konserwacji-1-300x188.jpg\" alt=\"\" width=\"300\" height=\"188\" srcset=\"https:\/\/bonifratrzy.pl\/klasztor-prudnik\/wp-content\/uploads\/sites\/15\/2018\/12\/AKBP-884-po-konserwacji-1-300x188.jpg 300w, https:\/\/bonifratrzy.pl\/klasztor-prudnik\/wp-content\/uploads\/sites\/15\/2018\/12\/AKBP-884-po-konserwacji-1-768x481.jpg 768w, https:\/\/bonifratrzy.pl\/klasztor-prudnik\/wp-content\/uploads\/sites\/15\/2018\/12\/AKBP-884-po-konserwacji-1-1024x642.jpg 1024w, https:\/\/bonifratrzy.pl\/klasztor-prudnik\/wp-content\/uploads\/sites\/15\/2018\/12\/AKBP-884-po-konserwacji-1.jpg 1925w\" sizes=\"(max-width: 300px) 100vw, 300px\" \/><\/a> <a href=\"https:\/\/bonifratrzy.pl\/klasztor-prudnik\/wp-content\/uploads\/sites\/15\/2018\/12\/AKBP-15-w-trakcie-konserwacji-2.jpg\"><img loading=\"lazy\" decoding=\"async\" class=\"alignright size-medium wp-image-163\" src=\"https:\/\/bonifratrzy.pl\/klasztor-prudnik\/wp-content\/uploads\/sites\/15\/2018\/12\/AKBP-15-w-trakcie-konserwacji-2-300x199.jpg\" alt=\"\" width=\"300\" height=\"199\" srcset=\"https:\/\/bonifratrzy.pl\/klasztor-prudnik\/wp-content\/uploads\/sites\/15\/2018\/12\/AKBP-15-w-trakcie-konserwacji-2-300x199.jpg 300w, https:\/\/bonifratrzy.pl\/klasztor-prudnik\/wp-content\/uploads\/sites\/15\/2018\/12\/AKBP-15-w-trakcie-konserwacji-2-768x510.jpg 768w, https:\/\/bonifratrzy.pl\/klasztor-prudnik\/wp-content\/uploads\/sites\/15\/2018\/12\/AKBP-15-w-trakcie-konserwacji-2-1024x680.jpg 1024w\" sizes=\"(max-width: 300px) 100vw, 300px\" \/><\/a> <a href=\"https:\/\/bonifratrzy.pl\/klasztor-prudnik\/wp-content\/uploads\/sites\/15\/2018\/12\/AKBP-15-w-trakcie-konserwacji-1.jpg\"><img loading=\"lazy\" decoding=\"async\" class=\"alignright size-medium wp-image-162\" src=\"https:\/\/bonifratrzy.pl\/klasztor-prudnik\/wp-content\/uploads\/sites\/15\/2018\/12\/AKBP-15-w-trakcie-konserwacji-1-300x199.jpg\" alt=\"\" width=\"300\" height=\"199\" srcset=\"https:\/\/bonifratrzy.pl\/klasztor-prudnik\/wp-content\/uploads\/sites\/15\/2018\/12\/AKBP-15-w-trakcie-konserwacji-1-300x199.jpg 300w, https:\/\/bonifratrzy.pl\/klasztor-prudnik\/wp-content\/uploads\/sites\/15\/2018\/12\/AKBP-15-w-trakcie-konserwacji-1-768x510.jpg 768w, https:\/\/bonifratrzy.pl\/klasztor-prudnik\/wp-content\/uploads\/sites\/15\/2018\/12\/AKBP-15-w-trakcie-konserwacji-1-1024x680.jpg 1024w\" sizes=\"(max-width: 300px) 100vw, 300px\" \/><\/a> <a href=\"https:\/\/bonifratrzy.pl\/klasztor-prudnik\/wp-content\/uploads\/sites\/15\/2018\/12\/AKBP-15-przed-konserwacj\u0105-3.jpg\"><img loading=\"lazy\" decoding=\"async\" class=\"alignright size-medium wp-image-161\" src=\"https:\/\/bonifratrzy.pl\/klasztor-prudnik\/wp-content\/uploads\/sites\/15\/2018\/12\/AKBP-15-przed-konserwacj\u0105-3-300x199.jpg\" alt=\"\" width=\"300\" height=\"199\" srcset=\"https:\/\/bonifratrzy.pl\/klasztor-prudnik\/wp-content\/uploads\/sites\/15\/2018\/12\/AKBP-15-przed-konserwacj\u0105-3-300x199.jpg 300w, https:\/\/bonifratrzy.pl\/klasztor-prudnik\/wp-content\/uploads\/sites\/15\/2018\/12\/AKBP-15-przed-konserwacj\u0105-3-768x510.jpg 768w, https:\/\/bonifratrzy.pl\/klasztor-prudnik\/wp-content\/uploads\/sites\/15\/2018\/12\/AKBP-15-przed-konserwacj\u0105-3-1024x680.jpg 1024w\" sizes=\"(max-width: 300px) 100vw, 300px\" \/><\/a> <a href=\"https:\/\/bonifratrzy.pl\/klasztor-prudnik\/wp-content\/uploads\/sites\/15\/2018\/12\/AKBP-15-przed-konserwacj\u0105-1.jpg\"><img loading=\"lazy\" decoding=\"async\" class=\"alignright size-medium wp-image-160\" src=\"https:\/\/bonifratrzy.pl\/klasztor-prudnik\/wp-content\/uploads\/sites\/15\/2018\/12\/AKBP-15-przed-konserwacj\u0105-1-300x199.jpg\" alt=\"\" width=\"300\" height=\"199\" srcset=\"https:\/\/bonifratrzy.pl\/klasztor-prudnik\/wp-content\/uploads\/sites\/15\/2018\/12\/AKBP-15-przed-konserwacj\u0105-1-300x199.jpg 300w, https:\/\/bonifratrzy.pl\/klasztor-prudnik\/wp-content\/uploads\/sites\/15\/2018\/12\/AKBP-15-przed-konserwacj\u0105-1-768x510.jpg 768w, https:\/\/bonifratrzy.pl\/klasztor-prudnik\/wp-content\/uploads\/sites\/15\/2018\/12\/AKBP-15-przed-konserwacj\u0105-1-1024x680.jpg 1024w\" sizes=\"(max-width: 300px) 100vw, 300px\" \/><\/a> <a href=\"https:\/\/bonifratrzy.pl\/klasztor-prudnik\/wp-content\/uploads\/sites\/15\/2018\/12\/AKBP-15-po-konserwacji-3.jpg\"><img loading=\"lazy\" decoding=\"async\" class=\"alignright size-medium wp-image-159\" src=\"https:\/\/bonifratrzy.pl\/klasztor-prudnik\/wp-content\/uploads\/sites\/15\/2018\/12\/AKBP-15-po-konserwacji-3-300x199.jpg\" alt=\"\" width=\"300\" height=\"199\" srcset=\"https:\/\/bonifratrzy.pl\/klasztor-prudnik\/wp-content\/uploads\/sites\/15\/2018\/12\/AKBP-15-po-konserwacji-3-300x199.jpg 300w, https:\/\/bonifratrzy.pl\/klasztor-prudnik\/wp-content\/uploads\/sites\/15\/2018\/12\/AKBP-15-po-konserwacji-3-768x510.jpg 768w, https:\/\/bonifratrzy.pl\/klasztor-prudnik\/wp-content\/uploads\/sites\/15\/2018\/12\/AKBP-15-po-konserwacji-3-1024x680.jpg 1024w\" sizes=\"(max-width: 300px) 100vw, 300px\" \/><\/a> <a href=\"https:\/\/bonifratrzy.pl\/klasztor-prudnik\/wp-content\/uploads\/sites\/15\/2018\/12\/AKBP-15-po-konserwacji-1.jpg\"><img loading=\"lazy\" decoding=\"async\" class=\"alignright size-medium wp-image-158\" src=\"https:\/\/bonifratrzy.pl\/klasztor-prudnik\/wp-content\/uploads\/sites\/15\/2018\/12\/AKBP-15-po-konserwacji-1-300x199.jpg\" alt=\"\" width=\"300\" height=\"199\" srcset=\"https:\/\/bonifratrzy.pl\/klasztor-prudnik\/wp-content\/uploads\/sites\/15\/2018\/12\/AKBP-15-po-konserwacji-1-300x199.jpg 300w, https:\/\/bonifratrzy.pl\/klasztor-prudnik\/wp-content\/uploads\/sites\/15\/2018\/12\/AKBP-15-po-konserwacji-1-768x510.jpg 768w, https:\/\/bonifratrzy.pl\/klasztor-prudnik\/wp-content\/uploads\/sites\/15\/2018\/12\/AKBP-15-po-konserwacji-1-1024x680.jpg 1024w\" sizes=\"(max-width: 300px) 100vw, 300px\" \/><\/a> <a href=\"https:\/\/bonifratrzy.pl\/klasztor-prudnik\/wp-content\/uploads\/sites\/15\/2018\/12\/AKBP-671-przed-konserwacj\u0105-6.jpg\"><img loading=\"lazy\" decoding=\"async\" class=\"alignright size-medium wp-image-157\" src=\"https:\/\/bonifratrzy.pl\/klasztor-prudnik\/wp-content\/uploads\/sites\/15\/2018\/12\/AKBP-671-przed-konserwacj\u0105-6-300x155.jpg\" alt=\"\" width=\"300\" height=\"155\" srcset=\"https:\/\/bonifratrzy.pl\/klasztor-prudnik\/wp-content\/uploads\/sites\/15\/2018\/12\/AKBP-671-przed-konserwacj\u0105-6-300x155.jpg 300w, https:\/\/bonifratrzy.pl\/klasztor-prudnik\/wp-content\/uploads\/sites\/15\/2018\/12\/AKBP-671-przed-konserwacj\u0105-6-768x397.jpg 768w, https:\/\/bonifratrzy.pl\/klasztor-prudnik\/wp-content\/uploads\/sites\/15\/2018\/12\/AKBP-671-przed-konserwacj\u0105-6-1024x529.jpg 1024w, https:\/\/bonifratrzy.pl\/klasztor-prudnik\/wp-content\/uploads\/sites\/15\/2018\/12\/AKBP-671-przed-konserwacj\u0105-6.jpg 1076w\" sizes=\"(max-width: 300px) 100vw, 300px\" \/><\/a> <a href=\"https:\/\/bonifratrzy.pl\/klasztor-prudnik\/wp-content\/uploads\/sites\/15\/2018\/12\/AKBP-671-przed-konserwacj\u0105-2.jpg\"><img loading=\"lazy\" decoding=\"async\" class=\"alignright size-medium wp-image-156\" src=\"https:\/\/bonifratrzy.pl\/klasztor-prudnik\/wp-content\/uploads\/sites\/15\/2018\/12\/AKBP-671-przed-konserwacj\u0105-2-300x199.jpg\" alt=\"\" width=\"300\" height=\"199\" srcset=\"https:\/\/bonifratrzy.pl\/klasztor-prudnik\/wp-content\/uploads\/sites\/15\/2018\/12\/AKBP-671-przed-konserwacj\u0105-2-300x199.jpg 300w, https:\/\/bonifratrzy.pl\/klasztor-prudnik\/wp-content\/uploads\/sites\/15\/2018\/12\/AKBP-671-przed-konserwacj\u0105-2-768x510.jpg 768w, https:\/\/bonifratrzy.pl\/klasztor-prudnik\/wp-content\/uploads\/sites\/15\/2018\/12\/AKBP-671-przed-konserwacj\u0105-2-1024x680.jpg 1024w\" sizes=\"(max-width: 300px) 100vw, 300px\" \/><\/a> <a href=\"https:\/\/bonifratrzy.pl\/klasztor-prudnik\/wp-content\/uploads\/sites\/15\/2018\/12\/AKBP-671-przed-konserwacj\u0105-1.jpg\"><img loading=\"lazy\" decoding=\"async\" class=\"alignright size-medium wp-image-155\" src=\"https:\/\/bonifratrzy.pl\/klasztor-prudnik\/wp-content\/uploads\/sites\/15\/2018\/12\/AKBP-671-przed-konserwacj\u0105-1-300x199.jpg\" alt=\"\" width=\"300\" height=\"199\" srcset=\"https:\/\/bonifratrzy.pl\/klasztor-prudnik\/wp-content\/uploads\/sites\/15\/2018\/12\/AKBP-671-przed-konserwacj\u0105-1-300x199.jpg 300w, https:\/\/bonifratrzy.pl\/klasztor-prudnik\/wp-content\/uploads\/sites\/15\/2018\/12\/AKBP-671-przed-konserwacj\u0105-1-768x510.jpg 768w, https:\/\/bonifratrzy.pl\/klasztor-prudnik\/wp-content\/uploads\/sites\/15\/2018\/12\/AKBP-671-przed-konserwacj\u0105-1-1024x680.jpg 1024w\" sizes=\"(max-width: 300px) 100vw, 300px\" \/><\/a><\/p>\n","protected":false},"excerpt":{"rendered":"<p>projekt Pe\u0142na konserwacja trzech r\u0119kopis\u00f3w oprawnych \u2013 ksi\u0119gi kapitulnej (sygn. AKBP 15), ksi\u0119gi przychod\u00f3w z kwesty (sygn. AKBP 671) oraz ksi\u0119gi chorych (sygn. AKBP 884).\u00a0 Od sierpnia do listopada bie\u017c\u0105cego roku konwent przy wsp\u00f3\u0142udziale \u015brodk\u00f3w Naczelnej Dyrekcji Archiw\u00f3w Pa\u0144stwowych realizowa\u0142 projekt Pe\u0142na konserwacja trzech r\u0119kopis\u00f3w oprawnych \u2013 ksi\u0119gi kapitulnej (sygn. AKBP 15), ksi\u0119gi przychod\u00f3w z [&hellip;]<\/p>\n","protected":false},"author":41,"featured_media":0,"parent":47,"menu_order":0,"comment_status":"closed","ping_status":"closed","template":"","meta":{"footnotes":""},"_links":{"self":[{"href":"https:\/\/bonifratrzy.pl\/klasztor-prudnik\/wp-json\/wp\/v2\/pages\/149"}],"collection":[{"href":"https:\/\/bonifratrzy.pl\/klasztor-prudnik\/wp-json\/wp\/v2\/pages"}],"about":[{"href":"https:\/\/bonifratrzy.pl\/klasztor-prudnik\/wp-json\/wp\/v2\/types\/page"}],"author":[{"embeddable":true,"href":"https:\/\/bonifratrzy.pl\/klasztor-prudnik\/wp-json\/wp\/v2\/users\/41"}],"replies":[{"embeddable":true,"href":"https:\/\/bonifratrzy.pl\/klasztor-prudnik\/wp-json\/wp\/v2\/comments?post=149"}],"version-history":[{"count":5,"href":"https:\/\/bonifratrzy.pl\/klasztor-prudnik\/wp-json\/wp\/v2\/pages\/149\/revisions"}],"predecessor-version":[{"id":178,"href":"https:\/\/bonifratrzy.pl\/klasztor-prudnik\/wp-json\/wp\/v2\/pages\/149\/revisions\/178"}],"up":[{"embeddable":true,"href":"https:\/\/bonifratrzy.pl\/klasztor-prudnik\/wp-json\/wp\/v2\/pages\/47"}],"wp:attachment":[{"href":"https:\/\/bonifratrzy.pl\/klasztor-prudnik\/wp-json\/wp\/v2\/media?parent=149"}],"curies":[{"name":"wp","href":"https:\/\/api.w.org\/{rel}","templated":true}]}}