{"id":122,"date":"2017-12-13T22:58:38","date_gmt":"2017-12-13T21:58:38","guid":{"rendered":"https:\/\/bonifratrzy.pl\/klasztor-prudnik\/?page_id=122"},"modified":"2019-10-17T09:32:28","modified_gmt":"2019-10-17T07:32:28","slug":"inwentaryzacja-i-wydanie-drukiem-inwentarza-archiwum","status":"publish","type":"page","link":"https:\/\/bonifratrzy.pl\/klasztor-prudnik\/archiwum-konwentu\/inwentaryzacja-i-wydanie-drukiem-inwentarza-archiwum\/","title":{"rendered":"Inwentaryzacja i wydanie drukiem inwentarza archiwum"},"content":{"rendered":"<p>Projekt Dezynfekcja, doko\u0144czenie inwentaryzacji oraz wydanie drukiem inwentarza archiwum konwentu bonifratr\u00f3w w Prudniku realizowany by\u0142 w okresie od 20 kwietnia do 30 pa\u017adziernika 2016 r. \u0141\u0105czne nak\u0142ady poniesione w zwi\u0105zku z jego realizacj\u0105 wynios\u0142y 31 131 z\u0142otych z czego dotacja Naczelnej Dyrekcji Archiw\u00f3w Pa\u0144stwowych stanowi\u0142a 86,73% (27 000 z\u0142otych).<br \/>\nW ramach projektu dokonano dezynfekcji i czyszczenia ca\u0142o\u015bci zasobu archiwalnego, po czym sporz\u0105dzono i wydano drukiem inwentarz archiwalny. Wersja elektroniczna inwentarza dost\u0119pna jest poni\u017cej.<\/p>\n<p><a href=\"https:\/\/bonifratrzy.pl\/klasztor-prudnik\/wp-content\/uploads\/sites\/15\/2017\/01\/Inwentarz-archiwum-konwentu-bonifratr\u00f3w-w-Prudniku-z-ok\u0142adk\u0105-i-wyklejkami.pdf\">Inwentarz konwentu bonifratr\u00f3w w Prudniku\u00a0<\/a>\u00a0&#8211;\u00a0 plik PDF<\/p>\n","protected":false},"excerpt":{"rendered":"<p>Projekt Dezynfekcja, doko\u0144czenie inwentaryzacji oraz wydanie drukiem inwentarza archiwum konwentu bonifratr\u00f3w w Prudniku realizowany by\u0142 w okresie od 20 kwietnia do 30 pa\u017adziernika 2016 r. \u0141\u0105czne nak\u0142ady poniesione w zwi\u0105zku z jego realizacj\u0105 wynios\u0142y 31 131 z\u0142otych z czego dotacja Naczelnej Dyrekcji Archiw\u00f3w Pa\u0144stwowych stanowi\u0142a 86,73% (27 000 z\u0142otych). W ramach projektu dokonano dezynfekcji i [&hellip;]<\/p>\n","protected":false},"author":41,"featured_media":0,"parent":47,"menu_order":0,"comment_status":"closed","ping_status":"closed","template":"","meta":{"footnotes":""},"_links":{"self":[{"href":"https:\/\/bonifratrzy.pl\/klasztor-prudnik\/wp-json\/wp\/v2\/pages\/122"}],"collection":[{"href":"https:\/\/bonifratrzy.pl\/klasztor-prudnik\/wp-json\/wp\/v2\/pages"}],"about":[{"href":"https:\/\/bonifratrzy.pl\/klasztor-prudnik\/wp-json\/wp\/v2\/types\/page"}],"author":[{"embeddable":true,"href":"https:\/\/bonifratrzy.pl\/klasztor-prudnik\/wp-json\/wp\/v2\/users\/41"}],"replies":[{"embeddable":true,"href":"https:\/\/bonifratrzy.pl\/klasztor-prudnik\/wp-json\/wp\/v2\/comments?post=122"}],"version-history":[{"count":2,"href":"https:\/\/bonifratrzy.pl\/klasztor-prudnik\/wp-json\/wp\/v2\/pages\/122\/revisions"}],"predecessor-version":[{"id":124,"href":"https:\/\/bonifratrzy.pl\/klasztor-prudnik\/wp-json\/wp\/v2\/pages\/122\/revisions\/124"}],"up":[{"embeddable":true,"href":"https:\/\/bonifratrzy.pl\/klasztor-prudnik\/wp-json\/wp\/v2\/pages\/47"}],"wp:attachment":[{"href":"https:\/\/bonifratrzy.pl\/klasztor-prudnik\/wp-json\/wp\/v2\/media?parent=122"}],"curies":[{"name":"wp","href":"https:\/\/api.w.org\/{rel}","templated":true}]}}