{"id":14,"date":"2016-01-18T21:31:38","date_gmt":"2016-01-18T20:31:38","guid":{"rendered":"https:\/\/bonifratrzy.pl\/klasztor-piaski\/?page_id=14"},"modified":"2022-10-04T13:34:07","modified_gmt":"2022-10-04T11:34:07","slug":"historia-klasztoru","status":"publish","type":"page","link":"https:\/\/bonifratrzy.pl\/klasztor-piaski\/historia-klasztoru\/","title":{"rendered":"Historia Klasztoru"},"content":{"rendered":"<p><strong>Konwent w Piaskach-Marysinie pw. Naj\u015bwi\u0119tszego Serca Pana Jezusa<\/strong><br \/>\n<strong>archidiecezja pozna\u0144ska<\/strong><\/p>\n<p style=\"text-align: justify\">W po\u0142udniowej Wielkopolsce w miejscowo\u015bci Piaski znajduje si\u0119 plac\u00f3wka bonifratr\u00f3w zwana Marysinem. Powsta\u0142a ona w ko\u0144cu XIX w. Dnia 12.07.1890 r. w\u0142a\u015bciciel ziemski hrabia Marceli \u017b\u00f3\u0142towski w rozmowie z kwestarzem br. Maurusem Wieczorkiem z konwentu w \u015acinawie przyobieca\u0142 przekaza\u0107 ziemi\u0119 na za\u0142o\u017cenie klasztoru. Wkr\u00f3tce hrabia spotka\u0142 si\u0119 z prowincja\u0142em z Wroc\u0142awia Piusem Trzeczakiem, by uzgodni\u0107 szczeg\u00f3\u0142y. Hrabia przekaza\u0142 ok. 20 morg\u00f3w ziemi, a cz\u0119\u015b\u0107 terenu postanowiono dokupi\u0107 i rozpocz\u0105\u0107 budow\u0119 klasztoru i szpitala. Podj\u0119to r\u00f3wnie\u017c decyzj\u0119 o po\u015bwi\u0119ceniu klasztoru Sercu Jezusowemu oraz nadaniu temu miejscu nazwy Marysin.<\/p>\n<p style=\"text-align: justify\">W 20.05.1891 r. dokonano s\u0105dowego przew\u0142aszczenia darowizny. Na za\u0142o\u017cenie klasztoru w diecezji pozna\u0144skiej dnia 1.06.1891 r. wyrazi\u0142 zgod\u0119 bp Edward Likowski. Dnia 24.12.1891 r. bracia otrzymali urz\u0119dowe zatwierdzenie od pruskiego rz\u0105du. Brat Emanuel Wagner zosta\u0142 6.02.1892 r. mianowany prze\u0142o\u017conym tworzonej plac\u00f3wki, a w maju 1892 r. ruszy\u0142y pierwsze prace na otrzymanym terenie. Dnia 22.06.1893 r. uroczy\u015bcie rozpocz\u0119to budow\u0119 szpitala i klasztoru wraz z ma\u0142\u0105 kaplic\u0105. Prace post\u0119powa\u0142y sprawnie dzi\u0119ki ofiarno\u015bci miejscowej ludno\u015bci i darowiznom ksi\u0119cia Radoli\u0144skiego z Jarocina, hrabiego Czarneckiego, rodziny Hansemann\u00f3w z Chocieszewic. Ponadto hrabia \u017b\u00f3\u0142towski darowa\u0142 3 tys. m3 kamienia, a p\u00f3\u017aniej jeszcze odst\u0105pi\u0142 za symboliczn\u0105 kwot\u0119 45 morg\u00f3w ziemi. W lipcu 1894 r. budow\u0119 doprowadzono a\u017c po dach. Dnia 21.06.1894 r. na dachu zawieszono wie\u017cyczk\u0119, a w wie\u0144cz\u0105cej j\u0105 kuli umieszczono p\u00f3\u017aniej akt erekcyjny, kt\u00f3ry spisano 25.07.1894 r. Klasztor i szpital zosta\u0142y uroczy\u015bcie po\u015bwi\u0119cone i otwarte 15.10.1895 r. przez abp. Floriana Stablewskiego.<\/p>\n<p style=\"text-align: justify\">Przy budowie planowano szpital na 32 \u0142\u00f3\u017cka, a we wrze\u015bniu 1896 r. w szpitalu znajdowa\u0142o si\u0119 ju\u017c 42 chorych.<br \/>\nW latach 1903\u20131904 wybudowano pawilon zaka\u017any. W czerwcu 1905 r. ks. Hejnowski z Domachowa po\u015bwi\u0119ci\u0142 postawion\u0105 przed szpitalem figur\u0119 Naj\u015bwi\u0119tszego Serca Jezusowego. W latach 1905\u20131907 wzniesiono ko\u015bci\u00f3\u0142 pw. Naj\u015bwi\u0119tszego Serca Pana Jezusa, kt\u00f3ry 9.06.1907 r. konsekrowa\u0142 bp Edward Likowski. W latach 1909\u20131910 by\u0142a mo\u017cliwa dalsza rozbudowa szpitala dzi\u0119ki ofiarno\u015bci Otylii Woller (p\u00f3\u017aniejsza ksi\u0119\u017cna Drucka-Lubecka). Plac\u00f3wka mg\u0142a przyj\u0105\u0107 80 chorych. Nast\u0119pne lata przynios\u0142y wiele problem\u00f3w: I wojna \u015bwiatowa, pow\u00f3d\u017a, kt\u00f3ra zniszczy\u0142a uprawy (1917), konfiskata dzwon\u00f3w.<\/p>\n<p style=\"text-align: justify\">Gdy na prze\u0142omie lat 1918\u20131919 wybuch\u0142o powstanie wielkopolskie, w Marysinie zorganizowano szpital powsta\u0144czy. Dnia 16.02.1920 r. pierwszym polskim przeorem zosta\u0142 br. Eulogiusz Pietrzyba. Konwent marysi\u0144ski od chwili za\u0142o\u017cenia nale\u017ca\u0142 do prowincji prusko-\u015bl\u0105skiej. W zwi\u0105zku z odzyskaniem przez Polsk\u0119 niepodleg\u0142o\u015bci i zmian\u0105 granic zosta\u0142 w\u0142\u0105czony do reaktywowanej w 1922 r. prowincji polskiej. Protok\u00f3\u0142 przekazania domu podpisano 27.05.1922 r.<br \/>\nOd roku 1926 w szpitalu leczono chorych na gru\u017alic\u0119. Dnia 20.07.1927 r. szpital wizytowa\u0142 prezydent Ignacy Mo\u015bcicki. W okresie mi\u0119dzywojennym szpital rozbudowano i unowocze\u015bniono.<\/p>\n<p style=\"text-align: justify\">Dochody z gospodarstwa wzorowo prowadzonego przez braci nie tylko w pe\u0142ni pokrywa\u0142y potrzeby szpitala, ale wystarcza\u0142y tak\u017ce na pomoc dla najbiedniejszych. Po wybuchu II wojny \u015bwiatowej szpital zosta\u0142 przej\u0119ty przez Niemc\u00f3w, a ko\u015bci\u00f3\u0142 zamkni\u0119to. W 1941 r. Niemcy kazali usun\u0105\u0107 pos\u0105g Serca Pana Jezusa sprzed szpitala. Po wyzwoleniu w kwietniu 1945 r. starosta powiatowy w Gostyniu odda\u0142 szpital zakonowi bonifratr\u00f3w. Nadzieje zwi\u0105zane z ko\u0144cem wojny rozwia\u0142y si\u0119 bardzo szybko. Na podstawie ustaw z pa\u017adziernika 1948 r. i marca 1950 r. szpital i gospodarstwo rolne zosta\u0142y upa\u0144stwowione. Dnia 1.05.1952 r. nast\u0105pi\u0142a zmiana nazwy na Szpital Obwodowy Marysin-Piaski, a braci sukcesywnie zwalniano z pracy. W ramach reorganizacji s\u0142u\u017cby zdrowia w powiecie gosty\u0144skim szpital w 1972 r. wszed\u0142 pod administracj\u0119 Zespo\u0142u Opieki Zdrowotnej. Po ustawie 1989 r. zakon bonifratr\u00f3w podj\u0105\u0142 starania o odzyskanie mienia zagrabionego przez w\u0142adze komunistyczne. Po uznaniu w\u0142asno\u015bci podpisano umow\u0119 dzier\u017cawy.<\/p>\n<p style=\"text-align: justify\">Dnia 31.12.2000 r. szpital w Marysinie zosta\u0142 odebrany przez zakon, nie prowadzi\u0142 jednak dzia\u0142alno\u015bci medycznej, gdy\u017c budynek wymaga\u0142 gruntownego remontu. Dnia 1.01.2001 r. dekretem prowincja\u0142a br. Ambro\u017cego Pietrzkiewicza, powo\u0142any zosta\u0142 do istnienia BOIK \u2013 Bonifraterski O\u015brodek Interwencji Kryzysowej celem udzielania pomocy ofiarom przemocy rodzinnej. Uroczyste po\u015bwi\u0119cenie pomieszcze\u0144 o\u015brodka nast\u0105pi\u0142o 26.04.2001 r., a dzia\u0142alno\u015b\u0107 rozpocz\u0105\u0142 2.07.2001 r.<br \/>\nW latach 2001\u20132005 budynek szpitala nie by\u0142 u\u017cytkowany. Dopiero po generalnym remoncie pomieszcze\u0144, z dniem 1.01.2006 r., szpital wznowi\u0142 dzia\u0142alno\u015b\u0107 medyczn\u0105 w zakresie rehabilitacji og\u00f3lnoustrojowej i pulmonologicznej pod nazw\u0105 Szpital Zakonu Bonifratr\u00f3w \u015bw. Benedykta Menniego w Piaskach-Marysinie. Uroczystego po\u015bwi\u0119cenia nowo otwartego szpitala dokona\u0142 abp Stanis\u0142aw G\u0105decki, metropolita pozna\u0144ski. W latach 2009\u20132010 dokonano konserwacji i renowacji ko\u015bcio\u0142a klasztornego. W styczniu 2008 r. zosta\u0142 zamkni\u0119ty oddzia\u0142 rehabilitacji pulmonologicznej, a z dniem 1.02.2008 r. uruchomiono oddzia\u0142 rehabilitacji dzieci z zaburzeniami wieku rozwojowego.<\/p>\n<p style=\"text-align: justify\">Od 1.01.2010 r. szpital, zacz\u0119\u0142a prowadzi\u0107 utworzona przez konwent sp\u00f3\u0142ka Boni Fratres Marysiniensis Sp. z o.o. W pa\u017adzierniku 2010 r. rozpocz\u0119\u0142y si\u0119 prace zwi\u0105zane z przebudow\u0105 i rozbudow\u0105 szpitala. Dobudowano dodatkow\u0105 klatk\u0119 schodow\u0105 i recepcj\u0119 szpitala, pomieszczenia piwnicy zosta\u0142y zaadaptowane na dzia\u0142 rehabilitacji i gabinety lekarskie, a parter i pi\u0119tro wyremontowane i przeznaczone na sale chorych. Z dniem 1.01.2011 r. oddzia\u0142 rehabilitacji stacjonarnej zamiast rehabilitacj\u0105 og\u00f3lnoustrojow\u0105 zaj\u0105\u0142 si\u0119 rehabilitacj\u0105 neurologiczn\u0105. Pod koniec 2011 r. przy szpitalu zostaje otwarty sklep zielarsko-medyczny oraz kawiarnia. Uroczystego po\u015bwi\u0119cenia dobudowanych i wyremontowanych pomieszcze\u0144 budynku dokona\u0142 11.02.2012 r. abp Stanis\u0142aw G\u0105decki. W zwi\u0105zku z wej\u015bciem w \u017cycie zapis\u00f3w ustawy o dzia\u0142alno\u015bci leczniczej z dnia 15.04. 2011 r. w miejsce szpitala w Sp\u00f3\u0142ce wyodr\u0119bniono dwa przedsi\u0119biorstwa: Bonifraterskie Centrum Rehabilitacji pw. \u015bw. Benedykta Menniego oraz Bonifraterski O\u015brodek Rehabilitacji. W pa\u017adzierniku 2012 r. zosta\u0142 utworzony komercyjny Zak\u0142ad Piel\u0119gnacyjno-Rehabilitacyjny, do kt\u00f3rego przyjmowani s\u0105 chorzy wymagaj\u0105cy zar\u00f3wno rehabilitacji, jak i opieki piel\u0119gnacyjnej, niezale\u017cnie od wieku i rozpoznania. Do ko\u0144ca 2009 r. szpital liczy\u0142 65 \u0142\u00f3\u017cek, w 2010 r. \u2013 90, a w 2012 r. \u2013 116.<\/p>\n<p style=\"text-align: justify\">W roku 2014 w podmiocie leczniczym prowadzona jest dzia\u0142alno\u015b\u0107:<br \/>\n\u2022 Rehabilitacja neurologiczna, pobyt piel\u0119gnacyjno-rehabilitacyjny \u2013 w ramach pobytu stacjonarnego (opieka 24 h).<br \/>\n\u2022 Rehabilitacja dzieci \u2013 w ramach oddzia\u0142u dziennego dla dzieci z zaburzeniami wieku rozwojowego.<br \/>\n\u2022 Rehabilitacja og\u00f3lnoustrojowa doros\u0142ych \u2013 w ramach oddzia\u0142u dziennego i ambulatoryjnego.<br \/>\n\u2022 Rehabilitacja dzieci i doros\u0142ych \u2013 w ramach fizjoterapii ambulatoryjnej, zabiegi i \u0107wiczenia.<br \/>\n\u2022 Zak\u0142ad Piel\u0119gnacyjno-Rehabilitacyjny (komercyjny).<br \/>\n\u2022 Lekarska ambulatoryjna opieka specjalistyczna \u2013 poradnia rehabilitacyjna w ramach NFZ, komercyjna poradnia pulmonologiczna, neurologiczna i rehabilitacyjna.<\/p>\n<p style=\"text-align: justify\">Pozosta\u0142a dzia\u0142alno\u015b\u0107 domu zakonnego Bonifratr\u00f3w w Piaskach:<br \/>\n\u2022 Bonifraterski O\u015brodek Interwencji Kryzysowej pw. Matki Bo\u017cej Dobrej Rady;<br \/>\n\u2022 Sklep zielarsko-medyczny na informacji szpitala.<\/p>\n","protected":false},"excerpt":{"rendered":"<p>Konwent w Piaskach-Marysinie pw. Naj\u015bwi\u0119tszego Serca Pana Jezusa archidiecezja pozna\u0144ska W po\u0142udniowej Wielkopolsce w miejscowo\u015bci Piaski znajduje si\u0119 plac\u00f3wka bonifratr\u00f3w zwana Marysinem. Powsta\u0142a ona w ko\u0144cu XIX w. Dnia 12.07.1890 r. w\u0142a\u015bciciel ziemski hrabia Marceli \u017b\u00f3\u0142towski w rozmowie z kwestarzem br. Maurusem Wieczorkiem z konwentu w \u015acinawie przyobieca\u0142 przekaza\u0107 ziemi\u0119 na za\u0142o\u017cenie klasztoru. Wkr\u00f3tce hrabia [&hellip;]<\/p>\n","protected":false},"author":1,"featured_media":0,"parent":0,"menu_order":0,"comment_status":"closed","ping_status":"closed","template":"","meta":{"footnotes":""},"_links":{"self":[{"href":"https:\/\/bonifratrzy.pl\/klasztor-piaski\/wp-json\/wp\/v2\/pages\/14"}],"collection":[{"href":"https:\/\/bonifratrzy.pl\/klasztor-piaski\/wp-json\/wp\/v2\/pages"}],"about":[{"href":"https:\/\/bonifratrzy.pl\/klasztor-piaski\/wp-json\/wp\/v2\/types\/page"}],"author":[{"embeddable":true,"href":"https:\/\/bonifratrzy.pl\/klasztor-piaski\/wp-json\/wp\/v2\/users\/1"}],"replies":[{"embeddable":true,"href":"https:\/\/bonifratrzy.pl\/klasztor-piaski\/wp-json\/wp\/v2\/comments?post=14"}],"version-history":[{"count":3,"href":"https:\/\/bonifratrzy.pl\/klasztor-piaski\/wp-json\/wp\/v2\/pages\/14\/revisions"}],"predecessor-version":[{"id":157,"href":"https:\/\/bonifratrzy.pl\/klasztor-piaski\/wp-json\/wp\/v2\/pages\/14\/revisions\/157"}],"wp:attachment":[{"href":"https:\/\/bonifratrzy.pl\/klasztor-piaski\/wp-json\/wp\/v2\/media?parent=14"}],"curies":[{"name":"wp","href":"https:\/\/api.w.org\/{rel}","templated":true}]}}