{"id":8,"date":"2016-01-17T20:35:19","date_gmt":"2016-01-17T19:35:19","guid":{"rendered":"https:\/\/bonifratrzy.pl\/klasztor-nazaret\/?page_id=8"},"modified":"2020-03-17T11:33:50","modified_gmt":"2020-03-17T10:33:50","slug":"prowadzone-dziela","status":"publish","type":"page","link":"https:\/\/bonifratrzy.pl\/klasztor-nazaret\/prowadzone-dziela\/","title":{"rendered":"Szpital \u015bw. Rodziny \/ Hospital"},"content":{"rendered":"<p><a href=\"http:\/\/www.hfhosp.org\">www.hfhosp.org<\/a><\/p>\n<p><strong>Misja szpitalna bonifratr\u00f3w w Nazarecie<\/strong><\/p>\n<p>Od ko\u0144ca XIX wieku bracia bonifratrzy rozpocz\u0119li realizacj\u0119 misji szpitalnictwa dla potrzebuj\u0105cych pos\u0142ugi medycznej i duchowej na Bliskim Wschodzie.<strong> W 1882 roku<\/strong> pierwsza wsp\u00f3lnota z Monachium pod przewodnictwem o. Filipa Wagnera, kap\u0142ana i chirurga rozpocz\u0119\u0142a pos\u0142ug\u0119 ubogim mieszka\u0144com Nazaretu, przybywaj\u0105cym z okolicznych wiosek Beduinom, Arabom i Druzom z r\u00f3\u017cnymi dolegliwo\u015bciami. Po kilku latach dzia\u0142alno\u015bci ambulatoryjnej i socjalnej wybudowano <strong>pierwszy szpital na 12 \u0142\u00f3\u017cek<\/strong>. W miar\u0119 up\u0142ywaj\u0105cego czasu przybywa\u0142o chorych i powi\u0119kszono szpital o oddzia\u0142 przyj\u0119\u0107, ambulatorium i 30-\u0142\u00f3\u017ckowy oddzia\u0142 medycyny og\u00f3lnej. Po 10 latach Braci z Bawarii zast\u0105pili bonifratrzy z Wiednia, a po przybyli bracia nich z Mediolanu. Bracia w\u0142oscy zrealizowali du\u017cy projekt \u201cMilenium\u201d, kt\u00f3ry dotyczy\u0142 rozbudowy szpitala. <strong>Dzisiaj szpital stanowi\u0105 wszystkie oddzia\u0142y specjalistyczne, oddzia\u0142 ratunkowy i szeroko rozwini\u0119ta diagnostyka.<\/strong> Szpital realizuje zadania szpitala ratunkowego w razie dzia\u0142a\u0144 wojennych i masowych wypadk\u00f3w.<\/p>\n<p><strong>Od 2008 roku<\/strong> bonifratersk\u0105 wsp\u00f3lnot\u0119 w Nazarecie tworz\u0105 <strong>bracia z Polski<\/strong>, kt\u00f3rzy wraz z bra\u0107mi z prowincji Lombardzkiej wsp\u00f3\u0142pracuj\u0105 w administrowaniu szpitalem p.w. \u015bw. Rodziny. W szpitalu obecnie, w r\u00f3\u017cnym wymiarze czasu, pracuje ponad 600 os\u00f3b. Pochodz\u0105 oni z r\u00f3\u017cnych narodowo\u015bci i wyzna\u0144. Wzorem warto\u015bci \u015bw. Jana Bo\u017cego szpital \u015bwiadczy us\u0142ugi dla wszystkich mieszka\u0144c\u00f3w Izraela, turyst\u00f3w i pielgrzym\u00f3w. Nazaret to miejsce zwiastowania Naj\u015bwi\u0119tszej Maryi Panny i z tym te\u017c jest zwi\u0105zane \u017cycie i dzia\u0142alno\u015b\u0107 70-tysi\u0119cznego miasta. Nowoczesny szpital jest otwarty na dzia\u0142alno\u015b\u0107 naukow\u0105 i pioniersk\u0105 w wielu dziedzinach. Bracia Bonifratrzy i Siostry Mi\u0142osierdzia \u201eMaria Bambina\u201d poprzez realizacj\u0119 \u015blub\u00f3w zakonnych i tradycj\u0119 zakonu s\u0105 depozytem wiarygodno\u015bci, profesjonalnej pos\u0142ugi i \u015bwiadectwa wiary. Otaczamy modlitw\u0105 i duchowym wsparciem wszystkie intencje naszych zgromadze\u0144, szpitala i ca\u0142ego Bliskiego Wschodu. Misja szpitalnictwa w Ziemi \u015awi\u0119tej to promocja zdrowia, wiary i warto\u015bci \u015bw. Jana Bo\u017cego: szpitalnictwa, szacunku, wiary, jako\u015bci i doskona\u0142o\u015bci. Dzi\u015b zapraszamy wszystkich do Nazaretu, gdzie \u015awi\u0119ta Rodzina kszta\u0142towa\u0142a i towarzyszy\u0142a Mistrzowi z Nazaretu, Panu Jezusowi Mi\u0142osiernemu, po kt\u00f3rego \u015bladach kroczymy przez nasze \u017cycie.<\/p>\n<p>Zach\u0119camy do obejrzenia kr\u00f3tkiego filmu o naszym szpitalu na bonifraterskim Facebook&#8217;u!<\/p>\n<p><a href=\"https:\/\/www.facebook.com\/zakonszpitalny\/videos\/2249398252021127\/\">https:\/\/www.facebook.com\/zakonszpitalny\/<\/a><\/p>\n<p>&nbsp;<\/p>\n","protected":false},"excerpt":{"rendered":"<p>www.hfhosp.org Misja szpitalna bonifratr\u00f3w w Nazarecie Od ko\u0144ca XIX wieku bracia bonifratrzy rozpocz\u0119li realizacj\u0119 misji szpitalnictwa dla potrzebuj\u0105cych pos\u0142ugi medycznej i duchowej na Bliskim Wschodzie. W 1882 roku pierwsza wsp\u00f3lnota z Monachium pod przewodnictwem o. Filipa Wagnera, kap\u0142ana i chirurga rozpocz\u0119\u0142a pos\u0142ug\u0119 ubogim mieszka\u0144com Nazaretu, przybywaj\u0105cym z okolicznych wiosek Beduinom, Arabom i Druzom z r\u00f3\u017cnymi [&hellip;]<\/p>\n","protected":false},"author":1,"featured_media":0,"parent":0,"menu_order":0,"comment_status":"closed","ping_status":"closed","template":"","meta":{"footnotes":""},"_links":{"self":[{"href":"https:\/\/bonifratrzy.pl\/klasztor-nazaret\/wp-json\/wp\/v2\/pages\/8"}],"collection":[{"href":"https:\/\/bonifratrzy.pl\/klasztor-nazaret\/wp-json\/wp\/v2\/pages"}],"about":[{"href":"https:\/\/bonifratrzy.pl\/klasztor-nazaret\/wp-json\/wp\/v2\/types\/page"}],"author":[{"embeddable":true,"href":"https:\/\/bonifratrzy.pl\/klasztor-nazaret\/wp-json\/wp\/v2\/users\/1"}],"replies":[{"embeddable":true,"href":"https:\/\/bonifratrzy.pl\/klasztor-nazaret\/wp-json\/wp\/v2\/comments?post=8"}],"version-history":[{"count":11,"href":"https:\/\/bonifratrzy.pl\/klasztor-nazaret\/wp-json\/wp\/v2\/pages\/8\/revisions"}],"predecessor-version":[{"id":4690,"href":"https:\/\/bonifratrzy.pl\/klasztor-nazaret\/wp-json\/wp\/v2\/pages\/8\/revisions\/4690"}],"wp:attachment":[{"href":"https:\/\/bonifratrzy.pl\/klasztor-nazaret\/wp-json\/wp\/v2\/media?parent=8"}],"curies":[{"name":"wp","href":"https:\/\/api.w.org\/{rel}","templated":true}]}}