{"id":8,"date":"2016-01-15T00:58:30","date_gmt":"2016-01-14T23:58:30","guid":{"rendered":"https:\/\/bonifratrzy.pl\/klasztor-lodz\/?page_id=8"},"modified":"2016-11-23T16:24:08","modified_gmt":"2016-11-23T15:24:08","slug":"historia-klasztoru","status":"publish","type":"page","link":"https:\/\/bonifratrzy.pl\/klasztor-lodz\/historia-klasztoru\/","title":{"rendered":"Historia Klasztoru"},"content":{"rendered":"<p>Histori\u0119 braci Bonifratr\u00f3w w \u0141odzi rozpoczyna datowany na 1 pa\u017adziernika 1925 roku dokument Kurii Generalnej w Rzymie zezwalaj\u0105cy na za\u0142o\u017cenie w prowincji polskiej nowego konwentu. Pierwsz\u0105 siedzib\u0105 braci by\u0142 ma\u0142y domek zakupiony wraz z placem, na kt\u00f3rym mia\u0142 stan\u0105\u0107 du\u017cy, kilkupi\u0119trowy szpital na 300 \u0142\u00f3\u017cek ze specjalistycznymi ambulatoriami i poradni\u0105 dla matek, z kt\u00f3rych uboga ludno\u015b\u0107 mog\u0142aby korzysta\u0107 bezp\u0142atnie.<\/p>\n<p>Uroczystego po\u015bwi\u0119cenia kamienia w\u0119gielnego pod budow\u0119 konwentu-szpitala dokona\u0142 ks. biskup Wincenty Tymieniecki w sierpniu 1928 roku. W roku 1939 wyko\u0144czona zosta\u0142a kaplica i jedno skrzyd\u0142o szpitala, kt\u00f3re w pe\u0142ni wyposa\u017cone mia\u0142o zosta\u0107 oddane do u\u017cytku we wrze\u015bniu, w dzie\u0144 patrona konwentu &#8211; \u015bw. Rafa\u0142a Archanio\u0142a. Tymczasem 1 wrze\u015bnia wybuch\u0142a wojna. \u0141\u00f3d\u017a w\u0142\u0105czona zosta\u0142a do Rzeszy, a wybudowany z wielkim wysi\u0142kiem szpital zaj\u0119li Niemcy. Braciom odebrano nawet ma\u0142y domek, musieli wi\u0119c szuka\u0107 schronienia w mieszkaniach prywatnych. Mimo gro\u017c\u0105cych im represji utrzymywali sta\u0142y kontakt z ludno\u015bci\u0105 polsk\u0105, w miar\u0119 mo\u017cliwo\u015bci przychodz\u0105c jej z pomoc\u0105 medyczn\u0105 i duchow\u0105.<\/p>\n<p>Po wojnie szpital, podobnie jak inne bonifraterskie lecznice, zosta\u0142 upa\u0144stwowiony i przej\u0119ty przez zarz\u0105d miejski. Usilne starania prowincja\u0142a i kolejnych przeor\u00f3w doprowadzi\u0142y jedynie do odzyskania przez braci kaplicy, kt\u00f3r\u0105 udost\u0119pniono tak\u017ce chorym.<\/p>\n<p>W 1945 roku do \u0141odzi przybyli bracia Bonifratrzy z Wilna, gdzie przez 300 lat prowadzili s\u0142ynn\u0105 aptek\u0119 zio\u0142olecznicz\u0105. Za ca\u0142y dobytek przywie\u017ali z sob\u0105 zapas zi\u00f3\u0142, umiej\u0119tno\u015b\u0107 przyrz\u0105dzania lek\u00f3w zio\u0142owych i rzecz najwa\u017cniejsz\u0105 &#8211; receptury. Uruchomiona w na powr\u00f3t zamieszka\u0142ym przez braci ma\u0142ym domku apteka zio\u0142olecznicza wkr\u00f3tce sta\u0142a si\u0119 s\u0142awna nie tylko w \u0141odzi i okolicy. Wiadomo\u015b\u0107 o skuteczno\u015bci bonifraterskich mikstur i mieszanek zio\u0142owych \u015bci\u0105ga\u0142a do braci coraz wi\u0119cej ludzi szukaj\u0105cych u nich nadziei na poratowanie zdrowia w\u0142asnego i swoich najbli\u017cszych. Niezale\u017cnie od pory roku, w pogod\u0119 i niepogod\u0119 gotowi byli godzinami wyczekiwa\u0107 na porad\u0119 lekarsk\u0105 w skromnych, ciasnych pomieszczeniach prowizorycznej apteki.<\/p>\n<p>W 1972 roku bracia zwr\u00f3cili si\u0119 do w\u0142adz o zezwolenie na budow\u0119 domu, drugiego ju\u017c w historii \u0142\u00f3dzkiego konwentu. Uzyskano j\u0105 jednak dopiero w 1978 roku, po licznych zabiegach i interwencjach u w\u0142adz ojc\u00f3w z Zarz\u0105du Prowincji, a nawet genera\u0142a zakonu o. Pierluigi Marchesiego, b\u0119d\u0105cego w 1977 roku w Polsce na wizytacji.<\/p>\n<p>W ci\u0105gu kilku miesi\u0119cy od uzyskania zgody na budow\u0119 nowego domu gotowe by\u0142y fundamenty, a w dwa lata p\u00f3\u017aniej, w grudniu 1980 roku odby\u0142o si\u0119 po\u015bwi\u0119cenie nowego budynku konwentu i kaplicy. W specjalnym pawilonie znalaz\u0142a pomieszczenie poradnia zio\u0142olecznictwa wraz z aptek\u0105, do kt\u00f3rej przyje\u017cd\u017caj\u0105 pacjenci z ca\u0142ej Polski.<\/p>\n<p>Ostatnia dekada XX w. przynios\u0142a \u0142\u00f3dzkiemu konwentowi ogromne zmiany, kt\u00f3re dla Bonifratr\u00f3w s\u0105 krokiem w nowe tysi\u0105clecie. Pierwszymi znacz\u0105cymi na tej drodze etapami by\u0142y zmiany zwi\u0105zane z wytwarzaniem preparat\u00f3w zio\u0142oleczniczych oraz podj\u0119cie dzia\u0142alno\u015bci przez nowo utworzon\u0105 \u015brodowiskow\u0105 Stacj\u0119 Opieki Socjalnej Bonifratr\u00f3w i O\u015brodek Rehabilitacji. 1 Stycznia 2000 r. by\u0142 dla \u0142\u00f3dzkiego konwentu dniem historycznym. Tego dnia bowiem Bonifratrzy \u0142\u00f3dzcy zacz\u0119li samodzielnie prowadzi\u0107 Szpital \u015bwi\u0119tego Jana Bo\u017cego. W 2000 r. podj\u0119li te\u017c trud obj\u0119cia miejscowej ludno\u015bci kompleksow\u0105 opiek\u0105 medyczn\u0105 w ramach utworzonego POZ.<\/p>\n<p><a href=\"https:\/\/bonifratrzy.pl\/klasztor-lodz\/wp-content\/uploads\/sites\/4\/2016\/01\/Historia-Konwentu-w-Lodzi4.jpg\"><img loading=\"lazy\" decoding=\"async\" class=\"alignleft wp-image-22 size-medium\" src=\"https:\/\/bonifratrzy.pl\/klasztor-lodz\/wp-content\/uploads\/sites\/4\/2016\/01\/Historia-Konwentu-w-Lodzi4-300x46.jpg\" alt=\"Historia Konwentu w \u0141odzi4\" width=\"300\" height=\"46\" srcset=\"https:\/\/bonifratrzy.pl\/klasztor-lodz\/wp-content\/uploads\/sites\/4\/2016\/01\/Historia-Konwentu-w-Lodzi4-300x46.jpg 300w, https:\/\/bonifratrzy.pl\/klasztor-lodz\/wp-content\/uploads\/sites\/4\/2016\/01\/Historia-Konwentu-w-Lodzi4-24x4.jpg 24w, https:\/\/bonifratrzy.pl\/klasztor-lodz\/wp-content\/uploads\/sites\/4\/2016\/01\/Historia-Konwentu-w-Lodzi4-36x6.jpg 36w, https:\/\/bonifratrzy.pl\/klasztor-lodz\/wp-content\/uploads\/sites\/4\/2016\/01\/Historia-Konwentu-w-Lodzi4-48x7.jpg 48w, https:\/\/bonifratrzy.pl\/klasztor-lodz\/wp-content\/uploads\/sites\/4\/2016\/01\/Historia-Konwentu-w-Lodzi4.jpg 558w\" sizes=\"(max-width: 300px) 100vw, 300px\" \/><\/a><\/p>\n<p>&nbsp;<\/p>\n","protected":false},"excerpt":{"rendered":"<p>Histori\u0119 braci Bonifratr\u00f3w w \u0141odzi rozpoczyna datowany na 1 pa\u017adziernika 1925 roku dokument Kurii Generalnej w Rzymie zezwalaj\u0105cy na za\u0142o\u017cenie w prowincji polskiej nowego konwentu. Pierwsz\u0105 siedzib\u0105 braci by\u0142 ma\u0142y domek zakupiony wraz z placem, na kt\u00f3rym mia\u0142 stan\u0105\u0107 du\u017cy, kilkupi\u0119trowy szpital na 300 \u0142\u00f3\u017cek ze specjalistycznymi ambulatoriami i poradni\u0105 dla matek, z kt\u00f3rych uboga [&hellip;]<\/p>\n","protected":false},"author":1,"featured_media":0,"parent":0,"menu_order":0,"comment_status":"closed","ping_status":"closed","template":"","meta":{"footnotes":""},"_links":{"self":[{"href":"https:\/\/bonifratrzy.pl\/klasztor-lodz\/wp-json\/wp\/v2\/pages\/8"}],"collection":[{"href":"https:\/\/bonifratrzy.pl\/klasztor-lodz\/wp-json\/wp\/v2\/pages"}],"about":[{"href":"https:\/\/bonifratrzy.pl\/klasztor-lodz\/wp-json\/wp\/v2\/types\/page"}],"author":[{"embeddable":true,"href":"https:\/\/bonifratrzy.pl\/klasztor-lodz\/wp-json\/wp\/v2\/users\/1"}],"replies":[{"embeddable":true,"href":"https:\/\/bonifratrzy.pl\/klasztor-lodz\/wp-json\/wp\/v2\/comments?post=8"}],"version-history":[{"count":0,"href":"https:\/\/bonifratrzy.pl\/klasztor-lodz\/wp-json\/wp\/v2\/pages\/8\/revisions"}],"wp:attachment":[{"href":"https:\/\/bonifratrzy.pl\/klasztor-lodz\/wp-json\/wp\/v2\/media?parent=8"}],"curies":[{"name":"wp","href":"https:\/\/api.w.org\/{rel}","templated":true}]}}