{"id":5,"date":"2016-01-15T00:58:09","date_gmt":"2016-01-14T23:58:09","guid":{"rendered":"https:\/\/bonifratrzy.pl\/klasztor-lodz\/?page_id=5"},"modified":"2025-02-19T08:32:49","modified_gmt":"2025-02-19T07:32:49","slug":"o-klasztorze","status":"publish","type":"page","link":"https:\/\/bonifratrzy.pl\/klasztor-lodz\/o-klasztorze\/","title":{"rendered":"O klasztorze"},"content":{"rendered":"<h2><span style=\"color: #c71718;\"><strong>Klasztor w \u0141odzi p.w.<\/strong> <a href=\"https:\/\/bonifratrzy.pl\/swieci-i-blogoslawieni\/archaniol-rafal\/\" target=\"_blank\" rel=\"noopener noreferrer\">\u015bw. Rafa\u0142a Archanio\u0142a<\/a><\/span><\/h2>\n<h2>\u00a0Przeor &#8211; brat Andrzej OH<\/h2>\n<p><strong><img loading=\"lazy\" decoding=\"async\" class=\"wp-image-3215 alignleft\" src=\"https:\/\/bonifratrzy.pl\/klasztor-lodz\/wp-content\/uploads\/sites\/4\/2022\/05\/Andrzej-Zawalski.jpg\" alt=\"\" width=\"130\" height=\"131\" srcset=\"https:\/\/bonifratrzy.pl\/klasztor-lodz\/wp-content\/uploads\/sites\/4\/2022\/05\/Andrzej-Zawalski.jpg 1643w, https:\/\/bonifratrzy.pl\/klasztor-lodz\/wp-content\/uploads\/sites\/4\/2022\/05\/Andrzej-Zawalski-298x300.jpg 298w, https:\/\/bonifratrzy.pl\/klasztor-lodz\/wp-content\/uploads\/sites\/4\/2022\/05\/Andrzej-Zawalski-1016x1024.jpg 1016w, https:\/\/bonifratrzy.pl\/klasztor-lodz\/wp-content\/uploads\/sites\/4\/2022\/05\/Andrzej-Zawalski-150x150.jpg 150w, https:\/\/bonifratrzy.pl\/klasztor-lodz\/wp-content\/uploads\/sites\/4\/2022\/05\/Andrzej-Zawalski-768x774.jpg 768w, https:\/\/bonifratrzy.pl\/klasztor-lodz\/wp-content\/uploads\/sites\/4\/2022\/05\/Andrzej-Zawalski-1524x1536.jpg 1524w, https:\/\/bonifratrzy.pl\/klasztor-lodz\/wp-content\/uploads\/sites\/4\/2022\/05\/Andrzej-Zawalski-45x45.jpg 45w\" sizes=\"(max-width: 130px) 100vw, 130px\" \/>Andrzej Zawalski <\/strong><br \/>\nur. 12.03.1967 r. w Seceminie<br \/>\nwst. 22.04.1991 r., ob\u0142. 24.10.1991 r.,<br \/>\n\u015bl. czas. 24.10.1993r., \u015bl. wiecz. 26.08.1998 r.<\/p>\n<p>Imieniny: 30 listopada<\/p>\n<p><strong>Wsp\u00f3lnot\u0119 zakonn\u0105 tworz\u0105 r\u00f3wnie\u017c:<\/strong><\/p>\n<ul>\n<li>br. Ambro\u017cy Maria Pietrzkiewicz OH<\/li>\n<li>br. Feliks Borkiewicz OH<\/li>\n<li>br. Ryszard P. Gronowicz OH<\/li>\n<li>br. Seweryn Kniefel OH<\/li>\n<\/ul>\n<p><strong>Kontakt<\/strong><br \/>\nArchidiecezja \u0141\u00f3dzka<\/p>\n<p>Konwent p.w. \u015bw. Rafa\u0142a Archanio\u0142a<br \/>\nul. Kosynier\u00f3w Gdy\u0144skich 61A,\u00a0 93-357 \u0141\u00f3d\u017a<\/p>\n<p>tel.: 42 685 51 02<\/p>\n<p>e-mail:\u00a0\u00a0<a href=\"ma&#105;&#108;&#116;&#x6f;&#x3a;&#x6b;&#x6f;&#x6e;we&#110;&#116;&#64;&#x62;&#x6f;&#x6e;&#x69;&#x66;ra&#116;&#114;&#122;&#x79;&#x2e;&#x6c;&#x6f;&#x64;z&#46;&#112;&#108;\">&#107;&#111;&#x6e;w&#101;&#x6e;&#x74;&#64;&#98;&#x6f;&#x6e;i&#102;&#x72;&#x61;t&#114;&#x7a;&#x79;&#46;&#108;&#x6f;&#x64;z&#46;&#x70;l<\/a><\/p>\n<p><strong>Prowadzone dzie\u0142a<\/strong><\/p>\n<ul>\n<li><a href=\"https:\/\/bonifratrzy.pl\/szpital-lodz\/\" target=\"_blank\" rel=\"noopener noreferrer\">Szpital \u015bw. Jana Bo\u017cego<\/a><\/li>\n<li><a href=\"https:\/\/bonifratrzy.pl\/apteka\/lodz\/\" target=\"_blank\" rel=\"noopener noreferrer\">Apteka Zio\u0142olecznicza &#8211; refundacja lek\u00f3w na NFZ<\/a><\/li>\n<li><a href=\"https:\/\/bonifratrzy.pl\/ziololecznictwo\/lodz\/\" target=\"_blank\" rel=\"noopener noreferrer\">Poradnia zio\u0142olecznictwa<\/a><\/li>\n<li><a href=\"https:\/\/bonifratrzy.pl\/osrodek-wsparcia\/jadlodajnia-lodz\/\" target=\"_blank\" rel=\"noopener noreferrer\">Jad\u0142odajnia dla ubogich<\/a><\/li>\n<li><a href=\"https:\/\/bonifratrzy.pl\/osrodek-wsparcia\/stacja-opieki-srodowiskowej-lodz\/\" target=\"_blank\" rel=\"noopener noreferrer\">Stacja Opieki \u015arodowiskowej<\/a><\/li>\n<li><a href=\"https:\/\/bonifratrzy.pl\/klasztor-lodz\/fundacja-sw-jana-bozego\/\">Fundacja Bonifraterska<\/a><\/li>\n<\/ul>\n<p><strong>Konto<\/strong><br \/>\nBANK PKO BP S.A. Oddzia\u0142 w \u0141odzi\u00a0\u00a0\u00a0 24 1440 1231 0000 0000 0207 2769<\/p>\n","protected":false},"excerpt":{"rendered":"<p>Klasztor w \u0141odzi p.w. \u015bw. Rafa\u0142a Archanio\u0142a \u00a0Przeor &#8211; brat Andrzej OH Andrzej Zawalski ur. 12.03.1967 r. w Seceminie wst. 22.04.1991 r., ob\u0142. 24.10.1991 r., \u015bl. czas. 24.10.1993r., \u015bl. wiecz. 26.08.1998 r. Imieniny: 30 listopada Wsp\u00f3lnot\u0119 zakonn\u0105 tworz\u0105 r\u00f3wnie\u017c: br. Ambro\u017cy Maria Pietrzkiewicz OH br. Feliks Borkiewicz OH br. Ryszard P. Gronowicz OH br. Seweryn [&hellip;]<\/p>\n","protected":false},"author":1,"featured_media":0,"parent":0,"menu_order":0,"comment_status":"closed","ping_status":"closed","template":"page-home.php","meta":{"footnotes":""},"_links":{"self":[{"href":"https:\/\/bonifratrzy.pl\/klasztor-lodz\/wp-json\/wp\/v2\/pages\/5"}],"collection":[{"href":"https:\/\/bonifratrzy.pl\/klasztor-lodz\/wp-json\/wp\/v2\/pages"}],"about":[{"href":"https:\/\/bonifratrzy.pl\/klasztor-lodz\/wp-json\/wp\/v2\/types\/page"}],"author":[{"embeddable":true,"href":"https:\/\/bonifratrzy.pl\/klasztor-lodz\/wp-json\/wp\/v2\/users\/1"}],"replies":[{"embeddable":true,"href":"https:\/\/bonifratrzy.pl\/klasztor-lodz\/wp-json\/wp\/v2\/comments?post=5"}],"version-history":[{"count":26,"href":"https:\/\/bonifratrzy.pl\/klasztor-lodz\/wp-json\/wp\/v2\/pages\/5\/revisions"}],"predecessor-version":[{"id":5051,"href":"https:\/\/bonifratrzy.pl\/klasztor-lodz\/wp-json\/wp\/v2\/pages\/5\/revisions\/5051"}],"wp:attachment":[{"href":"https:\/\/bonifratrzy.pl\/klasztor-lodz\/wp-json\/wp\/v2\/media?parent=5"}],"curies":[{"name":"wp","href":"https:\/\/api.w.org\/{rel}","templated":true}]}}