{"id":48,"date":"2016-01-16T14:55:34","date_gmt":"2016-01-16T13:55:34","guid":{"rendered":"https:\/\/bonifratrzy.pl\/klasztor-lodz\/?page_id=48"},"modified":"2023-06-06T12:40:47","modified_gmt":"2023-06-06T10:40:47","slug":"48-2","status":"publish","type":"page","link":"https:\/\/bonifratrzy.pl\/klasztor-lodz\/48-2\/","title":{"rendered":"Zio\u0142olecznictwo"},"content":{"rendered":"<p class=\"cl-r art_title\"><strong>Poradnia Zio\u0142olecznicza dzia\u0142a w ramach struktury Poradni Specjalistycznych Bonifraterskiego Centrum Medycznego<br \/>\nsp. z o.o.\u00a0<\/strong><\/p>\n<div id=\"fragment\">\n<p>Wi\u0119cej informacji znajduje si\u0119 tutaj: <strong><span style=\"color: #c20000\"><a style=\"color: #c20000\" href=\"https:\/\/bonifratrzy.pl\/szpital-lodz\/poradnia\/poradnia-ziololecznicza\/\" target=\"_blank\" rel=\"noopener\">Poradnia Zio\u0142olecznicza\u00a0<\/a><\/span><\/strong><\/p>\n<\/div>\n<p>&nbsp;<\/p>\n","protected":false},"excerpt":{"rendered":"<p>Poradnia Zio\u0142olecznicza dzia\u0142a w ramach struktury Poradni Specjalistycznych Bonifraterskiego Centrum Medycznego sp. z o.o.\u00a0 Wi\u0119cej informacji znajduje si\u0119 tutaj: Poradnia Zio\u0142olecznicza\u00a0 &nbsp;<\/p>\n","protected":false},"author":1,"featured_media":0,"parent":0,"menu_order":0,"comment_status":"closed","ping_status":"closed","template":"","meta":{"footnotes":""},"_links":{"self":[{"href":"https:\/\/bonifratrzy.pl\/klasztor-lodz\/wp-json\/wp\/v2\/pages\/48"}],"collection":[{"href":"https:\/\/bonifratrzy.pl\/klasztor-lodz\/wp-json\/wp\/v2\/pages"}],"about":[{"href":"https:\/\/bonifratrzy.pl\/klasztor-lodz\/wp-json\/wp\/v2\/types\/page"}],"author":[{"embeddable":true,"href":"https:\/\/bonifratrzy.pl\/klasztor-lodz\/wp-json\/wp\/v2\/users\/1"}],"replies":[{"embeddable":true,"href":"https:\/\/bonifratrzy.pl\/klasztor-lodz\/wp-json\/wp\/v2\/comments?post=48"}],"version-history":[{"count":5,"href":"https:\/\/bonifratrzy.pl\/klasztor-lodz\/wp-json\/wp\/v2\/pages\/48\/revisions"}],"predecessor-version":[{"id":3610,"href":"https:\/\/bonifratrzy.pl\/klasztor-lodz\/wp-json\/wp\/v2\/pages\/48\/revisions\/3610"}],"wp:attachment":[{"href":"https:\/\/bonifratrzy.pl\/klasztor-lodz\/wp-json\/wp\/v2\/media?parent=48"}],"curies":[{"name":"wp","href":"https:\/\/api.w.org\/{rel}","templated":true}]}}