{"id":37,"date":"2016-01-16T14:47:34","date_gmt":"2016-01-16T13:47:34","guid":{"rendered":"https:\/\/bonifratrzy.pl\/klasztor-lodz\/?page_id=37"},"modified":"2019-10-16T11:50:47","modified_gmt":"2019-10-16T09:50:47","slug":"kontakt-z-sanktuarium","status":"publish","type":"page","link":"https:\/\/bonifratrzy.pl\/klasztor-lodz\/sanktuarium-maryjne\/kontakt-z-sanktuarium\/","title":{"rendered":"Kontakt z Sanktuarium"},"content":{"rendered":"<p><strong>Bonifraterskie Sanktuarium<\/strong><br \/>\n<strong>Matki Bo\u017cej Uzdrowienia Chorych<\/strong><br \/>\nul. Kosynier\u00f3w Gdy\u0144skich 61 A<br \/>\n93-357 \u0141\u00f3d\u017a Chojny<\/p>\n<p>kontakt: kapelan Szpitala<\/p>\n<p>ks. Pawe\u0142 Sobstel tel. 665 499 332<\/p>\n<p>&nbsp;<\/p>\n<div class=\"wpmf-gallerys wpmf-gallerys-life \" ><div id=\"gallery-1\" class=\"gallery gallery_life wpmf_gallery_default gallery_default  gallery-columns-3 gallery-size-thumbnail gallery-link-file wpmf-has-border-radius-0 wpmf-gutterwidth-5 no_ratio\"><figure class=\"wpmf-gallery-item\" data-index=\"0\"><div class=\"wpmf-gallery-icon\"><div class=\"square_thumbnail\"><div class=\"img_centered\"><a class=\" not_video noLightbox\" data-lightbox=\"1\" data-href=\"https:\/\/bonifratrzy.pl\/klasztor-lodz\/wp-content\/uploads\/sites\/4\/2016\/01\/P1020471-697x1024.jpg\" title=\"P1020471\" target=\"_self\" data-index=\"0\"><img decoding=\"async\" class=\"wpmf_img\" alt=\"P1020471\" src=\"https:\/\/bonifratrzy.pl\/klasztor-lodz\/wp-content\/uploads\/sites\/4\/2016\/01\/P1020471-150x150.jpg\" data-type=\"wpmfgalleryimg\" data-lazy-src=\"https:\/\/bonifratrzy.pl\/klasztor-lodz\/wp-content\/uploads\/sites\/4\/2016\/01\/P1020471-150x150.jpg\"><\/a><\/div><\/div><\/div><\/figure><\/div><\/div>\n","protected":false},"excerpt":{"rendered":"<p>Bonifraterskie Sanktuarium Matki Bo\u017cej Uzdrowienia Chorych ul. Kosynier\u00f3w Gdy\u0144skich 61 A 93-357 \u0141\u00f3d\u017a Chojny kontakt: kapelan Szpitala ks. Pawe\u0142 Sobstel tel. 665 499 332 &nbsp;<\/p>\n","protected":false},"author":1,"featured_media":0,"parent":25,"menu_order":0,"comment_status":"closed","ping_status":"closed","template":"","meta":{"footnotes":""},"_links":{"self":[{"href":"https:\/\/bonifratrzy.pl\/klasztor-lodz\/wp-json\/wp\/v2\/pages\/37"}],"collection":[{"href":"https:\/\/bonifratrzy.pl\/klasztor-lodz\/wp-json\/wp\/v2\/pages"}],"about":[{"href":"https:\/\/bonifratrzy.pl\/klasztor-lodz\/wp-json\/wp\/v2\/types\/page"}],"author":[{"embeddable":true,"href":"https:\/\/bonifratrzy.pl\/klasztor-lodz\/wp-json\/wp\/v2\/users\/1"}],"replies":[{"embeddable":true,"href":"https:\/\/bonifratrzy.pl\/klasztor-lodz\/wp-json\/wp\/v2\/comments?post=37"}],"version-history":[{"count":7,"href":"https:\/\/bonifratrzy.pl\/klasztor-lodz\/wp-json\/wp\/v2\/pages\/37\/revisions"}],"predecessor-version":[{"id":3017,"href":"https:\/\/bonifratrzy.pl\/klasztor-lodz\/wp-json\/wp\/v2\/pages\/37\/revisions\/3017"}],"up":[{"embeddable":true,"href":"https:\/\/bonifratrzy.pl\/klasztor-lodz\/wp-json\/wp\/v2\/pages\/25"}],"wp:attachment":[{"href":"https:\/\/bonifratrzy.pl\/klasztor-lodz\/wp-json\/wp\/v2\/media?parent=37"}],"curies":[{"name":"wp","href":"https:\/\/api.w.org\/{rel}","templated":true}]}}