{"id":3661,"date":"2023-06-23T23:22:25","date_gmt":"2023-06-23T21:22:25","guid":{"rendered":"https:\/\/bonifratrzy.pl\/klasztor-lodz\/?page_id=3661"},"modified":"2023-08-11T12:04:04","modified_gmt":"2023-08-11T10:04:04","slug":"zapytania-ofertowe-i-przetargi","status":"publish","type":"page","link":"https:\/\/bonifratrzy.pl\/klasztor-lodz\/zapytania-ofertowe-i-przetargi\/","title":{"rendered":"Zapytania ofertowe i przetargi"},"content":{"rendered":"<p><strong>Zapytanie ofertowe nr: Ldz.\/31\/Pw\/23 z dnia 03.08.2023 r.:<\/strong><\/p>\n<ul>\n<li>zapytanie ofertowe &#8211; do pobrania <a href=\"https:\/\/bonifratrzy.pl\/klasztor-lodz\/wp-content\/uploads\/sites\/4\/2023\/08\/zapytanie_ofertowe_31.pdf\" target=\"_blank\" rel=\"noopener\">tutaj<\/a><\/li>\n<li>za\u0142\u0105czniki do zapytania ofertowego &#8211; do pobrania <a href=\"https:\/\/bonifratrzy.pl\/klasztor-lodz\/wp-content\/uploads\/sites\/4\/2023\/08\/zalaczniki-do-zapytania_31.docx\" target=\"_blank\" rel=\"noopener\">tutaj<\/a><\/li>\n<li>dokumentacja projektowa &#8211; do pobrania <a href=\"https:\/\/bonifratrzy.pl\/files\/klasztor-lodz\/Wersja_Elektroniczna_szyb_windowy.zip\" target=\"_blank\" rel=\"noopener\">tutaj<\/a><\/li>\n<li>rozstrzygni\u0119cie zapytania ofertowego &#8211; do pobrania <a href=\"https:\/\/bonifratrzy.pl\/klasztor-lodz\/wp-content\/uploads\/sites\/4\/2023\/08\/20230811115120260.pdf\" target=\"_blank\" rel=\"noopener\">tutaj<\/a><\/li>\n<\/ul>\n<p>Osob\u0105 kontaktow\u0105 jest p. Pawe\u0142 Boche\u0144ski, e-mail: <strong><span style=\"color: #b30e0e\">&#112;&#46;&#x62;o&#99;&#x68;&#x65;n&#115;&#x6b;&#x69;&#64;&#108;&#x6f;&#x64;z&#46;&#x62;&#x6f;n&#105;&#x66;&#x72;a&#116;&#x72;z&#121;&#46;&#x70;l<\/span><\/strong><\/p>\n<hr \/>\n<p><strong>Zapytanie ofertowe nr: Ldz.\/23\/Pw\/23 z dnia 23.06.2023 r.:<\/strong><\/p>\n<ul>\n<li>zapytanie ofertowe &#8211; do pobrania <a href=\"https:\/\/bonifratrzy.pl\/klasztor-lodz\/wp-content\/uploads\/sites\/4\/2023\/06\/20230623154928202.pdf\" target=\"_blank\" rel=\"noopener\">tutaj<\/a><\/li>\n<li>za\u0142\u0105czniki do zapytania ofertowego &#8211; do pobrania <a href=\"https:\/\/bonifratrzy.pl\/klasztor-lodz\/wp-content\/uploads\/sites\/4\/2023\/06\/zalaczniki-do-zaytania.docx\" target=\"_blank\" rel=\"noopener\">tutaj<\/a><\/li>\n<li>dokumentacja projektowa &#8211; do pobrania <a href=\"https:\/\/bonifratrzy.pl\/files\/klasztor-lodz\/Wersja_Elektroniczna_szyb_windowy.zip\" target=\"_blank\" rel=\"noopener\">tutaj<\/a><\/li>\n<li>informacja o przed\u0142u\u017ceniu post\u0119powania &#8211; do pobrania <a href=\"https:\/\/bonifratrzy.pl\/klasztor-lodz\/wp-content\/uploads\/sites\/4\/2023\/07\/20230710092923810.pdf\" target=\"_blank\" rel=\"noopener\">tutaj<\/a><\/li>\n<li>informacja o przed\u0142u\u017ceniu post\u0119powania &#8211; do pobrania <a href=\"https:\/\/bonifratrzy.pl\/klasztor-lodz\/wp-content\/uploads\/sites\/4\/2023\/07\/20230714152212331.pdf\" target=\"_blank\" rel=\"noopener\">tutaj<\/a><\/li>\n<li>informacja o uniewa\u017cnieniu post\u0119powania &#8211; do pobrania <a href=\"https:\/\/bonifratrzy.pl\/klasztor-lodz\/wp-content\/uploads\/sites\/4\/2023\/08\/Uniewaznienie_23.pdf\" target=\"_blank\" rel=\"noopener\">tutaj<\/a><\/li>\n<\/ul>\n<p>Osob\u0105 kontaktow\u0105 jest p. Pawe\u0142 Boche\u0144ski, e-mail: <strong><span style=\"color: #b30e0e\">&#112;&#x2e;&#98;&#x6f;&#99;&#x68;&#101;&#x6e;s&#x6b;i&#x40;l&#x6f;d&#122;&#x2e;&#98;&#x6f;&#110;&#x69;&#102;&#x72;&#97;&#x74;r&#x7a;y&#x2e;p&#x6c;<\/span><\/strong><\/p>\n<p>&nbsp;<\/p>\n","protected":false},"excerpt":{"rendered":"<p>Zapytanie ofertowe nr: Ldz.\/31\/Pw\/23 z dnia 03.08.2023 r.: zapytanie ofertowe &#8211; do pobrania tutaj za\u0142\u0105czniki do zapytania ofertowego &#8211; do pobrania tutaj dokumentacja projektowa &#8211; do pobrania tutaj rozstrzygni\u0119cie zapytania ofertowego &#8211; do pobrania tutaj Osob\u0105 kontaktow\u0105 jest p. Pawe\u0142 Boche\u0144ski, e-mail: &#112;&#46;&#x62;o&#x63;h&#x65;n&#x73;&#107;&#x69;&#64;&#x6c;&#111;&#x64;&#122;&#46;&#98;o&#x6e;i&#x66;r&#x61;&#116;&#x72;&#122;&#x79;&#46;&#x70;&#108; Zapytanie ofertowe nr: Ldz.\/23\/Pw\/23 z dnia 23.06.2023 r.: zapytanie ofertowe &#8211; do [&hellip;]<\/p>\n","protected":false},"author":50,"featured_media":0,"parent":0,"menu_order":0,"comment_status":"closed","ping_status":"closed","template":"","meta":{"footnotes":""},"_links":{"self":[{"href":"https:\/\/bonifratrzy.pl\/klasztor-lodz\/wp-json\/wp\/v2\/pages\/3661"}],"collection":[{"href":"https:\/\/bonifratrzy.pl\/klasztor-lodz\/wp-json\/wp\/v2\/pages"}],"about":[{"href":"https:\/\/bonifratrzy.pl\/klasztor-lodz\/wp-json\/wp\/v2\/types\/page"}],"author":[{"embeddable":true,"href":"https:\/\/bonifratrzy.pl\/klasztor-lodz\/wp-json\/wp\/v2\/users\/50"}],"replies":[{"embeddable":true,"href":"https:\/\/bonifratrzy.pl\/klasztor-lodz\/wp-json\/wp\/v2\/comments?post=3661"}],"version-history":[{"count":18,"href":"https:\/\/bonifratrzy.pl\/klasztor-lodz\/wp-json\/wp\/v2\/pages\/3661\/revisions"}],"predecessor-version":[{"id":3744,"href":"https:\/\/bonifratrzy.pl\/klasztor-lodz\/wp-json\/wp\/v2\/pages\/3661\/revisions\/3744"}],"wp:attachment":[{"href":"https:\/\/bonifratrzy.pl\/klasztor-lodz\/wp-json\/wp\/v2\/media?parent=3661"}],"curies":[{"name":"wp","href":"https:\/\/api.w.org\/{rel}","templated":true}]}}