{"id":3530,"date":"2023-04-21T13:44:45","date_gmt":"2023-04-21T11:44:45","guid":{"rendered":"https:\/\/bonifratrzy.pl\/klasztor-lodz\/?page_id=3530"},"modified":"2023-04-24T10:35:02","modified_gmt":"2023-04-24T08:35:02","slug":"wartosci-zakonu-szpitalnego","status":"publish","type":"page","link":"https:\/\/bonifratrzy.pl\/klasztor-lodz\/wartosci-zakonu-szpitalnego\/","title":{"rendered":"Warto\u015bci Zakonu Szpitalnego"},"content":{"rendered":"<ul>\n<li><strong>Zarz\u0105dzanie w duchu charyzmatu w Zakonie Szpitalnym \u015bw. Jana Bo\u017cego<\/strong> &#8211; do pobrania <a href=\"https:\/\/bonifratrzy.pl\/klasztor-lodz\/wp-content\/uploads\/sites\/4\/2023\/04\/Zarzadzanie-w-duchu-charyzmatu-2012.pdf\" target=\"_blank\" rel=\"noopener\">tutaj<\/a><\/li>\n<li><strong>Statuty Generalne Zakonu Szpitalnego \u015bw. Jana Bo\u017cego<\/strong> &#8211; do pobrania <a href=\"https:\/\/bonifratrzy.pl\/klasztor-lodz\/wp-content\/uploads\/sites\/4\/2023\/04\/Statuty-Generalne-Zakonu-Bonifratrow-2019.pdf\" target=\"_blank\" rel=\"noopener\">tutaj<\/a><\/li>\n<li><strong>Karta To\u017csamo\u015bci Zakonu Szpitalnego \u015bw. Jana Bo\u017cego<\/strong> &#8211; do pobrania <a href=\"https:\/\/bonifratrzy.pl\/wp-content\/uploads\/sites\/4\/Karta%20To%C5%BCsamo%C5%9Bci%20Zakonu%20Bonifratr%C3%B3w.pdf\" target=\"_blank\" rel=\"noopener\">tutaj<\/a><\/li>\n<li><strong>Podr\u0119cznik stosowania Karty To\u017csamo\u015bci \u015bw. Jana Bo\u017cego<\/strong> &#8211; do pobrania <a href=\"https:\/\/bonifratrzy.pl\/klasztor-lodz\/wp-content\/uploads\/sites\/4\/2023\/04\/Podrecznik-Stosowania-Karty-Tozsamosci.pdf\" target=\"_blank\" rel=\"noopener\">tutaj<\/a><\/li>\n<li><strong>Konstytucje Zakonu Szpitalnego \u015bw. Jana Bo\u017cego<\/strong> &#8211; do pobrania <a href=\"https:\/\/bonifratrzy.pl\/wp-content\/uploads\/sites\/4\/Konstytucje%20Zakonu%20Bonifratr%C3%B3w%202013.pdf\" target=\"_blank\" rel=\"noopener\">tutaj<\/a><\/li>\n<li><strong>Etyka \u015bw. Jana Bo\u017cego<\/strong> &#8211; do pobrania <a href=\"https:\/\/bonifratrzy.pl\/klasztor-lodz\/wp-content\/uploads\/sites\/4\/2023\/04\/Etyka-sw.-Jana-Bozego.pdf\" target=\"_blank\" rel=\"noopener\">tutaj<\/a><\/li>\n<li><strong>Duszpasterstwo w stylu \u015bw. Jana Bo\u017cego<\/strong> &#8211; do pobrania <a href=\"https:\/\/bonifratrzy.pl\/klasztor-lodz\/wp-content\/uploads\/sites\/4\/2023\/04\/Duszpasterstwo-w-stylu-sw.-Jana-Bozego.pdf\" target=\"_blank\" rel=\"noopener\">tutaj<\/a><\/li>\n<\/ul>\n","protected":false},"excerpt":{"rendered":"<p>Zarz\u0105dzanie w duchu charyzmatu w Zakonie Szpitalnym \u015bw. Jana Bo\u017cego &#8211; do pobrania tutaj Statuty Generalne Zakonu Szpitalnego \u015bw. Jana Bo\u017cego &#8211; do pobrania tutaj Karta To\u017csamo\u015bci Zakonu Szpitalnego \u015bw. Jana Bo\u017cego &#8211; do pobrania tutaj Podr\u0119cznik stosowania Karty To\u017csamo\u015bci \u015bw. Jana Bo\u017cego &#8211; do pobrania tutaj Konstytucje Zakonu Szpitalnego \u015bw. Jana Bo\u017cego &#8211; do [&hellip;]<\/p>\n","protected":false},"author":50,"featured_media":0,"parent":0,"menu_order":0,"comment_status":"closed","ping_status":"closed","template":"","meta":{"footnotes":""},"_links":{"self":[{"href":"https:\/\/bonifratrzy.pl\/klasztor-lodz\/wp-json\/wp\/v2\/pages\/3530"}],"collection":[{"href":"https:\/\/bonifratrzy.pl\/klasztor-lodz\/wp-json\/wp\/v2\/pages"}],"about":[{"href":"https:\/\/bonifratrzy.pl\/klasztor-lodz\/wp-json\/wp\/v2\/types\/page"}],"author":[{"embeddable":true,"href":"https:\/\/bonifratrzy.pl\/klasztor-lodz\/wp-json\/wp\/v2\/users\/50"}],"replies":[{"embeddable":true,"href":"https:\/\/bonifratrzy.pl\/klasztor-lodz\/wp-json\/wp\/v2\/comments?post=3530"}],"version-history":[{"count":9,"href":"https:\/\/bonifratrzy.pl\/klasztor-lodz\/wp-json\/wp\/v2\/pages\/3530\/revisions"}],"predecessor-version":[{"id":3550,"href":"https:\/\/bonifratrzy.pl\/klasztor-lodz\/wp-json\/wp\/v2\/pages\/3530\/revisions\/3550"}],"wp:attachment":[{"href":"https:\/\/bonifratrzy.pl\/klasztor-lodz\/wp-json\/wp\/v2\/media?parent=3530"}],"curies":[{"name":"wp","href":"https:\/\/api.w.org\/{rel}","templated":true}]}}