{"id":35,"date":"2016-01-16T14:46:45","date_gmt":"2016-01-16T13:46:45","guid":{"rendered":"https:\/\/bonifratrzy.pl\/klasztor-lodz\/?page_id=35"},"modified":"2016-05-06T14:30:40","modified_gmt":"2016-05-06T12:30:40","slug":"nowenna","status":"publish","type":"page","link":"https:\/\/bonifratrzy.pl\/klasztor-lodz\/sanktuarium-maryjne\/nowenna\/","title":{"rendered":"Nowenna"},"content":{"rendered":"<h2 class=\"cl-r art_title\">Nowenna do Matki Bo\u017cej Bonifraterskiej p.w. Uzdrowienie Chorych<\/h2>\n<h3 class=\"cl-1\">Dzie\u0144 pierwszy<\/h3>\n<p>P: Bo\u017ce wejrzyj ku wspomo\u017ceniu memu<br \/>\nW: Panie po\u015bpiesz ku ratunkowi memu<br \/>\nP: Chwa\u0142a Ojcu i Synowi i Duchowi \u015awi\u0119temu<br \/>\nW: Jak by\u0142a na pocz\u0105tku, teraz i zawsze i na wieki wiek\u00f3w. Amen.<\/p>\n<p>Ojcze nasz&#8230;<br \/>\nPozdrawiamy Ci\u0119 Maryjo, Uzdrowienie Chorych, Matko nasza i przyzywamy jako Or\u0119downiczk\u0119 i Opiekunk\u0119. W Twoim r\u0119ku s\u0105 skarby Bo\u017cych \u0142ask. Ty jeste\u015b ich Szafark\u0105. Ty\u015b Bram\u0105 Niebios, w Tobie jest nasza nadzieja na szcz\u0119\u015bliw\u0105 wieczno\u015b\u0107.<br \/>\nZdrowa\u015b Maryjo&#8230;<br \/>\nUzdrowienie Chorych, m\u00f3dl si\u0119 za nami.<\/p>\n<p><strong>M\u00f3dlmy si\u0119:<\/strong>\u00a0Prosimy Ci\u0119, Panie Bo\u017ce, racz przyj\u0105\u0107 \u0142askawie nasze modlitwy, a pro\u015bby, kt\u00f3re za przyczyn\u0105 Naj\u015bwi\u0119tszej Panny Maryi, nazywanej Uzdrowieniem Chorych i Pocieszeniem strapionych, pokornie zanosimy &#8211; wys\u0142uchaj, by\u015bmy otrzyma\u0107 mogli to, o co pokornie i z ufno\u015bci\u0105 b\u0142agamy. Przez Chrystusa Pana naszego. Amen.<br \/>\nP: Pomoc Boska niech b\u0119dzie zawsze z nami.<br \/>\nW: Amen.<br \/>\nLitania Loreta\u0144ska do Naj\u015bwi\u0119tszej Maryi Panny.<\/p>\n<h3 class=\"cl-1\">Dzie\u0144 drugi<\/h3>\n<p>P: Bo\u017ce wejrzyj&#8230;<br \/>\nOjcze nasz&#8230;<br \/>\nZ dzieci\u0119c\u0105 mi\u0142o\u015bci\u0105, my grzesznicy, wzywamy Ci\u0119 o Maryjo Uzdrowienie Chorych i Matko Mi\u0142osierdzia. Tw\u00f3j Syn z wysoko\u015bci krzy\u017ca da\u0142 nam Ciebie za Matk\u0119, dlatego wo\u0142amy do Ciebie ze \u015bwi\u0119tym Bernardem: Kt\u00f3\u017c bardziej zas\u0142uguje na mi\u0142osierdzie ni\u017c nieszcz\u0119\u015bliwi?<br \/>\nTy, kt\u00f3ra z Ducha \u015awi\u0119tego pocz\u0119\u0142a\u015b Jezusa Chrystusa, Boga Mi\u0142osierdzia ju\u017c wtedy grzesznikom nios\u0142a\u015b mi\u0142osierdzie. B\u0105d\u017a nasz\u0105 pociech\u0105 w nieszcz\u0119\u015bciu, chro\u0144 nas od nieuzasadnionego smutku, a przede wszystkim od grzech\u00f3w. Ty, co\u015b Gabriela, S\u0142owem przywitana, Utwierd\u017a nas w pokoju, \u201eOdmie\u0144 Ewy miano, Wyjednaj nam Matko Uzdrowienie Chorych przebaczenie u Syna Swego. Wypro\u015b nam \u0142ask\u0119 skruchy, pociesz nas i pom\u00f3\u017c by\u015bmy nie obra\u017cali Boga do \u015bmierci.<br \/>\nZdrowa\u015b Maryjo&#8230;<br \/>\nUzdrowienie Chorych, m\u00f3dl si\u0119 za nami.<\/p>\n<p><strong>M\u00f3dlmy si\u0119:<\/strong>\u00a0Bo\u017ce, Ty dajesz nam czci\u0107 Naj\u015bwi\u0119tsz\u0105 Dziewic\u0119 Maryj\u0119, spraw \u0142askawie, aby\u015bmy dzi\u0119ki Jej modlitwom i pomocy, zawsze kieruj\u0105c ku niebu swoj\u0105 nadziej\u0119, starannie wype\u0142niali doczesne obowi\u0105zki i otrzymali spodziewane dobra, kt\u00f3rych z wiar\u0105 i mi\u0142o\u015bci\u0105 oczekujemy. Przez Chrystusa, Pana naszego. Amen.<br \/>\nP: Pomoc Boska niech b\u0119dzie zawsze z nami.<br \/>\nW: Amen<\/p>\n<h3 class=\"cl-1\">Dzie\u0144 trzeci<\/h3>\n<p>P: Bo\u017ce wejrzyj &#8230;<br \/>\nOjcze nasz&#8230;<br \/>\nCiebie wzywamy o Maryjo, Matko, Uzdrowienie Chorych. My zrodzeni w grzechu w Tobie pok\u0142adamy nasz\u0105 nadziej\u0119, bo leczysz choroby duszy i cia\u0142a. Zosta\u0142a\u015b nasz\u0105 Matk\u0105 pod krzy\u017cem Syna i ci\u0105gle uczysz nas zgadzania si\u0119 z wol\u0105 Boga. Niesiesz<br \/>\nZdrowa\u015b Maryjo&#8230;<br \/>\nUzdrowienie Chorych, m\u00f3dl si\u0119 za nami.<\/p>\n<p><strong>M\u00f3dlmy si\u0119:<\/strong>\u00a0Ojcze \u015bwi\u0119ty, przyjmij \u0142askawie pro\u015bby swoich dzieci, kt\u00f3re obci\u0105\u017cone win\u0105 powracaj\u0105 do Ciebie i wzywaj\u0105 Twojej lito\u015bci; pobudzony ni\u0105 pos\u0142a\u0142e\u015b swego Syna jako Zbawiciela \u015bwiata, a jego Matk\u0119 pozwoli\u0142e\u015b nazywa\u0107 Kr\u00f3low\u0105 Mi\u0142osierdzia. Przez Chrystusa, Pana naszego. Amen.<br \/>\nP: Pomoc Boska niech b\u0119dzie zawsze z nami.<br \/>\nW: Amen<\/p>\n<h3 class=\"cl-1\">Dzie\u0144 czwarty<\/h3>\n<p>P: Bo\u017ce wejrzyj &#8230;<br \/>\nOjcze nasz&#8230;<br \/>\nDo Ciebie Matko, Uzdrowienie Chorych uciekamy si\u0119 my wygna\u0144cy, synowie Ewy, j\u0119cz\u0105c i p\u0142acz\u0105c na tym \u0142ez padole. Do kogo, je\u017celi nie do Ciebie mo\u017cemy si\u0119 zwr\u00f3ci\u0107 z pro\u015bb\u0105 o pomoc i ratunek? Twoje or\u0119downictwo jest najskuteczniejsze przed tronem Boga, Matko Odkupiciela, upraszaj mi\u0142osierdzie dla tych, kt\u00f3rzy do Ciebie uciekaj\u0105 si\u0119 z ufno\u015bci\u0105.<br \/>\nZdrowa\u015b Maryjo&#8230;<br \/>\nUzdrowienie Chorych, m\u00f3dl si\u0119 za nami.<\/p>\n<p><strong>M\u00f3dlmy si\u0119:\u00a0<\/strong>Bo\u017ce, Twoja Opatrzno\u015b\u0107 nigdy si\u0119 nie myli w swoich zrz\u0105dzeniach, pokornie Ci\u0119 b\u0142agamy, aby\u015b za przyczyn\u0105 Naj\u015bwi\u0119tszej Dziewicy Maryi, Matki Twojego Syna, oddali\u0142 od nas wszystko, co nam szkodzi, i udzieli\u0142 wszystkiego co s\u0142u\u017cy naszemu dobru. Przez Chrystusa Pana naszego. Amen.<br \/>\nP: Pomoc Boska niech b\u0119dzie zawsze z nami.<br \/>\nW: Amen<\/p>\n<h3 class=\"cl-1\">Dzie\u0144 pi\u0105ty<\/h3>\n<p>P: Bo\u017ce wejrzyj &#8230;<br \/>\nOjcze nasz&#8230;<br \/>\nO Matko Uzdrowienie Chorych, my grzeszni, bardzo potrzebujemy w \u017cyciu pomocy. A kt\u00f3\u017c jej nam najskuteczniej udzieli, je\u017celi nie Ty, o Matko Naj\u015bwi\u0119tsza? Ty jeste\u015b nasz\u0105 Najlepsz\u0105 Pocieszycielk\u0105 i Najpewniejsz\u0105 Ucieczk\u0105, bo jeste\u015b Matk\u0105 naszego Odkupiciela i najskuteczniej mo\u017cesz za nami u Niego or\u0119dowa\u0107. Przedstaw, o Matko, pro\u015bby nasze przed Jego tronem, a b\u0119dziemy wys\u0142uchani i nadzieja zbawienia b\u0119dzie nam bli\u017csza.<br \/>\nZdrowa\u015b Maryjo&#8230;<br \/>\nUzdrowienie Chorych, m\u00f3dl si\u0119 za nami.<\/p>\n<p><strong>M\u00f3dlmy si\u0119:<\/strong>\u00a0Bo\u017ce, Ty przez Dziewic\u0119 Maryj\u0119 zes\u0142a\u0142e\u015b swojemu ludowi Jezusa Chrystusa jako \u017ar\u00f3d\u0142o pociechy, spraw, aby\u015bmy za Jej wstawiennictwem zostali nape\u0142nieni wszelk\u0105 pociech\u0105 i udzielali jej naszym bli\u017anim. Przez Chrystusa, Pana naszego. Amen.<br \/>\nP: Pomoc Boska niech b\u0119dzie zawsze z nami.<br \/>\nW: Amen<\/p>\n<h3 class=\"cl-1\">Dzie\u0144 sz\u00f3sty<\/h3>\n<p>P: Bo\u017ce wejrzyj &#8230;<br \/>\nOjcze nasz&#8230;<br \/>\nO Naj\u0142askawsza nasza Matko, zwr\u00f3\u0107 na nas grzesznych swoje mi\u0142osierne oczy. Tw\u00f3j Syn, Jezus Chrystus, patrzy\u0142 z wysoko\u015bci krzy\u017ca na t\u0142umy stoj\u0105cych obok i prosi\u0142 Ojca o przebaczenie dla krzy\u017cuj\u0105cych Go. Ty, swoim s\u0142odkim wejrzeniem pocieszaj nas, dodawaj nam otuchy i nadziei, wspieraj, a w\u015br\u00f3d zam\u0119tu tego \u015bwiata, b\u0105d\u017a nam obron\u0105. Strze\u017c naszych dusz przed nieprzyjacielem.<br \/>\nZdrowa\u015b Maryjo&#8230;<br \/>\nUzdrowienie Chorych, m\u00f3dl si\u0119 za nami.<\/p>\n<p><strong>M\u00f3dlmy si\u0119:<\/strong>\u00a0Bo\u017ce, Ojcze mi\u0142osierdzia. Ty pos\u0142a\u0142e\u015b na \u015bwiat swojego Syna jako Odkupiciela ludzi, spraw za wstawiennictwem Maryi, Jego Matki, aby\u015bmy wiernie strzegli prawdziwej wolno\u015bci dzieci Bo\u017cych, wys\u0142u\u017conej przez ofiar\u0119 Chrystusa i gorliwie staraj\u0105c si\u0119 o zbawienie ludzi zas\u0142u\u017cyli na przyj\u0119cie do Kr\u00f3lestwa Niebieskiego. Przez Chrystusa Pana naszego. Amen.<br \/>\nP: Pomoc Boska niech b\u0119dzie zawsze z nami.<br \/>\nW: Amen<\/p>\n<h3 class=\"cl-1\">Dzie\u0144 si\u00f3dmy<\/h3>\n<p>P: Bo\u017ce wejrzyj&#8230;<br \/>\nOjcze nasz&#8230;<br \/>\nO Maryjo Naj\u015bwi\u0119tsza, Ty da\u0142a\u015b Bo\u017cemu Synowi cz\u0142owiecz\u0105 natur\u0119, przez Ciebie B\u00f3g sta\u0142 si\u0119 widzialnym na ziemi. Ty nam Go pokaza\u0142a\u015b &#8211; nie przestawaj ukazywa\u0107 nam Jego mi\u0142osierdzia, ilekro\u0107 przez grzechy swoje utracimy Jego przyja\u017a\u0144. W chwili naszego zej\u015bcia z tego \u015bwiata, b\u0105d\u017a nam pocieszeniem. B\u0105d\u017a przy nas ze Swoim Synem, by\u015bmy mogli zwyci\u0119\u017cy\u0107 nieprzyjaciela naszej duszy i cieszy\u0107 si\u0119 z Tob\u0105 wieczno\u015bci\u0105 w Bogu.<br \/>\nZdrowa\u015b Maryjo&#8230;<br \/>\nUzdrowienie Chorych, m\u00f3dl si\u0119 za nami.<\/p>\n<p><strong>M\u00f3dlmy si\u0119:<\/strong>\u00a0Panie, nasz Bo\u017ce, daj nam, s\u0142ugom swoim, cieszy\u0107 si\u0119 trwa\u0142ym zdrowiem duszy i cia\u0142a i za wstawiennictwem Naj\u015bwi\u0119tszej Maryi zawsze Dziewicy uwolnij nas od doczesnych utrapie\u0144 i obdarz wieczn\u0105 rado\u015bci\u0105. Przez Chrystusa Pana naszego. Amen.<br \/>\nP: Pomoc Boska niech b\u0119dzie zawsze z nami.<br \/>\nW: Amen<\/p>\n<h3 class=\"cl-1\">Dzie\u0144 \u00f3smy<\/h3>\n<p>P: Bo\u017ce wejrzyj &#8230;<br \/>\nOjcze nasz&#8230;<br \/>\nTy Matko nasza, jeste\u015b dla wszystkich pociech\u0105, jeste\u015b Lekark\u0105, kt\u00f3ra nas leczy i uzdrawia. Prosimy Ci\u0119 z ufno\u015bci\u0105, by\u015b nam pomog\u0142a oderwa\u0107 serca od przemijaj\u0105cych d\u00f3br tego \u015bwiata, a skierowa\u0142a je ku dobrom duchowym i wiecznym. O Kr\u00f3lowo nasza Maryjo, kt\u00f3\u017cby \u015bmia\u0142 przyj\u015b\u0107 z ufno\u015bci\u0105 do Twoich st\u00f3p, obci\u0105\u017cony grzechami, gdyby nie by\u0142 zach\u0119cony lito\u015bci\u0105, jak\u0105 masz wobec grzesznik\u00f3w?<br \/>\nZdrowa\u015b Maryjo&#8230;<br \/>\nUzdrowienie Chorych, m\u00f3dl si\u0119 za nami.<\/p>\n<p><strong>M\u00f3dlmy si\u0119:\u00a0<\/strong>Bo\u017ce, Ty ustanowi\u0142e\u015b swojego Syna bram\u0105 zbawienia i \u017cycia, spraw, aby\u015bmy za przyk\u0142adem Naj\u015bwi\u0119tszej Maryi Panny pozostali wierni mi\u0142o\u015bci Chrystusa i aby otwar\u0142a si\u0119 dla nas brama niebieskiej ojczyzny. Przez Chrystusa, Pana naszego. Amen.<br \/>\nP: Pomoc Boska niech b\u0119dzie zawsze z nami.<br \/>\nW: Amen<\/p>\n<h3 class=\"cl-1\">Dzie\u0144 dziewi\u0105ty<\/h3>\n<p>P: Bo\u017ce wejrzyj &#8230;<br \/>\nOjcze nasz&#8230;<br \/>\nO Przeczysta Dziewico, spraw, aby\u015bmy po\u015br\u00f3d og\u00f3lnego zam\u0119tu tego \u015bwiata, w n\u0119dzy i niedostatku, nie upadali na duchu. Aby\u015bmy nie zeszli z drogi cnoty i prawdy; aby pr\u0105dy, krzykliwe, modne kierunki i pogl\u0105dy przeciwne naszej wierze i szkodz\u0105ce naszej Ojczy\u017anie, nie znalaz\u0142y zwolennik\u00f3w w\u015br\u00f3d syn\u00f3w polskiej ziemi. Zwr\u00f3\u0107 na nas Kr\u00f3lowo Polski swe oczy i nie daj nam zgin\u0105\u0107. Spraw, by\u015bmy szli za Tob\u0105 drog\u0105 przykaza\u0144 i cn\u00f3t, kt\u00f3re obecny \u015bwiat, na swoje nieszcz\u0119\u015bcie, lekcewa\u017cy i odrzuca. Daj, aby\u015bmy, wiernie wype\u0142niaj\u0105c obowi\u0105zki stanu i powo\u0142ania, id\u0105c drog\u0105 przykaza\u0144, mogli zas\u0142u\u017cy\u0107 na wieczn\u0105 rado\u015b\u0107 z Tob\u0105 w niebie.<br \/>\nZdrowa\u015b Maryjo&#8230;<br \/>\nUzdrowienie Chorych, m\u00f3dl si\u0119 za nami.<\/p>\n<p><strong>M\u00f3dlmy si\u0119:\u00a0<\/strong>Bo\u017ce, Ty w przedziwnym zamy\u015ble swojej mi\u0142o\u015bci postanowi\u0142e\u015b, aby Naj\u015bwi\u0119tsza Maryja Panna wyda\u0142a na \u015bwiat Twojego Syna- naszego Zbawiciela, i da\u0142e\u015b Mu j\u0105 za Pomocnic\u0119 w dziele odkupienia ludzi, spraw, aby nam wyjedna\u0142a obfite \u0142aski i doprowadzi\u0142a nas do portu wiecznego zbawienia. Przez Chrystusa Pana naszego. Amen.<br \/>\nP: Pomoc Boska niech b\u0119dzie zawsze z nami.<br \/>\nW: Amen<\/p>\n<h3 class=\"cl-1\">Zako\u0144czenie nowenny<\/h3>\n<p>Naj\u015bwi\u0119tsza Maryjo, Matko Zbawiciela \u015bwiata &#8211; Jezusa Chrystusa, i Matko moja, do Ciebie si\u0119 uciekam, Tobie polecam, Tobie ca\u0142kowicie oddaj\u0119. Ty widzisz n\u0119dz\u0119 moj\u0105 i ca\u0142kowit\u0105 niegodno\u015b\u0107, widzisz potrzeby moje i niedol\u0119. Niech si\u0119 wzruszy Twe serce matczyne, i obdarzy mnie tym, o co prosz\u0119, je\u015bli tak jest Twoja i Twego Syna wola. Amen.<\/p>\n<h3 class=\"cl-1\">Antyfona<\/h3>\n<p>\u015awi\u0119ta Maryjo, ratuj n\u0119dznych wspieraj s\u0142abych, pocieszaj strapionych i chorych. Niech wszyscy doznaj\u0105 Twego wsparcia, kt\u00f3rzy pod Twoj\u0105 opiek\u0119 z ufno\u015bci\u0105 si\u0119 uciekaj\u0105.<br \/>\nP: Ty\u015b ucieczk\u0105 nasz\u0105 nieustaj\u0105c\u0105<br \/>\nW: Wspomo\u017cycielk\u0105 w dolegliwo\u015bciach i utrapieniach naszych<\/p>\n<p><strong>M\u00f3dlmy si\u0119:<\/strong>\u00a0Panno Naj\u015bwi\u0119tsza, Matko S\u0142owa Wcielonego, Skarbnico \u0142ask, Ucieczko grzesznik\u00f3w, uciekamy si\u0119 do Twej mi\u0142o\u015bci matczynej z \u017cyw\u0105 wiar\u0105 i prosimy Ci\u0119 o \u0142ask\u0119 aby\u015bmy zawsze wype\u0142niali wole Bo\u017c\u0105 i Twoj\u0105. Sk\u0142adamy serca nasze w Twe naj\u015bwi\u0119tsze r\u0119ce i prosimy o zdrowie duszy i cia\u0142a. Spodziewamy si\u0119, o Matko Najukocha\u0144sza, ze nas wys\u0142uchasz i dlatego z \u017cyw\u0105 wiar\u0105 wo\u0142amy: Uzdrowienie chorych, m\u00f3dl si\u0119 za nami!<\/p>\n","protected":false},"excerpt":{"rendered":"<p>Nowenna do Matki Bo\u017cej Bonifraterskiej p.w. Uzdrowienie Chorych Dzie\u0144 pierwszy P: Bo\u017ce wejrzyj ku wspomo\u017ceniu memu W: Panie po\u015bpiesz ku ratunkowi memu P: Chwa\u0142a Ojcu i Synowi i Duchowi \u015awi\u0119temu W: Jak by\u0142a na pocz\u0105tku, teraz i zawsze i na wieki wiek\u00f3w. Amen. Ojcze nasz&#8230; Pozdrawiamy Ci\u0119 Maryjo, Uzdrowienie Chorych, Matko nasza i przyzywamy jako [&hellip;]<\/p>\n","protected":false},"author":1,"featured_media":0,"parent":25,"menu_order":0,"comment_status":"closed","ping_status":"closed","template":"","meta":{"footnotes":""},"_links":{"self":[{"href":"https:\/\/bonifratrzy.pl\/klasztor-lodz\/wp-json\/wp\/v2\/pages\/35"}],"collection":[{"href":"https:\/\/bonifratrzy.pl\/klasztor-lodz\/wp-json\/wp\/v2\/pages"}],"about":[{"href":"https:\/\/bonifratrzy.pl\/klasztor-lodz\/wp-json\/wp\/v2\/types\/page"}],"author":[{"embeddable":true,"href":"https:\/\/bonifratrzy.pl\/klasztor-lodz\/wp-json\/wp\/v2\/users\/1"}],"replies":[{"embeddable":true,"href":"https:\/\/bonifratrzy.pl\/klasztor-lodz\/wp-json\/wp\/v2\/comments?post=35"}],"version-history":[{"count":0,"href":"https:\/\/bonifratrzy.pl\/klasztor-lodz\/wp-json\/wp\/v2\/pages\/35\/revisions"}],"up":[{"embeddable":true,"href":"https:\/\/bonifratrzy.pl\/klasztor-lodz\/wp-json\/wp\/v2\/pages\/25"}],"wp:attachment":[{"href":"https:\/\/bonifratrzy.pl\/klasztor-lodz\/wp-json\/wp\/v2\/media?parent=35"}],"curies":[{"name":"wp","href":"https:\/\/api.w.org\/{rel}","templated":true}]}}