{"id":33,"date":"2016-01-16T14:44:12","date_gmt":"2016-01-16T13:44:12","guid":{"rendered":"https:\/\/bonifratrzy.pl\/klasztor-lodz\/?page_id=33"},"modified":"2016-05-06T14:31:19","modified_gmt":"2016-05-06T12:31:19","slug":"przed-wizerunkiem-mb","status":"publish","type":"page","link":"https:\/\/bonifratrzy.pl\/klasztor-lodz\/sanktuarium-maryjne\/przed-wizerunkiem-mb\/","title":{"rendered":"Przed wizerunkiem MB"},"content":{"rendered":"<h2 class=\"cl-r art_title\">Modlitwa przed cudownym wizerunkiem Matki Bo\u017cej Bonifarterskiej Uzdrowienia Chorych<\/h2>\n<p><strong>O Dziewico Najczystsza<\/strong>, jedyna Ucieczko grzesznik\u00f3w i prawdziwa Matko nasza, Uzdrowienie Chorych. Oto ja, n\u0119dzny grzesznik, staj\u0119 u st\u00f3p Twojego o\u0142tarza onie\u015bmielony i upokorzony z powodu ci\u0119\u017ckich grzech\u00f3w moich, kt\u00f3re mnie odwiod\u0142y od Boga i od Ciebie droga Matko moja. O Po\u015bredniczko i Opiekunko moja, zwr\u00f3\u0107 Swoje oczy lito\u015bciwe na mnie, wejrzyj na m\u00f3j \u017cal i wyjednaj \u0142ask\u0119 przebaczenia. Twoim jestem o Matko Boska &#8211; Uzdrowienie Chorych, b\u0142agam Ci\u0119 o lito\u015b\u0107 i mi\u0142osierdzie. Ty\u015b je okazywa\u0142a swoim czcicielom &#8211; nie opuszczaj i mnie, niegodnego i spraw, aby Krew przelana Syna Twego, nie by\u0142a dla mnie na zgub\u0119, lecz na zbawienie. Sta\u0142a\u015b pod krzy\u017cem, gdy Syn Tw\u00f3j w\u015br\u00f3d najwi\u0119kszych bole\u015bci umiera\u0142; spraw wi\u0119c, abym i ja przeciwno\u015bci tego \u015bwiata cierpliwie znosi\u0142 i ni\u00f3s\u0142 sw\u00f3j krzy\u017c, na\u015bladuj\u0105c Ci\u0119 we wszystkim. Je\u017celi kiedy, to przede wszystkim dzi\u015b mi tej pomocy potrzeba, abym nie upad\u0142 i nie uleg\u0142 zniech\u0119ceniu. Uciekaj\u0105 si\u0119 do Ciebie wszystkie narody; wejrzyj na niedol\u0119 cierpi\u0105cej ludzko\u015bci, aby rych\u0142o powr\u00f3ci\u0142a do pokuty i do Boga, aby ponownie zakwit\u0142a gor\u0105ca wiara na ca\u0142ym \u015bwiecie, a spok\u00f3j, zgoda i jedno\u015b\u0107 niech si\u0119 stanie udzia\u0142em wszystkich mieszka\u0144c\u00f3w ziemi.<\/p>\n<p>Tylekro\u0107 okazywa\u0142a\u015b Swoj\u0105 opiek\u0119 nad nami, oka\u017c j\u0105 i teraz, gdy\u017c dzi\u015b tym wi\u0119kszej pomocy od Ciebie wygl\u0105damy.<\/p>\n<p>O Matko, Uzdrowienie Chorych, pociesz nas i daj nam \u0142ask\u0119 wytrwania w dobrym, aby\u015bmy mogli wraz z Tob\u0105 ju\u017c na ziemi, a potem w niebie, chwali\u0107 Boga wiecznie. Amen<\/p>\n","protected":false},"excerpt":{"rendered":"<p>Modlitwa przed cudownym wizerunkiem Matki Bo\u017cej Bonifarterskiej Uzdrowienia Chorych O Dziewico Najczystsza, jedyna Ucieczko grzesznik\u00f3w i prawdziwa Matko nasza, Uzdrowienie Chorych. Oto ja, n\u0119dzny grzesznik, staj\u0119 u st\u00f3p Twojego o\u0142tarza onie\u015bmielony i upokorzony z powodu ci\u0119\u017ckich grzech\u00f3w moich, kt\u00f3re mnie odwiod\u0142y od Boga i od Ciebie droga Matko moja. O Po\u015bredniczko i Opiekunko moja, zwr\u00f3\u0107 [&hellip;]<\/p>\n","protected":false},"author":1,"featured_media":0,"parent":25,"menu_order":0,"comment_status":"closed","ping_status":"closed","template":"","meta":{"footnotes":""},"_links":{"self":[{"href":"https:\/\/bonifratrzy.pl\/klasztor-lodz\/wp-json\/wp\/v2\/pages\/33"}],"collection":[{"href":"https:\/\/bonifratrzy.pl\/klasztor-lodz\/wp-json\/wp\/v2\/pages"}],"about":[{"href":"https:\/\/bonifratrzy.pl\/klasztor-lodz\/wp-json\/wp\/v2\/types\/page"}],"author":[{"embeddable":true,"href":"https:\/\/bonifratrzy.pl\/klasztor-lodz\/wp-json\/wp\/v2\/users\/1"}],"replies":[{"embeddable":true,"href":"https:\/\/bonifratrzy.pl\/klasztor-lodz\/wp-json\/wp\/v2\/comments?post=33"}],"version-history":[{"count":0,"href":"https:\/\/bonifratrzy.pl\/klasztor-lodz\/wp-json\/wp\/v2\/pages\/33\/revisions"}],"up":[{"embeddable":true,"href":"https:\/\/bonifratrzy.pl\/klasztor-lodz\/wp-json\/wp\/v2\/pages\/25"}],"wp:attachment":[{"href":"https:\/\/bonifratrzy.pl\/klasztor-lodz\/wp-json\/wp\/v2\/media?parent=33"}],"curies":[{"name":"wp","href":"https:\/\/api.w.org\/{rel}","templated":true}]}}