{"id":2974,"date":"2019-06-18T14:50:40","date_gmt":"2019-06-18T12:50:40","guid":{"rendered":"https:\/\/bonifratrzy.pl\/klasztor-lodz\/?page_id=2974"},"modified":"2023-04-21T14:23:13","modified_gmt":"2023-04-21T12:23:13","slug":"rodo","status":"publish","type":"page","link":"https:\/\/bonifratrzy.pl\/klasztor-lodz\/rodo\/","title":{"rendered":"RODO"},"content":{"rendered":"<p>Szanowni Pa\u0144stwo,<br \/>\nrozporz\u0105dzenie Parlamentu Europejskiego i Rady (UE) 2016\/679 z dnia 27 kwietnia 2016 r. sprawie ochrony os\u00f3b fizycznych w zwi\u0105zku z przetwarzaniem danych osobowych i w sprawie swobodnego przep\u0142ywu takich danych (\u201eRODO\u201d) jest stosowane od 25 maja 2018 r.<\/p>\n<p>W ramach naszych stara\u0144, w celu osi\u0105gni\u0119cia zgodno\u015bci z RODO, a tak\u017ce w celu dostarczania informacji o tym, jak Pa\u0144stwa dane osobowe s\u0105 przetwarzane przez Konwent Bonifratr\u00f3w p.w. \u015bw. Rafa\u0142a Archanio\u0142a w \u0141odzi poni\u017cej przekazujemy niezb\u0119dne informacje w tym zakresie.<\/p>\n<p>Klauzula informacyjna:<\/p>\n<p>Administratorem Pani\/Pana danych osobowych jest Konwent Bonifratr\u00f3w p.w. \u015bw. Rafa\u0142a Archanio\u0142a w \u0141odzi, NIP: 7290203777, REGON: 040020282.<\/p>\n<p>W sprawach dotycz\u0105cych przetwarzania danych osobowych prosimy o kontakt z<strong> Inspektorem Ochrony Danych w Konwencie Bonifratr\u00f3w w \u0141odzi: <\/strong><\/p>\n<ul>\n<li><span style=\"color: #ba0000\"><strong>Pani Ma\u0142gorzata Topy\u0142a-Komosa, e-mail: m&#97;&#108;&#x67;&#x6f;&#x72;za&#116;&#97;&#x2e;&#x74;&#x6f;p&#121;&#108;&#97;&#x40;&#x6b;&#x61;n&#99;&#101;&#x6c;&#x61;&#x72;ia&#45;&#116;&#x6f;&#x70;&#x79;l&#97;&#46;&#112;&#x6c;, tel. 609 777 046<\/strong><\/span><\/li>\n<\/ul>\n<p>Pa\u0144stwa dane osobowe lub dane osobowe Pa\u0144stwa przedstawicieli przetwarzane b\u0119d\u0105 w celu:<br \/>\nrealizacji umowy lub zlecenia zawartej mi\u0119dzy Konwent Bonifratr\u00f3w p.w. \u015bw. Rafa\u0142a Archanio\u0142a w\u00a0\u0141odzi a Pa\u0144stwem na podstawie art. 6 ust. 1 lit. b) oraz f) RODO;<br \/>\nochrony stanu zdrowia, \u015bwiadczenia us\u0142ug medycznych, leczenia przez osoby trudni\u0105ce si\u0119 zawodowo leczeniem lub \u015bwiadczeniem innych us\u0142ug medycznych, zarz\u0105dzania udzielaniem us\u0142ug medycznych, na podstawie art. 6 ust. 1 lit. a) RODO i\/lub na podstawie art. 6 ust. 1 lit. c) RODO;<br \/>\nudost\u0119pnienia dokumentacji medycznej, na podstawie art. 6 ust. 1 lit. a) RODO, na podstawie art. 6 ust. 1 lit. c) RODO.<\/p>\n<p>Dane osobowe b\u0119d\u0105 przetwarzane do momentu zako\u0144czenia lub wyga\u015bni\u0119cia umowy, a nast\u0119pnie przez okres niezb\u0119dny do zabezpieczenia ewentualnych roszcze\u0144 zwi\u0105zanych z przetwarzaniem danych.<\/p>\n<p>Pa\u0144stwa dane osobowe b\u0119d\u0105 udost\u0119pniane podmiotom:<br \/>\npodmiotom zale\u017cnym od Konwentu Bonifratr\u00f3w p.w. \u015bw. Rafa\u0142a Archanio\u0142a w \u0141odzi;<br \/>\npodmiotom zewn\u0119trznym wsp\u00f3\u0142pracuj\u0105cym z Administratorem na mocy stosownych um\u00f3w powierzenia przetwarzania danych osobowych oraz przy zapewnieniu stosowania przez ww. podmioty adekwatnych \u015brodk\u00f3w technicznych i organizacyjnych zapewniaj\u0105cych ochron\u0119 danych,<br \/>\ninnym podmiotom, kt\u00f3rym Administrator ma obowi\u0105zek przekazywa\u0107 dane na gruncie obowi\u0105zuj\u0105cych przepis\u00f3w prawa.<\/p>\n<p>Posiadaj\u0105 Pa\u0144stwo prawo dost\u0119pu do tre\u015bci swoich danych, ich sprostowania, usuni\u0119cia, ograniczenia przetwarzania, prawo do przenoszenia danych, prawo wniesienia sprzeciwu.<\/p>\n<p>Posiadaj\u0105 Pa\u0144stwo prawo do wniesienia skargi, gdy uznaj\u0105, \u017ce przetwarzanie danych narusza przepisy RODO. Skarg\u0119 nale\u017cy wnie\u015b\u0107 do organu nadzorczego, kt\u00f3rym jest Prezes Urz\u0119du Ochrony Danych Osobowych.<\/p>\n<p>Podanie przez Pa\u0144stwa danych osobowych jest obowi\u0105zkowe w zakresie, w jakim wynika z obowi\u0105zuj\u0105cych przepis\u00f3w prawa, w pozosta\u0142ym zakresie dobrowolne, lecz niezb\u0119dne do realizacji celu, dla kt\u00f3rego zosta\u0142y pobrane.<br \/>\nKlauzula informacyjna dotycz\u0105ca systemu monitoringu wizyjnego:<\/p>\n<p>Monitoring wizyjny jest prowadzony przez Konwent Bonifratr\u00f3w p.w. \u015bw. Rafa\u0142a Archanio\u0142a z siedzib\u0105 w \u0141odzi przy ul. Kosynier\u00f3w Gdy\u0144skich 61a, NIP: 7290203777, REGON: 040020282.<br \/>\nAdministrator w celu nale\u017cytej ochrony danych osobowych powo\u0142a\u0142 Inspektora Ochrony Danych, z\u00a0kt\u00f3rym mo\u017cna si\u0119 skontaktowa\u0107 pod adresem e-mail: &#x69;&#x6f;&#x64;&#x2d;&#x6b;&#x6f;&#110;&#119;&#101;&#110;t&#64;bo&#x6e;&#x69;&#x66;&#x72;&#x61;&#x74;&#114;&#122;&#121;&#46;&#108;odz&#x2e;&#x70;&#x6c;.<br \/>\nMonitoring wizyjny jest prowadzony wy\u0142\u0105cznie w celu zapewnienia bezpiecze\u0144stwa os\u00f3b i\u00a0mienia a nagrania z monitoringu nie b\u0119d\u0105 przekazywane innym podmiotom z wyj\u0105tkiem tych, kt\u00f3re\u00a0s\u0105\u00a0uprawnione do ich uzyskania na podstawie przepis\u00f3w obowi\u0105zuj\u0105cego prawa.<br \/>\nNagrania z monitoringu wizyjnego b\u0119d\u0105 przechowywane maksymalnie przez 30 dni.<br \/>\nPrzys\u0142uguje Pa\u0144stwu prawo:<br \/>\ndost\u0119pu do tre\u015bci swoich danych,<br \/>\nwniesienia skargi do organu nadzorczego \u2013 Prezesa Urz\u0119du Ochrony Danych Osobowych.<\/p>\n","protected":false},"excerpt":{"rendered":"<p>Szanowni Pa\u0144stwo, rozporz\u0105dzenie Parlamentu Europejskiego i Rady (UE) 2016\/679 z dnia 27 kwietnia 2016 r. sprawie ochrony os\u00f3b fizycznych w zwi\u0105zku z przetwarzaniem danych osobowych i w sprawie swobodnego przep\u0142ywu takich danych (\u201eRODO\u201d) jest stosowane od 25 maja 2018 r. W ramach naszych stara\u0144, w celu osi\u0105gni\u0119cia zgodno\u015bci z RODO, a tak\u017ce w celu dostarczania [&hellip;]<\/p>\n","protected":false},"author":56,"featured_media":0,"parent":0,"menu_order":0,"comment_status":"closed","ping_status":"closed","template":"","meta":{"footnotes":""},"_links":{"self":[{"href":"https:\/\/bonifratrzy.pl\/klasztor-lodz\/wp-json\/wp\/v2\/pages\/2974"}],"collection":[{"href":"https:\/\/bonifratrzy.pl\/klasztor-lodz\/wp-json\/wp\/v2\/pages"}],"about":[{"href":"https:\/\/bonifratrzy.pl\/klasztor-lodz\/wp-json\/wp\/v2\/types\/page"}],"author":[{"embeddable":true,"href":"https:\/\/bonifratrzy.pl\/klasztor-lodz\/wp-json\/wp\/v2\/users\/56"}],"replies":[{"embeddable":true,"href":"https:\/\/bonifratrzy.pl\/klasztor-lodz\/wp-json\/wp\/v2\/comments?post=2974"}],"version-history":[{"count":6,"href":"https:\/\/bonifratrzy.pl\/klasztor-lodz\/wp-json\/wp\/v2\/pages\/2974\/revisions"}],"predecessor-version":[{"id":3548,"href":"https:\/\/bonifratrzy.pl\/klasztor-lodz\/wp-json\/wp\/v2\/pages\/2974\/revisions\/3548"}],"wp:attachment":[{"href":"https:\/\/bonifratrzy.pl\/klasztor-lodz\/wp-json\/wp\/v2\/media?parent=2974"}],"curies":[{"name":"wp","href":"https:\/\/api.w.org\/{rel}","templated":true}]}}