{"id":2958,"date":"2019-04-12T07:52:58","date_gmt":"2019-04-12T05:52:58","guid":{"rendered":"https:\/\/bonifratrzy.pl\/klasztor-lodz\/?page_id=2958"},"modified":"2019-04-16T22:21:07","modified_gmt":"2019-04-16T20:21:07","slug":"rodo","status":"publish","type":"page","link":"https:\/\/bonifratrzy.pl\/klasztor-lodz\/fundacja-sw-jana-bozego\/rodo\/","title":{"rendered":"RODO"},"content":{"rendered":"<ul>\n<li><a href=\"https:\/\/bonifratrzy.pl\/klasztor-lodz\/wp-content\/uploads\/sites\/4\/2019\/04\/D-OBOWI\u0104ZEK_INFORMACYJNY-DARCZY\u0143CY_ART_13.pdf\" target=\"_blank\" rel=\"noopener noreferrer\">OBOWI\u0104ZEK INFORMACYJNY DARCZY\u0143CY_ART_13<\/a><\/li>\n<li><a href=\"https:\/\/bonifratrzy.pl\/klasztor-lodz\/wp-content\/uploads\/sites\/4\/2019\/04\/D-OBOWI\u0104ZEK_INFORMACYJNY-DARCZY\u0143CY_ART_14-1.pdf\" target=\"_blank\" rel=\"noopener noreferrer\">OBOWI\u0104ZEK INFORMACYJNY DARCZY\u0143CY ART_14.pdf<\/a><\/li>\n<li><a href=\"https:\/\/bonifratrzy.pl\/klasztor-lodz\/wp-content\/uploads\/sites\/4\/2019\/04\/D-OBOWI\u0104ZEK_INFORMACYJNY-WNIOSKODAWCY_WSPARCIE_FINANSOWE_ART_13.pdf\" target=\"_blank\" rel=\"noopener noreferrer\">OBOWI\u0104ZEK INFORMACYJNY WNIOSKODAWCY WSPARCIE FINANSOWE ART_13.pdf<\/a><\/li>\n<li><a href=\"https:\/\/bonifratrzy.pl\/klasztor-lodz\/wp-content\/uploads\/sites\/4\/2019\/04\/D-OBOWI\u0104ZEK_INFORMACYJNY-WNIOSKODAWCY_WSPARCIE_FINANSOWE_ART_14.pdf\" target=\"_blank\" rel=\"noopener noreferrer\">OBOWI\u0104ZEK INFORMACYJNY WNIOSKODAWCY WSPARCIE FINANSOWE ART_14.pdf<\/a><\/li>\n<\/ul>\n","protected":false},"excerpt":{"rendered":"<p>OBOWI\u0104ZEK INFORMACYJNY DARCZY\u0143CY_ART_13 OBOWI\u0104ZEK INFORMACYJNY DARCZY\u0143CY ART_14.pdf OBOWI\u0104ZEK INFORMACYJNY WNIOSKODAWCY WSPARCIE FINANSOWE ART_13.pdf OBOWI\u0104ZEK INFORMACYJNY WNIOSKODAWCY WSPARCIE FINANSOWE ART_14.pdf<\/p>\n","protected":false},"author":1,"featured_media":0,"parent":827,"menu_order":0,"comment_status":"closed","ping_status":"closed","template":"","meta":{"footnotes":""},"_links":{"self":[{"href":"https:\/\/bonifratrzy.pl\/klasztor-lodz\/wp-json\/wp\/v2\/pages\/2958"}],"collection":[{"href":"https:\/\/bonifratrzy.pl\/klasztor-lodz\/wp-json\/wp\/v2\/pages"}],"about":[{"href":"https:\/\/bonifratrzy.pl\/klasztor-lodz\/wp-json\/wp\/v2\/types\/page"}],"author":[{"embeddable":true,"href":"https:\/\/bonifratrzy.pl\/klasztor-lodz\/wp-json\/wp\/v2\/users\/1"}],"replies":[{"embeddable":true,"href":"https:\/\/bonifratrzy.pl\/klasztor-lodz\/wp-json\/wp\/v2\/comments?post=2958"}],"version-history":[{"count":3,"href":"https:\/\/bonifratrzy.pl\/klasztor-lodz\/wp-json\/wp\/v2\/pages\/2958\/revisions"}],"predecessor-version":[{"id":2963,"href":"https:\/\/bonifratrzy.pl\/klasztor-lodz\/wp-json\/wp\/v2\/pages\/2958\/revisions\/2963"}],"up":[{"embeddable":true,"href":"https:\/\/bonifratrzy.pl\/klasztor-lodz\/wp-json\/wp\/v2\/pages\/827"}],"wp:attachment":[{"href":"https:\/\/bonifratrzy.pl\/klasztor-lodz\/wp-json\/wp\/v2\/media?parent=2958"}],"curies":[{"name":"wp","href":"https:\/\/api.w.org\/{rel}","templated":true}]}}