{"id":29,"date":"2016-01-16T14:42:30","date_gmt":"2016-01-16T13:42:30","guid":{"rendered":"https:\/\/bonifratrzy.pl\/klasztor-lodz\/?page_id=29"},"modified":"2023-02-17T15:47:27","modified_gmt":"2023-02-17T14:47:27","slug":"liturgia","status":"publish","type":"page","link":"https:\/\/bonifratrzy.pl\/klasztor-lodz\/sanktuarium-maryjne\/liturgia\/","title":{"rendered":"Liturgia"},"content":{"rendered":"<p><strong>MSZA \u015aWI\u0118TA:<\/strong><\/p>\n<ul>\n<li>NIEDZIELE I UROCZYSTO\u015aCI &#8211; godz. 9.00<\/li>\n<li>OD PONIEDZIA\u0141KU DO PI\u0104TKU &#8211;\u00a0 godz. 14.30, SOBOTA &#8211; godz. 18:00<\/li>\n<li>I SOBOTA M-CA &#8211; Msza \u015aw. Wynagradzaj\u0105ca Niepokalanemu Sercu NMP &#8211; godz. 7:00<\/li>\n<li>I \u015aRODA M-CA Msza \u015aw. wotywna do NMP UZDROWIENIE CHORYCH w przedstawionych intencjach.<\/li>\n<li>III WTOREK M-CA Msza \u015aw. Imieninowa Pracownik\u00f3w, obchodz\u0105cych imieniny w danym miesi\u0105cu.<\/li>\n<li>OSTATNI CZWARTEK M-CA Msza \u015aw. w intencji zmar\u0142ych pacjent\u00f3w w danym miesi\u0105cu<\/li>\n<\/ul>\n<p><strong>R\u00f3\u017caniec w dni powszednie przed ka\u017cd\u0105 Msz\u0105 \u015aw. tj. o godz. 14.00.<br \/>\nKoronka do Mi\u0142osierdzia Bo\u017cego: Pon. &#8211; Pt. po Mszy \u015aw. z godz. 14:30<\/strong><\/p>\n<p><strong>ADORACJA PANA JEZUSA<\/strong><br \/>\nW NAJ\u015aWI\u0118TSZYM SAKRAMENCIE od godziny 7.00 &#8211; ok. 21.00 z przerw\u0105 w czasie Mszy \u015awi\u0119tej.<\/p>\n<p><strong>NABO\u017bE\u0143STWA:<\/strong><\/p>\n<ul>\n<li>MAJOWE do MATKI BO\u017bEJ: w dni powszednie o godz. 14.00, w niedziele godz. 8.30<\/li>\n<li>CZERWCOWE do NAJ\u015aWI\u0118TSZEGO SERCA PANA JEZUSA: w dni powszednie o godz. 14.00, w niedziele godz. 8.30<\/li>\n<li>PA\u0179DZIERNIKOWE nabo\u017ce\u0144stwo r\u00f3\u017ca\u0144cowe: w dni powszednie o godz. 14.00, w niedziele godz. 8.30<\/li>\n<\/ul>\n<p><strong>W POZOSTA\u0141YM OKRESIE LITURGICZNYM<\/strong><\/p>\n<ul>\n<li>GODZINKI DO NAJ\u015aWI\u0118TSZEJ MARYI PANNY: w niedziele o godz. 8.30.<\/li>\n<li>WYPOMINKI w miesi\u0105cu listopadzie: w niedziele o godz. 8.30<\/li>\n<li>GORZKIE \u017bALE W WIELKIM PO\u015aCIE: w niedziele o godz. 8.30.<\/li>\n<\/ul>\n<h3><span style=\"color: #cc0000\"><strong><span class=\"fontstyle0\">NABO\u017bE\u0143STWA W OKRESIE WIELKIEGO POSTU<\/span><\/strong><\/span><\/h3>\n<ul>\n<li>W okresie Wielkiego Postu, w naszym Bonifraterskim Sanktuarium Matki Bo\u017cej Uzdrowienie Chorych, Nabo\u017ce\u0144stwa Gorzkich \u017bali odprawiane b\u0119d\u0105 w niedziele o godz. 8.30<\/li>\n<li>Nabo\u017ce\u0144stwa Drogi Krzy\u017cowej odprawiane b\u0119d\u0105 w pi\u0105tki o godz. 14.30<\/li>\n<\/ul>\n<p><strong>Serdecznie zapraszamy do uczestnictwa w tych Pasyjnych Nabo\u017ce\u0144stwach.<\/strong><\/p>\n<p>&nbsp;<\/p>\n","protected":false},"excerpt":{"rendered":"<p>MSZA \u015aWI\u0118TA: NIEDZIELE I UROCZYSTO\u015aCI &#8211; godz. 9.00 OD PONIEDZIA\u0141KU DO PI\u0104TKU &#8211;\u00a0 godz. 14.30, SOBOTA &#8211; godz. 18:00 I SOBOTA M-CA &#8211; Msza \u015aw. Wynagradzaj\u0105ca Niepokalanemu Sercu NMP &#8211; godz. 7:00 I \u015aRODA M-CA Msza \u015aw. wotywna do NMP UZDROWIENIE CHORYCH w przedstawionych intencjach. III WTOREK M-CA Msza \u015aw. Imieninowa Pracownik\u00f3w, obchodz\u0105cych imieniny w [&hellip;]<\/p>\n","protected":false},"author":1,"featured_media":0,"parent":25,"menu_order":0,"comment_status":"closed","ping_status":"closed","template":"","meta":{"footnotes":""},"_links":{"self":[{"href":"https:\/\/bonifratrzy.pl\/klasztor-lodz\/wp-json\/wp\/v2\/pages\/29"}],"collection":[{"href":"https:\/\/bonifratrzy.pl\/klasztor-lodz\/wp-json\/wp\/v2\/pages"}],"about":[{"href":"https:\/\/bonifratrzy.pl\/klasztor-lodz\/wp-json\/wp\/v2\/types\/page"}],"author":[{"embeddable":true,"href":"https:\/\/bonifratrzy.pl\/klasztor-lodz\/wp-json\/wp\/v2\/users\/1"}],"replies":[{"embeddable":true,"href":"https:\/\/bonifratrzy.pl\/klasztor-lodz\/wp-json\/wp\/v2\/comments?post=29"}],"version-history":[{"count":12,"href":"https:\/\/bonifratrzy.pl\/klasztor-lodz\/wp-json\/wp\/v2\/pages\/29\/revisions"}],"predecessor-version":[{"id":3403,"href":"https:\/\/bonifratrzy.pl\/klasztor-lodz\/wp-json\/wp\/v2\/pages\/29\/revisions\/3403"}],"up":[{"embeddable":true,"href":"https:\/\/bonifratrzy.pl\/klasztor-lodz\/wp-json\/wp\/v2\/pages\/25"}],"wp:attachment":[{"href":"https:\/\/bonifratrzy.pl\/klasztor-lodz\/wp-json\/wp\/v2\/media?parent=29"}],"curies":[{"name":"wp","href":"https:\/\/api.w.org\/{rel}","templated":true}]}}