{"id":27,"date":"2016-01-16T14:41:04","date_gmt":"2016-01-16T13:41:04","guid":{"rendered":"https:\/\/bonifratrzy.pl\/klasztor-lodz\/?page_id=27"},"modified":"2016-05-06T14:30:29","modified_gmt":"2016-05-06T12:30:29","slug":"historia-obrazu-i-sanktuarium-mb","status":"publish","type":"page","link":"https:\/\/bonifratrzy.pl\/klasztor-lodz\/sanktuarium-maryjne\/historia-obrazu-i-sanktuarium-mb\/","title":{"rendered":"Historia Obrazu i Sanktuarium MB"},"content":{"rendered":"<p><strong>Rok\u00a0\u00a01635<\/strong>\u00a0 &#8211; Umieszczenie obrazu Matki Bo\u017cej Uzdrowienia Chorych w ko\u015bciele Bonifratr\u00f3w pw. \u015aw. Krzy\u017ca w Wilnie<\/p>\n<p><strong>Rok\u00a0 1716\u00a0<\/strong>\u00a0&#8211; Pierwszy zapis w ksi\u0119gach inwentarzowych Zakonu o obrazie s\u0142yn\u0105cym licznymi cudami.<\/p>\n<p><strong>Rok\u00a0\u00a01737<\/strong>\u00a0 &#8211; Po\u017car Bonifraterskiego ko\u015bcio\u0142a w Wilnie &#8211; ocala\u0142y obraz Matki Bo\u017cej i drewniany krzy\u017c.<\/p>\n<p><strong>Rok\u00a0\u00a01748<\/strong>\u00a0 &#8211; Drugi po\u017car odbudowanego ko\u015bcio\u0142a i po raz drugi oszcz\u0119dzony cudowny obraz Matki Bo\u017cej. W triumfie i czci obraz \u00a0 \u00a0 \u00a0 Matki Bo\u017cej cieszy si\u0119 rozg\u0142osem na ca\u0142ej Litwie.<\/p>\n<p><strong>Rok\u00a0\u00a01932\u00a0<\/strong> &#8211; Kopia cudownego obrazu Matki Bo\u017cej Uzdrowienia Chorych wykonana przez malark\u0119 \u0141ucj\u0119 Balwynkiewicz\u00f3wn\u0119.<\/p>\n<p><strong>Rok\u00a0\u00a01932<\/strong>\u00a0 &#8211; 15 sierpnia Ks. Romuald Ja\u0142brzykowski,<br \/>\nArcybiskup Wile\u0144ski dokona\u0142 po\u015bwi\u0119cenia obrazu.<\/p>\n<p><strong>Rok\u00a0\u00a01945<\/strong>\u00a0 &#8211; Bonifratrzy wile\u0144scy opuszczaj\u0105 klasztor w Wilnie,<br \/>\npo wyj\u0119ciu p\u0142\u00f3tna z ram przewie\u017ali je do Konwentu w \u0141odzi. Umieszczenie obrazu Matki Bo\u017cej Uzdrowienia Chorych w kaplicy szpitala.<\/p>\n<p><strong>Rok\u00a0\u00a02006<\/strong>\u00a0 &#8211; 5 wrze\u015bnia, przyozdobienie obrazu Matki Bo\u017cej Bonifraterskiej srebrn\u0105 sukni\u0105 wybijan\u0105 w owoce granatu, przez Ojca Krzysztofa Fronczaka &#8211; prowincja\u0142a i Ojca Ambro\u017cego Mari\u0119 Pietrzkiewicza &#8211; przeora.<\/p>\n<p><strong>Rok\u00a0\u00a02006<\/strong>\u00a0 &#8211; 8 wrze\u015bnia, koronacja cudownego obrazu Matki Bo\u017cej Uzdrowienia Chorych z\u0142otymi diademami przez Ks. W\u0142adys\u0142awa Zi\u00f3\u0142ka, Arcybiskupa Metropolit\u0119 \u0141\u00f3dzkiego. Ustanowienie Bonifraterskiego Sanktuarium Matki Bo\u017cej Uzdrowienia Chorych w \u0141odzi.<\/p>\n","protected":false},"excerpt":{"rendered":"<p>Rok\u00a0\u00a01635\u00a0 &#8211; Umieszczenie obrazu Matki Bo\u017cej Uzdrowienia Chorych w ko\u015bciele Bonifratr\u00f3w pw. \u015aw. Krzy\u017ca w Wilnie Rok\u00a0 1716\u00a0\u00a0&#8211; Pierwszy zapis w ksi\u0119gach inwentarzowych Zakonu o obrazie s\u0142yn\u0105cym licznymi cudami. Rok\u00a0\u00a01737\u00a0 &#8211; Po\u017car Bonifraterskiego ko\u015bcio\u0142a w Wilnie &#8211; ocala\u0142y obraz Matki Bo\u017cej i drewniany krzy\u017c. Rok\u00a0\u00a01748\u00a0 &#8211; Drugi po\u017car odbudowanego ko\u015bcio\u0142a i po raz drugi oszcz\u0119dzony [&hellip;]<\/p>\n","protected":false},"author":1,"featured_media":0,"parent":25,"menu_order":0,"comment_status":"closed","ping_status":"closed","template":"","meta":{"footnotes":""},"_links":{"self":[{"href":"https:\/\/bonifratrzy.pl\/klasztor-lodz\/wp-json\/wp\/v2\/pages\/27"}],"collection":[{"href":"https:\/\/bonifratrzy.pl\/klasztor-lodz\/wp-json\/wp\/v2\/pages"}],"about":[{"href":"https:\/\/bonifratrzy.pl\/klasztor-lodz\/wp-json\/wp\/v2\/types\/page"}],"author":[{"embeddable":true,"href":"https:\/\/bonifratrzy.pl\/klasztor-lodz\/wp-json\/wp\/v2\/users\/1"}],"replies":[{"embeddable":true,"href":"https:\/\/bonifratrzy.pl\/klasztor-lodz\/wp-json\/wp\/v2\/comments?post=27"}],"version-history":[{"count":0,"href":"https:\/\/bonifratrzy.pl\/klasztor-lodz\/wp-json\/wp\/v2\/pages\/27\/revisions"}],"up":[{"embeddable":true,"href":"https:\/\/bonifratrzy.pl\/klasztor-lodz\/wp-json\/wp\/v2\/pages\/25"}],"wp:attachment":[{"href":"https:\/\/bonifratrzy.pl\/klasztor-lodz\/wp-json\/wp\/v2\/media?parent=27"}],"curies":[{"name":"wp","href":"https:\/\/api.w.org\/{rel}","templated":true}]}}