{"id":5,"date":"2016-01-19T10:34:16","date_gmt":"2016-01-19T09:34:16","guid":{"rendered":"https:\/\/bonifratrzy.pl\/klasztor-legnica\/?page_id=5"},"modified":"2016-03-24T15:34:58","modified_gmt":"2016-03-24T14:34:58","slug":"o-klasztorze","status":"publish","type":"page","link":"https:\/\/bonifratrzy.pl\/klasztor-legnica\/","title":{"rendered":"O Klasztorze"},"content":{"rendered":"<h2>Przeor &#8211;\u00a0 Br Ryszard OH<\/h2>\n<p><strong>Ryszard Balawender<\/strong><br \/>\nur. 30.03.1971r., Przemy\u015bl<br \/>\nwst. 20.04.1991r.,<br \/>\nob\u0142. 24.10.1991r.,<br \/>\n\u015bl. czas. 24.10.1993r.,<br \/>\n\u015bl. wiecz. 26.08.1998r.<\/p>\n<p>imieniny: 3 kwietnia<\/p>\n<p><strong>Kontakt:<\/strong><br \/>\nDiecezja Legnicka<br \/>\nul. Lindego 6,<br \/>\n59-220 Legnica<\/p>\n<p>tel.: 76 862-45-42<br \/>\nfax: 76 862-45-42<br \/>\ne-mail:<a href=\"&#109;&#x61;&#105;&#x6c;t&#x6f;:&#108;&#x65;&#103;&#x6e;&#105;&#x63;a&#x40;b&#111;&#x6e;&#105;&#x66;r&#x61;t&#x72;&#x7a;&#121;&#x2e;&#99;&#x6f;m\">&#108;&#x65;g&#x6e;&#x69;&#99;&#x61;&#64;&#98;&#x6f;&#110;&#x69;f&#114;&#x61;t&#x72;z&#121;&#x2e;c&#x6f;&#x6d;<\/a><\/p>\n<p>&nbsp;<\/p>\n","protected":false},"excerpt":{"rendered":"<p>Przeor &#8211;\u00a0 Br Ryszard OH Ryszard Balawender ur. 30.03.1971r., Przemy\u015bl wst. 20.04.1991r., ob\u0142. 24.10.1991r., \u015bl. czas. 24.10.1993r., \u015bl. wiecz. 26.08.1998r. imieniny: 3 kwietnia Kontakt: Diecezja Legnicka ul. Lindego 6, 59-220 Legnica tel.: 76 862-45-42 fax: 76 862-45-42 e-mail:&#108;&#x65;&#103;&#x6e;i&#x63;a&#64;&#x62;&#111;&#x6e;&#105;&#x66;r&#x61;t&#114;&#x7a;&#121;&#x2e;c&#x6f;m &nbsp;<\/p>\n","protected":false},"author":1,"featured_media":0,"parent":0,"menu_order":0,"comment_status":"closed","ping_status":"closed","template":"page-home.php","meta":{"footnotes":""},"_links":{"self":[{"href":"https:\/\/bonifratrzy.pl\/klasztor-legnica\/wp-json\/wp\/v2\/pages\/5"}],"collection":[{"href":"https:\/\/bonifratrzy.pl\/klasztor-legnica\/wp-json\/wp\/v2\/pages"}],"about":[{"href":"https:\/\/bonifratrzy.pl\/klasztor-legnica\/wp-json\/wp\/v2\/types\/page"}],"author":[{"embeddable":true,"href":"https:\/\/bonifratrzy.pl\/klasztor-legnica\/wp-json\/wp\/v2\/users\/1"}],"replies":[{"embeddable":true,"href":"https:\/\/bonifratrzy.pl\/klasztor-legnica\/wp-json\/wp\/v2\/comments?post=5"}],"version-history":[{"count":5,"href":"https:\/\/bonifratrzy.pl\/klasztor-legnica\/wp-json\/wp\/v2\/pages\/5\/revisions"}],"predecessor-version":[{"id":23,"href":"https:\/\/bonifratrzy.pl\/klasztor-legnica\/wp-json\/wp\/v2\/pages\/5\/revisions\/23"}],"wp:attachment":[{"href":"https:\/\/bonifratrzy.pl\/klasztor-legnica\/wp-json\/wp\/v2\/media?parent=5"}],"curies":[{"name":"wp","href":"https:\/\/api.w.org\/{rel}","templated":true}]}}