{"id":793,"date":"2018-03-09T16:31:47","date_gmt":"2018-03-09T15:31:47","guid":{"rendered":"https:\/\/bonifratrzy.pl\/klasztor-krakow\/?page_id=793"},"modified":"2022-03-10T08:38:31","modified_gmt":"2022-03-10T07:38:31","slug":"chor-ars-cameralis","status":"publish","type":"page","link":"https:\/\/bonifratrzy.pl\/klasztor-krakow\/kosciol-p-w-swietej-trojcy\/chor-ars-cameralis\/","title":{"rendered":"Ch\u00f3r Ars Cameralis"},"content":{"rendered":"<p><img loading=\"lazy\" decoding=\"async\" class=\" wp-image-803 alignleft\" src=\"https:\/\/bonifratrzy.pl\/klasztor-krakow\/wp-content\/uploads\/sites\/9\/2018\/03\/ars_cameralis-300x300.png\" alt=\"\" width=\"178\" height=\"178\" srcset=\"https:\/\/bonifratrzy.pl\/klasztor-krakow\/wp-content\/uploads\/sites\/9\/2018\/03\/ars_cameralis-300x300.png 300w, https:\/\/bonifratrzy.pl\/klasztor-krakow\/wp-content\/uploads\/sites\/9\/2018\/03\/ars_cameralis-150x150.png 150w, https:\/\/bonifratrzy.pl\/klasztor-krakow\/wp-content\/uploads\/sites\/9\/2018\/03\/ars_cameralis-768x768.png 768w, https:\/\/bonifratrzy.pl\/klasztor-krakow\/wp-content\/uploads\/sites\/9\/2018\/03\/ars_cameralis-1024x1024.png 1024w, https:\/\/bonifratrzy.pl\/klasztor-krakow\/wp-content\/uploads\/sites\/9\/2018\/03\/ars_cameralis-45x45.png 45w, https:\/\/bonifratrzy.pl\/klasztor-krakow\/wp-content\/uploads\/sites\/9\/2018\/03\/ars_cameralis.png 1600w\" sizes=\"(max-width: 178px) 100vw, 178px\" \/><strong>O ch\u00f3rze<\/strong><\/p>\n<p>Ch\u00f3r kameralny Ars Cameralis dzia\u0142a przy Sanktuarium Diecezjalnym \u015bw. Jana Bo\u017cego &#8211; Ko\u015bciele Bonifratr\u00f3w pod wezwaniem Tr\u00f3jcy Przenaj\u015bwi\u0119tszej w Krakowie. Zesp\u00f3\u0142 skupiaj\u0105cy oko\u0142o 20 os\u00f3b powsta\u0142 w pa\u017adzierniku 2014 roku z inicjatywy Marka Bebaka, kt\u00f3ry pozostaje jego opiekunem. W latach 2015-2020 z ch\u00f3rem wsp\u00f3\u0142pracowa\u0142a dyrygentka Gabriela Pachut, od 2020 r. zespo\u0142em kieruje Anna Su\u0142kowska-Migo\u0144. Stale poszerzaj\u0105cy si\u0119 repertuar ch\u00f3ru obejmuje utwory kompozytor\u00f3w polskich i zagranicznych, muzyki dawnej i wsp\u00f3\u0142czesnej, religijnej i \u015bwieckiej. Zesp\u00f3\u0142 ma na koncie kilkadziesi\u0105t wyst\u0119p\u00f3w, ch\u0119tnie w\u0142\u0105cza si\u0119 tak\u017ce w opraw\u0119 muzyczn\u0105 liturgii.<\/p>\n<p>Zapraszamy na nasz\u0105 stron\u0119 internetow\u0105: <a href=\"http:\/\/chorarscameralis.pl\">chorarscameralis.pl<\/a><\/p>\n<p>Pos\u0142uchaj nas na YouTubie: <a href=\"https:\/\/www.youtube.com\/user\/marbeb87\">https:\/\/www.youtube.com\/user\/marbeb87<\/a><\/p>\n<p>&nbsp;<\/p>\n<p><strong>Aktualny sk\u0142ad Ch\u00f3ru<img loading=\"lazy\" decoding=\"async\" class=\"size-medium wp-image-800 alignright\" src=\"https:\/\/bonifratrzy.pl\/klasztor-krakow\/wp-content\/uploads\/sites\/9\/2018\/03\/IMG_4739-300x225.jpg\" alt=\"\" width=\"300\" height=\"225\" srcset=\"https:\/\/bonifratrzy.pl\/klasztor-krakow\/wp-content\/uploads\/sites\/9\/2018\/03\/IMG_4739-300x225.jpg 300w, https:\/\/bonifratrzy.pl\/klasztor-krakow\/wp-content\/uploads\/sites\/9\/2018\/03\/IMG_4739-768x576.jpg 768w, https:\/\/bonifratrzy.pl\/klasztor-krakow\/wp-content\/uploads\/sites\/9\/2018\/03\/IMG_4739-1024x768.jpg 1024w, https:\/\/bonifratrzy.pl\/klasztor-krakow\/wp-content\/uploads\/sites\/9\/2018\/03\/IMG_4739.jpg 2016w\" sizes=\"(max-width: 300px) 100vw, 300px\" \/><\/strong><\/p>\n<p>Dyrygent: Anna Su\u0142kowska-Migo\u0144<\/p>\n<p>Opiekun: Marek Bebak &#8211; <a href=\"m&#97;&#105;&#x6c;&#x74;o&#58;&#99;&#x68;&#x6f;&#x72;&#46;&#97;&#114;&#x73;&#x63;am&#101;&#x72;&#x61;&#x6c;i&#115;&#64;&#x67;&#x6d;ai&#108;&#x2e;&#x63;&#x6f;m\">c&#104;&#x6f;&#x72;&#x2e;a&#114;&#x73;&#x63;&#x61;m&#101;&#x72;&#x61;&#x6c;i&#115;&#x40;&#x67;&#x6d;a&#105;&#x6c;&#x2e;&#x63;o&#109;<\/a>, tel. 503 608 564<\/p>\n<p>Soprany: El\u017cbieta Biega, Anna Frey, Sylwia Odro\u0144, Sylwia Panas, Judyta Pawlak, Wanda Sordo\u0144, Daria Stawiarska, Paulina Wo\u017aniczka<\/p>\n<p>Alty: Anna Bernat, Karolina Filiks, Joanna Guja, Barbara Gumu\u0142ka, Monika Jawa\u0144ska, Urszula Rusnak, Justyna Tuchowska<\/p>\n<p>Tenory: Marek Bebak, Bart\u0142omiej Wa\u015bko<\/p>\n<p>Basy: Andrzej Gali\u0144ski, Bartosz Kowalik, Piotr Rajtar, Piotr \u015al\u0119czka<\/p>\n<p>&nbsp;<\/p>\n<p><strong>Najwa\u017cniejsze\u00a0wydarzenia z \u017cycia ch\u00f3ru<\/strong><\/p>\n<p>IV 2021: Srebrny dyplom w kategorii ch\u00f3r\u00f3w kameralnych (do 25 os\u00f3b) podczas II Og\u00f3lnopolskiego Konkursu Ch\u00f3r\u00f3w On-line &#8222;O Crux Ave&#8221;, Wysoka 2021<\/p>\n<p>IV 2021: Koncert Pie\u015bni Pasyjnych online (zobacz: <a href=\"https:\/\/www.youtube.com\/watch?v=ZWOArcmHNXQ\">https:\/\/www.youtube.com\/watch?v=ZWOArcmHNXQ<\/a>)<\/p>\n<p><img loading=\"lazy\" decoding=\"async\" class=\" wp-image-1065 aligncenter\" src=\"https:\/\/bonifratrzy.pl\/klasztor-krakow\/wp-content\/uploads\/sites\/9\/2021\/04\/Ars-Cameralis-2021-300x225.jpg\" alt=\"\" width=\"368\" height=\"276\" srcset=\"https:\/\/bonifratrzy.pl\/klasztor-krakow\/wp-content\/uploads\/sites\/9\/2021\/04\/Ars-Cameralis-2021-300x225.jpg 300w, https:\/\/bonifratrzy.pl\/klasztor-krakow\/wp-content\/uploads\/sites\/9\/2021\/04\/Ars-Cameralis-2021-1024x768.jpg 1024w, https:\/\/bonifratrzy.pl\/klasztor-krakow\/wp-content\/uploads\/sites\/9\/2021\/04\/Ars-Cameralis-2021-768x576.jpg 768w, https:\/\/bonifratrzy.pl\/klasztor-krakow\/wp-content\/uploads\/sites\/9\/2021\/04\/Ars-Cameralis-2021.jpg 1440w\" sizes=\"(max-width: 368px) 100vw, 368px\" \/><\/p>\n<p>I 2021: Srebrne Pasmo w kategorii ch\u00f3r\u00f3w kameralnych podczas VIII Mi\u0119dzynarodowego Festiwalu Kol\u0119d i Pastora\u0142ek w Rzeszowie, Rzesz\u00f3w 2021<\/p>\n<p>I 2020: Koncert kol\u0119dowy w Sanktuarium Diecezjalnym \u015aw. Jana Bo\u017cego &#8211; Patrona Chorych w Krakowie<\/p>\n<p><strong>XI 2019: Koncert jubileuszowy z okazji 5-lecia dzia\u0142alno\u015bci Ch\u00f3ru kameralnego &#8222;Ars Cameralis&#8221;<\/strong><\/p>\n<p><img loading=\"lazy\" decoding=\"async\" class=\" wp-image-1082 aligncenter\" src=\"https:\/\/bonifratrzy.pl\/klasztor-krakow\/wp-content\/uploads\/sites\/9\/2021\/05\/jubil-212x300.jpg\" alt=\"\" width=\"263\" height=\"373\" srcset=\"https:\/\/bonifratrzy.pl\/klasztor-krakow\/wp-content\/uploads\/sites\/9\/2021\/05\/jubil-212x300.jpg 212w, https:\/\/bonifratrzy.pl\/klasztor-krakow\/wp-content\/uploads\/sites\/9\/2021\/05\/jubil-724x1024.jpg 724w, https:\/\/bonifratrzy.pl\/klasztor-krakow\/wp-content\/uploads\/sites\/9\/2021\/05\/jubil-768x1087.jpg 768w, https:\/\/bonifratrzy.pl\/klasztor-krakow\/wp-content\/uploads\/sites\/9\/2021\/05\/jubil-1085x1536.jpg 1085w, https:\/\/bonifratrzy.pl\/klasztor-krakow\/wp-content\/uploads\/sites\/9\/2021\/05\/jubil.jpg 1447w\" sizes=\"(max-width: 263px) 100vw, 263px\" \/><\/p>\n<p>X 2019: Udzia\u0142 w XIII Festiwalu Tw\u00f3rczo\u015bci Regliijnej &#8222;Fide et Amore&#8221; w \u017borach. Koncert pt. &#8222;Msza staropolska&#8221; (Franciszek Lilius, Grzegorz Gerwazy Gorczycki, Miko\u0142aj Ziele\u0144ski).<\/p>\n<p>VI 2019: Udzia\u0142 w Gda\u0144skiej Wio\u015bnie Ch\u00f3ralnej organizowanej przez Ch\u00f3r 441Hz. Koncerty w Sanktuarium Mi\u0142osierdzia Bo\u017cego w Gda\u0144sku-Strzy\u017cy i ko\u015bciele pw. \u015bw. Barbary w Gda\u0144sku.<\/p>\n<p>VI 2019: Udzia\u0142 w Festiwalu Wodecki Twist (wykonanie &#8222;Zacznij od Bacha&#8221; na Rynku G\u0142\u00f3wnym w Krakowie)<\/p>\n<p>V 2019: Koncert w ko\u015bciele Bonifratr\u00f3w w Krakowie<\/p>\n<p>I 2019: Koncert kol\u0119dowy w Sanktuarium Diecezjalnym \u015aw. Jana Bo\u017cego &#8211; Patrona Chorych w Krakowie<\/p>\n<p>V 2018: Koncert pt. &#8222;Muzyka \u015awiata&#8221; w Klubie Pod Jaszczurami w Krakowie<\/p>\n<p>I 2018: III miejsce w kategorii zespo\u0142y kameralne a cappella podczas XXVII My\u015blenickiego Festiwalu Pie\u015bni Ch\u00f3ralnej &#8222;Kol\u0119dy i Pastora\u0142ki&#8221; pod Honorowym Patronatem Jego Eminencji Arcybiskupa Marka J\u0119draszewskiego Metropolity Krakowskiego<\/p>\n<p><img loading=\"lazy\" decoding=\"async\" class=\" wp-image-810 aligncenter\" src=\"https:\/\/bonifratrzy.pl\/klasztor-krakow\/wp-content\/uploads\/sites\/9\/2018\/03\/myslenice-300x200.jpg\" alt=\"\" width=\"380\" height=\"253\" srcset=\"https:\/\/bonifratrzy.pl\/klasztor-krakow\/wp-content\/uploads\/sites\/9\/2018\/03\/myslenice-300x200.jpg 300w, https:\/\/bonifratrzy.pl\/klasztor-krakow\/wp-content\/uploads\/sites\/9\/2018\/03\/myslenice-768x512.jpg 768w, https:\/\/bonifratrzy.pl\/klasztor-krakow\/wp-content\/uploads\/sites\/9\/2018\/03\/myslenice-1024x683.jpg 1024w, https:\/\/bonifratrzy.pl\/klasztor-krakow\/wp-content\/uploads\/sites\/9\/2018\/03\/myslenice.jpg 1500w\" sizes=\"(max-width: 380px) 100vw, 380px\" \/><\/p>\n<p>I 2018:\u00a0Srebrne Pasmo podczas V Rzeszowskiego Festiwalu Kol\u0119d i Pastora\u0142ek, Rzesz\u00f3w 2018<\/p>\n<p>I 2018: Koncert kol\u0119dowy w Sanktuarium Diecezjalnym \u015aw. Jana Bo\u017cego &#8211; Patrona Chorych w Krakowie<\/p>\n<p>IX 2017: Koncert &#8222;Love stories&#8221; w wykonaniu Ars Cameralis oraz kwartetu smyczkowego Bonjour w Pa\u0142acu Biskupa Erazma Cio\u0142ka w Krakowie<\/p>\n<p>V 2017: Wyst\u0119p podczas Festiwalu Polikultura\u00a0w Fabryce Schindlera w Krakowie<\/p>\n<p>IV 2017: Koncert &#8222;Love stories&#8221; w wykonaniu Ars Cameralis oraz kwartetu smyczkowego Bonjour w \u015ar\u00f3dmiejskim O\u015brodku Kultury w Krakowie<\/p>\n<p>III, IV 2016: udzia\u0142 w uroczysto\u015bciach Ustanowienia Sanktuarium Diecezjalnego \u015aw. Jana Bo\u017cego w Krakowie oraz Koronacji Obrazu \u015aw. Rodziny Salus Infirmorum &#8211; oprawa muzyczna liturgii<\/p>\n<p>XI 2015: koncerty w \u015ar\u00f3dmiejskim O\u015brodku Kultury w Krakowie oraz w Domu Kultury Podg\u00f3rze<\/p>\n<p><img loading=\"lazy\" decoding=\"async\" class=\"alignnone wp-image-798\" src=\"https:\/\/bonifratrzy.pl\/klasztor-krakow\/wp-content\/uploads\/sites\/9\/2018\/03\/Rocznica-ARS-Cameralis-13-300x200.jpg\" alt=\"\" width=\"354\" height=\"236\" srcset=\"https:\/\/bonifratrzy.pl\/klasztor-krakow\/wp-content\/uploads\/sites\/9\/2018\/03\/Rocznica-ARS-Cameralis-13-300x200.jpg 300w, https:\/\/bonifratrzy.pl\/klasztor-krakow\/wp-content\/uploads\/sites\/9\/2018\/03\/Rocznica-ARS-Cameralis-13-768x512.jpg 768w, https:\/\/bonifratrzy.pl\/klasztor-krakow\/wp-content\/uploads\/sites\/9\/2018\/03\/Rocznica-ARS-Cameralis-13-1024x683.jpg 1024w\" sizes=\"(max-width: 354px) 100vw, 354px\" \/> <img loading=\"lazy\" decoding=\"async\" class=\"alignnone wp-image-797\" src=\"https:\/\/bonifratrzy.pl\/klasztor-krakow\/wp-content\/uploads\/sites\/9\/2018\/03\/Rocznica-ARS-Cameralis-01-300x200.jpg\" alt=\"\" width=\"356\" height=\"237\" srcset=\"https:\/\/bonifratrzy.pl\/klasztor-krakow\/wp-content\/uploads\/sites\/9\/2018\/03\/Rocznica-ARS-Cameralis-01-300x200.jpg 300w, https:\/\/bonifratrzy.pl\/klasztor-krakow\/wp-content\/uploads\/sites\/9\/2018\/03\/Rocznica-ARS-Cameralis-01-768x512.jpg 768w, https:\/\/bonifratrzy.pl\/klasztor-krakow\/wp-content\/uploads\/sites\/9\/2018\/03\/Rocznica-ARS-Cameralis-01-1024x683.jpg 1024w\" sizes=\"(max-width: 356px) 100vw, 356px\" \/><\/p>\n<p>XI 2015:\u00a0br\u0105zowy dyplom podczas XI Mi\u0119dzynarodowej Rybnickiej Jesieni Ch\u00f3ralnej im. H. M. G\u00f3reckiego<\/p>\n<p>III 2015: wyr\u00f3\u017cnienie w XI Og\u00f3lnopolskim Przegl\u0105dzie Ch\u00f3r\u00f3w Ko\u015bcielnych Pie\u015bni Pokutnej i Pasyjnej \u017bory 2015<\/p>\n<p><img loading=\"lazy\" decoding=\"async\" class=\"wp-image-799 aligncenter\" src=\"https:\/\/bonifratrzy.pl\/klasztor-krakow\/wp-content\/uploads\/sites\/9\/2018\/03\/IMG_6939-300x200.jpg\" alt=\"\" width=\"359\" height=\"239\" srcset=\"https:\/\/bonifratrzy.pl\/klasztor-krakow\/wp-content\/uploads\/sites\/9\/2018\/03\/IMG_6939-300x200.jpg 300w, https:\/\/bonifratrzy.pl\/klasztor-krakow\/wp-content\/uploads\/sites\/9\/2018\/03\/IMG_6939-768x512.jpg 768w, https:\/\/bonifratrzy.pl\/klasztor-krakow\/wp-content\/uploads\/sites\/9\/2018\/03\/IMG_6939-1024x683.jpg 1024w\" sizes=\"(max-width: 359px) 100vw, 359px\" \/><\/p>\n<p>&nbsp;<\/p>\n<p><strong>Kontakt:<\/strong><\/p>\n<p>Ch\u00f3r kameralny Ars Cameralis<\/p>\n<p>ul. Krakowska 48, 31-066 Krak\u00f3w<\/p>\n<p>tel. 603 921 940<\/p>\n<p>e-mail: <a href=\"&#x6d;&#x61;&#x69;&#x6c;&#x74;&#x6f;&#x3a;&#x63;&#x68;&#x6f;&#x72;&#46;&#97;&#114;&#115;&#99;&#97;&#109;eralis&#x40;&#x67;&#x6d;&#x61;&#x69;&#x6c;&#x2e;&#x63;&#x6f;&#x6d;\">&#99;&#x68;&#111;&#x72;&#46;&#x61;r&#115;&#x63;&#97;&#x6d;&#101;&#x72;a&#x6c;i&#115;&#x40;&#103;&#x6d;a&#x69;l&#x2e;&#x63;&#111;&#x6d;<\/a><\/p>\n<p>&nbsp;<\/p>\n","protected":false},"excerpt":{"rendered":"<p>O ch\u00f3rze Ch\u00f3r kameralny Ars Cameralis dzia\u0142a przy Sanktuarium Diecezjalnym \u015bw. Jana Bo\u017cego &#8211; Ko\u015bciele Bonifratr\u00f3w pod wezwaniem Tr\u00f3jcy Przenaj\u015bwi\u0119tszej w Krakowie. Zesp\u00f3\u0142 skupiaj\u0105cy oko\u0142o 20 os\u00f3b powsta\u0142 w pa\u017adzierniku 2014 roku z inicjatywy Marka Bebaka, kt\u00f3ry pozostaje jego opiekunem. W latach 2015-2020 z ch\u00f3rem wsp\u00f3\u0142pracowa\u0142a dyrygentka Gabriela Pachut, od 2020 r. zespo\u0142em kieruje Anna [&hellip;]<\/p>\n","protected":false},"author":27,"featured_media":0,"parent":28,"menu_order":38,"comment_status":"closed","ping_status":"closed","template":"","meta":{"footnotes":""},"categories":[],"_links":{"self":[{"href":"https:\/\/bonifratrzy.pl\/klasztor-krakow\/wp-json\/wp\/v2\/pages\/793"}],"collection":[{"href":"https:\/\/bonifratrzy.pl\/klasztor-krakow\/wp-json\/wp\/v2\/pages"}],"about":[{"href":"https:\/\/bonifratrzy.pl\/klasztor-krakow\/wp-json\/wp\/v2\/types\/page"}],"author":[{"embeddable":true,"href":"https:\/\/bonifratrzy.pl\/klasztor-krakow\/wp-json\/wp\/v2\/users\/27"}],"replies":[{"embeddable":true,"href":"https:\/\/bonifratrzy.pl\/klasztor-krakow\/wp-json\/wp\/v2\/comments?post=793"}],"version-history":[{"count":21,"href":"https:\/\/bonifratrzy.pl\/klasztor-krakow\/wp-json\/wp\/v2\/pages\/793\/revisions"}],"predecessor-version":[{"id":1507,"href":"https:\/\/bonifratrzy.pl\/klasztor-krakow\/wp-json\/wp\/v2\/pages\/793\/revisions\/1507"}],"up":[{"embeddable":true,"href":"https:\/\/bonifratrzy.pl\/klasztor-krakow\/wp-json\/wp\/v2\/pages\/28"}],"wp:attachment":[{"href":"https:\/\/bonifratrzy.pl\/klasztor-krakow\/wp-json\/wp\/v2\/media?parent=793"}],"wp:term":[{"taxonomy":"category","embeddable":true,"href":"https:\/\/bonifratrzy.pl\/klasztor-krakow\/wp-json\/wp\/v2\/categories?post=793"}],"curies":[{"name":"wp","href":"https:\/\/api.w.org\/{rel}","templated":true}]}}