{"id":622,"date":"2018-01-02T10:31:48","date_gmt":"2018-01-02T09:31:48","guid":{"rendered":"https:\/\/bonifratrzy.pl\/klasztor-krakow\/?page_id=622"},"modified":"2023-05-26T16:01:32","modified_gmt":"2023-05-26T14:01:32","slug":"liturgia","status":"publish","type":"page","link":"https:\/\/bonifratrzy.pl\/klasztor-krakow\/liturgia\/","title":{"rendered":"Liturgia"},"content":{"rendered":"<p>&nbsp;<\/p>\n<h2 style=\"text-align: center\">Ko\u015bci\u00f3\u0142 Bonifratr\u00f3w pw. Tr\u00f3jcy Przenaj\u015bwi\u0119tszej<\/h2>\n<h2 style=\"text-align: center\">Sanktuarium Diecezjalne \u015awi\u0119tego Jana Bo\u017cego Patrona Chorych<\/h2>\n<p><a href=\"https:\/\/bonifratrzy.pl\/klasztor-krakow\/wp-content\/uploads\/sites\/9\/2017\/12\/DSC0073.jpg\"><img loading=\"lazy\" decoding=\"async\" class=\"aligncenter wp-image-545 size-medium\" src=\"https:\/\/bonifratrzy.pl\/klasztor-krakow\/wp-content\/uploads\/sites\/9\/2017\/12\/DSC0073-300x183.jpg\" alt=\"\" width=\"300\" height=\"183\" srcset=\"https:\/\/bonifratrzy.pl\/klasztor-krakow\/wp-content\/uploads\/sites\/9\/2017\/12\/DSC0073-300x183.jpg 300w, https:\/\/bonifratrzy.pl\/klasztor-krakow\/wp-content\/uploads\/sites\/9\/2017\/12\/DSC0073-768x469.jpg 768w, https:\/\/bonifratrzy.pl\/klasztor-krakow\/wp-content\/uploads\/sites\/9\/2017\/12\/DSC0073-1024x625.jpg 1024w\" sizes=\"(max-width: 300px) 100vw, 300px\" \/><\/a><\/p>\n<p><strong>MSZE \u015aWI\u0118TE<\/strong><\/p>\n<p>w niedziele i \u015bwi\u0119ta: 9.30, 11.30, 18.30<\/p>\n<p>od poniedzia\u0142ku do pi\u0105tku: 6.30, 18.30<\/p>\n<p>w soboty: 8.00, 18.30<\/p>\n<p>&nbsp;<\/p>\n<p>W czwartki o godz. 18.00 <strong>nabo\u017ce\u0144stwo do \u015bw. Jana Bo\u017cego<\/strong> w przedstawionych pro\u015bbach z mo\u017cliwo\u015bci\u0105 uczczenia relikwii Patrona Chorych. Msza \u015aw. w intencjach zbiorowych za wstawiennictwem \u015bw. Jana Bo\u017cego o godz. 18.30.<\/p>\n<p>Po Mszy \u015bw. adoracja Pana Jezusa w Naj\u015bwi\u0119tszym Sakramencie do godz. 21.00.<\/p>\n<p>We wszystkie niedziele Wielkiego Postu Msze \u015aw. odbywaj\u0105 si\u0119\u00a0 o 9:30, 11:00 oraz 15:30.<\/p>\n<p>&nbsp;<\/p>\n<p><strong>SPOWIED\u0179 \u015aWI\u0118TA:\u00a0<\/strong>30 minut przed Msz\u0105 \u015aw.<\/p>\n<p><strong>NABO\u017bE\u0143STWA<\/strong>\u00a0(maj, czerwiec, pa\u017adziernik, listopad):\u00a0codziennie o godz. 18.00<\/p>\n<p><strong>DROGA KRZY\u017bOWA <\/strong>(pi\u0105tki Wielkiego Postu) o godz. 18.00<\/p>\n<p><strong>GORZKIE \u017bALE<\/strong> (niedziele Wielkiego Postu) o godz. 15.00<\/p>\n<p>&nbsp;<\/p>\n<p style=\"text-align: center\"><strong>SERDECZNIE ZAPRASZAMY<\/strong><\/p>\n<p style=\"text-align: center\"><strong>BONIFRATRZY<\/strong><\/p>\n","protected":false},"excerpt":{"rendered":"<p>&nbsp; Ko\u015bci\u00f3\u0142 Bonifratr\u00f3w pw. Tr\u00f3jcy Przenaj\u015bwi\u0119tszej Sanktuarium Diecezjalne \u015awi\u0119tego Jana Bo\u017cego Patrona Chorych MSZE \u015aWI\u0118TE w niedziele i \u015bwi\u0119ta: 9.30, 11.30, 18.30 od poniedzia\u0142ku do pi\u0105tku: 6.30, 18.30 w soboty: 8.00, 18.30 &nbsp; W czwartki o godz. 18.00 nabo\u017ce\u0144stwo do \u015bw. Jana Bo\u017cego w przedstawionych pro\u015bbach z mo\u017cliwo\u015bci\u0105 uczczenia relikwii Patrona Chorych. Msza \u015aw. w [&hellip;]<\/p>\n","protected":false},"author":27,"featured_media":0,"parent":0,"menu_order":17,"comment_status":"closed","ping_status":"closed","template":"","meta":{"footnotes":""},"categories":[],"_links":{"self":[{"href":"https:\/\/bonifratrzy.pl\/klasztor-krakow\/wp-json\/wp\/v2\/pages\/622"}],"collection":[{"href":"https:\/\/bonifratrzy.pl\/klasztor-krakow\/wp-json\/wp\/v2\/pages"}],"about":[{"href":"https:\/\/bonifratrzy.pl\/klasztor-krakow\/wp-json\/wp\/v2\/types\/page"}],"author":[{"embeddable":true,"href":"https:\/\/bonifratrzy.pl\/klasztor-krakow\/wp-json\/wp\/v2\/users\/27"}],"replies":[{"embeddable":true,"href":"https:\/\/bonifratrzy.pl\/klasztor-krakow\/wp-json\/wp\/v2\/comments?post=622"}],"version-history":[{"count":10,"href":"https:\/\/bonifratrzy.pl\/klasztor-krakow\/wp-json\/wp\/v2\/pages\/622\/revisions"}],"predecessor-version":[{"id":2122,"href":"https:\/\/bonifratrzy.pl\/klasztor-krakow\/wp-json\/wp\/v2\/pages\/622\/revisions\/2122"}],"wp:attachment":[{"href":"https:\/\/bonifratrzy.pl\/klasztor-krakow\/wp-json\/wp\/v2\/media?parent=622"}],"wp:term":[{"taxonomy":"category","embeddable":true,"href":"https:\/\/bonifratrzy.pl\/klasztor-krakow\/wp-json\/wp\/v2\/categories?post=622"}],"curies":[{"name":"wp","href":"https:\/\/api.w.org\/{rel}","templated":true}]}}