{"id":613,"date":"2018-01-02T10:30:49","date_gmt":"2018-01-02T09:30:49","guid":{"rendered":"https:\/\/bonifratrzy.pl\/klasztor-krakow\/?page_id=613"},"modified":"2018-01-02T11:07:45","modified_gmt":"2018-01-02T10:07:45","slug":"uroczystosc-koronacji-cudownego-obrazu-salus-infirmorum","status":"publish","type":"page","link":"https:\/\/bonifratrzy.pl\/klasztor-krakow\/uroczystosc-koronacji-cudownego-obrazu-salus-infirmorum\/","title":{"rendered":"Uroczysto\u015b\u0107 koronacji Cudownego Obrazu Salus Infirmorum"},"content":{"rendered":"<h2 class=\"title style-scope ytd-video-primary-info-renderer\">Uroczysto\u015b\u0107 koronacji Cudownego Obrazu w Sanktuarium \u015bw. Jana Bo\u017cego w Krakowie<\/h2>\n<div class=\"su-youtube su-u-responsive-media-yes\"><iframe loading=\"lazy\" width=\"600\" height=\"400\" src=\"https:\/\/www.youtube.com\/embed\/9YYYpgmY_SI?\" frameborder=\"0\" allowfullscreen allow=\"autoplay; encrypted-media; picture-in-picture\" title=\"\"><\/iframe><\/div>\n<h2>Galeria<\/h2>\n<p>&nbsp;<\/p>\n","protected":false},"excerpt":{"rendered":"<p>Uroczysto\u015b\u0107 koronacji Cudownego Obrazu w Sanktuarium \u015bw. Jana Bo\u017cego w Krakowie Galeria &nbsp;<\/p>\n","protected":false},"author":27,"featured_media":0,"parent":0,"menu_order":13,"comment_status":"closed","ping_status":"closed","template":"","meta":{"footnotes":""},"categories":[],"_links":{"self":[{"href":"https:\/\/bonifratrzy.pl\/klasztor-krakow\/wp-json\/wp\/v2\/pages\/613"}],"collection":[{"href":"https:\/\/bonifratrzy.pl\/klasztor-krakow\/wp-json\/wp\/v2\/pages"}],"about":[{"href":"https:\/\/bonifratrzy.pl\/klasztor-krakow\/wp-json\/wp\/v2\/types\/page"}],"author":[{"embeddable":true,"href":"https:\/\/bonifratrzy.pl\/klasztor-krakow\/wp-json\/wp\/v2\/users\/27"}],"replies":[{"embeddable":true,"href":"https:\/\/bonifratrzy.pl\/klasztor-krakow\/wp-json\/wp\/v2\/comments?post=613"}],"version-history":[{"count":6,"href":"https:\/\/bonifratrzy.pl\/klasztor-krakow\/wp-json\/wp\/v2\/pages\/613\/revisions"}],"predecessor-version":[{"id":619,"href":"https:\/\/bonifratrzy.pl\/klasztor-krakow\/wp-json\/wp\/v2\/pages\/613\/revisions\/619"}],"wp:attachment":[{"href":"https:\/\/bonifratrzy.pl\/klasztor-krakow\/wp-json\/wp\/v2\/media?parent=613"}],"wp:term":[{"taxonomy":"category","embeddable":true,"href":"https:\/\/bonifratrzy.pl\/klasztor-krakow\/wp-json\/wp\/v2\/categories?post=613"}],"curies":[{"name":"wp","href":"https:\/\/api.w.org\/{rel}","templated":true}]}}